{"id":25559,"date":"2023-10-18T11:54:24","date_gmt":"2023-10-18T09:54:24","guid":{"rendered":"https:\/\/www.blecha.at\/produkty\/tvarovky\/rohrboegen-2\/"},"modified":"2024-07-18T16:58:30","modified_gmt":"2024-07-18T14:58:30","slug":"kolena","status":"publish","type":"page","link":"https:\/\/www.blecha.at\/sk\/produkty\/fittings\/kolena\/","title":{"rendered":"Kolen\u00e1"},"content":{"rendered":"","protected":false},"excerpt":{"rendered":"","protected":false},"author":2,"featured_media":0,"parent":26630,"menu_order":0,"comment_status":"closed","ping_status":"closed","template":"page-zaunsysteme-details.php","meta":{"_acf_changed":false,"footnotes":""},"class_list":["post-25559","page","type-page","status-publish","hentry"],"acf":[],"yoast_head":"<!-- This site is optimized with the Yoast SEO plugin v27.3 - https:\/\/yoast.com\/product\/yoast-seo-wordpress\/ -->\n<title>Kolen\u00e1 | BLECHA Aluprofile<\/title>\n<meta name=\"description\" content=\"Na\u0161e hlin\u00edkov\u00e9 r\u00farkov\u00e9 kolen\u00e1 s\u00fa v\u00fdsledkom najmodernej\u0161\u00edch v\u00fdrobn\u00fdch techn\u00edk a pr\u00edsnych kontrol kvality. Na\u0161e ohyby r\u00far, vyroben\u00e9 s pou\u017eit\u00edm renomovan\u00e9ho procesu oh\u00fdbania r\u00far v Hamburgu, zaru\u010duj\u00fa najvy\u0161\u0161iu presnos\u0165 a odolnos\u0165. Pon\u00fakame ich vo verzi\u00e1ch Norm 2 (kr\u00e1tky r\u00e1dius) a Norm 3 (dlh\u00fd r\u00e1dius), aby sme dok\u00e1zali vyhovie\u0165 r\u00f4znorod\u00fdm po\u017eiadavk\u00e1m na\u0161ich z\u00e1kazn\u00edkov.\" \/>\n<meta name=\"robots\" content=\"index, follow, max-snippet:-1, max-image-preview:large, max-video-preview:-1\" \/>\n<link rel=\"canonical\" href=\"https:\/\/www.blecha.at\/sk\/produkty\/fittings\/kolena\/\" \/>\n<meta property=\"og:locale\" content=\"sk_SK\" \/>\n<meta property=\"og:type\" content=\"article\" \/>\n<meta property=\"og:title\" content=\"Kolen\u00e1 | BLECHA Aluprofile\" \/>\n<meta property=\"og:description\" content=\"Na\u0161e hlin\u00edkov\u00e9 r\u00farkov\u00e9 kolen\u00e1 s\u00fa v\u00fdsledkom najmodernej\u0161\u00edch v\u00fdrobn\u00fdch techn\u00edk a pr\u00edsnych kontrol kvality. Na\u0161e ohyby r\u00far, vyroben\u00e9 s pou\u017eit\u00edm renomovan\u00e9ho procesu oh\u00fdbania r\u00far v Hamburgu, zaru\u010duj\u00fa najvy\u0161\u0161iu presnos\u0165 a odolnos\u0165. Pon\u00fakame ich vo verzi\u00e1ch Norm 2 (kr\u00e1tky r\u00e1dius) a Norm 3 (dlh\u00fd r\u00e1dius), aby sme dok\u00e1zali vyhovie\u0165 r\u00f4znorod\u00fdm po\u017eiadavk\u00e1m na\u0161ich z\u00e1kazn\u00edkov.\" \/>\n<meta property=\"og:url\" content=\"https:\/\/www.blecha.at\/sk\/produkty\/fittings\/kolena\/\" \/>\n<meta property=\"og:site_name\" content=\"BLECHA\" \/>\n<meta property=\"article:modified_time\" content=\"2024-07-18T14:58:30+00:00\" \/>\n<meta property=\"og:image\" content=\"https:\/\/www.blecha.at\/wp-content\/uploads\/2021\/02\/blecha-unternehmen-auswahl-gebaeude-3-scaled.jpg\" \/>\n\t<meta property=\"og:image:width\" content=\"2560\" \/>\n\t<meta property=\"og:image:height\" content=\"1642\" \/>\n\t<meta property=\"og:image:type\" content=\"image\/jpeg\" \/>\n<meta name=\"twitter:card\" content=\"summary_large_image\" \/>\n<script type=\"application\/ld+json\" class=\"yoast-schema-graph\">{\"@context\":\"https:\\\/\\\/schema.org\",\"@graph\":[{\"@type\":\"WebPage\",\"@id\":\"https:\\\/\\\/www.blecha.at\\\/sk\\\/produkty\\\/fittings\\\/kolena\\\/\",\"url\":\"https:\\\/\\\/www.blecha.at\\\/sk\\\/produkty\\\/fittings\\\/kolena\\\/\",\"name\":\"Kolen\u00e1 | BLECHA Aluprofile\",\"isPartOf\":{\"@id\":\"https:\\\/\\\/www.blecha.at\\\/#website\"},\"datePublished\":\"2023-10-18T09:54:24+00:00\",\"dateModified\":\"2024-07-18T14:58:30+00:00\",\"description\":\"Na\u0161e hlin\u00edkov\u00e9 r\u00farkov\u00e9 kolen\u00e1 s\u00fa v\u00fdsledkom najmodernej\u0161\u00edch v\u00fdrobn\u00fdch techn\u00edk a pr\u00edsnych kontrol kvality. Na\u0161e ohyby r\u00far, vyroben\u00e9 s pou\u017eit\u00edm renomovan\u00e9ho procesu oh\u00fdbania r\u00far v Hamburgu, zaru\u010duj\u00fa najvy\u0161\u0161iu presnos\u0165 a odolnos\u0165. Pon\u00fakame ich vo verzi\u00e1ch Norm 2 (kr\u00e1tky r\u00e1dius) a Norm 3 (dlh\u00fd r\u00e1dius), aby sme dok\u00e1zali vyhovie\u0165 r\u00f4znorod\u00fdm po\u017eiadavk\u00e1m na\u0161ich z\u00e1kazn\u00edkov.\",\"breadcrumb\":{\"@id\":\"https:\\\/\\\/www.blecha.at\\\/sk\\\/produkty\\\/fittings\\\/kolena\\\/#breadcrumb\"},\"inLanguage\":\"sk-SK\",\"potentialAction\":[{\"@type\":\"ReadAction\",\"target\":[\"https:\\\/\\\/www.blecha.at\\\/sk\\\/produkty\\\/fittings\\\/kolena\\\/\"]}]},{\"@type\":\"BreadcrumbList\",\"@id\":\"https:\\\/\\\/www.blecha.at\\\/sk\\\/produkty\\\/fittings\\\/kolena\\\/#breadcrumb\",\"itemListElement\":[{\"@type\":\"ListItem\",\"position\":1,\"name\":\"Home\",\"item\":\"https:\\\/\\\/www.blecha.at\\\/sk\\\/\"},{\"@type\":\"ListItem\",\"position\":2,\"name\":\"Produkty\",\"item\":\"https:\\\/\\\/www.blecha.at\\\/sk\\\/produkty\\\/\"},{\"@type\":\"ListItem\",\"position\":3,\"name\":\"Tvarovky\",\"item\":\"https:\\\/\\\/www.blecha.at\\\/sk\\\/produkty\\\/fittings\\\/\"},{\"@type\":\"ListItem\",\"position\":4,\"name\":\"Kolen\u00e1\"}]},{\"@type\":\"WebSite\",\"@id\":\"https:\\\/\\\/www.blecha.at\\\/#website\",\"url\":\"https:\\\/\\\/www.blecha.at\\\/\",\"name\":\"BLECHA\",\"description\":\"Eine weitere WordPress-Website\",\"potentialAction\":[{\"@type\":\"SearchAction\",\"target\":{\"@type\":\"EntryPoint\",\"urlTemplate\":\"https:\\\/\\\/www.blecha.at\\\/?s={search_term_string}\"},\"query-input\":{\"@type\":\"PropertyValueSpecification\",\"valueRequired\":true,\"valueName\":\"search_term_string\"}}],\"inLanguage\":\"sk-SK\"}]}<\/script>\n<!-- \/ Yoast SEO plugin. -->","yoast_head_json":{"title":"Kolen\u00e1 | BLECHA Aluprofile","description":"Na\u0161e hlin\u00edkov\u00e9 r\u00farkov\u00e9 kolen\u00e1 s\u00fa v\u00fdsledkom najmodernej\u0161\u00edch v\u00fdrobn\u00fdch techn\u00edk a pr\u00edsnych kontrol kvality. Na\u0161e ohyby r\u00far, vyroben\u00e9 s pou\u017eit\u00edm renomovan\u00e9ho procesu oh\u00fdbania r\u00far v Hamburgu, zaru\u010duj\u00fa najvy\u0161\u0161iu presnos\u0165 a odolnos\u0165. Pon\u00fakame ich vo verzi\u00e1ch Norm 2 (kr\u00e1tky r\u00e1dius) a Norm 3 (dlh\u00fd r\u00e1dius), aby sme dok\u00e1zali vyhovie\u0165 r\u00f4znorod\u00fdm po\u017eiadavk\u00e1m na\u0161ich z\u00e1kazn\u00edkov.","robots":{"index":"index","follow":"follow","max-snippet":"max-snippet:-1","max-image-preview":"max-image-preview:large","max-video-preview":"max-video-preview:-1"},"canonical":"https:\/\/www.blecha.at\/sk\/produkty\/fittings\/kolena\/","og_locale":"sk_SK","og_type":"article","og_title":"Kolen\u00e1 | BLECHA Aluprofile","og_description":"Na\u0161e hlin\u00edkov\u00e9 r\u00farkov\u00e9 kolen\u00e1 s\u00fa v\u00fdsledkom najmodernej\u0161\u00edch v\u00fdrobn\u00fdch techn\u00edk a pr\u00edsnych kontrol kvality. Na\u0161e ohyby r\u00far, vyroben\u00e9 s pou\u017eit\u00edm renomovan\u00e9ho procesu oh\u00fdbania r\u00far v Hamburgu, zaru\u010duj\u00fa najvy\u0161\u0161iu presnos\u0165 a odolnos\u0165. Pon\u00fakame ich vo verzi\u00e1ch Norm 2 (kr\u00e1tky r\u00e1dius) a Norm 3 (dlh\u00fd r\u00e1dius), aby sme dok\u00e1zali vyhovie\u0165 r\u00f4znorod\u00fdm po\u017eiadavk\u00e1m na\u0161ich z\u00e1kazn\u00edkov.","og_url":"https:\/\/www.blecha.at\/sk\/produkty\/fittings\/kolena\/","og_site_name":"BLECHA","article_modified_time":"2024-07-18T14:58:30+00:00","og_image":[{"width":2560,"height":1642,"url":"https:\/\/www.blecha.at\/wp-content\/uploads\/2021\/02\/blecha-unternehmen-auswahl-gebaeude-3-scaled.jpg","type":"image\/jpeg"}],"twitter_card":"summary_large_image","schema":{"@context":"https:\/\/schema.org","@graph":[{"@type":"WebPage","@id":"https:\/\/www.blecha.at\/sk\/produkty\/fittings\/kolena\/","url":"https:\/\/www.blecha.at\/sk\/produkty\/fittings\/kolena\/","name":"Kolen\u00e1 | BLECHA Aluprofile","isPartOf":{"@id":"https:\/\/www.blecha.at\/#website"},"datePublished":"2023-10-18T09:54:24+00:00","dateModified":"2024-07-18T14:58:30+00:00","description":"Na\u0161e hlin\u00edkov\u00e9 r\u00farkov\u00e9 kolen\u00e1 s\u00fa v\u00fdsledkom najmodernej\u0161\u00edch v\u00fdrobn\u00fdch techn\u00edk a pr\u00edsnych kontrol kvality. Na\u0161e ohyby r\u00far, vyroben\u00e9 s pou\u017eit\u00edm renomovan\u00e9ho procesu oh\u00fdbania r\u00far v Hamburgu, zaru\u010duj\u00fa najvy\u0161\u0161iu presnos\u0165 a odolnos\u0165. Pon\u00fakame ich vo verzi\u00e1ch Norm 2 (kr\u00e1tky r\u00e1dius) a Norm 3 (dlh\u00fd r\u00e1dius), aby sme dok\u00e1zali vyhovie\u0165 r\u00f4znorod\u00fdm po\u017eiadavk\u00e1m na\u0161ich z\u00e1kazn\u00edkov.","breadcrumb":{"@id":"https:\/\/www.blecha.at\/sk\/produkty\/fittings\/kolena\/#breadcrumb"},"inLanguage":"sk-SK","potentialAction":[{"@type":"ReadAction","target":["https:\/\/www.blecha.at\/sk\/produkty\/fittings\/kolena\/"]}]},{"@type":"BreadcrumbList","@id":"https:\/\/www.blecha.at\/sk\/produkty\/fittings\/kolena\/#breadcrumb","itemListElement":[{"@type":"ListItem","position":1,"name":"Home","item":"https:\/\/www.blecha.at\/sk\/"},{"@type":"ListItem","position":2,"name":"Produkty","item":"https:\/\/www.blecha.at\/sk\/produkty\/"},{"@type":"ListItem","position":3,"name":"Tvarovky","item":"https:\/\/www.blecha.at\/sk\/produkty\/fittings\/"},{"@type":"ListItem","position":4,"name":"Kolen\u00e1"}]},{"@type":"WebSite","@id":"https:\/\/www.blecha.at\/#website","url":"https:\/\/www.blecha.at\/","name":"BLECHA","description":"Eine weitere WordPress-Website","potentialAction":[{"@type":"SearchAction","target":{"@type":"EntryPoint","urlTemplate":"https:\/\/www.blecha.at\/?s={search_term_string}"},"query-input":{"@type":"PropertyValueSpecification","valueRequired":true,"valueName":"search_term_string"}}],"inLanguage":"sk-SK"}]}},"_links":{"self":[{"href":"https:\/\/www.blecha.at\/sk\/wp-json\/wp\/v2\/pages\/25559","targetHints":{"allow":["GET"]}}],"collection":[{"href":"https:\/\/www.blecha.at\/sk\/wp-json\/wp\/v2\/pages"}],"about":[{"href":"https:\/\/www.blecha.at\/sk\/wp-json\/wp\/v2\/types\/page"}],"author":[{"embeddable":true,"href":"https:\/\/www.blecha.at\/sk\/wp-json\/wp\/v2\/users\/2"}],"replies":[{"embeddable":true,"href":"https:\/\/www.blecha.at\/sk\/wp-json\/wp\/v2\/comments?post=25559"}],"version-history":[{"count":7,"href":"https:\/\/www.blecha.at\/sk\/wp-json\/wp\/v2\/pages\/25559\/revisions"}],"predecessor-version":[{"id":27881,"href":"https:\/\/www.blecha.at\/sk\/wp-json\/wp\/v2\/pages\/25559\/revisions\/27881"}],"up":[{"embeddable":true,"href":"https:\/\/www.blecha.at\/sk\/wp-json\/wp\/v2\/pages\/26630"}],"wp:attachment":[{"href":"https:\/\/www.blecha.at\/sk\/wp-json\/wp\/v2\/media?parent=25559"}],"curies":[{"name":"wp","href":"https:\/\/api.w.org\/{rel}","templated":true}]}}