{"id":25674,"date":"2023-10-18T11:44:29","date_gmt":"2023-10-18T09:44:29","guid":{"rendered":"https:\/\/www.blecha.at\/produkty\/tvarovky\/reduzierungen\/"},"modified":"2025-03-19T14:50:55","modified_gmt":"2025-03-19T13:50:55","slug":"redukcie","status":"publish","type":"page","link":"https:\/\/www.blecha.at\/sk\/produkty\/fittings\/redukcie\/","title":{"rendered":"Redukcie"},"content":{"rendered":"","protected":false},"excerpt":{"rendered":"","protected":false},"author":2,"featured_media":0,"parent":26630,"menu_order":0,"comment_status":"closed","ping_status":"closed","template":"page-zaunsysteme-details.php","meta":{"_acf_changed":false,"footnotes":""},"class_list":["post-25674","page","type-page","status-publish","hentry"],"acf":[],"yoast_head":"<!-- This site is optimized with the Yoast SEO plugin v27.3 - https:\/\/yoast.com\/product\/yoast-seo-wordpress\/ -->\n<title>Redukcie | BLECHA Aluprofil<\/title>\n<meta name=\"description\" content=\"Objavte na\u0161e vysokokvalitn\u00e9 hlin\u00edkov\u00e9 redukcie. Na\u0161e hlin\u00edkov\u00e9 redukcie poskytuj\u00fa ide\u00e1lne rie\u0161enie pre potrubn\u00e9 syst\u00e9my, ktor\u00e9 vy\u017eaduj\u00fa zmeny priemeru. Pon\u00fakame koncentrick\u00e9 redukcie, excentrick\u00e9 redukcie a prie\u010dniky, vr\u00e1tane z\u00e1vitov\u00fdch reduk\u010dn\u00fdch prie\u010dnikov.\" \/>\n<meta name=\"robots\" content=\"index, follow, max-snippet:-1, max-image-preview:large, max-video-preview:-1\" \/>\n<link rel=\"canonical\" href=\"https:\/\/www.blecha.at\/sk\/produkty\/fittings\/redukcie\/\" \/>\n<meta property=\"og:locale\" content=\"sk_SK\" \/>\n<meta property=\"og:type\" content=\"article\" \/>\n<meta property=\"og:title\" content=\"Redukcie | BLECHA Aluprofil\" \/>\n<meta property=\"og:description\" content=\"Objavte na\u0161e vysokokvalitn\u00e9 hlin\u00edkov\u00e9 redukcie. Na\u0161e hlin\u00edkov\u00e9 redukcie poskytuj\u00fa ide\u00e1lne rie\u0161enie pre potrubn\u00e9 syst\u00e9my, ktor\u00e9 vy\u017eaduj\u00fa zmeny priemeru. Pon\u00fakame koncentrick\u00e9 redukcie, excentrick\u00e9 redukcie a prie\u010dniky, vr\u00e1tane z\u00e1vitov\u00fdch reduk\u010dn\u00fdch prie\u010dnikov.\" \/>\n<meta property=\"og:url\" content=\"https:\/\/www.blecha.at\/sk\/produkty\/fittings\/redukcie\/\" \/>\n<meta property=\"og:site_name\" content=\"BLECHA\" \/>\n<meta property=\"article:modified_time\" content=\"2025-03-19T13:50:55+00:00\" \/>\n<meta property=\"og:image\" content=\"https:\/\/www.blecha.at\/wp-content\/uploads\/2021\/02\/blecha-unternehmen-auswahl-gebaeude-3-scaled.jpg\" \/>\n\t<meta property=\"og:image:width\" content=\"2560\" \/>\n\t<meta property=\"og:image:height\" content=\"1642\" \/>\n\t<meta property=\"og:image:type\" content=\"image\/jpeg\" \/>\n<meta name=\"twitter:card\" content=\"summary_large_image\" \/>\n<script type=\"application\/ld+json\" class=\"yoast-schema-graph\">{\"@context\":\"https:\\\/\\\/schema.org\",\"@graph\":[{\"@type\":\"WebPage\",\"@id\":\"https:\\\/\\\/www.blecha.at\\\/sk\\\/produkty\\\/fittings\\\/redukcie\\\/\",\"url\":\"https:\\\/\\\/www.blecha.at\\\/sk\\\/produkty\\\/fittings\\\/redukcie\\\/\",\"name\":\"Redukcie | BLECHA Aluprofil\",\"isPartOf\":{\"@id\":\"https:\\\/\\\/www.blecha.at\\\/#website\"},\"datePublished\":\"2023-10-18T09:44:29+00:00\",\"dateModified\":\"2025-03-19T13:50:55+00:00\",\"description\":\"Objavte na\u0161e vysokokvalitn\u00e9 hlin\u00edkov\u00e9 redukcie. Na\u0161e hlin\u00edkov\u00e9 redukcie poskytuj\u00fa ide\u00e1lne rie\u0161enie pre potrubn\u00e9 syst\u00e9my, ktor\u00e9 vy\u017eaduj\u00fa zmeny priemeru. Pon\u00fakame koncentrick\u00e9 redukcie, excentrick\u00e9 redukcie a prie\u010dniky, vr\u00e1tane z\u00e1vitov\u00fdch reduk\u010dn\u00fdch prie\u010dnikov.\",\"breadcrumb\":{\"@id\":\"https:\\\/\\\/www.blecha.at\\\/sk\\\/produkty\\\/fittings\\\/redukcie\\\/#breadcrumb\"},\"inLanguage\":\"sk-SK\",\"potentialAction\":[{\"@type\":\"ReadAction\",\"target\":[\"https:\\\/\\\/www.blecha.at\\\/sk\\\/produkty\\\/fittings\\\/redukcie\\\/\"]}]},{\"@type\":\"BreadcrumbList\",\"@id\":\"https:\\\/\\\/www.blecha.at\\\/sk\\\/produkty\\\/fittings\\\/redukcie\\\/#breadcrumb\",\"itemListElement\":[{\"@type\":\"ListItem\",\"position\":1,\"name\":\"Home\",\"item\":\"https:\\\/\\\/www.blecha.at\\\/sk\\\/\"},{\"@type\":\"ListItem\",\"position\":2,\"name\":\"Produkty\",\"item\":\"https:\\\/\\\/www.blecha.at\\\/sk\\\/produkty\\\/\"},{\"@type\":\"ListItem\",\"position\":3,\"name\":\"Tvarovky\",\"item\":\"https:\\\/\\\/www.blecha.at\\\/sk\\\/produkty\\\/fittings\\\/\"},{\"@type\":\"ListItem\",\"position\":4,\"name\":\"Redukcie\"}]},{\"@type\":\"WebSite\",\"@id\":\"https:\\\/\\\/www.blecha.at\\\/#website\",\"url\":\"https:\\\/\\\/www.blecha.at\\\/\",\"name\":\"BLECHA\",\"description\":\"Eine weitere WordPress-Website\",\"potentialAction\":[{\"@type\":\"SearchAction\",\"target\":{\"@type\":\"EntryPoint\",\"urlTemplate\":\"https:\\\/\\\/www.blecha.at\\\/?s={search_term_string}\"},\"query-input\":{\"@type\":\"PropertyValueSpecification\",\"valueRequired\":true,\"valueName\":\"search_term_string\"}}],\"inLanguage\":\"sk-SK\"}]}<\/script>\n<!-- \/ Yoast SEO plugin. -->","yoast_head_json":{"title":"Redukcie | BLECHA Aluprofil","description":"Objavte na\u0161e vysokokvalitn\u00e9 hlin\u00edkov\u00e9 redukcie. Na\u0161e hlin\u00edkov\u00e9 redukcie poskytuj\u00fa ide\u00e1lne rie\u0161enie pre potrubn\u00e9 syst\u00e9my, ktor\u00e9 vy\u017eaduj\u00fa zmeny priemeru. Pon\u00fakame koncentrick\u00e9 redukcie, excentrick\u00e9 redukcie a prie\u010dniky, vr\u00e1tane z\u00e1vitov\u00fdch reduk\u010dn\u00fdch prie\u010dnikov.","robots":{"index":"index","follow":"follow","max-snippet":"max-snippet:-1","max-image-preview":"max-image-preview:large","max-video-preview":"max-video-preview:-1"},"canonical":"https:\/\/www.blecha.at\/sk\/produkty\/fittings\/redukcie\/","og_locale":"sk_SK","og_type":"article","og_title":"Redukcie | BLECHA Aluprofil","og_description":"Objavte na\u0161e vysokokvalitn\u00e9 hlin\u00edkov\u00e9 redukcie. Na\u0161e hlin\u00edkov\u00e9 redukcie poskytuj\u00fa ide\u00e1lne rie\u0161enie pre potrubn\u00e9 syst\u00e9my, ktor\u00e9 vy\u017eaduj\u00fa zmeny priemeru. Pon\u00fakame koncentrick\u00e9 redukcie, excentrick\u00e9 redukcie a prie\u010dniky, vr\u00e1tane z\u00e1vitov\u00fdch reduk\u010dn\u00fdch prie\u010dnikov.","og_url":"https:\/\/www.blecha.at\/sk\/produkty\/fittings\/redukcie\/","og_site_name":"BLECHA","article_modified_time":"2025-03-19T13:50:55+00:00","og_image":[{"width":2560,"height":1642,"url":"https:\/\/www.blecha.at\/wp-content\/uploads\/2021\/02\/blecha-unternehmen-auswahl-gebaeude-3-scaled.jpg","type":"image\/jpeg"}],"twitter_card":"summary_large_image","schema":{"@context":"https:\/\/schema.org","@graph":[{"@type":"WebPage","@id":"https:\/\/www.blecha.at\/sk\/produkty\/fittings\/redukcie\/","url":"https:\/\/www.blecha.at\/sk\/produkty\/fittings\/redukcie\/","name":"Redukcie | BLECHA Aluprofil","isPartOf":{"@id":"https:\/\/www.blecha.at\/#website"},"datePublished":"2023-10-18T09:44:29+00:00","dateModified":"2025-03-19T13:50:55+00:00","description":"Objavte na\u0161e vysokokvalitn\u00e9 hlin\u00edkov\u00e9 redukcie. Na\u0161e hlin\u00edkov\u00e9 redukcie poskytuj\u00fa ide\u00e1lne rie\u0161enie pre potrubn\u00e9 syst\u00e9my, ktor\u00e9 vy\u017eaduj\u00fa zmeny priemeru. Pon\u00fakame koncentrick\u00e9 redukcie, excentrick\u00e9 redukcie a prie\u010dniky, vr\u00e1tane z\u00e1vitov\u00fdch reduk\u010dn\u00fdch prie\u010dnikov.","breadcrumb":{"@id":"https:\/\/www.blecha.at\/sk\/produkty\/fittings\/redukcie\/#breadcrumb"},"inLanguage":"sk-SK","potentialAction":[{"@type":"ReadAction","target":["https:\/\/www.blecha.at\/sk\/produkty\/fittings\/redukcie\/"]}]},{"@type":"BreadcrumbList","@id":"https:\/\/www.blecha.at\/sk\/produkty\/fittings\/redukcie\/#breadcrumb","itemListElement":[{"@type":"ListItem","position":1,"name":"Home","item":"https:\/\/www.blecha.at\/sk\/"},{"@type":"ListItem","position":2,"name":"Produkty","item":"https:\/\/www.blecha.at\/sk\/produkty\/"},{"@type":"ListItem","position":3,"name":"Tvarovky","item":"https:\/\/www.blecha.at\/sk\/produkty\/fittings\/"},{"@type":"ListItem","position":4,"name":"Redukcie"}]},{"@type":"WebSite","@id":"https:\/\/www.blecha.at\/#website","url":"https:\/\/www.blecha.at\/","name":"BLECHA","description":"Eine weitere WordPress-Website","potentialAction":[{"@type":"SearchAction","target":{"@type":"EntryPoint","urlTemplate":"https:\/\/www.blecha.at\/?s={search_term_string}"},"query-input":{"@type":"PropertyValueSpecification","valueRequired":true,"valueName":"search_term_string"}}],"inLanguage":"sk-SK"}]}},"_links":{"self":[{"href":"https:\/\/www.blecha.at\/sk\/wp-json\/wp\/v2\/pages\/25674","targetHints":{"allow":["GET"]}}],"collection":[{"href":"https:\/\/www.blecha.at\/sk\/wp-json\/wp\/v2\/pages"}],"about":[{"href":"https:\/\/www.blecha.at\/sk\/wp-json\/wp\/v2\/types\/page"}],"author":[{"embeddable":true,"href":"https:\/\/www.blecha.at\/sk\/wp-json\/wp\/v2\/users\/2"}],"replies":[{"embeddable":true,"href":"https:\/\/www.blecha.at\/sk\/wp-json\/wp\/v2\/comments?post=25674"}],"version-history":[{"count":6,"href":"https:\/\/www.blecha.at\/sk\/wp-json\/wp\/v2\/pages\/25674\/revisions"}],"predecessor-version":[{"id":29081,"href":"https:\/\/www.blecha.at\/sk\/wp-json\/wp\/v2\/pages\/25674\/revisions\/29081"}],"up":[{"embeddable":true,"href":"https:\/\/www.blecha.at\/sk\/wp-json\/wp\/v2\/pages\/26630"}],"wp:attachment":[{"href":"https:\/\/www.blecha.at\/sk\/wp-json\/wp\/v2\/media?parent=25674"}],"curies":[{"name":"wp","href":"https:\/\/api.w.org\/{rel}","templated":true}]}}