{"id":26211,"date":"2023-01-11T09:55:35","date_gmt":"2023-01-11T08:55:35","guid":{"rendered":"https:\/\/www.blecha.at\/produkty\/tvarovky\/zulieferteile-fuer-saugfoerderanlagen\/"},"modified":"2024-01-24T12:27:48","modified_gmt":"2024-01-24T11:27:48","slug":"diely-pre-pneumaticke-podtlakove-zariadenie","status":"publish","type":"page","link":"https:\/\/www.blecha.at\/sk\/produkty\/diely-pre-pneumaticke-podtlakove-zariadenie\/","title":{"rendered":"Diely pre pneumatick\u00e9 podtlakov\u00e9 zariadenie"},"content":{"rendered":"","protected":false},"excerpt":{"rendered":"","protected":false},"author":2,"featured_media":11370,"parent":5448,"menu_order":0,"comment_status":"closed","ping_status":"closed","template":"page-zaunsysteme-details.php","meta":{"_acf_changed":false,"footnotes":""},"class_list":["post-26211","page","type-page","status-publish","has-post-thumbnail","hentry"],"acf":[],"yoast_head":"<!-- This site is optimized with the Yoast SEO plugin v27.3 - https:\/\/yoast.com\/product\/yoast-seo-wordpress\/ -->\n<title>Diely pre pneumatick\u00e9 podtlakov\u00e9 zariadenie | BLECHA Aluprofile<\/title>\n<meta name=\"description\" content=\"Objavte na\u0161e vysokokvalitn\u00e9 dod\u00e1vate\u013esk\u00e9 diely vyroben\u00e9 z nehrdzavej\u00facej ocele a hlin\u00edka pre syst\u00e9my sac\u00edch dopravn\u00edkov. Na\u0161e dod\u00e1van\u00e9 diely s\u00fa ide\u00e1lnym rie\u0161en\u00edm pre optimaliz\u00e1ciu sac\u00edch dopravn\u00edkov\u00fdch syst\u00e9mov a dopravn\u00edkov\u00fdch syst\u00e9mov. Pon\u00fakame \u0161irok\u00fd sortiment dod\u00e1vate\u013esk\u00fdch dielov, vr\u00e1tane kolien s pred\u013a\u017een\u00edm n\u00f4h, T-kusov, zv\u00e1ran\u00fdch T-kusov, odbo\u010diek, Y-kusov, kruhov\u00fdch r\u00far, kolien a mnoho \u010fal\u0161\u00edch.\" \/>\n<meta name=\"robots\" content=\"index, follow, max-snippet:-1, max-image-preview:large, max-video-preview:-1\" \/>\n<link rel=\"canonical\" href=\"https:\/\/www.blecha.at\/sk\/produkty\/diely-pre-pneumaticke-podtlakove-zariadenie\/\" \/>\n<meta property=\"og:locale\" content=\"sk_SK\" \/>\n<meta property=\"og:type\" content=\"article\" \/>\n<meta property=\"og:title\" content=\"Diely pre pneumatick\u00e9 podtlakov\u00e9 zariadenie | BLECHA Aluprofile\" \/>\n<meta property=\"og:description\" content=\"Objavte na\u0161e vysokokvalitn\u00e9 dod\u00e1vate\u013esk\u00e9 diely vyroben\u00e9 z nehrdzavej\u00facej ocele a hlin\u00edka pre syst\u00e9my sac\u00edch dopravn\u00edkov. Na\u0161e dod\u00e1van\u00e9 diely s\u00fa ide\u00e1lnym rie\u0161en\u00edm pre optimaliz\u00e1ciu sac\u00edch dopravn\u00edkov\u00fdch syst\u00e9mov a dopravn\u00edkov\u00fdch syst\u00e9mov. Pon\u00fakame \u0161irok\u00fd sortiment dod\u00e1vate\u013esk\u00fdch dielov, vr\u00e1tane kolien s pred\u013a\u017een\u00edm n\u00f4h, T-kusov, zv\u00e1ran\u00fdch T-kusov, odbo\u010diek, Y-kusov, kruhov\u00fdch r\u00far, kolien a mnoho \u010fal\u0161\u00edch.\" \/>\n<meta property=\"og:url\" content=\"https:\/\/www.blecha.at\/sk\/produkty\/diely-pre-pneumaticke-podtlakove-zariadenie\/\" \/>\n<meta property=\"og:site_name\" content=\"BLECHA\" \/>\n<meta property=\"article:modified_time\" content=\"2024-01-24T11:27:48+00:00\" \/>\n<meta property=\"og:image\" content=\"https:\/\/www.blecha.at\/wp-content\/uploads\/2021\/02\/blecha-unternehmen-auswahl-gebaeude-3-scaled.jpg\" \/>\n\t<meta property=\"og:image:width\" content=\"2560\" \/>\n\t<meta property=\"og:image:height\" content=\"1642\" \/>\n\t<meta property=\"og:image:type\" content=\"image\/jpeg\" \/>\n<meta name=\"twitter:card\" content=\"summary_large_image\" \/>\n<script type=\"application\/ld+json\" class=\"yoast-schema-graph\">{\"@context\":\"https:\\\/\\\/schema.org\",\"@graph\":[{\"@type\":\"WebPage\",\"@id\":\"https:\\\/\\\/www.blecha.at\\\/sk\\\/produkty\\\/diely-pre-pneumaticke-podtlakove-zariadenie\\\/\",\"url\":\"https:\\\/\\\/www.blecha.at\\\/sk\\\/produkty\\\/diely-pre-pneumaticke-podtlakove-zariadenie\\\/\",\"name\":\"Diely pre pneumatick\u00e9 podtlakov\u00e9 zariadenie | BLECHA Aluprofile\",\"isPartOf\":{\"@id\":\"https:\\\/\\\/www.blecha.at\\\/#website\"},\"primaryImageOfPage\":{\"@id\":\"https:\\\/\\\/www.blecha.at\\\/sk\\\/produkty\\\/diely-pre-pneumaticke-podtlakove-zariadenie\\\/#primaryimage\"},\"image\":{\"@id\":\"https:\\\/\\\/www.blecha.at\\\/sk\\\/produkty\\\/diely-pre-pneumaticke-podtlakove-zariadenie\\\/#primaryimage\"},\"thumbnailUrl\":\"https:\\\/\\\/www.blecha.at\\\/wp-content\\\/uploads\\\/2021\\\/03\\\/blecha-zulieferteile-fuer-saugfoerderanlagen-1-thumbnail.jpg\",\"datePublished\":\"2023-01-11T08:55:35+00:00\",\"dateModified\":\"2024-01-24T11:27:48+00:00\",\"description\":\"Objavte na\u0161e vysokokvalitn\u00e9 dod\u00e1vate\u013esk\u00e9 diely vyroben\u00e9 z nehrdzavej\u00facej ocele a hlin\u00edka pre syst\u00e9my sac\u00edch dopravn\u00edkov. Na\u0161e dod\u00e1van\u00e9 diely s\u00fa ide\u00e1lnym rie\u0161en\u00edm pre optimaliz\u00e1ciu sac\u00edch dopravn\u00edkov\u00fdch syst\u00e9mov a dopravn\u00edkov\u00fdch syst\u00e9mov. Pon\u00fakame \u0161irok\u00fd sortiment dod\u00e1vate\u013esk\u00fdch dielov, vr\u00e1tane kolien s pred\u013a\u017een\u00edm n\u00f4h, T-kusov, zv\u00e1ran\u00fdch T-kusov, odbo\u010diek, Y-kusov, kruhov\u00fdch r\u00far, kolien a mnoho \u010fal\u0161\u00edch.\",\"breadcrumb\":{\"@id\":\"https:\\\/\\\/www.blecha.at\\\/sk\\\/produkty\\\/diely-pre-pneumaticke-podtlakove-zariadenie\\\/#breadcrumb\"},\"inLanguage\":\"sk-SK\",\"potentialAction\":[{\"@type\":\"ReadAction\",\"target\":[\"https:\\\/\\\/www.blecha.at\\\/sk\\\/produkty\\\/diely-pre-pneumaticke-podtlakove-zariadenie\\\/\"]}]},{\"@type\":\"ImageObject\",\"inLanguage\":\"sk-SK\",\"@id\":\"https:\\\/\\\/www.blecha.at\\\/sk\\\/produkty\\\/diely-pre-pneumaticke-podtlakove-zariadenie\\\/#primaryimage\",\"url\":\"https:\\\/\\\/www.blecha.at\\\/wp-content\\\/uploads\\\/2021\\\/03\\\/blecha-zulieferteile-fuer-saugfoerderanlagen-1-thumbnail.jpg\",\"contentUrl\":\"https:\\\/\\\/www.blecha.at\\\/wp-content\\\/uploads\\\/2021\\\/03\\\/blecha-zulieferteile-fuer-saugfoerderanlagen-1-thumbnail.jpg\",\"width\":1600,\"height\":1600},{\"@type\":\"BreadcrumbList\",\"@id\":\"https:\\\/\\\/www.blecha.at\\\/sk\\\/produkty\\\/diely-pre-pneumaticke-podtlakove-zariadenie\\\/#breadcrumb\",\"itemListElement\":[{\"@type\":\"ListItem\",\"position\":1,\"name\":\"Home\",\"item\":\"https:\\\/\\\/www.blecha.at\\\/sk\\\/\"},{\"@type\":\"ListItem\",\"position\":2,\"name\":\"Produkty\",\"item\":\"https:\\\/\\\/www.blecha.at\\\/sk\\\/produkty\\\/\"},{\"@type\":\"ListItem\",\"position\":3,\"name\":\"Diely pre pneumatick\u00e9 podtlakov\u00e9 zariadenie\"}]},{\"@type\":\"WebSite\",\"@id\":\"https:\\\/\\\/www.blecha.at\\\/#website\",\"url\":\"https:\\\/\\\/www.blecha.at\\\/\",\"name\":\"BLECHA\",\"description\":\"Eine weitere WordPress-Website\",\"potentialAction\":[{\"@type\":\"SearchAction\",\"target\":{\"@type\":\"EntryPoint\",\"urlTemplate\":\"https:\\\/\\\/www.blecha.at\\\/?s={search_term_string}\"},\"query-input\":{\"@type\":\"PropertyValueSpecification\",\"valueRequired\":true,\"valueName\":\"search_term_string\"}}],\"inLanguage\":\"sk-SK\"}]}<\/script>\n<!-- \/ Yoast SEO plugin. -->","yoast_head_json":{"title":"Diely pre pneumatick\u00e9 podtlakov\u00e9 zariadenie | BLECHA Aluprofile","description":"Objavte na\u0161e vysokokvalitn\u00e9 dod\u00e1vate\u013esk\u00e9 diely vyroben\u00e9 z nehrdzavej\u00facej ocele a hlin\u00edka pre syst\u00e9my sac\u00edch dopravn\u00edkov. Na\u0161e dod\u00e1van\u00e9 diely s\u00fa ide\u00e1lnym rie\u0161en\u00edm pre optimaliz\u00e1ciu sac\u00edch dopravn\u00edkov\u00fdch syst\u00e9mov a dopravn\u00edkov\u00fdch syst\u00e9mov. Pon\u00fakame \u0161irok\u00fd sortiment dod\u00e1vate\u013esk\u00fdch dielov, vr\u00e1tane kolien s pred\u013a\u017een\u00edm n\u00f4h, T-kusov, zv\u00e1ran\u00fdch T-kusov, odbo\u010diek, Y-kusov, kruhov\u00fdch r\u00far, kolien a mnoho \u010fal\u0161\u00edch.","robots":{"index":"index","follow":"follow","max-snippet":"max-snippet:-1","max-image-preview":"max-image-preview:large","max-video-preview":"max-video-preview:-1"},"canonical":"https:\/\/www.blecha.at\/sk\/produkty\/diely-pre-pneumaticke-podtlakove-zariadenie\/","og_locale":"sk_SK","og_type":"article","og_title":"Diely pre pneumatick\u00e9 podtlakov\u00e9 zariadenie | BLECHA Aluprofile","og_description":"Objavte na\u0161e vysokokvalitn\u00e9 dod\u00e1vate\u013esk\u00e9 diely vyroben\u00e9 z nehrdzavej\u00facej ocele a hlin\u00edka pre syst\u00e9my sac\u00edch dopravn\u00edkov. Na\u0161e dod\u00e1van\u00e9 diely s\u00fa ide\u00e1lnym rie\u0161en\u00edm pre optimaliz\u00e1ciu sac\u00edch dopravn\u00edkov\u00fdch syst\u00e9mov a dopravn\u00edkov\u00fdch syst\u00e9mov. Pon\u00fakame \u0161irok\u00fd sortiment dod\u00e1vate\u013esk\u00fdch dielov, vr\u00e1tane kolien s pred\u013a\u017een\u00edm n\u00f4h, T-kusov, zv\u00e1ran\u00fdch T-kusov, odbo\u010diek, Y-kusov, kruhov\u00fdch r\u00far, kolien a mnoho \u010fal\u0161\u00edch.","og_url":"https:\/\/www.blecha.at\/sk\/produkty\/diely-pre-pneumaticke-podtlakove-zariadenie\/","og_site_name":"BLECHA","article_modified_time":"2024-01-24T11:27:48+00:00","og_image":[{"width":2560,"height":1642,"url":"https:\/\/www.blecha.at\/wp-content\/uploads\/2021\/02\/blecha-unternehmen-auswahl-gebaeude-3-scaled.jpg","type":"image\/jpeg"}],"twitter_card":"summary_large_image","schema":{"@context":"https:\/\/schema.org","@graph":[{"@type":"WebPage","@id":"https:\/\/www.blecha.at\/sk\/produkty\/diely-pre-pneumaticke-podtlakove-zariadenie\/","url":"https:\/\/www.blecha.at\/sk\/produkty\/diely-pre-pneumaticke-podtlakove-zariadenie\/","name":"Diely pre pneumatick\u00e9 podtlakov\u00e9 zariadenie | BLECHA Aluprofile","isPartOf":{"@id":"https:\/\/www.blecha.at\/#website"},"primaryImageOfPage":{"@id":"https:\/\/www.blecha.at\/sk\/produkty\/diely-pre-pneumaticke-podtlakove-zariadenie\/#primaryimage"},"image":{"@id":"https:\/\/www.blecha.at\/sk\/produkty\/diely-pre-pneumaticke-podtlakove-zariadenie\/#primaryimage"},"thumbnailUrl":"https:\/\/www.blecha.at\/wp-content\/uploads\/2021\/03\/blecha-zulieferteile-fuer-saugfoerderanlagen-1-thumbnail.jpg","datePublished":"2023-01-11T08:55:35+00:00","dateModified":"2024-01-24T11:27:48+00:00","description":"Objavte na\u0161e vysokokvalitn\u00e9 dod\u00e1vate\u013esk\u00e9 diely vyroben\u00e9 z nehrdzavej\u00facej ocele a hlin\u00edka pre syst\u00e9my sac\u00edch dopravn\u00edkov. Na\u0161e dod\u00e1van\u00e9 diely s\u00fa ide\u00e1lnym rie\u0161en\u00edm pre optimaliz\u00e1ciu sac\u00edch dopravn\u00edkov\u00fdch syst\u00e9mov a dopravn\u00edkov\u00fdch syst\u00e9mov. Pon\u00fakame \u0161irok\u00fd sortiment dod\u00e1vate\u013esk\u00fdch dielov, vr\u00e1tane kolien s pred\u013a\u017een\u00edm n\u00f4h, T-kusov, zv\u00e1ran\u00fdch T-kusov, odbo\u010diek, Y-kusov, kruhov\u00fdch r\u00far, kolien a mnoho \u010fal\u0161\u00edch.","breadcrumb":{"@id":"https:\/\/www.blecha.at\/sk\/produkty\/diely-pre-pneumaticke-podtlakove-zariadenie\/#breadcrumb"},"inLanguage":"sk-SK","potentialAction":[{"@type":"ReadAction","target":["https:\/\/www.blecha.at\/sk\/produkty\/diely-pre-pneumaticke-podtlakove-zariadenie\/"]}]},{"@type":"ImageObject","inLanguage":"sk-SK","@id":"https:\/\/www.blecha.at\/sk\/produkty\/diely-pre-pneumaticke-podtlakove-zariadenie\/#primaryimage","url":"https:\/\/www.blecha.at\/wp-content\/uploads\/2021\/03\/blecha-zulieferteile-fuer-saugfoerderanlagen-1-thumbnail.jpg","contentUrl":"https:\/\/www.blecha.at\/wp-content\/uploads\/2021\/03\/blecha-zulieferteile-fuer-saugfoerderanlagen-1-thumbnail.jpg","width":1600,"height":1600},{"@type":"BreadcrumbList","@id":"https:\/\/www.blecha.at\/sk\/produkty\/diely-pre-pneumaticke-podtlakove-zariadenie\/#breadcrumb","itemListElement":[{"@type":"ListItem","position":1,"name":"Home","item":"https:\/\/www.blecha.at\/sk\/"},{"@type":"ListItem","position":2,"name":"Produkty","item":"https:\/\/www.blecha.at\/sk\/produkty\/"},{"@type":"ListItem","position":3,"name":"Diely pre pneumatick\u00e9 podtlakov\u00e9 zariadenie"}]},{"@type":"WebSite","@id":"https:\/\/www.blecha.at\/#website","url":"https:\/\/www.blecha.at\/","name":"BLECHA","description":"Eine weitere WordPress-Website","potentialAction":[{"@type":"SearchAction","target":{"@type":"EntryPoint","urlTemplate":"https:\/\/www.blecha.at\/?s={search_term_string}"},"query-input":{"@type":"PropertyValueSpecification","valueRequired":true,"valueName":"search_term_string"}}],"inLanguage":"sk-SK"}]}},"_links":{"self":[{"href":"https:\/\/www.blecha.at\/sk\/wp-json\/wp\/v2\/pages\/26211","targetHints":{"allow":["GET"]}}],"collection":[{"href":"https:\/\/www.blecha.at\/sk\/wp-json\/wp\/v2\/pages"}],"about":[{"href":"https:\/\/www.blecha.at\/sk\/wp-json\/wp\/v2\/types\/page"}],"author":[{"embeddable":true,"href":"https:\/\/www.blecha.at\/sk\/wp-json\/wp\/v2\/users\/2"}],"replies":[{"embeddable":true,"href":"https:\/\/www.blecha.at\/sk\/wp-json\/wp\/v2\/comments?post=26211"}],"version-history":[{"count":4,"href":"https:\/\/www.blecha.at\/sk\/wp-json\/wp\/v2\/pages\/26211\/revisions"}],"predecessor-version":[{"id":26647,"href":"https:\/\/www.blecha.at\/sk\/wp-json\/wp\/v2\/pages\/26211\/revisions\/26647"}],"up":[{"embeddable":true,"href":"https:\/\/www.blecha.at\/sk\/wp-json\/wp\/v2\/pages\/5448"}],"wp:featuredmedia":[{"embeddable":true,"href":"https:\/\/www.blecha.at\/sk\/wp-json\/wp\/v2\/media\/11370"}],"wp:attachment":[{"href":"https:\/\/www.blecha.at\/sk\/wp-json\/wp\/v2\/media?parent=26211"}],"curies":[{"name":"wp","href":"https:\/\/api.w.org\/{rel}","templated":true}]}}