{"id":26419,"date":"2023-01-11T12:10:23","date_gmt":"2023-01-11T11:10:23","guid":{"rendered":"https:\/\/www.blecha.at\/produkty\/tvarovky\/verbinder\/"},"modified":"2024-02-05T09:56:50","modified_gmt":"2024-02-05T08:56:50","slug":"spojky","status":"publish","type":"page","link":"https:\/\/www.blecha.at\/sk\/produkty\/fittings\/spojky\/","title":{"rendered":"Spojky"},"content":{"rendered":"","protected":false},"excerpt":{"rendered":"","protected":false},"author":2,"featured_media":0,"parent":26630,"menu_order":0,"comment_status":"closed","ping_status":"closed","template":"page-zaunsysteme-details.php","meta":{"_acf_changed":false,"footnotes":""},"class_list":["post-26419","page","type-page","status-publish","hentry"],"acf":[],"yoast_head":"<!-- This site is optimized with the Yoast SEO plugin v27.3 - https:\/\/yoast.com\/product\/yoast-seo-wordpress\/ -->\n<title>Spojky | BLECHA Aluprofile<\/title>\n<meta name=\"description\" content=\"Objavte na\u0161e vysokokvalitn\u00e9 konektory vyroben\u00e9 z hlin\u00edka a nehrdzavej\u00facej ocele. Na\u0161e spojky s\u00fa ide\u00e1lnou vo\u013ebou pre sp\u00e1janie okr\u00fahlych r\u00farok, tvarovan\u00fdch r\u00far a in\u00fdch kon\u0161truk\u010dn\u00fdch prvkov. Pon\u00fakame \u0161irok\u00fd sortiment typov spojok vr\u00e1tane kruhov\u00fdch spojok r\u00far, spojok r\u00far, podlahov\u00fdch dosiek a rohov\u00fdch spojok.\" \/>\n<meta name=\"robots\" content=\"index, follow, max-snippet:-1, max-image-preview:large, max-video-preview:-1\" \/>\n<link rel=\"canonical\" href=\"https:\/\/www.blecha.at\/sk\/produkty\/fittings\/spojky\/\" \/>\n<meta property=\"og:locale\" content=\"sk_SK\" \/>\n<meta property=\"og:type\" content=\"article\" \/>\n<meta property=\"og:title\" content=\"Spojky | BLECHA Aluprofile\" \/>\n<meta property=\"og:description\" content=\"Objavte na\u0161e vysokokvalitn\u00e9 konektory vyroben\u00e9 z hlin\u00edka a nehrdzavej\u00facej ocele. Na\u0161e spojky s\u00fa ide\u00e1lnou vo\u013ebou pre sp\u00e1janie okr\u00fahlych r\u00farok, tvarovan\u00fdch r\u00far a in\u00fdch kon\u0161truk\u010dn\u00fdch prvkov. Pon\u00fakame \u0161irok\u00fd sortiment typov spojok vr\u00e1tane kruhov\u00fdch spojok r\u00far, spojok r\u00far, podlahov\u00fdch dosiek a rohov\u00fdch spojok.\" \/>\n<meta property=\"og:url\" content=\"https:\/\/www.blecha.at\/sk\/produkty\/fittings\/spojky\/\" \/>\n<meta property=\"og:site_name\" content=\"BLECHA\" \/>\n<meta property=\"article:modified_time\" content=\"2024-02-05T08:56:50+00:00\" \/>\n<meta property=\"og:image\" content=\"https:\/\/www.blecha.at\/wp-content\/uploads\/2021\/02\/blecha-unternehmen-auswahl-gebaeude-3-scaled.jpg\" \/>\n\t<meta property=\"og:image:width\" content=\"2560\" \/>\n\t<meta property=\"og:image:height\" content=\"1642\" \/>\n\t<meta property=\"og:image:type\" content=\"image\/jpeg\" \/>\n<meta name=\"twitter:card\" content=\"summary_large_image\" \/>\n<script type=\"application\/ld+json\" class=\"yoast-schema-graph\">{\"@context\":\"https:\\\/\\\/schema.org\",\"@graph\":[{\"@type\":\"WebPage\",\"@id\":\"https:\\\/\\\/www.blecha.at\\\/sk\\\/produkty\\\/fittings\\\/spojky\\\/\",\"url\":\"https:\\\/\\\/www.blecha.at\\\/sk\\\/produkty\\\/fittings\\\/spojky\\\/\",\"name\":\"Spojky | BLECHA Aluprofile\",\"isPartOf\":{\"@id\":\"https:\\\/\\\/www.blecha.at\\\/#website\"},\"datePublished\":\"2023-01-11T11:10:23+00:00\",\"dateModified\":\"2024-02-05T08:56:50+00:00\",\"description\":\"Objavte na\u0161e vysokokvalitn\u00e9 konektory vyroben\u00e9 z hlin\u00edka a nehrdzavej\u00facej ocele. Na\u0161e spojky s\u00fa ide\u00e1lnou vo\u013ebou pre sp\u00e1janie okr\u00fahlych r\u00farok, tvarovan\u00fdch r\u00far a in\u00fdch kon\u0161truk\u010dn\u00fdch prvkov. Pon\u00fakame \u0161irok\u00fd sortiment typov spojok vr\u00e1tane kruhov\u00fdch spojok r\u00far, spojok r\u00far, podlahov\u00fdch dosiek a rohov\u00fdch spojok.\",\"breadcrumb\":{\"@id\":\"https:\\\/\\\/www.blecha.at\\\/sk\\\/produkty\\\/fittings\\\/spojky\\\/#breadcrumb\"},\"inLanguage\":\"sk-SK\",\"potentialAction\":[{\"@type\":\"ReadAction\",\"target\":[\"https:\\\/\\\/www.blecha.at\\\/sk\\\/produkty\\\/fittings\\\/spojky\\\/\"]}]},{\"@type\":\"BreadcrumbList\",\"@id\":\"https:\\\/\\\/www.blecha.at\\\/sk\\\/produkty\\\/fittings\\\/spojky\\\/#breadcrumb\",\"itemListElement\":[{\"@type\":\"ListItem\",\"position\":1,\"name\":\"Home\",\"item\":\"https:\\\/\\\/www.blecha.at\\\/sk\\\/\"},{\"@type\":\"ListItem\",\"position\":2,\"name\":\"Produkty\",\"item\":\"https:\\\/\\\/www.blecha.at\\\/sk\\\/produkty\\\/\"},{\"@type\":\"ListItem\",\"position\":3,\"name\":\"Tvarovky\",\"item\":\"https:\\\/\\\/www.blecha.at\\\/sk\\\/produkty\\\/fittings\\\/\"},{\"@type\":\"ListItem\",\"position\":4,\"name\":\"Spojky\"}]},{\"@type\":\"WebSite\",\"@id\":\"https:\\\/\\\/www.blecha.at\\\/#website\",\"url\":\"https:\\\/\\\/www.blecha.at\\\/\",\"name\":\"BLECHA\",\"description\":\"Eine weitere WordPress-Website\",\"potentialAction\":[{\"@type\":\"SearchAction\",\"target\":{\"@type\":\"EntryPoint\",\"urlTemplate\":\"https:\\\/\\\/www.blecha.at\\\/?s={search_term_string}\"},\"query-input\":{\"@type\":\"PropertyValueSpecification\",\"valueRequired\":true,\"valueName\":\"search_term_string\"}}],\"inLanguage\":\"sk-SK\"}]}<\/script>\n<!-- \/ Yoast SEO plugin. -->","yoast_head_json":{"title":"Spojky | BLECHA Aluprofile","description":"Objavte na\u0161e vysokokvalitn\u00e9 konektory vyroben\u00e9 z hlin\u00edka a nehrdzavej\u00facej ocele. Na\u0161e spojky s\u00fa ide\u00e1lnou vo\u013ebou pre sp\u00e1janie okr\u00fahlych r\u00farok, tvarovan\u00fdch r\u00far a in\u00fdch kon\u0161truk\u010dn\u00fdch prvkov. Pon\u00fakame \u0161irok\u00fd sortiment typov spojok vr\u00e1tane kruhov\u00fdch spojok r\u00far, spojok r\u00far, podlahov\u00fdch dosiek a rohov\u00fdch spojok.","robots":{"index":"index","follow":"follow","max-snippet":"max-snippet:-1","max-image-preview":"max-image-preview:large","max-video-preview":"max-video-preview:-1"},"canonical":"https:\/\/www.blecha.at\/sk\/produkty\/fittings\/spojky\/","og_locale":"sk_SK","og_type":"article","og_title":"Spojky | BLECHA Aluprofile","og_description":"Objavte na\u0161e vysokokvalitn\u00e9 konektory vyroben\u00e9 z hlin\u00edka a nehrdzavej\u00facej ocele. Na\u0161e spojky s\u00fa ide\u00e1lnou vo\u013ebou pre sp\u00e1janie okr\u00fahlych r\u00farok, tvarovan\u00fdch r\u00far a in\u00fdch kon\u0161truk\u010dn\u00fdch prvkov. Pon\u00fakame \u0161irok\u00fd sortiment typov spojok vr\u00e1tane kruhov\u00fdch spojok r\u00far, spojok r\u00far, podlahov\u00fdch dosiek a rohov\u00fdch spojok.","og_url":"https:\/\/www.blecha.at\/sk\/produkty\/fittings\/spojky\/","og_site_name":"BLECHA","article_modified_time":"2024-02-05T08:56:50+00:00","og_image":[{"width":2560,"height":1642,"url":"https:\/\/www.blecha.at\/wp-content\/uploads\/2021\/02\/blecha-unternehmen-auswahl-gebaeude-3-scaled.jpg","type":"image\/jpeg"}],"twitter_card":"summary_large_image","schema":{"@context":"https:\/\/schema.org","@graph":[{"@type":"WebPage","@id":"https:\/\/www.blecha.at\/sk\/produkty\/fittings\/spojky\/","url":"https:\/\/www.blecha.at\/sk\/produkty\/fittings\/spojky\/","name":"Spojky | BLECHA Aluprofile","isPartOf":{"@id":"https:\/\/www.blecha.at\/#website"},"datePublished":"2023-01-11T11:10:23+00:00","dateModified":"2024-02-05T08:56:50+00:00","description":"Objavte na\u0161e vysokokvalitn\u00e9 konektory vyroben\u00e9 z hlin\u00edka a nehrdzavej\u00facej ocele. Na\u0161e spojky s\u00fa ide\u00e1lnou vo\u013ebou pre sp\u00e1janie okr\u00fahlych r\u00farok, tvarovan\u00fdch r\u00far a in\u00fdch kon\u0161truk\u010dn\u00fdch prvkov. Pon\u00fakame \u0161irok\u00fd sortiment typov spojok vr\u00e1tane kruhov\u00fdch spojok r\u00far, spojok r\u00far, podlahov\u00fdch dosiek a rohov\u00fdch spojok.","breadcrumb":{"@id":"https:\/\/www.blecha.at\/sk\/produkty\/fittings\/spojky\/#breadcrumb"},"inLanguage":"sk-SK","potentialAction":[{"@type":"ReadAction","target":["https:\/\/www.blecha.at\/sk\/produkty\/fittings\/spojky\/"]}]},{"@type":"BreadcrumbList","@id":"https:\/\/www.blecha.at\/sk\/produkty\/fittings\/spojky\/#breadcrumb","itemListElement":[{"@type":"ListItem","position":1,"name":"Home","item":"https:\/\/www.blecha.at\/sk\/"},{"@type":"ListItem","position":2,"name":"Produkty","item":"https:\/\/www.blecha.at\/sk\/produkty\/"},{"@type":"ListItem","position":3,"name":"Tvarovky","item":"https:\/\/www.blecha.at\/sk\/produkty\/fittings\/"},{"@type":"ListItem","position":4,"name":"Spojky"}]},{"@type":"WebSite","@id":"https:\/\/www.blecha.at\/#website","url":"https:\/\/www.blecha.at\/","name":"BLECHA","description":"Eine weitere WordPress-Website","potentialAction":[{"@type":"SearchAction","target":{"@type":"EntryPoint","urlTemplate":"https:\/\/www.blecha.at\/?s={search_term_string}"},"query-input":{"@type":"PropertyValueSpecification","valueRequired":true,"valueName":"search_term_string"}}],"inLanguage":"sk-SK"}]}},"_links":{"self":[{"href":"https:\/\/www.blecha.at\/sk\/wp-json\/wp\/v2\/pages\/26419","targetHints":{"allow":["GET"]}}],"collection":[{"href":"https:\/\/www.blecha.at\/sk\/wp-json\/wp\/v2\/pages"}],"about":[{"href":"https:\/\/www.blecha.at\/sk\/wp-json\/wp\/v2\/types\/page"}],"author":[{"embeddable":true,"href":"https:\/\/www.blecha.at\/sk\/wp-json\/wp\/v2\/users\/2"}],"replies":[{"embeddable":true,"href":"https:\/\/www.blecha.at\/sk\/wp-json\/wp\/v2\/comments?post=26419"}],"version-history":[{"count":7,"href":"https:\/\/www.blecha.at\/sk\/wp-json\/wp\/v2\/pages\/26419\/revisions"}],"predecessor-version":[{"id":26973,"href":"https:\/\/www.blecha.at\/sk\/wp-json\/wp\/v2\/pages\/26419\/revisions\/26973"}],"up":[{"embeddable":true,"href":"https:\/\/www.blecha.at\/sk\/wp-json\/wp\/v2\/pages\/26630"}],"wp:attachment":[{"href":"https:\/\/www.blecha.at\/sk\/wp-json\/wp\/v2\/media?parent=26419"}],"curies":[{"name":"wp","href":"https:\/\/api.w.org\/{rel}","templated":true}]}}