{"id":4839,"date":"2021-01-22T21:59:01","date_gmt":"2021-01-22T20:59:01","guid":{"rendered":"https:\/\/www.blecha.at\/sluzby\/legierungen\/"},"modified":"2021-12-15T10:56:07","modified_gmt":"2021-12-15T09:56:07","slug":"zliatiny","status":"publish","type":"page","link":"https:\/\/www.blecha.at\/sk\/sluzby\/zliatiny\/","title":{"rendered":"Zliatiny"},"content":{"rendered":"\n<section id=\"sectionTwo\" class=\"mt-lg-n11 py-8 py-md-11 px-lg-9 border-left border-right border-right-lg-none bg-white\">\n\n\n<div class=\"wp-bootstrap-blocks-container container-fluid mb-0\">\n\t\n<div class=\"wp-bootstrap-blocks-row row mx-auto\">\n\t\n\n<div class=\"col-12 col-md-10\">\n\t\t\t\n\n<h2 class=\"text-secondary scroll-fade-bottom-up visibility-hidden wp-block-heading\">D\u00f4le\u017eit\u00fd je spr\u00e1vny mix.<\/h2>\n\n\n\n<p class=\"scroll-fade-bottom-up visibility-hidden\">Tak odli\u0161n\u00e9, ako s\u00fa vlastnosti hlin\u00edka, tak ho rob\u00ed spr\u00e1vna zliatina jedine\u010dn\u00fdm. Bez oh\u013eadu na to, za ak\u00fdm \u00fa\u010delom a v akej forme. Op\u00fdtajte sa n\u00e1\u0161ho vy\u0161kolen\u00e9ho t\u00edmu na spr\u00e1vnu zliatinu, sme si ist\u00ed, \u017ee pre V\u00e1s n\u00e1jdeme optim\u00e1lne rie\u0161enie. V z\u00e1vislosti od pou\u017eitia pr\u00edslu\u0161n\u00e9ho profilu sa l\u00ed\u0161ia aj vhodn\u00e9 zliatiny. Ale pr\u00e1ve t\u00e1to rozmanitos\u0165 umo\u017e\u0148uje za\u010dleni\u0165 pre V\u00e1s optim\u00e1lnu zliatinu prostredn\u00edctvom n\u00e1\u0161ho sortimentu BLECHA. Samozrejme, radi vyhovieme aj individu\u00e1lnym po\u017eiadavk\u00e1m, pokia\u013e ide o zliatiny. Kontaktujte n\u00e1s pomocou kontaktn\u00e9ho formul\u00e1ra. N\u00e1\u0161 vy\u0161kolen\u00fd t\u00edm V\u00e1m ur\u010dite pom\u00f4\u017ee s &nbsp;Va\u0161ou jedine\u010dnou zliatinou hlin\u00edka.<\/p>\n\n\t<\/div>\n\n<\/div>\n\n<\/div>\n\n\n\n<\/section>\n\n\n\n<section data-jarallax=\"\" data-speed=\".8\" class=\"py-12 py-md-13 overlay overlay-black overlay-40 bg-cover jarallax\" style=\"background-image: url(\/wp-content\/uploads\/2021\/01\/blecha-aluminium-profile.jpg);\">\n  <div class=\"container\">\n    <div class=\"row mx-auto\">\n      <div class=\"col-12 col-md-10\">\n        <!-- Blockquote -->\n        <blockquote class=\"blockquote mb-0\"> \n          \n          <!-- Text -->\n          <p class=\"h2 text-white text-left font-regular scroll-fade-bottom-up visibility-hidden\">BLECHA to umo\u017en\u00ed. Uk\u00e1\u017eeme V\u00e1m, ak\u00e9 profily v ak\u00fdch zliatin\u00e1ch pon\u00fakame.<\/p>\n\n\n\n<div class=\"wp-block-file btn btn-secondary mt-4 scroll-fade-bottom-up visibility-hidden\"><a href=\"https:\/\/www.blecha.at\/wp-content\/uploads\/2021\/03\/Umschlag-Katalog-2021_DE_EN.pdf\">Otvori\u0165 tabu\u013eku zliatin<\/a><\/div>\n\n\n\n<\/blockquote>\n      <\/div>\n    <\/div>\n  <\/div>\n<\/section>\n","protected":false},"excerpt":{"rendered":"BLECHA to umo\u017en\u00ed. Uk\u00e1\u017eeme V\u00e1m, ak\u00e9 profily v ak\u00fdch zliatin\u00e1ch pon\u00fakame.","protected":false},"author":2,"featured_media":4841,"parent":4609,"menu_order":0,"comment_status":"closed","ping_status":"closed","template":"page-leistungen.php","meta":{"_acf_changed":false,"footnotes":""},"class_list":["post-4839","page","type-page","status-publish","has-post-thumbnail","hentry"],"acf":[],"yoast_head":"<!-- This site is optimized with the Yoast SEO plugin v27.3 - https:\/\/yoast.com\/product\/yoast-seo-wordpress\/ -->\n<title>Zliatiny | BLECHA<\/title>\n<meta name=\"description\" content=\"Tak odli\u0161n\u00e9, ako s\u00fa vlastnosti hlin\u00edka, tak ho rob\u00ed spr\u00e1vna zliatina jedine\u010dn\u00fdm. Bez oh\u013eadu na to, za ak\u00fdm \u00fa\u010delom a v akej forme. Op\u00fdtajte sa n\u00e1\u0161ho vy\u0161kolen\u00e9ho t\u00edmu na spr\u00e1vnu zliatinu, sme si ist\u00ed, \u017ee pre V\u00e1s n\u00e1jdeme optim\u00e1lne rie\u0161enie.\" \/>\n<meta name=\"robots\" content=\"index, follow, max-snippet:-1, max-image-preview:large, max-video-preview:-1\" \/>\n<link rel=\"canonical\" href=\"https:\/\/www.blecha.at\/sk\/sluzby\/zliatiny\/\" \/>\n<meta property=\"og:locale\" content=\"sk_SK\" \/>\n<meta property=\"og:type\" content=\"article\" \/>\n<meta property=\"og:title\" content=\"Zliatiny | BLECHA\" \/>\n<meta property=\"og:description\" content=\"Tak odli\u0161n\u00e9, ako s\u00fa vlastnosti hlin\u00edka, tak ho rob\u00ed spr\u00e1vna zliatina jedine\u010dn\u00fdm. Bez oh\u013eadu na to, za ak\u00fdm \u00fa\u010delom a v akej forme. Op\u00fdtajte sa n\u00e1\u0161ho vy\u0161kolen\u00e9ho t\u00edmu na spr\u00e1vnu zliatinu, sme si ist\u00ed, \u017ee pre V\u00e1s n\u00e1jdeme optim\u00e1lne rie\u0161enie.\" \/>\n<meta property=\"og:url\" content=\"https:\/\/www.blecha.at\/sk\/sluzby\/zliatiny\/\" \/>\n<meta property=\"og:site_name\" content=\"BLECHA\" \/>\n<meta property=\"article:modified_time\" content=\"2021-12-15T09:56:07+00:00\" \/>\n<meta property=\"og:image\" content=\"https:\/\/www.blecha.at\/wp-content\/uploads\/2021\/03\/blecha-legierungen-1-thumbnail.jpg\" \/>\n\t<meta property=\"og:image:width\" content=\"1600\" \/>\n\t<meta property=\"og:image:height\" content=\"1600\" \/>\n\t<meta property=\"og:image:type\" content=\"image\/jpeg\" \/>\n<meta name=\"twitter:card\" content=\"summary_large_image\" \/>\n<meta name=\"twitter:label1\" content=\"Predpokladan\u00fd \u010das \u010d\u00edtania\" \/>\n\t<meta name=\"twitter:data1\" content=\"1 min\u00fata\" \/>\n<script type=\"application\/ld+json\" class=\"yoast-schema-graph\">{\"@context\":\"https:\\\/\\\/schema.org\",\"@graph\":[{\"@type\":\"WebPage\",\"@id\":\"https:\\\/\\\/www.blecha.at\\\/sk\\\/sluzby\\\/zliatiny\\\/\",\"url\":\"https:\\\/\\\/www.blecha.at\\\/sk\\\/sluzby\\\/zliatiny\\\/\",\"name\":\"Zliatiny | BLECHA\",\"isPartOf\":{\"@id\":\"https:\\\/\\\/www.blecha.at\\\/#website\"},\"primaryImageOfPage\":{\"@id\":\"https:\\\/\\\/www.blecha.at\\\/sk\\\/sluzby\\\/zliatiny\\\/#primaryimage\"},\"image\":{\"@id\":\"https:\\\/\\\/www.blecha.at\\\/sk\\\/sluzby\\\/zliatiny\\\/#primaryimage\"},\"thumbnailUrl\":\"https:\\\/\\\/www.blecha.at\\\/wp-content\\\/uploads\\\/2021\\\/03\\\/blecha-legierungen-1-thumbnail.jpg\",\"datePublished\":\"2021-01-22T20:59:01+00:00\",\"dateModified\":\"2021-12-15T09:56:07+00:00\",\"description\":\"Tak odli\u0161n\u00e9, ako s\u00fa vlastnosti hlin\u00edka, tak ho rob\u00ed spr\u00e1vna zliatina jedine\u010dn\u00fdm. Bez oh\u013eadu na to, za ak\u00fdm \u00fa\u010delom a v akej forme. Op\u00fdtajte sa n\u00e1\u0161ho vy\u0161kolen\u00e9ho t\u00edmu na spr\u00e1vnu zliatinu, sme si ist\u00ed, \u017ee pre V\u00e1s n\u00e1jdeme optim\u00e1lne rie\u0161enie.\",\"breadcrumb\":{\"@id\":\"https:\\\/\\\/www.blecha.at\\\/sk\\\/sluzby\\\/zliatiny\\\/#breadcrumb\"},\"inLanguage\":\"sk-SK\",\"potentialAction\":[{\"@type\":\"ReadAction\",\"target\":[\"https:\\\/\\\/www.blecha.at\\\/sk\\\/sluzby\\\/zliatiny\\\/\"]}]},{\"@type\":\"ImageObject\",\"inLanguage\":\"sk-SK\",\"@id\":\"https:\\\/\\\/www.blecha.at\\\/sk\\\/sluzby\\\/zliatiny\\\/#primaryimage\",\"url\":\"https:\\\/\\\/www.blecha.at\\\/wp-content\\\/uploads\\\/2021\\\/03\\\/blecha-legierungen-1-thumbnail.jpg\",\"contentUrl\":\"https:\\\/\\\/www.blecha.at\\\/wp-content\\\/uploads\\\/2021\\\/03\\\/blecha-legierungen-1-thumbnail.jpg\",\"width\":1600,\"height\":1600},{\"@type\":\"BreadcrumbList\",\"@id\":\"https:\\\/\\\/www.blecha.at\\\/sk\\\/sluzby\\\/zliatiny\\\/#breadcrumb\",\"itemListElement\":[{\"@type\":\"ListItem\",\"position\":1,\"name\":\"Home\",\"item\":\"https:\\\/\\\/www.blecha.at\\\/sk\\\/\"},{\"@type\":\"ListItem\",\"position\":2,\"name\":\"Slu\u017eby\",\"item\":\"https:\\\/\\\/www.blecha.at\\\/sk\\\/sluzby\\\/\"},{\"@type\":\"ListItem\",\"position\":3,\"name\":\"Zliatiny\"}]},{\"@type\":\"WebSite\",\"@id\":\"https:\\\/\\\/www.blecha.at\\\/#website\",\"url\":\"https:\\\/\\\/www.blecha.at\\\/\",\"name\":\"BLECHA\",\"description\":\"Eine weitere WordPress-Website\",\"potentialAction\":[{\"@type\":\"SearchAction\",\"target\":{\"@type\":\"EntryPoint\",\"urlTemplate\":\"https:\\\/\\\/www.blecha.at\\\/?s={search_term_string}\"},\"query-input\":{\"@type\":\"PropertyValueSpecification\",\"valueRequired\":true,\"valueName\":\"search_term_string\"}}],\"inLanguage\":\"sk-SK\"}]}<\/script>\n<!-- \/ Yoast SEO plugin. -->","yoast_head_json":{"title":"Zliatiny | BLECHA","description":"Tak odli\u0161n\u00e9, ako s\u00fa vlastnosti hlin\u00edka, tak ho rob\u00ed spr\u00e1vna zliatina jedine\u010dn\u00fdm. Bez oh\u013eadu na to, za ak\u00fdm \u00fa\u010delom a v akej forme. Op\u00fdtajte sa n\u00e1\u0161ho vy\u0161kolen\u00e9ho t\u00edmu na spr\u00e1vnu zliatinu, sme si ist\u00ed, \u017ee pre V\u00e1s n\u00e1jdeme optim\u00e1lne rie\u0161enie.","robots":{"index":"index","follow":"follow","max-snippet":"max-snippet:-1","max-image-preview":"max-image-preview:large","max-video-preview":"max-video-preview:-1"},"canonical":"https:\/\/www.blecha.at\/sk\/sluzby\/zliatiny\/","og_locale":"sk_SK","og_type":"article","og_title":"Zliatiny | BLECHA","og_description":"Tak odli\u0161n\u00e9, ako s\u00fa vlastnosti hlin\u00edka, tak ho rob\u00ed spr\u00e1vna zliatina jedine\u010dn\u00fdm. Bez oh\u013eadu na to, za ak\u00fdm \u00fa\u010delom a v akej forme. Op\u00fdtajte sa n\u00e1\u0161ho vy\u0161kolen\u00e9ho t\u00edmu na spr\u00e1vnu zliatinu, sme si ist\u00ed, \u017ee pre V\u00e1s n\u00e1jdeme optim\u00e1lne rie\u0161enie.","og_url":"https:\/\/www.blecha.at\/sk\/sluzby\/zliatiny\/","og_site_name":"BLECHA","article_modified_time":"2021-12-15T09:56:07+00:00","og_image":[{"width":1600,"height":1600,"url":"https:\/\/www.blecha.at\/wp-content\/uploads\/2021\/03\/blecha-legierungen-1-thumbnail.jpg","type":"image\/jpeg"}],"twitter_card":"summary_large_image","twitter_misc":{"Predpokladan\u00fd \u010das \u010d\u00edtania":"1 min\u00fata"},"schema":{"@context":"https:\/\/schema.org","@graph":[{"@type":"WebPage","@id":"https:\/\/www.blecha.at\/sk\/sluzby\/zliatiny\/","url":"https:\/\/www.blecha.at\/sk\/sluzby\/zliatiny\/","name":"Zliatiny | BLECHA","isPartOf":{"@id":"https:\/\/www.blecha.at\/#website"},"primaryImageOfPage":{"@id":"https:\/\/www.blecha.at\/sk\/sluzby\/zliatiny\/#primaryimage"},"image":{"@id":"https:\/\/www.blecha.at\/sk\/sluzby\/zliatiny\/#primaryimage"},"thumbnailUrl":"https:\/\/www.blecha.at\/wp-content\/uploads\/2021\/03\/blecha-legierungen-1-thumbnail.jpg","datePublished":"2021-01-22T20:59:01+00:00","dateModified":"2021-12-15T09:56:07+00:00","description":"Tak odli\u0161n\u00e9, ako s\u00fa vlastnosti hlin\u00edka, tak ho rob\u00ed spr\u00e1vna zliatina jedine\u010dn\u00fdm. Bez oh\u013eadu na to, za ak\u00fdm \u00fa\u010delom a v akej forme. Op\u00fdtajte sa n\u00e1\u0161ho vy\u0161kolen\u00e9ho t\u00edmu na spr\u00e1vnu zliatinu, sme si ist\u00ed, \u017ee pre V\u00e1s n\u00e1jdeme optim\u00e1lne rie\u0161enie.","breadcrumb":{"@id":"https:\/\/www.blecha.at\/sk\/sluzby\/zliatiny\/#breadcrumb"},"inLanguage":"sk-SK","potentialAction":[{"@type":"ReadAction","target":["https:\/\/www.blecha.at\/sk\/sluzby\/zliatiny\/"]}]},{"@type":"ImageObject","inLanguage":"sk-SK","@id":"https:\/\/www.blecha.at\/sk\/sluzby\/zliatiny\/#primaryimage","url":"https:\/\/www.blecha.at\/wp-content\/uploads\/2021\/03\/blecha-legierungen-1-thumbnail.jpg","contentUrl":"https:\/\/www.blecha.at\/wp-content\/uploads\/2021\/03\/blecha-legierungen-1-thumbnail.jpg","width":1600,"height":1600},{"@type":"BreadcrumbList","@id":"https:\/\/www.blecha.at\/sk\/sluzby\/zliatiny\/#breadcrumb","itemListElement":[{"@type":"ListItem","position":1,"name":"Home","item":"https:\/\/www.blecha.at\/sk\/"},{"@type":"ListItem","position":2,"name":"Slu\u017eby","item":"https:\/\/www.blecha.at\/sk\/sluzby\/"},{"@type":"ListItem","position":3,"name":"Zliatiny"}]},{"@type":"WebSite","@id":"https:\/\/www.blecha.at\/#website","url":"https:\/\/www.blecha.at\/","name":"BLECHA","description":"Eine weitere WordPress-Website","potentialAction":[{"@type":"SearchAction","target":{"@type":"EntryPoint","urlTemplate":"https:\/\/www.blecha.at\/?s={search_term_string}"},"query-input":{"@type":"PropertyValueSpecification","valueRequired":true,"valueName":"search_term_string"}}],"inLanguage":"sk-SK"}]}},"_links":{"self":[{"href":"https:\/\/www.blecha.at\/sk\/wp-json\/wp\/v2\/pages\/4839","targetHints":{"allow":["GET"]}}],"collection":[{"href":"https:\/\/www.blecha.at\/sk\/wp-json\/wp\/v2\/pages"}],"about":[{"href":"https:\/\/www.blecha.at\/sk\/wp-json\/wp\/v2\/types\/page"}],"author":[{"embeddable":true,"href":"https:\/\/www.blecha.at\/sk\/wp-json\/wp\/v2\/users\/2"}],"replies":[{"embeddable":true,"href":"https:\/\/www.blecha.at\/sk\/wp-json\/wp\/v2\/comments?post=4839"}],"version-history":[{"count":4,"href":"https:\/\/www.blecha.at\/sk\/wp-json\/wp\/v2\/pages\/4839\/revisions"}],"predecessor-version":[{"id":12845,"href":"https:\/\/www.blecha.at\/sk\/wp-json\/wp\/v2\/pages\/4839\/revisions\/12845"}],"up":[{"embeddable":true,"href":"https:\/\/www.blecha.at\/sk\/wp-json\/wp\/v2\/pages\/4609"}],"wp:featuredmedia":[{"embeddable":true,"href":"https:\/\/www.blecha.at\/sk\/wp-json\/wp\/v2\/media\/4841"}],"wp:attachment":[{"href":"https:\/\/www.blecha.at\/sk\/wp-json\/wp\/v2\/media?parent=4839"}],"curies":[{"name":"wp","href":"https:\/\/api.w.org\/{rel}","templated":true}]}}