{"id":4972,"date":"2021-01-22T16:35:16","date_gmt":"2021-01-22T15:35:16","guid":{"rendered":"https:\/\/www.blecha.at\/sluzby\/oberflaechenveredelung\/"},"modified":"2021-09-29T13:11:28","modified_gmt":"2021-09-29T11:11:28","slug":"povrchovauprava","status":"publish","type":"page","link":"https:\/\/www.blecha.at\/sk\/sluzby\/povrchovauprava\/","title":{"rendered":"Oberfl\u00e4chenveredelung"},"content":{"rendered":"\n<section id=\"sectionTwo\" class=\"mt-lg-n11 py-8 py-md-11 px-lg-9 border-left border-right border-right-lg-none bg-white\">\n\n\n<div class=\"wp-bootstrap-blocks-container container-fluid mb-0\">\n\t\n<div class=\"wp-bootstrap-blocks-row row mx-auto\">\n\t\n\n<div class=\"col-12 col-md-10\">\n\t\t\t\n\n<h2 class=\"text-secondary scroll-fade-bottom-up visibility-hidden wp-block-heading\">Kr\u00e1sna vec.<\/h2>\n\n\n\n<p class=\"mb-7 mb-md-7 scroll-fade-bottom-up visibility-hidden\">Povrchov\u00e1 \u00faprava sp\u00e1ja estetiku s funkciou, pre ve\u013emi \u0161peci\u00e1lne k\u00fasky. Sta\u010d\u00ed op\u00fdta\u0165 sa na na\u0161e povrchov\u00e9 \u00fapravy a necha\u0165 prekvapenie na Va\u0161ich z\u00e1kazn\u00edkoch.<\/p>\n\n\t<\/div>\n\n\n\n<div class=\"col-12\">\n\t\t\t\n\n<h4 class=\"scroll-fade-bottom-up visibility-hidden wp-block-heading\">Na\u0161e \u0161peci\u00e1lne povrchov\u00e9 \u00fapravy<\/h4>\n\n\n\n<hr class=\"wp-block-separator is-style-wide my-5\"\/>\n\n\n<div class=\"wp-bootstrap-blocks-row row\">\n\t\n\n<div class=\"col-12 col-md-4\">\n\t\t\t\n\n<div class=\"d-flex text-left scroll-fade-bottom-up visibility-hidden\">\n<div class=\"badge badge-rounded-circle badge-primary-soft mt-1 mr-4\">\n<i class=\"fe fe-check\"><\/i>\n<\/div><p class=\"text-primary\">eloxovanie<\/p><\/div>\n\n\t<\/div>\n\n\n\n<div class=\"col-12 col-md-4\">\n\t\t\t\n\n<div class=\"d-flex text-left scroll-fade-bottom-up visibility-hidden\">\n<div class=\"badge badge-rounded-circle badge-primary-soft mt-1 mr-4\">\n<i class=\"fe fe-check\"><\/i>\n<\/div><p class=\"text-primary\">pr\u00e1\u0161kov\u00e1 povrchov\u00e1 \u00faprava<\/p><\/div>\n\n\t<\/div>\n\n\n\n<div class=\"col-12 col-md-4\">\n\t\t\t\n\n<div class=\"d-flex text-left scroll-fade-bottom-up visibility-hidden\">\n<div class=\"badge badge-rounded-circle badge-primary-soft mt-1 mr-4\">\n<i class=\"fe fe-check\"><\/i>\n<\/div><p class=\"text-primary\">\u0161peci\u00e1lne povrchy (dekor dreva pre hlin\u00edkov\u00fd plot a balk\u00f3ny)<\/p><\/div>\n\n\t<\/div>\n\n<\/div>\n\n\t<\/div>\n\n<\/div>\n\n<\/div>\n\n\n\n<\/section>\n\n\n\n<section data-jarallax=\"\" data-speed=\".8\" class=\"py-12 py-md-13 overlay overlay-black overlay-40 bg-cover jarallax\" style=\"background-image: url(\/wp-content\/uploads\/2021\/08\/blecha-oberflaechenveredelung-2.jpg);\">\n  <div class=\"container\">\n    <div class=\"row mx-auto\">\n      <div class=\"col-12 col-md-10\"> \n        \n        <!-- Blockquote -->\n        <blockquote class=\"blockquote mb-0\"> \n          \n          <!-- Text -->\n          <p class=\"h2 text-white text-left font-regular scroll-fade-bottom-up visibility-hidden\">&#8222;Pokia\u013e ide o povrchov\u00e9 \u00fapravy, spoliehame sa v\u00fdlu\u010dne na dlhodob\u00e9 a overen\u00e9 dod\u00e1vate\u013esk\u00e9 vz\u0165ahy.&#8220;<\/p>\n          \n          <!-- Footer -->\n          <footer class=\"blockquote-footer text-white-50 mb-0 scroll-fade-bottom-up visibility-hidden\">BLECHA<\/footer>\n        <\/blockquote>\n      <\/div>\n    <\/div>\n  <\/div>\n<\/section>\n\n\n\n<section class=\"py-8 py-md-11 px-lg-9 border-left border-right border-right-lg-none bg-white\">\n\n\n<div class=\"wp-bootstrap-blocks-container container-fluid mb-0\">\n\t\n<div class=\"wp-bootstrap-blocks-row row mx-auto\">\n\t\n\n<div class=\"col-12 col-md-10\">\n\t\t\t\n\n<h2 class=\"text-secondary scroll-fade-bottom-up visibility-hidden wp-block-heading\">Hlin\u00edkov\u00e9 skladov\u00e9 polo\u017eky s&nbsp;eloxom a&nbsp;pr\u00e1\u0161kovou povrchovou \u00fapravou<\/h2>\n\n\n\n<p class=\"mb-7 mb-md-7 scroll-fade-bottom-up visibility-hidden\">Dokonca aj be\u017en\u00e9 rozmery U-profilov a&nbsp;L-profilov m\u00e1me na sklade s&nbsp;povrchovou \u00fapravou. N\u00e1sledne v\u00fd\u0165ah z n\u00e1\u0161ho sortimentu:<\/p>\n\n\n<div class=\"wp-bootstrap-blocks-row row\">\n\t\n\n<div class=\"col-12 col-md-4\">\n\t\t\t\n\n<div class=\"d-flex text-left scroll-fade-bottom-up visibility-hidden\">\n<div class=\"badge badge-rounded-circle badge-primary-soft mt-1 mr-4\">\n<i class=\"fe fe-check\"><\/i>\n<\/div><p class=\"text-primary\">L-profily s pr\u00edrodn\u00fdm eloxom A6\/C0<\/p><\/div>\n\n\t<\/div>\n\n\n\n<div class=\"col-12 col-md-4\">\n\t\t\t\n\n<div class=\"d-flex text-left scroll-fade-bottom-up visibility-hidden\">\n<div class=\"badge badge-rounded-circle badge-primary-soft mt-1 mr-4\">\n<i class=\"fe fe-check\"><\/i>\n<\/div><p class=\"text-primary\">L-profily eloxovan\u00e9 vo vzh\u013eade nehrdzavej\u00facej ocele<\/p><\/div>\n\n\t<\/div>\n\n\n\n<div class=\"col-12 col-md-4\">\n\t\t\t\n\n<div class=\"d-flex text-left scroll-fade-bottom-up visibility-hidden\">\n<div class=\"badge badge-rounded-circle badge-primary-soft mt-1 mr-4\">\n<i class=\"fe fe-check\"><\/i>\n<\/div><p class=\"text-primary\">L-profily s pr\u00e1\u0161kovou povrchovou \u00fapravou RAL 9010<\/p><\/div>\n\n\t<\/div>\n\n\n\n<div class=\"col-12 col-md-4\">\n\t\t\t\n\n<div class=\"d-flex text-left scroll-fade-bottom-up visibility-hidden\">\n<div class=\"badge badge-rounded-circle badge-primary-soft mt-1 mr-4\">\n<i class=\"fe fe-check\"><\/i>\n<\/div><p class=\"text-primary\">U-profily s pr\u00edrodn\u00fdm eloxom A6\/C0<\/p><\/div>\n\n\t<\/div>\n\n\n\n<div class=\"col-12 col-md-4\">\n\t\t\t\n\n<div class=\"d-flex text-left scroll-fade-bottom-up visibility-hidden\">\n<div class=\"badge badge-rounded-circle badge-primary-soft mt-1 mr-4\">\n<i class=\"fe fe-check\"><\/i>\n<\/div><p class=\"text-primary\">U-profily eloxovan\u00e9 vo vzh\u013eade nehrdzavej\u00facej ocele<\/p><\/div>\n\n\t<\/div>\n\n\n\n<div class=\"col-12 col-md-4\">\n\t\t\t\n\n<div class=\"d-flex text-left scroll-fade-bottom-up visibility-hidden\">\n<div class=\"badge badge-rounded-circle badge-primary-soft mt-1 mr-4\">\n<i class=\"fe fe-check\"><\/i>\n<\/div><p class=\"text-primary\">U-profily s pr\u00e1\u0161kovou povrchovou \u00fapravou RAL 9010<\/p><\/div>\n\n\t<\/div>\n\n\n\n<div class=\"col-12 col-md-4\">\n\t\t\t\n\n<div class=\"d-flex text-left scroll-fade-bottom-up visibility-hidden\">\n<div class=\"badge badge-rounded-circle badge-primary-soft mt-1 mr-4\">\n<i class=\"fe fe-check\"><\/i>\n<\/div><p class=\"text-primary\">U-profily -leskl\u00fd elox E8\/C0 (vysok\u00fd lesk)<\/p><\/div>\n\n\t<\/div>\n\n<\/div>\n\n\t<\/div>\n\n<\/div>\n\n<\/div>\n\n\n\n<\/section>\n","protected":false},"excerpt":{"rendered":"&#8222;Pokia\u013e ide o povrchov\u00e9 \u00fapravy, spoliehame sa v\u00fdlu\u010dne na dlhodob\u00e9 a overen\u00e9 dod\u00e1vate\u013esk\u00e9 vz\u0165ahy.&#8220; BLECHA","protected":false},"author":2,"featured_media":4974,"parent":4609,"menu_order":0,"comment_status":"closed","ping_status":"closed","template":"page-leistungen.php","meta":{"_acf_changed":false,"footnotes":""},"class_list":["post-4972","page","type-page","status-publish","has-post-thumbnail","hentry"],"acf":[],"yoast_head":"<!-- This site is optimized with the Yoast SEO plugin v27.3 - https:\/\/yoast.com\/product\/yoast-seo-wordpress\/ -->\n<title>Eloxovan\u00e9 a pr\u00e1\u0161kovo lakovan\u00e9 povrchov\u00e9 \u00fapravy | BLECHA<\/title>\n<meta name=\"description\" content=\"Pon\u00fakame eloxovan\u00e9 a pr\u00e1\u0161kovo upraven\u00e9 povrchy, ako aj \u0161peci\u00e1lne povrchy v dekore dreva pre ploty a balk\u00f3ny.\" \/>\n<meta name=\"robots\" content=\"index, follow, max-snippet:-1, max-image-preview:large, max-video-preview:-1\" \/>\n<link rel=\"canonical\" href=\"https:\/\/www.blecha.at\/sk\/sluzby\/povrchovauprava\/\" \/>\n<meta property=\"og:locale\" content=\"sk_SK\" \/>\n<meta property=\"og:type\" content=\"article\" \/>\n<meta property=\"og:title\" content=\"Eloxovan\u00e9 a pr\u00e1\u0161kovo lakovan\u00e9 povrchov\u00e9 \u00fapravy | BLECHA\" \/>\n<meta property=\"og:description\" content=\"Pon\u00fakame eloxovan\u00e9 a pr\u00e1\u0161kovo upraven\u00e9 povrchy, ako aj \u0161peci\u00e1lne povrchy v dekore dreva pre ploty a balk\u00f3ny.\" \/>\n<meta property=\"og:url\" content=\"https:\/\/www.blecha.at\/sk\/sluzby\/povrchovauprava\/\" \/>\n<meta property=\"og:site_name\" content=\"BLECHA\" \/>\n<meta property=\"article:modified_time\" content=\"2021-09-29T11:11:28+00:00\" \/>\n<meta property=\"og:image\" content=\"https:\/\/www.blecha.at\/wp-content\/uploads\/2021\/09\/blecha-oberflaechenveredelung-thumbnail.jpg\" \/>\n\t<meta property=\"og:image:width\" content=\"1600\" \/>\n\t<meta property=\"og:image:height\" content=\"1600\" \/>\n\t<meta property=\"og:image:type\" content=\"image\/jpeg\" \/>\n<meta name=\"twitter:card\" content=\"summary_large_image\" \/>\n<meta name=\"twitter:label1\" content=\"Predpokladan\u00fd \u010das \u010d\u00edtania\" \/>\n\t<meta name=\"twitter:data1\" content=\"1 min\u00fata\" \/>\n<script type=\"application\/ld+json\" class=\"yoast-schema-graph\">{\"@context\":\"https:\\\/\\\/schema.org\",\"@graph\":[{\"@type\":\"WebPage\",\"@id\":\"https:\\\/\\\/www.blecha.at\\\/sk\\\/sluzby\\\/povrchovauprava\\\/\",\"url\":\"https:\\\/\\\/www.blecha.at\\\/sk\\\/sluzby\\\/povrchovauprava\\\/\",\"name\":\"Eloxovan\u00e9 a pr\u00e1\u0161kovo lakovan\u00e9 povrchov\u00e9 \u00fapravy | BLECHA\",\"isPartOf\":{\"@id\":\"https:\\\/\\\/www.blecha.at\\\/#website\"},\"primaryImageOfPage\":{\"@id\":\"https:\\\/\\\/www.blecha.at\\\/sk\\\/sluzby\\\/povrchovauprava\\\/#primaryimage\"},\"image\":{\"@id\":\"https:\\\/\\\/www.blecha.at\\\/sk\\\/sluzby\\\/povrchovauprava\\\/#primaryimage\"},\"thumbnailUrl\":\"https:\\\/\\\/www.blecha.at\\\/wp-content\\\/uploads\\\/2021\\\/09\\\/blecha-oberflaechenveredelung-thumbnail.jpg\",\"datePublished\":\"2021-01-22T15:35:16+00:00\",\"dateModified\":\"2021-09-29T11:11:28+00:00\",\"description\":\"Pon\u00fakame eloxovan\u00e9 a pr\u00e1\u0161kovo upraven\u00e9 povrchy, ako aj \u0161peci\u00e1lne povrchy v dekore dreva pre ploty a balk\u00f3ny.\",\"breadcrumb\":{\"@id\":\"https:\\\/\\\/www.blecha.at\\\/sk\\\/sluzby\\\/povrchovauprava\\\/#breadcrumb\"},\"inLanguage\":\"sk-SK\",\"potentialAction\":[{\"@type\":\"ReadAction\",\"target\":[\"https:\\\/\\\/www.blecha.at\\\/sk\\\/sluzby\\\/povrchovauprava\\\/\"]}]},{\"@type\":\"ImageObject\",\"inLanguage\":\"sk-SK\",\"@id\":\"https:\\\/\\\/www.blecha.at\\\/sk\\\/sluzby\\\/povrchovauprava\\\/#primaryimage\",\"url\":\"https:\\\/\\\/www.blecha.at\\\/wp-content\\\/uploads\\\/2021\\\/09\\\/blecha-oberflaechenveredelung-thumbnail.jpg\",\"contentUrl\":\"https:\\\/\\\/www.blecha.at\\\/wp-content\\\/uploads\\\/2021\\\/09\\\/blecha-oberflaechenveredelung-thumbnail.jpg\",\"width\":1600,\"height\":1600},{\"@type\":\"BreadcrumbList\",\"@id\":\"https:\\\/\\\/www.blecha.at\\\/sk\\\/sluzby\\\/povrchovauprava\\\/#breadcrumb\",\"itemListElement\":[{\"@type\":\"ListItem\",\"position\":1,\"name\":\"Home\",\"item\":\"https:\\\/\\\/www.blecha.at\\\/sk\\\/\"},{\"@type\":\"ListItem\",\"position\":2,\"name\":\"Slu\u017eby\",\"item\":\"https:\\\/\\\/www.blecha.at\\\/sk\\\/sluzby\\\/\"},{\"@type\":\"ListItem\",\"position\":3,\"name\":\"Oberfl\u00e4chenveredelung\"}]},{\"@type\":\"WebSite\",\"@id\":\"https:\\\/\\\/www.blecha.at\\\/#website\",\"url\":\"https:\\\/\\\/www.blecha.at\\\/\",\"name\":\"BLECHA\",\"description\":\"Eine weitere WordPress-Website\",\"potentialAction\":[{\"@type\":\"SearchAction\",\"target\":{\"@type\":\"EntryPoint\",\"urlTemplate\":\"https:\\\/\\\/www.blecha.at\\\/?s={search_term_string}\"},\"query-input\":{\"@type\":\"PropertyValueSpecification\",\"valueRequired\":true,\"valueName\":\"search_term_string\"}}],\"inLanguage\":\"sk-SK\"}]}<\/script>\n<!-- \/ Yoast SEO plugin. -->","yoast_head_json":{"title":"Eloxovan\u00e9 a pr\u00e1\u0161kovo lakovan\u00e9 povrchov\u00e9 \u00fapravy | BLECHA","description":"Pon\u00fakame eloxovan\u00e9 a pr\u00e1\u0161kovo upraven\u00e9 povrchy, ako aj \u0161peci\u00e1lne povrchy v dekore dreva pre ploty a balk\u00f3ny.","robots":{"index":"index","follow":"follow","max-snippet":"max-snippet:-1","max-image-preview":"max-image-preview:large","max-video-preview":"max-video-preview:-1"},"canonical":"https:\/\/www.blecha.at\/sk\/sluzby\/povrchovauprava\/","og_locale":"sk_SK","og_type":"article","og_title":"Eloxovan\u00e9 a pr\u00e1\u0161kovo lakovan\u00e9 povrchov\u00e9 \u00fapravy | BLECHA","og_description":"Pon\u00fakame eloxovan\u00e9 a pr\u00e1\u0161kovo upraven\u00e9 povrchy, ako aj \u0161peci\u00e1lne povrchy v dekore dreva pre ploty a balk\u00f3ny.","og_url":"https:\/\/www.blecha.at\/sk\/sluzby\/povrchovauprava\/","og_site_name":"BLECHA","article_modified_time":"2021-09-29T11:11:28+00:00","og_image":[{"width":1600,"height":1600,"url":"https:\/\/www.blecha.at\/wp-content\/uploads\/2021\/09\/blecha-oberflaechenveredelung-thumbnail.jpg","type":"image\/jpeg"}],"twitter_card":"summary_large_image","twitter_misc":{"Predpokladan\u00fd \u010das \u010d\u00edtania":"1 min\u00fata"},"schema":{"@context":"https:\/\/schema.org","@graph":[{"@type":"WebPage","@id":"https:\/\/www.blecha.at\/sk\/sluzby\/povrchovauprava\/","url":"https:\/\/www.blecha.at\/sk\/sluzby\/povrchovauprava\/","name":"Eloxovan\u00e9 a pr\u00e1\u0161kovo lakovan\u00e9 povrchov\u00e9 \u00fapravy | BLECHA","isPartOf":{"@id":"https:\/\/www.blecha.at\/#website"},"primaryImageOfPage":{"@id":"https:\/\/www.blecha.at\/sk\/sluzby\/povrchovauprava\/#primaryimage"},"image":{"@id":"https:\/\/www.blecha.at\/sk\/sluzby\/povrchovauprava\/#primaryimage"},"thumbnailUrl":"https:\/\/www.blecha.at\/wp-content\/uploads\/2021\/09\/blecha-oberflaechenveredelung-thumbnail.jpg","datePublished":"2021-01-22T15:35:16+00:00","dateModified":"2021-09-29T11:11:28+00:00","description":"Pon\u00fakame eloxovan\u00e9 a pr\u00e1\u0161kovo upraven\u00e9 povrchy, ako aj \u0161peci\u00e1lne povrchy v dekore dreva pre ploty a balk\u00f3ny.","breadcrumb":{"@id":"https:\/\/www.blecha.at\/sk\/sluzby\/povrchovauprava\/#breadcrumb"},"inLanguage":"sk-SK","potentialAction":[{"@type":"ReadAction","target":["https:\/\/www.blecha.at\/sk\/sluzby\/povrchovauprava\/"]}]},{"@type":"ImageObject","inLanguage":"sk-SK","@id":"https:\/\/www.blecha.at\/sk\/sluzby\/povrchovauprava\/#primaryimage","url":"https:\/\/www.blecha.at\/wp-content\/uploads\/2021\/09\/blecha-oberflaechenveredelung-thumbnail.jpg","contentUrl":"https:\/\/www.blecha.at\/wp-content\/uploads\/2021\/09\/blecha-oberflaechenveredelung-thumbnail.jpg","width":1600,"height":1600},{"@type":"BreadcrumbList","@id":"https:\/\/www.blecha.at\/sk\/sluzby\/povrchovauprava\/#breadcrumb","itemListElement":[{"@type":"ListItem","position":1,"name":"Home","item":"https:\/\/www.blecha.at\/sk\/"},{"@type":"ListItem","position":2,"name":"Slu\u017eby","item":"https:\/\/www.blecha.at\/sk\/sluzby\/"},{"@type":"ListItem","position":3,"name":"Oberfl\u00e4chenveredelung"}]},{"@type":"WebSite","@id":"https:\/\/www.blecha.at\/#website","url":"https:\/\/www.blecha.at\/","name":"BLECHA","description":"Eine weitere WordPress-Website","potentialAction":[{"@type":"SearchAction","target":{"@type":"EntryPoint","urlTemplate":"https:\/\/www.blecha.at\/?s={search_term_string}"},"query-input":{"@type":"PropertyValueSpecification","valueRequired":true,"valueName":"search_term_string"}}],"inLanguage":"sk-SK"}]}},"_links":{"self":[{"href":"https:\/\/www.blecha.at\/sk\/wp-json\/wp\/v2\/pages\/4972","targetHints":{"allow":["GET"]}}],"collection":[{"href":"https:\/\/www.blecha.at\/sk\/wp-json\/wp\/v2\/pages"}],"about":[{"href":"https:\/\/www.blecha.at\/sk\/wp-json\/wp\/v2\/types\/page"}],"author":[{"embeddable":true,"href":"https:\/\/www.blecha.at\/sk\/wp-json\/wp\/v2\/users\/2"}],"replies":[{"embeddable":true,"href":"https:\/\/www.blecha.at\/sk\/wp-json\/wp\/v2\/comments?post=4972"}],"version-history":[{"count":3,"href":"https:\/\/www.blecha.at\/sk\/wp-json\/wp\/v2\/pages\/4972\/revisions"}],"predecessor-version":[{"id":4984,"href":"https:\/\/www.blecha.at\/sk\/wp-json\/wp\/v2\/pages\/4972\/revisions\/4984"}],"up":[{"embeddable":true,"href":"https:\/\/www.blecha.at\/sk\/wp-json\/wp\/v2\/pages\/4609"}],"wp:featuredmedia":[{"embeddable":true,"href":"https:\/\/www.blecha.at\/sk\/wp-json\/wp\/v2\/media\/4974"}],"wp:attachment":[{"href":"https:\/\/www.blecha.at\/sk\/wp-json\/wp\/v2\/media?parent=4972"}],"curies":[{"name":"wp","href":"https:\/\/api.w.org\/{rel}","templated":true}]}}