{"id":5389,"date":"2020-12-02T19:46:49","date_gmt":"2020-12-02T18:46:49","guid":{"rendered":"https:\/\/www.blecha.at\/newsletter\/"},"modified":"2021-12-02T15:39:15","modified_gmt":"2021-12-02T14:39:15","slug":"newsletter","status":"publish","type":"page","link":"https:\/\/www.blecha.at\/sk\/newsletter\/","title":{"rendered":"Newsletter"},"content":{"rendered":"","protected":false},"excerpt":{"rendered":"","protected":false},"author":2,"featured_media":0,"parent":0,"menu_order":0,"comment_status":"closed","ping_status":"closed","template":"page-newsletter.php","meta":{"_acf_changed":false,"footnotes":""},"class_list":["post-5389","page","type-page","status-publish","hentry"],"acf":[],"yoast_head":"<!-- This site is optimized with the Yoast SEO plugin v27.3 - https:\/\/yoast.com\/product\/yoast-seo-wordpress\/ -->\n<title>Newsletter | BLECHA<\/title>\n<meta name=\"description\" content=\"Prihl\u00e1ste sa pre odber noviniek a dost\u00e1vajte do svojej schr\u00e1nky najnov\u0161ie spr\u00e1vy o spolo\u010dnosti BLECHA a jej aktivit\u00e1ch.\" \/>\n<meta name=\"robots\" content=\"index, follow, max-snippet:-1, max-image-preview:large, max-video-preview:-1\" \/>\n<link rel=\"canonical\" href=\"https:\/\/www.blecha.at\/sk\/newsletter\/\" \/>\n<meta property=\"og:locale\" content=\"sk_SK\" \/>\n<meta property=\"og:type\" content=\"article\" \/>\n<meta property=\"og:title\" content=\"Newsletter | BLECHA\" \/>\n<meta property=\"og:description\" content=\"Prihl\u00e1ste sa pre odber noviniek a dost\u00e1vajte do svojej schr\u00e1nky najnov\u0161ie spr\u00e1vy o spolo\u010dnosti BLECHA a jej aktivit\u00e1ch.\" \/>\n<meta property=\"og:url\" content=\"https:\/\/www.blecha.at\/sk\/newsletter\/\" \/>\n<meta property=\"og:site_name\" content=\"BLECHA\" \/>\n<meta property=\"article:modified_time\" content=\"2021-12-02T14:39:15+00:00\" \/>\n<meta property=\"og:image\" content=\"https:\/\/www.blecha.at\/wp-content\/uploads\/2021\/02\/blecha-unternehmen-auswahl-gebaeude-3-scaled.jpg\" \/>\n\t<meta property=\"og:image:width\" content=\"2560\" \/>\n\t<meta property=\"og:image:height\" content=\"1642\" \/>\n\t<meta property=\"og:image:type\" content=\"image\/jpeg\" \/>\n<meta name=\"twitter:card\" content=\"summary_large_image\" \/>\n<script type=\"application\/ld+json\" class=\"yoast-schema-graph\">{\"@context\":\"https:\\\/\\\/schema.org\",\"@graph\":[{\"@type\":\"WebPage\",\"@id\":\"https:\\\/\\\/www.blecha.at\\\/sk\\\/newsletter\\\/\",\"url\":\"https:\\\/\\\/www.blecha.at\\\/sk\\\/newsletter\\\/\",\"name\":\"Newsletter | BLECHA\",\"isPartOf\":{\"@id\":\"https:\\\/\\\/www.blecha.at\\\/#website\"},\"datePublished\":\"2020-12-02T18:46:49+00:00\",\"dateModified\":\"2021-12-02T14:39:15+00:00\",\"description\":\"Prihl\u00e1ste sa pre odber noviniek a dost\u00e1vajte do svojej schr\u00e1nky najnov\u0161ie spr\u00e1vy o spolo\u010dnosti BLECHA a jej aktivit\u00e1ch.\",\"breadcrumb\":{\"@id\":\"https:\\\/\\\/www.blecha.at\\\/sk\\\/newsletter\\\/#breadcrumb\"},\"inLanguage\":\"sk-SK\",\"potentialAction\":[{\"@type\":\"ReadAction\",\"target\":[\"https:\\\/\\\/www.blecha.at\\\/sk\\\/newsletter\\\/\"]}]},{\"@type\":\"BreadcrumbList\",\"@id\":\"https:\\\/\\\/www.blecha.at\\\/sk\\\/newsletter\\\/#breadcrumb\",\"itemListElement\":[{\"@type\":\"ListItem\",\"position\":1,\"name\":\"Home\",\"item\":\"https:\\\/\\\/www.blecha.at\\\/sk\\\/\"},{\"@type\":\"ListItem\",\"position\":2,\"name\":\"Newsletter\"}]},{\"@type\":\"WebSite\",\"@id\":\"https:\\\/\\\/www.blecha.at\\\/#website\",\"url\":\"https:\\\/\\\/www.blecha.at\\\/\",\"name\":\"BLECHA\",\"description\":\"Eine weitere WordPress-Website\",\"potentialAction\":[{\"@type\":\"SearchAction\",\"target\":{\"@type\":\"EntryPoint\",\"urlTemplate\":\"https:\\\/\\\/www.blecha.at\\\/?s={search_term_string}\"},\"query-input\":{\"@type\":\"PropertyValueSpecification\",\"valueRequired\":true,\"valueName\":\"search_term_string\"}}],\"inLanguage\":\"sk-SK\"}]}<\/script>\n<!-- \/ Yoast SEO plugin. -->","yoast_head_json":{"title":"Newsletter | BLECHA","description":"Prihl\u00e1ste sa pre odber noviniek a dost\u00e1vajte do svojej schr\u00e1nky najnov\u0161ie spr\u00e1vy o spolo\u010dnosti BLECHA a jej aktivit\u00e1ch.","robots":{"index":"index","follow":"follow","max-snippet":"max-snippet:-1","max-image-preview":"max-image-preview:large","max-video-preview":"max-video-preview:-1"},"canonical":"https:\/\/www.blecha.at\/sk\/newsletter\/","og_locale":"sk_SK","og_type":"article","og_title":"Newsletter | BLECHA","og_description":"Prihl\u00e1ste sa pre odber noviniek a dost\u00e1vajte do svojej schr\u00e1nky najnov\u0161ie spr\u00e1vy o spolo\u010dnosti BLECHA a jej aktivit\u00e1ch.","og_url":"https:\/\/www.blecha.at\/sk\/newsletter\/","og_site_name":"BLECHA","article_modified_time":"2021-12-02T14:39:15+00:00","og_image":[{"width":2560,"height":1642,"url":"https:\/\/www.blecha.at\/wp-content\/uploads\/2021\/02\/blecha-unternehmen-auswahl-gebaeude-3-scaled.jpg","type":"image\/jpeg"}],"twitter_card":"summary_large_image","schema":{"@context":"https:\/\/schema.org","@graph":[{"@type":"WebPage","@id":"https:\/\/www.blecha.at\/sk\/newsletter\/","url":"https:\/\/www.blecha.at\/sk\/newsletter\/","name":"Newsletter | BLECHA","isPartOf":{"@id":"https:\/\/www.blecha.at\/#website"},"datePublished":"2020-12-02T18:46:49+00:00","dateModified":"2021-12-02T14:39:15+00:00","description":"Prihl\u00e1ste sa pre odber noviniek a dost\u00e1vajte do svojej schr\u00e1nky najnov\u0161ie spr\u00e1vy o spolo\u010dnosti BLECHA a jej aktivit\u00e1ch.","breadcrumb":{"@id":"https:\/\/www.blecha.at\/sk\/newsletter\/#breadcrumb"},"inLanguage":"sk-SK","potentialAction":[{"@type":"ReadAction","target":["https:\/\/www.blecha.at\/sk\/newsletter\/"]}]},{"@type":"BreadcrumbList","@id":"https:\/\/www.blecha.at\/sk\/newsletter\/#breadcrumb","itemListElement":[{"@type":"ListItem","position":1,"name":"Home","item":"https:\/\/www.blecha.at\/sk\/"},{"@type":"ListItem","position":2,"name":"Newsletter"}]},{"@type":"WebSite","@id":"https:\/\/www.blecha.at\/#website","url":"https:\/\/www.blecha.at\/","name":"BLECHA","description":"Eine weitere WordPress-Website","potentialAction":[{"@type":"SearchAction","target":{"@type":"EntryPoint","urlTemplate":"https:\/\/www.blecha.at\/?s={search_term_string}"},"query-input":{"@type":"PropertyValueSpecification","valueRequired":true,"valueName":"search_term_string"}}],"inLanguage":"sk-SK"}]}},"_links":{"self":[{"href":"https:\/\/www.blecha.at\/sk\/wp-json\/wp\/v2\/pages\/5389","targetHints":{"allow":["GET"]}}],"collection":[{"href":"https:\/\/www.blecha.at\/sk\/wp-json\/wp\/v2\/pages"}],"about":[{"href":"https:\/\/www.blecha.at\/sk\/wp-json\/wp\/v2\/types\/page"}],"author":[{"embeddable":true,"href":"https:\/\/www.blecha.at\/sk\/wp-json\/wp\/v2\/users\/2"}],"replies":[{"embeddable":true,"href":"https:\/\/www.blecha.at\/sk\/wp-json\/wp\/v2\/comments?post=5389"}],"version-history":[{"count":3,"href":"https:\/\/www.blecha.at\/sk\/wp-json\/wp\/v2\/pages\/5389\/revisions"}],"predecessor-version":[{"id":12431,"href":"https:\/\/www.blecha.at\/sk\/wp-json\/wp\/v2\/pages\/5389\/revisions\/12431"}],"wp:attachment":[{"href":"https:\/\/www.blecha.at\/sk\/wp-json\/wp\/v2\/media?parent=5389"}],"curies":[{"name":"wp","href":"https:\/\/api.w.org\/{rel}","templated":true}]}}