{"id":6163,"date":"2021-01-22T22:11:16","date_gmt":"2021-01-22T21:11:16","guid":{"rendered":"https:\/\/www.blecha.at\/produkty\/standardprofile\/"},"modified":"2024-06-27T21:29:15","modified_gmt":"2024-06-27T19:29:15","slug":"standardneprofily","status":"publish","type":"page","link":"https:\/\/www.blecha.at\/sk\/produkty\/standardneprofily\/","title":{"rendered":"\u0160tandardn\u00e9 profily"},"content":{"rendered":"\n<section id=\"sectionTwo\" class=\"mt-lg-n11 py-8 py-md-11 px-lg-9 border-left border-right border-right-lg-none bg-white\">\n\n\n<div class=\"wp-bootstrap-blocks-container container-fluid mb-0\">\n\t\n<div class=\"wp-bootstrap-blocks-row row mx-auto\">\n\t\n\n<div class=\"col-12 col-md-10\">\n\t\t\t\n\n<h2 class=\"wp-block-heading text-secondary scroll-fade-bottom-up visibility-hidden\" id=\"od-flutz-po-z-profily-cez-ovalne-a-kruhove-rury-az-po-u-profily-a-specialne-profily\">Od FLUTZ- po Z-profily.<br>Cez ov\u00e1lne a kruhov\u00e9 r\u00fary a\u017e po U-profily a \u0161peci\u00e1lne profily.<\/h2>\n\n\n\n<h3 class=\"wp-block-heading scroll-fade-bottom-up visibility-hidden\" id=\"hlinikove-standardne-profily-a-specialne-profily\">Hlin\u00edkov\u00e9 &#8211; \u0161tandardn\u00e9 profily a \u0161peci\u00e1lne profily<\/h3>\n\n\n\n<p class=\"scroll-fade-bottom-up visibility-hidden\">N\u00e1\u0161 sklad V\u00e1m dod\u00e1va v\u0161etky \u0161tandardn\u00e9 hlin\u00edkov\u00e9 profily (profily FLUTZ) zo zliatiny EN-AW 6060. Objednajte si svoje individu\u00e1lne rozmery pre kruhov\u00e9 r\u00fary, L-profily (uholn\u00edky), U-profily, T-profily, Z-profily, jaklov\u00e9 profily (\u0161tvorcov\u00e9, s prie\u010dkou a\/alebo r\u00e1diusom), jaklov\u00e9 obd\u013a\u017enikov\u00e9 profily, trojuholn\u00edkov\u00e9 a ov\u00e1lne r\u00fary, C-profily, H-profily ako aj I -nosn\u00edky s r\u00fdchlym dodan\u00edm v\u010faka n\u00e1\u0161mu intern\u00e9mu skladu. Sme pre V\u00e1s tie\u017e t\u00fdm spr\u00e1vnym partnerom pre \u0161peci\u00e1lne profily pre stavbu lietadiel, stavbu reklamn\u00fdch displejov, fotovoltaiku, ochranu proti hmyzu, stavbu voli\u00e9r a&nbsp;mnoho \u010fal\u0161\u00edch.<\/p>\n\n\n\n<p class=\"scroll-fade-bottom-up visibility-hidden\">Za t\u00fdmto \u00fa\u010delom pon\u00fakame r\u00f4zne r\u00fary, profily a pln\u00fd hlin\u00edkov\u00fd materi\u00e1l v \u0161irokej \u0161k\u00e1le zliatin: <\/p>\n\n\t<\/div>\n\n<\/div>\n\n\n<div class=\"wp-bootstrap-blocks-row row mx-auto\">\n\t\n\n<div class=\"col-12\">\n\t\t\t\n\n<hr class=\"wp-block-separator has-css-opacity is-style-wide mt-3 mb-5\"\/>\n\n\t<\/div>\n\n<\/div>\n\n\n<div class=\"wp-bootstrap-blocks-row row mx-auto\">\n\t\n\n<div class=\"col-12 col-md-4\">\n\t\t\t\n\n<div class=\"d-flex text-left scroll-fade-bottom-up visibility-hidden\">\n<div class=\"badge badge-rounded-circle badge-primary-soft mt-1 mr-4\">\n<i class=\"fe fe-check\"><\/i>\n<\/div><p class=\"text-primary\">EN AW-6060<\/p><\/div>\n\n\t<\/div>\n\n\n\n<div class=\"col-12 col-md-4\">\n\t\t\t\n\n<div class=\"d-flex text-left scroll-fade-bottom-up visibility-hidden\">\n<div class=\"badge badge-rounded-circle badge-primary-soft mt-1 mr-4\">\n<i class=\"fe fe-check\"><\/i>\n<\/div><p class=\"text-primary\">EN AW-1050\n<\/p><\/div>\n\n\t<\/div>\n\n\n\n<div class=\"col-12 col-md-4\">\n\t\t\t\n\n<div class=\"d-flex text-left scroll-fade-bottom-up visibility-hidden\">\n<div class=\"badge badge-rounded-circle badge-primary-soft mt-1 mr-4\">\n<i class=\"fe fe-check\"><\/i>\n<\/div><p class=\"text-primary\">EN AW-1350\n<\/p><\/div>\n\n\t<\/div>\n\n\n\n<div class=\"col-12 col-md-4\">\n\t\t\t\n\n<div class=\"d-flex text-left scroll-fade-bottom-up visibility-hidden\">\n<div class=\"badge badge-rounded-circle badge-primary-soft mt-1 mr-4\">\n<i class=\"fe fe-check\"><\/i>\n<\/div><p class=\"text-primary\">EN AW-2007<\/p><\/div>\n\n\t<\/div>\n\n\n\n<div class=\"col-12 col-md-4\">\n\t\t\t\n\n<div class=\"d-flex text-left scroll-fade-bottom-up visibility-hidden\">\n<div class=\"badge badge-rounded-circle badge-primary-soft mt-1 mr-4\">\n<i class=\"fe fe-check\"><\/i>\n<\/div><p class=\"text-primary\">EN AW-2024<\/p><\/div>\n\n\t<\/div>\n\n\n\n<div class=\"col-12 col-md-4\">\n\t\t\t\n\n<div class=\"d-flex text-left scroll-fade-bottom-up visibility-hidden\">\n<div class=\"badge badge-rounded-circle badge-primary-soft mt-1 mr-4\">\n<i class=\"fe fe-check\"><\/i>\n<\/div><p class=\"text-primary\">EN AW-5005<\/p><\/div>\n\n\t<\/div>\n\n\n\n<div class=\"col-12 col-md-4\">\n\t\t\t\n\n<div class=\"d-flex text-left scroll-fade-bottom-up visibility-hidden\">\n<div class=\"badge badge-rounded-circle badge-primary-soft mt-1 mr-4\">\n<i class=\"fe fe-check\"><\/i>\n<\/div><p class=\"text-primary\">EN AW-5083<\/p><\/div>\n\n\t<\/div>\n\n\n\n<div class=\"col-12 col-md-4\">\n\t\t\t\n\n<div class=\"d-flex text-left scroll-fade-bottom-up visibility-hidden\">\n<div class=\"badge badge-rounded-circle badge-primary-soft mt-1 mr-4\">\n<i class=\"fe fe-check\"><\/i>\n<\/div><p class=\"text-primary\">EN AW-5754<\/p><\/div>\n\n\t<\/div>\n\n\n\n<div class=\"col-12 col-md-4\">\n\t\t\t\n\n<div class=\"d-flex text-left scroll-fade-bottom-up visibility-hidden\">\n<div class=\"badge badge-rounded-circle badge-primary-soft mt-1 mr-4\">\n<i class=\"fe fe-check\"><\/i>\n<\/div><p class=\"text-primary\">EN AW-6101B<\/p><\/div>\n\n\t<\/div>\n\n\n\n<div class=\"col-12 col-md-4\">\n\t\t\t\n\n<div class=\"d-flex text-left scroll-fade-bottom-up visibility-hidden\">\n<div class=\"badge badge-rounded-circle badge-primary-soft mt-1 mr-4\">\n<i class=\"fe fe-check\"><\/i>\n<\/div><p class=\"text-primary\">EN AW-6082<\/p><\/div>\n\n\t<\/div>\n\n\n\n<div class=\"col-12 col-md-4\">\n\t\t\t\n\n<div class=\"d-flex text-left scroll-fade-bottom-up visibility-hidden\">\n<div class=\"badge badge-rounded-circle badge-primary-soft mt-1 mr-4\">\n<i class=\"fe fe-check\"><\/i>\n<\/div><p class=\"text-primary\">EN AW-6463<\/p><\/div>\n\n\t<\/div>\n\n\n\n<div class=\"col-12 col-md-4\">\n\t\t\t\n\n<div class=\"d-flex text-left scroll-fade-bottom-up visibility-hidden\">\n<div class=\"badge badge-rounded-circle badge-primary-soft mt-1 mr-4\">\n<i class=\"fe fe-check\"><\/i>\n<\/div><p class=\"text-primary\">EN AW-7075<\/p><\/div>\n\n\t<\/div>\n\n<\/div>\n\n<\/div>\n\n\n\n<\/section>\n\n\n\n<section data-jarallax=\"\" data-speed=\".8\" class=\"py-12 py-md-13 overlay overlay-black overlay-40 bg-cover jarallax\" style=\"background-image: url(\/wp-content\/uploads\/2021\/01\/blecha-aluminium-profile.jpg);\">\n  <div class=\"container\">\n    <div class=\"row mx-auto\">\n      <div class=\"col-12 col-md-10\">\n        <!-- Blockquote -->\n        <blockquote class=\"blockquote mb-0\"> \n          \n          <!-- Text -->\n          <p class=\"h2 text-white text-left font-regular scroll-fade-bottom-up visibility-hidden\">H\u013ead\u00e1te vhodn\u00fd profil so spr\u00e1vnym povrchom? Potom ho ur\u010dite n\u00e1jdete v na\u0161om vyh\u013ead\u00e1va\u010di.<\/p>\n\n\n<div class=\"wp-bootstrap-blocks-button\">\n\t<a\n\t\thref=\"https:\/\/aluprofil.at\/en\/\"\n\t\t\t\t\ttarget=\"_blank\"\n\t\t\t\t\t\t\trel=\"noreferrer noopener\"\n\t\t\t\tclass=\"btn mt-4 scroll-fade-bottom-up visibility-hidden btn-secondary\"\n\t>\n\t\tVyh\u013ead\u00e1va\u010d\t<\/a>\n<\/div>\n\n\n\n<\/blockquote>\n      <\/div>\n    <\/div>\n  <\/div>\n<\/section>\n","protected":false},"excerpt":{"rendered":"H\u013ead\u00e1te vhodn\u00fd profil so spr\u00e1vnym povrchom? Potom ho ur\u010dite n\u00e1jdete v na\u0161om vyh\u013ead\u00e1va\u010di.","protected":false},"author":2,"featured_media":6165,"parent":5448,"menu_order":0,"comment_status":"closed","ping_status":"closed","template":"page-produkte.php","meta":{"_acf_changed":false,"footnotes":""},"class_list":["post-6163","page","type-page","status-publish","has-post-thumbnail","hentry"],"acf":[],"yoast_head":"<!-- This site is optimized with the Yoast SEO plugin v27.3 - https:\/\/yoast.com\/product\/yoast-seo-wordpress\/ -->\n<title>\u0160tandardn\u00e9 profily | BLECHA<\/title>\n<meta name=\"description\" content=\"V na\u0161om sklade dostanete v\u0161etky \u0161tandardn\u00e9 hlin\u00edkov\u00e9 profily (profily FLUTZ) s individu\u00e1lnymi rozmermi pre kruhov\u00e9 r\u00fary, L-profily, U-profily, T-profily, Z-profily, jaklov\u00e9 profily (hranat\u00e9 s prie\u010dkou a\/alebo r\u00e1diusom), jaklov\u00e9 obd\u013a\u017enikov\u00e9 r\u00fary, trojuholn\u00edkov\u00e9 profily, ov\u00e1lne r\u00fary, C-profily, H-profily a I-nosn\u00edky s r\u00fdchlym dodan\u00edm v\u010faka na\u0161im intern\u00fdm skladov\u00fdm z\u00e1sob\u00e1m.\" \/>\n<meta name=\"robots\" content=\"index, follow, max-snippet:-1, max-image-preview:large, max-video-preview:-1\" \/>\n<link rel=\"canonical\" href=\"https:\/\/www.blecha.at\/sk\/produkty\/standardneprofily\/\" \/>\n<meta property=\"og:locale\" content=\"sk_SK\" \/>\n<meta property=\"og:type\" content=\"article\" \/>\n<meta property=\"og:title\" content=\"\u0160tandardn\u00e9 profily | BLECHA\" \/>\n<meta property=\"og:description\" content=\"V na\u0161om sklade dostanete v\u0161etky \u0161tandardn\u00e9 hlin\u00edkov\u00e9 profily (profily FLUTZ) s individu\u00e1lnymi rozmermi pre kruhov\u00e9 r\u00fary, L-profily, U-profily, T-profily, Z-profily, jaklov\u00e9 profily (hranat\u00e9 s prie\u010dkou a\/alebo r\u00e1diusom), jaklov\u00e9 obd\u013a\u017enikov\u00e9 r\u00fary, trojuholn\u00edkov\u00e9 profily, ov\u00e1lne r\u00fary, C-profily, H-profily a I-nosn\u00edky s r\u00fdchlym dodan\u00edm v\u010faka na\u0161im intern\u00fdm skladov\u00fdm z\u00e1sob\u00e1m.\" \/>\n<meta property=\"og:url\" content=\"https:\/\/www.blecha.at\/sk\/produkty\/standardneprofily\/\" \/>\n<meta property=\"og:site_name\" content=\"BLECHA\" \/>\n<meta property=\"article:modified_time\" content=\"2024-06-27T19:29:15+00:00\" \/>\n<meta property=\"og:image\" content=\"https:\/\/www.blecha.at\/wp-content\/uploads\/2021\/03\/blecha-standardprofile-1-thumbnail.jpg\" \/>\n\t<meta property=\"og:image:width\" content=\"1600\" \/>\n\t<meta property=\"og:image:height\" content=\"1600\" \/>\n\t<meta property=\"og:image:type\" content=\"image\/jpeg\" \/>\n<meta name=\"twitter:card\" content=\"summary_large_image\" \/>\n<meta name=\"twitter:label1\" content=\"Predpokladan\u00fd \u010das \u010d\u00edtania\" \/>\n\t<meta name=\"twitter:data1\" content=\"1 min\u00fata\" \/>\n<script type=\"application\/ld+json\" class=\"yoast-schema-graph\">{\"@context\":\"https:\\\/\\\/schema.org\",\"@graph\":[{\"@type\":\"WebPage\",\"@id\":\"https:\\\/\\\/www.blecha.at\\\/sk\\\/produkty\\\/standardneprofily\\\/\",\"url\":\"https:\\\/\\\/www.blecha.at\\\/sk\\\/produkty\\\/standardneprofily\\\/\",\"name\":\"\u0160tandardn\u00e9 profily | BLECHA\",\"isPartOf\":{\"@id\":\"https:\\\/\\\/www.blecha.at\\\/#website\"},\"primaryImageOfPage\":{\"@id\":\"https:\\\/\\\/www.blecha.at\\\/sk\\\/produkty\\\/standardneprofily\\\/#primaryimage\"},\"image\":{\"@id\":\"https:\\\/\\\/www.blecha.at\\\/sk\\\/produkty\\\/standardneprofily\\\/#primaryimage\"},\"thumbnailUrl\":\"https:\\\/\\\/www.blecha.at\\\/wp-content\\\/uploads\\\/2021\\\/03\\\/blecha-standardprofile-1-thumbnail.jpg\",\"datePublished\":\"2021-01-22T21:11:16+00:00\",\"dateModified\":\"2024-06-27T19:29:15+00:00\",\"description\":\"V na\u0161om sklade dostanete v\u0161etky \u0161tandardn\u00e9 hlin\u00edkov\u00e9 profily (profily FLUTZ) s individu\u00e1lnymi rozmermi pre kruhov\u00e9 r\u00fary, L-profily, U-profily, T-profily, Z-profily, jaklov\u00e9 profily (hranat\u00e9 s prie\u010dkou a\\\/alebo r\u00e1diusom), jaklov\u00e9 obd\u013a\u017enikov\u00e9 r\u00fary, trojuholn\u00edkov\u00e9 profily, ov\u00e1lne r\u00fary, C-profily, H-profily a I-nosn\u00edky s r\u00fdchlym dodan\u00edm v\u010faka na\u0161im intern\u00fdm skladov\u00fdm z\u00e1sob\u00e1m.\",\"breadcrumb\":{\"@id\":\"https:\\\/\\\/www.blecha.at\\\/sk\\\/produkty\\\/standardneprofily\\\/#breadcrumb\"},\"inLanguage\":\"sk-SK\",\"potentialAction\":[{\"@type\":\"ReadAction\",\"target\":[\"https:\\\/\\\/www.blecha.at\\\/sk\\\/produkty\\\/standardneprofily\\\/\"]}]},{\"@type\":\"ImageObject\",\"inLanguage\":\"sk-SK\",\"@id\":\"https:\\\/\\\/www.blecha.at\\\/sk\\\/produkty\\\/standardneprofily\\\/#primaryimage\",\"url\":\"https:\\\/\\\/www.blecha.at\\\/wp-content\\\/uploads\\\/2021\\\/03\\\/blecha-standardprofile-1-thumbnail.jpg\",\"contentUrl\":\"https:\\\/\\\/www.blecha.at\\\/wp-content\\\/uploads\\\/2021\\\/03\\\/blecha-standardprofile-1-thumbnail.jpg\",\"width\":1600,\"height\":1600},{\"@type\":\"BreadcrumbList\",\"@id\":\"https:\\\/\\\/www.blecha.at\\\/sk\\\/produkty\\\/standardneprofily\\\/#breadcrumb\",\"itemListElement\":[{\"@type\":\"ListItem\",\"position\":1,\"name\":\"Home\",\"item\":\"https:\\\/\\\/www.blecha.at\\\/sk\\\/\"},{\"@type\":\"ListItem\",\"position\":2,\"name\":\"Produkty\",\"item\":\"https:\\\/\\\/www.blecha.at\\\/sk\\\/produkty\\\/\"},{\"@type\":\"ListItem\",\"position\":3,\"name\":\"\u0160tandardn\u00e9 profily\"}]},{\"@type\":\"WebSite\",\"@id\":\"https:\\\/\\\/www.blecha.at\\\/#website\",\"url\":\"https:\\\/\\\/www.blecha.at\\\/\",\"name\":\"BLECHA\",\"description\":\"Eine weitere WordPress-Website\",\"potentialAction\":[{\"@type\":\"SearchAction\",\"target\":{\"@type\":\"EntryPoint\",\"urlTemplate\":\"https:\\\/\\\/www.blecha.at\\\/?s={search_term_string}\"},\"query-input\":{\"@type\":\"PropertyValueSpecification\",\"valueRequired\":true,\"valueName\":\"search_term_string\"}}],\"inLanguage\":\"sk-SK\"}]}<\/script>\n<!-- \/ Yoast SEO plugin. -->","yoast_head_json":{"title":"\u0160tandardn\u00e9 profily | BLECHA","description":"V na\u0161om sklade dostanete v\u0161etky \u0161tandardn\u00e9 hlin\u00edkov\u00e9 profily (profily FLUTZ) s individu\u00e1lnymi rozmermi pre kruhov\u00e9 r\u00fary, L-profily, U-profily, T-profily, Z-profily, jaklov\u00e9 profily (hranat\u00e9 s prie\u010dkou a\/alebo r\u00e1diusom), jaklov\u00e9 obd\u013a\u017enikov\u00e9 r\u00fary, trojuholn\u00edkov\u00e9 profily, ov\u00e1lne r\u00fary, C-profily, H-profily a I-nosn\u00edky s r\u00fdchlym dodan\u00edm v\u010faka na\u0161im intern\u00fdm skladov\u00fdm z\u00e1sob\u00e1m.","robots":{"index":"index","follow":"follow","max-snippet":"max-snippet:-1","max-image-preview":"max-image-preview:large","max-video-preview":"max-video-preview:-1"},"canonical":"https:\/\/www.blecha.at\/sk\/produkty\/standardneprofily\/","og_locale":"sk_SK","og_type":"article","og_title":"\u0160tandardn\u00e9 profily | BLECHA","og_description":"V na\u0161om sklade dostanete v\u0161etky \u0161tandardn\u00e9 hlin\u00edkov\u00e9 profily (profily FLUTZ) s individu\u00e1lnymi rozmermi pre kruhov\u00e9 r\u00fary, L-profily, U-profily, T-profily, Z-profily, jaklov\u00e9 profily (hranat\u00e9 s prie\u010dkou a\/alebo r\u00e1diusom), jaklov\u00e9 obd\u013a\u017enikov\u00e9 r\u00fary, trojuholn\u00edkov\u00e9 profily, ov\u00e1lne r\u00fary, C-profily, H-profily a I-nosn\u00edky s r\u00fdchlym dodan\u00edm v\u010faka na\u0161im intern\u00fdm skladov\u00fdm z\u00e1sob\u00e1m.","og_url":"https:\/\/www.blecha.at\/sk\/produkty\/standardneprofily\/","og_site_name":"BLECHA","article_modified_time":"2024-06-27T19:29:15+00:00","og_image":[{"width":1600,"height":1600,"url":"https:\/\/www.blecha.at\/wp-content\/uploads\/2021\/03\/blecha-standardprofile-1-thumbnail.jpg","type":"image\/jpeg"}],"twitter_card":"summary_large_image","twitter_misc":{"Predpokladan\u00fd \u010das \u010d\u00edtania":"1 min\u00fata"},"schema":{"@context":"https:\/\/schema.org","@graph":[{"@type":"WebPage","@id":"https:\/\/www.blecha.at\/sk\/produkty\/standardneprofily\/","url":"https:\/\/www.blecha.at\/sk\/produkty\/standardneprofily\/","name":"\u0160tandardn\u00e9 profily | BLECHA","isPartOf":{"@id":"https:\/\/www.blecha.at\/#website"},"primaryImageOfPage":{"@id":"https:\/\/www.blecha.at\/sk\/produkty\/standardneprofily\/#primaryimage"},"image":{"@id":"https:\/\/www.blecha.at\/sk\/produkty\/standardneprofily\/#primaryimage"},"thumbnailUrl":"https:\/\/www.blecha.at\/wp-content\/uploads\/2021\/03\/blecha-standardprofile-1-thumbnail.jpg","datePublished":"2021-01-22T21:11:16+00:00","dateModified":"2024-06-27T19:29:15+00:00","description":"V na\u0161om sklade dostanete v\u0161etky \u0161tandardn\u00e9 hlin\u00edkov\u00e9 profily (profily FLUTZ) s individu\u00e1lnymi rozmermi pre kruhov\u00e9 r\u00fary, L-profily, U-profily, T-profily, Z-profily, jaklov\u00e9 profily (hranat\u00e9 s prie\u010dkou a\/alebo r\u00e1diusom), jaklov\u00e9 obd\u013a\u017enikov\u00e9 r\u00fary, trojuholn\u00edkov\u00e9 profily, ov\u00e1lne r\u00fary, C-profily, H-profily a I-nosn\u00edky s r\u00fdchlym dodan\u00edm v\u010faka na\u0161im intern\u00fdm skladov\u00fdm z\u00e1sob\u00e1m.","breadcrumb":{"@id":"https:\/\/www.blecha.at\/sk\/produkty\/standardneprofily\/#breadcrumb"},"inLanguage":"sk-SK","potentialAction":[{"@type":"ReadAction","target":["https:\/\/www.blecha.at\/sk\/produkty\/standardneprofily\/"]}]},{"@type":"ImageObject","inLanguage":"sk-SK","@id":"https:\/\/www.blecha.at\/sk\/produkty\/standardneprofily\/#primaryimage","url":"https:\/\/www.blecha.at\/wp-content\/uploads\/2021\/03\/blecha-standardprofile-1-thumbnail.jpg","contentUrl":"https:\/\/www.blecha.at\/wp-content\/uploads\/2021\/03\/blecha-standardprofile-1-thumbnail.jpg","width":1600,"height":1600},{"@type":"BreadcrumbList","@id":"https:\/\/www.blecha.at\/sk\/produkty\/standardneprofily\/#breadcrumb","itemListElement":[{"@type":"ListItem","position":1,"name":"Home","item":"https:\/\/www.blecha.at\/sk\/"},{"@type":"ListItem","position":2,"name":"Produkty","item":"https:\/\/www.blecha.at\/sk\/produkty\/"},{"@type":"ListItem","position":3,"name":"\u0160tandardn\u00e9 profily"}]},{"@type":"WebSite","@id":"https:\/\/www.blecha.at\/#website","url":"https:\/\/www.blecha.at\/","name":"BLECHA","description":"Eine weitere WordPress-Website","potentialAction":[{"@type":"SearchAction","target":{"@type":"EntryPoint","urlTemplate":"https:\/\/www.blecha.at\/?s={search_term_string}"},"query-input":{"@type":"PropertyValueSpecification","valueRequired":true,"valueName":"search_term_string"}}],"inLanguage":"sk-SK"}]}},"_links":{"self":[{"href":"https:\/\/www.blecha.at\/sk\/wp-json\/wp\/v2\/pages\/6163","targetHints":{"allow":["GET"]}}],"collection":[{"href":"https:\/\/www.blecha.at\/sk\/wp-json\/wp\/v2\/pages"}],"about":[{"href":"https:\/\/www.blecha.at\/sk\/wp-json\/wp\/v2\/types\/page"}],"author":[{"embeddable":true,"href":"https:\/\/www.blecha.at\/sk\/wp-json\/wp\/v2\/users\/2"}],"replies":[{"embeddable":true,"href":"https:\/\/www.blecha.at\/sk\/wp-json\/wp\/v2\/comments?post=6163"}],"version-history":[{"count":6,"href":"https:\/\/www.blecha.at\/sk\/wp-json\/wp\/v2\/pages\/6163\/revisions"}],"predecessor-version":[{"id":27834,"href":"https:\/\/www.blecha.at\/sk\/wp-json\/wp\/v2\/pages\/6163\/revisions\/27834"}],"up":[{"embeddable":true,"href":"https:\/\/www.blecha.at\/sk\/wp-json\/wp\/v2\/pages\/5448"}],"wp:featuredmedia":[{"embeddable":true,"href":"https:\/\/www.blecha.at\/sk\/wp-json\/wp\/v2\/media\/6165"}],"wp:attachment":[{"href":"https:\/\/www.blecha.at\/sk\/wp-json\/wp\/v2\/media?parent=6163"}],"curies":[{"name":"wp","href":"https:\/\/api.w.org\/{rel}","templated":true}]}}