{"id":11371,"date":"2021-01-22T23:26:07","date_gmt":"2021-01-22T22:26:07","guid":{"rendered":"https:\/\/www.blecha.at\/izdelki\/zulieferteile-fuer-saugfoerderanlagen\/"},"modified":"2022-02-22T15:44:15","modified_gmt":"2022-02-22T14:44:15","slug":"sestavni-deli-za-sesalne-transportne-sisteme","status":"publish","type":"page","link":"https:\/\/www.blecha.at\/sl\/izdelki\/sestavni-deli-za-sesalne-transportne-sisteme\/","title":{"rendered":"Sestavni deli za sesalne transportne sisteme"},"content":{"rendered":"\n<section id=\"sectionTwo\" class=\"mt-lg-n11 py-8 py-md-11 px-lg-9 border-left border-right border-right-lg-none bg-white\">\n\n\n<div class=\"wp-bootstrap-blocks-container container-fluid mb-0\">\n\t\n<div class=\"wp-bootstrap-blocks-row row mx-auto\">\n\t\n\n<div class=\"col-12 col-md-10\">\n\t\t\t\n\n<h2 class=\"text-secondary scroll-fade-bottom-up visibility-hidden wp-block-heading\" id=\"dobava-razlicnih-elementov-za-sisteme-za-vakuumski-transport-granulatov-v-proizvodni-industriji-plasticnih-mas-plasticni-granulati-ali-drugih-vpojnih-izdelkov\">Dobava razli\u010dnih elementov za sisteme za vakuumski transport granulatov v proizvodni industriji plasti\u010dnih mas (plasti\u010dni granulati) ali drugih vpojnih izdelkov.<\/h2>\n\n\n\n<p class=\"scroll-fade-bottom-up visibility-hidden\">Poleg cevnih kolen iz aluminija, cevnih kolen iz nerjavnega jekla (po \u017eelji z enostranskim ali dvostranskim podalj\u0161kom kraka) razli\u010dnih dimenzij, odcepnih profilov, T-profilov, redukcij in kolen vklju\u010duje na\u0161a ponudba tudi dodatno opremo za vakuumske oz. sesalne transportne sisteme. Na zalogi imamo \u0161iroko paleto izdelkov, kot so cevni priklju\u010dki, fitingi in spojke Storz, pa tudi pritrdilne objemke (cevne spojke), U-spojke (pocinkano jeklo), spojke Morris, sidrne tirnice in PVC-cevi z jekleno spiralo (Vidaspir F).&nbsp;<\/p>\n\n\n\n<p class=\"scroll-fade-bottom-up visibility-hidden\">Poleg tega lahko na zahtevo v zelo kratkem \u010dasu dobavimo tudi eta\u017ene cevne loke v skladu s skico stranke ter cevne loke za steklene cevi in razdelilnike cevi.<\/p>\n\n\t<\/div>\n\n<\/div>\n\n<\/div>\n\n\n\n<\/section>\n\n\n\n<div style=\"height:10px\" aria-hidden=\"true\" class=\"wp-block-spacer\"><\/div>\n\n\n\n<section data-jarallax=\"\" data-speed=\".8\" class=\"py-12 py-md-13 overlay overlay-black overlay-40 bg-cover jarallax\" style=\"background-image: url(\/wp-content\/uploads\/2021\/08\/blecha-aluminium-profile-zulieferteile.jpg);\">\n  <div class=\"container\">\n    <div class=\"row mx-auto\">\n      <div class=\"col-12 col-md-10\">\n        <!-- Blockquote -->\n        <blockquote class=\"blockquote mb-0\"> \n          \n          <!-- Text -->\n          <p class=\"h2 text-white text-left font-regular scroll-fade-bottom-up visibility-hidden\">Obo\u017eujemo specialitete. Pobrskajte po na\u0161i \u0161iroki ponudbi in zagotovo boste na\u0161li nekaj zase.<\/p>\n\n\n<div class=\"wp-bootstrap-blocks-button\">\n\t<a\n\t\thref=\"https:\/\/www.aluprofil.at\/sl\/fitingi\/dobavni-deli-za-sesalne-naprave\/\"\n\t\t\t\t\t\tclass=\"btn mt-4 scroll-fade-bottom-up visibility-hidden btn-secondary\"\n\t>\n\t\tK ponudbi\t<\/a>\n<\/div>\n\n\n\n<\/blockquote>\n      <\/div>\n    <\/div>\n  <\/div>\n<\/section>\n","protected":false},"excerpt":{"rendered":"Obo\u017eujemo specialitete. Pobrskajte po na\u0161i \u0161iroki ponudbi in zagotovo boste na\u0161li nekaj zase.","protected":false},"author":2,"featured_media":11373,"parent":5453,"menu_order":0,"comment_status":"closed","ping_status":"closed","template":"page-produkte.php","meta":{"_acf_changed":false,"footnotes":""},"class_list":["post-11371","page","type-page","status-publish","has-post-thumbnail","hentry"],"acf":[],"yoast_head":"<!-- This site is optimized with the Yoast SEO plugin v27.3 - https:\/\/yoast.com\/product\/yoast-seo-wordpress\/ -->\n<title>Sestavni deli za sesalne transportne sisteme | BLECHA<\/title>\n<meta name=\"description\" content=\"Na\u0161 prodajni program vklju\u010duje elemente za sisteme za vakuumski transport granulatov v proizvodni industriji plasti\u010dnih mas ali drugih vpojnih izdelkov.\" \/>\n<meta name=\"robots\" content=\"index, follow, max-snippet:-1, max-image-preview:large, max-video-preview:-1\" \/>\n<link rel=\"canonical\" href=\"https:\/\/www.blecha.at\/sl\/izdelki\/sestavni-deli-za-sesalne-transportne-sisteme\/\" \/>\n<meta property=\"og:locale\" content=\"sl_SI\" \/>\n<meta property=\"og:type\" content=\"article\" \/>\n<meta property=\"og:title\" content=\"Sestavni deli za sesalne transportne sisteme | BLECHA\" \/>\n<meta property=\"og:description\" content=\"Na\u0161 prodajni program vklju\u010duje elemente za sisteme za vakuumski transport granulatov v proizvodni industriji plasti\u010dnih mas ali drugih vpojnih izdelkov.\" \/>\n<meta property=\"og:url\" content=\"https:\/\/www.blecha.at\/sl\/izdelki\/sestavni-deli-za-sesalne-transportne-sisteme\/\" \/>\n<meta property=\"og:site_name\" content=\"BLECHA\" \/>\n<meta property=\"article:modified_time\" content=\"2022-02-22T14:44:15+00:00\" \/>\n<meta property=\"og:image\" content=\"https:\/\/www.blecha.at\/wp-content\/uploads\/2021\/03\/blecha-zulieferteile-fuer-saugfoerderanlagen-1-thumbnail.jpg\" \/>\n\t<meta property=\"og:image:width\" content=\"1600\" \/>\n\t<meta property=\"og:image:height\" content=\"1600\" \/>\n\t<meta property=\"og:image:type\" content=\"image\/jpeg\" \/>\n<meta name=\"twitter:card\" content=\"summary_large_image\" \/>\n<meta name=\"twitter:label1\" content=\"Est. reading time\" \/>\n\t<meta name=\"twitter:data1\" content=\"1 minuta\" \/>\n<script type=\"application\/ld+json\" class=\"yoast-schema-graph\">{\"@context\":\"https:\\\/\\\/schema.org\",\"@graph\":[{\"@type\":\"WebPage\",\"@id\":\"https:\\\/\\\/www.blecha.at\\\/sl\\\/izdelki\\\/sestavni-deli-za-sesalne-transportne-sisteme\\\/\",\"url\":\"https:\\\/\\\/www.blecha.at\\\/sl\\\/izdelki\\\/sestavni-deli-za-sesalne-transportne-sisteme\\\/\",\"name\":\"Sestavni deli za sesalne transportne sisteme | BLECHA\",\"isPartOf\":{\"@id\":\"https:\\\/\\\/www.blecha.at\\\/#website\"},\"primaryImageOfPage\":{\"@id\":\"https:\\\/\\\/www.blecha.at\\\/sl\\\/izdelki\\\/sestavni-deli-za-sesalne-transportne-sisteme\\\/#primaryimage\"},\"image\":{\"@id\":\"https:\\\/\\\/www.blecha.at\\\/sl\\\/izdelki\\\/sestavni-deli-za-sesalne-transportne-sisteme\\\/#primaryimage\"},\"thumbnailUrl\":\"https:\\\/\\\/www.blecha.at\\\/wp-content\\\/uploads\\\/2021\\\/03\\\/blecha-zulieferteile-fuer-saugfoerderanlagen-1-thumbnail.jpg\",\"datePublished\":\"2021-01-22T22:26:07+00:00\",\"dateModified\":\"2022-02-22T14:44:15+00:00\",\"description\":\"Na\u0161 prodajni program vklju\u010duje elemente za sisteme za vakuumski transport granulatov v proizvodni industriji plasti\u010dnih mas ali drugih vpojnih izdelkov.\",\"breadcrumb\":{\"@id\":\"https:\\\/\\\/www.blecha.at\\\/sl\\\/izdelki\\\/sestavni-deli-za-sesalne-transportne-sisteme\\\/#breadcrumb\"},\"inLanguage\":\"sl-SI\",\"potentialAction\":[{\"@type\":\"ReadAction\",\"target\":[\"https:\\\/\\\/www.blecha.at\\\/sl\\\/izdelki\\\/sestavni-deli-za-sesalne-transportne-sisteme\\\/\"]}]},{\"@type\":\"ImageObject\",\"inLanguage\":\"sl-SI\",\"@id\":\"https:\\\/\\\/www.blecha.at\\\/sl\\\/izdelki\\\/sestavni-deli-za-sesalne-transportne-sisteme\\\/#primaryimage\",\"url\":\"https:\\\/\\\/www.blecha.at\\\/wp-content\\\/uploads\\\/2021\\\/03\\\/blecha-zulieferteile-fuer-saugfoerderanlagen-1-thumbnail.jpg\",\"contentUrl\":\"https:\\\/\\\/www.blecha.at\\\/wp-content\\\/uploads\\\/2021\\\/03\\\/blecha-zulieferteile-fuer-saugfoerderanlagen-1-thumbnail.jpg\",\"width\":1600,\"height\":1600},{\"@type\":\"BreadcrumbList\",\"@id\":\"https:\\\/\\\/www.blecha.at\\\/sl\\\/izdelki\\\/sestavni-deli-za-sesalne-transportne-sisteme\\\/#breadcrumb\",\"itemListElement\":[{\"@type\":\"ListItem\",\"position\":1,\"name\":\"Home\",\"item\":\"https:\\\/\\\/www.blecha.at\\\/sl\\\/\"},{\"@type\":\"ListItem\",\"position\":2,\"name\":\"Izdelki\",\"item\":\"https:\\\/\\\/www.blecha.at\\\/sl\\\/izdelki\\\/\"},{\"@type\":\"ListItem\",\"position\":3,\"name\":\"Sestavni deli za sesalne transportne sisteme\"}]},{\"@type\":\"WebSite\",\"@id\":\"https:\\\/\\\/www.blecha.at\\\/#website\",\"url\":\"https:\\\/\\\/www.blecha.at\\\/\",\"name\":\"BLECHA\",\"description\":\"Eine weitere WordPress-Website\",\"potentialAction\":[{\"@type\":\"SearchAction\",\"target\":{\"@type\":\"EntryPoint\",\"urlTemplate\":\"https:\\\/\\\/www.blecha.at\\\/?s={search_term_string}\"},\"query-input\":{\"@type\":\"PropertyValueSpecification\",\"valueRequired\":true,\"valueName\":\"search_term_string\"}}],\"inLanguage\":\"sl-SI\"}]}<\/script>\n<!-- \/ Yoast SEO plugin. -->","yoast_head_json":{"title":"Sestavni deli za sesalne transportne sisteme | BLECHA","description":"Na\u0161 prodajni program vklju\u010duje elemente za sisteme za vakuumski transport granulatov v proizvodni industriji plasti\u010dnih mas ali drugih vpojnih izdelkov.","robots":{"index":"index","follow":"follow","max-snippet":"max-snippet:-1","max-image-preview":"max-image-preview:large","max-video-preview":"max-video-preview:-1"},"canonical":"https:\/\/www.blecha.at\/sl\/izdelki\/sestavni-deli-za-sesalne-transportne-sisteme\/","og_locale":"sl_SI","og_type":"article","og_title":"Sestavni deli za sesalne transportne sisteme | BLECHA","og_description":"Na\u0161 prodajni program vklju\u010duje elemente za sisteme za vakuumski transport granulatov v proizvodni industriji plasti\u010dnih mas ali drugih vpojnih izdelkov.","og_url":"https:\/\/www.blecha.at\/sl\/izdelki\/sestavni-deli-za-sesalne-transportne-sisteme\/","og_site_name":"BLECHA","article_modified_time":"2022-02-22T14:44:15+00:00","og_image":[{"width":1600,"height":1600,"url":"https:\/\/www.blecha.at\/wp-content\/uploads\/2021\/03\/blecha-zulieferteile-fuer-saugfoerderanlagen-1-thumbnail.jpg","type":"image\/jpeg"}],"twitter_card":"summary_large_image","twitter_misc":{"Est. reading time":"1 minuta"},"schema":{"@context":"https:\/\/schema.org","@graph":[{"@type":"WebPage","@id":"https:\/\/www.blecha.at\/sl\/izdelki\/sestavni-deli-za-sesalne-transportne-sisteme\/","url":"https:\/\/www.blecha.at\/sl\/izdelki\/sestavni-deli-za-sesalne-transportne-sisteme\/","name":"Sestavni deli za sesalne transportne sisteme | BLECHA","isPartOf":{"@id":"https:\/\/www.blecha.at\/#website"},"primaryImageOfPage":{"@id":"https:\/\/www.blecha.at\/sl\/izdelki\/sestavni-deli-za-sesalne-transportne-sisteme\/#primaryimage"},"image":{"@id":"https:\/\/www.blecha.at\/sl\/izdelki\/sestavni-deli-za-sesalne-transportne-sisteme\/#primaryimage"},"thumbnailUrl":"https:\/\/www.blecha.at\/wp-content\/uploads\/2021\/03\/blecha-zulieferteile-fuer-saugfoerderanlagen-1-thumbnail.jpg","datePublished":"2021-01-22T22:26:07+00:00","dateModified":"2022-02-22T14:44:15+00:00","description":"Na\u0161 prodajni program vklju\u010duje elemente za sisteme za vakuumski transport granulatov v proizvodni industriji plasti\u010dnih mas ali drugih vpojnih izdelkov.","breadcrumb":{"@id":"https:\/\/www.blecha.at\/sl\/izdelki\/sestavni-deli-za-sesalne-transportne-sisteme\/#breadcrumb"},"inLanguage":"sl-SI","potentialAction":[{"@type":"ReadAction","target":["https:\/\/www.blecha.at\/sl\/izdelki\/sestavni-deli-za-sesalne-transportne-sisteme\/"]}]},{"@type":"ImageObject","inLanguage":"sl-SI","@id":"https:\/\/www.blecha.at\/sl\/izdelki\/sestavni-deli-za-sesalne-transportne-sisteme\/#primaryimage","url":"https:\/\/www.blecha.at\/wp-content\/uploads\/2021\/03\/blecha-zulieferteile-fuer-saugfoerderanlagen-1-thumbnail.jpg","contentUrl":"https:\/\/www.blecha.at\/wp-content\/uploads\/2021\/03\/blecha-zulieferteile-fuer-saugfoerderanlagen-1-thumbnail.jpg","width":1600,"height":1600},{"@type":"BreadcrumbList","@id":"https:\/\/www.blecha.at\/sl\/izdelki\/sestavni-deli-za-sesalne-transportne-sisteme\/#breadcrumb","itemListElement":[{"@type":"ListItem","position":1,"name":"Home","item":"https:\/\/www.blecha.at\/sl\/"},{"@type":"ListItem","position":2,"name":"Izdelki","item":"https:\/\/www.blecha.at\/sl\/izdelki\/"},{"@type":"ListItem","position":3,"name":"Sestavni deli za sesalne transportne sisteme"}]},{"@type":"WebSite","@id":"https:\/\/www.blecha.at\/#website","url":"https:\/\/www.blecha.at\/","name":"BLECHA","description":"Eine weitere WordPress-Website","potentialAction":[{"@type":"SearchAction","target":{"@type":"EntryPoint","urlTemplate":"https:\/\/www.blecha.at\/?s={search_term_string}"},"query-input":{"@type":"PropertyValueSpecification","valueRequired":true,"valueName":"search_term_string"}}],"inLanguage":"sl-SI"}]}},"_links":{"self":[{"href":"https:\/\/www.blecha.at\/sl\/wp-json\/wp\/v2\/pages\/11371","targetHints":{"allow":["GET"]}}],"collection":[{"href":"https:\/\/www.blecha.at\/sl\/wp-json\/wp\/v2\/pages"}],"about":[{"href":"https:\/\/www.blecha.at\/sl\/wp-json\/wp\/v2\/types\/page"}],"author":[{"embeddable":true,"href":"https:\/\/www.blecha.at\/sl\/wp-json\/wp\/v2\/users\/2"}],"replies":[{"embeddable":true,"href":"https:\/\/www.blecha.at\/sl\/wp-json\/wp\/v2\/comments?post=11371"}],"version-history":[{"count":6,"href":"https:\/\/www.blecha.at\/sl\/wp-json\/wp\/v2\/pages\/11371\/revisions"}],"predecessor-version":[{"id":14430,"href":"https:\/\/www.blecha.at\/sl\/wp-json\/wp\/v2\/pages\/11371\/revisions\/14430"}],"up":[{"embeddable":true,"href":"https:\/\/www.blecha.at\/sl\/wp-json\/wp\/v2\/pages\/5453"}],"wp:featuredmedia":[{"embeddable":true,"href":"https:\/\/www.blecha.at\/sl\/wp-json\/wp\/v2\/media\/11373"}],"wp:attachment":[{"href":"https:\/\/www.blecha.at\/sl\/wp-json\/wp\/v2\/media?parent=11371"}],"curies":[{"name":"wp","href":"https:\/\/api.w.org\/{rel}","templated":true}]}}