{"id":22200,"date":"2023-09-18T11:17:29","date_gmt":"2023-09-18T09:17:29","guid":{"rendered":"https:\/\/www.blecha.at\/?page_id=22200"},"modified":"2026-01-26T15:57:55","modified_gmt":"2026-01-26T14:57:55","slug":"gradnja-odrov-in-sotorov","status":"publish","type":"page","link":"https:\/\/www.blecha.at\/sl\/izdelki\/specialni-profili\/gradnja-odrov-in-sotorov\/","title":{"rendered":"Gradnja odrov in \u0161otorov"},"content":{"rendered":"","protected":false},"excerpt":{"rendered":"","protected":false},"author":2,"featured_media":0,"parent":6043,"menu_order":0,"comment_status":"closed","ping_status":"closed","template":"page-zaunsysteme-details.php","meta":{"_acf_changed":false,"footnotes":""},"class_list":["post-22200","page","type-page","status-publish","hentry"],"acf":[],"yoast_head":"<!-- This site is optimized with the Yoast SEO plugin v27.3 - https:\/\/yoast.com\/product\/yoast-seo-wordpress\/ -->\n<title>Gradnja odrov in \u0161otorov | Blecha Aluprofil<\/title>\n<meta name=\"description\" content=\"Odkrijte na\u0161e visokokakovostne aluminijaste profile za izdelavo odrov in \u0161otorov. Na\u0161i profili ponujajo popolno re\u0161itev za profesionalne odrske konstrukcije in \u0161otorske sisteme.\" \/>\n<meta name=\"robots\" content=\"index, follow, max-snippet:-1, max-image-preview:large, max-video-preview:-1\" \/>\n<link rel=\"canonical\" href=\"https:\/\/www.blecha.at\/sl\/izdelki\/specialni-profili\/gradnja-odrov-in-sotorov\/\" \/>\n<meta property=\"og:locale\" content=\"sl_SI\" \/>\n<meta property=\"og:type\" content=\"article\" \/>\n<meta property=\"og:title\" content=\"Gradnja odrov in \u0161otorov | Blecha Aluprofil\" \/>\n<meta property=\"og:description\" content=\"Odkrijte na\u0161e visokokakovostne aluminijaste profile za izdelavo odrov in \u0161otorov. Na\u0161i profili ponujajo popolno re\u0161itev za profesionalne odrske konstrukcije in \u0161otorske sisteme.\" \/>\n<meta property=\"og:url\" content=\"https:\/\/www.blecha.at\/sl\/izdelki\/specialni-profili\/gradnja-odrov-in-sotorov\/\" \/>\n<meta property=\"og:site_name\" content=\"BLECHA\" \/>\n<meta property=\"article:modified_time\" content=\"2026-01-26T14:57:55+00:00\" \/>\n<meta property=\"og:image\" content=\"https:\/\/www.blecha.at\/wp-content\/uploads\/2021\/02\/blecha-unternehmen-auswahl-gebaeude-3-scaled.jpg\" \/>\n\t<meta property=\"og:image:width\" content=\"2560\" \/>\n\t<meta property=\"og:image:height\" content=\"1642\" \/>\n\t<meta property=\"og:image:type\" content=\"image\/jpeg\" \/>\n<meta name=\"twitter:card\" content=\"summary_large_image\" \/>\n<script type=\"application\/ld+json\" class=\"yoast-schema-graph\">{\"@context\":\"https:\\\/\\\/schema.org\",\"@graph\":[{\"@type\":\"WebPage\",\"@id\":\"https:\\\/\\\/www.blecha.at\\\/sl\\\/izdelki\\\/specialni-profili\\\/gradnja-odrov-in-sotorov\\\/\",\"url\":\"https:\\\/\\\/www.blecha.at\\\/sl\\\/izdelki\\\/specialni-profili\\\/gradnja-odrov-in-sotorov\\\/\",\"name\":\"Gradnja odrov in \u0161otorov | Blecha Aluprofil\",\"isPartOf\":{\"@id\":\"https:\\\/\\\/www.blecha.at\\\/#website\"},\"datePublished\":\"2023-09-18T09:17:29+00:00\",\"dateModified\":\"2026-01-26T14:57:55+00:00\",\"description\":\"Odkrijte na\u0161e visokokakovostne aluminijaste profile za izdelavo odrov in \u0161otorov. Na\u0161i profili ponujajo popolno re\u0161itev za profesionalne odrske konstrukcije in \u0161otorske sisteme.\",\"breadcrumb\":{\"@id\":\"https:\\\/\\\/www.blecha.at\\\/sl\\\/izdelki\\\/specialni-profili\\\/gradnja-odrov-in-sotorov\\\/#breadcrumb\"},\"inLanguage\":\"sl-SI\",\"potentialAction\":[{\"@type\":\"ReadAction\",\"target\":[\"https:\\\/\\\/www.blecha.at\\\/sl\\\/izdelki\\\/specialni-profili\\\/gradnja-odrov-in-sotorov\\\/\"]}]},{\"@type\":\"BreadcrumbList\",\"@id\":\"https:\\\/\\\/www.blecha.at\\\/sl\\\/izdelki\\\/specialni-profili\\\/gradnja-odrov-in-sotorov\\\/#breadcrumb\",\"itemListElement\":[{\"@type\":\"ListItem\",\"position\":1,\"name\":\"Home\",\"item\":\"https:\\\/\\\/www.blecha.at\\\/sl\\\/\"},{\"@type\":\"ListItem\",\"position\":2,\"name\":\"Izdelki\",\"item\":\"https:\\\/\\\/www.blecha.at\\\/sl\\\/izdelki\\\/\"},{\"@type\":\"ListItem\",\"position\":3,\"name\":\"Specialni profili\",\"item\":\"https:\\\/\\\/www.blecha.at\\\/sl\\\/izdelki\\\/specialni-profili\\\/\"},{\"@type\":\"ListItem\",\"position\":4,\"name\":\"Gradnja odrov in \u0161otorov\"}]},{\"@type\":\"WebSite\",\"@id\":\"https:\\\/\\\/www.blecha.at\\\/#website\",\"url\":\"https:\\\/\\\/www.blecha.at\\\/\",\"name\":\"BLECHA\",\"description\":\"Eine weitere WordPress-Website\",\"potentialAction\":[{\"@type\":\"SearchAction\",\"target\":{\"@type\":\"EntryPoint\",\"urlTemplate\":\"https:\\\/\\\/www.blecha.at\\\/?s={search_term_string}\"},\"query-input\":{\"@type\":\"PropertyValueSpecification\",\"valueRequired\":true,\"valueName\":\"search_term_string\"}}],\"inLanguage\":\"sl-SI\"}]}<\/script>\n<!-- \/ Yoast SEO plugin. -->","yoast_head_json":{"title":"Gradnja odrov in \u0161otorov | Blecha Aluprofil","description":"Odkrijte na\u0161e visokokakovostne aluminijaste profile za izdelavo odrov in \u0161otorov. Na\u0161i profili ponujajo popolno re\u0161itev za profesionalne odrske konstrukcije in \u0161otorske sisteme.","robots":{"index":"index","follow":"follow","max-snippet":"max-snippet:-1","max-image-preview":"max-image-preview:large","max-video-preview":"max-video-preview:-1"},"canonical":"https:\/\/www.blecha.at\/sl\/izdelki\/specialni-profili\/gradnja-odrov-in-sotorov\/","og_locale":"sl_SI","og_type":"article","og_title":"Gradnja odrov in \u0161otorov | Blecha Aluprofil","og_description":"Odkrijte na\u0161e visokokakovostne aluminijaste profile za izdelavo odrov in \u0161otorov. Na\u0161i profili ponujajo popolno re\u0161itev za profesionalne odrske konstrukcije in \u0161otorske sisteme.","og_url":"https:\/\/www.blecha.at\/sl\/izdelki\/specialni-profili\/gradnja-odrov-in-sotorov\/","og_site_name":"BLECHA","article_modified_time":"2026-01-26T14:57:55+00:00","og_image":[{"width":2560,"height":1642,"url":"https:\/\/www.blecha.at\/wp-content\/uploads\/2021\/02\/blecha-unternehmen-auswahl-gebaeude-3-scaled.jpg","type":"image\/jpeg"}],"twitter_card":"summary_large_image","schema":{"@context":"https:\/\/schema.org","@graph":[{"@type":"WebPage","@id":"https:\/\/www.blecha.at\/sl\/izdelki\/specialni-profili\/gradnja-odrov-in-sotorov\/","url":"https:\/\/www.blecha.at\/sl\/izdelki\/specialni-profili\/gradnja-odrov-in-sotorov\/","name":"Gradnja odrov in \u0161otorov | Blecha Aluprofil","isPartOf":{"@id":"https:\/\/www.blecha.at\/#website"},"datePublished":"2023-09-18T09:17:29+00:00","dateModified":"2026-01-26T14:57:55+00:00","description":"Odkrijte na\u0161e visokokakovostne aluminijaste profile za izdelavo odrov in \u0161otorov. Na\u0161i profili ponujajo popolno re\u0161itev za profesionalne odrske konstrukcije in \u0161otorske sisteme.","breadcrumb":{"@id":"https:\/\/www.blecha.at\/sl\/izdelki\/specialni-profili\/gradnja-odrov-in-sotorov\/#breadcrumb"},"inLanguage":"sl-SI","potentialAction":[{"@type":"ReadAction","target":["https:\/\/www.blecha.at\/sl\/izdelki\/specialni-profili\/gradnja-odrov-in-sotorov\/"]}]},{"@type":"BreadcrumbList","@id":"https:\/\/www.blecha.at\/sl\/izdelki\/specialni-profili\/gradnja-odrov-in-sotorov\/#breadcrumb","itemListElement":[{"@type":"ListItem","position":1,"name":"Home","item":"https:\/\/www.blecha.at\/sl\/"},{"@type":"ListItem","position":2,"name":"Izdelki","item":"https:\/\/www.blecha.at\/sl\/izdelki\/"},{"@type":"ListItem","position":3,"name":"Specialni profili","item":"https:\/\/www.blecha.at\/sl\/izdelki\/specialni-profili\/"},{"@type":"ListItem","position":4,"name":"Gradnja odrov in \u0161otorov"}]},{"@type":"WebSite","@id":"https:\/\/www.blecha.at\/#website","url":"https:\/\/www.blecha.at\/","name":"BLECHA","description":"Eine weitere WordPress-Website","potentialAction":[{"@type":"SearchAction","target":{"@type":"EntryPoint","urlTemplate":"https:\/\/www.blecha.at\/?s={search_term_string}"},"query-input":{"@type":"PropertyValueSpecification","valueRequired":true,"valueName":"search_term_string"}}],"inLanguage":"sl-SI"}]}},"_links":{"self":[{"href":"https:\/\/www.blecha.at\/sl\/wp-json\/wp\/v2\/pages\/22200","targetHints":{"allow":["GET"]}}],"collection":[{"href":"https:\/\/www.blecha.at\/sl\/wp-json\/wp\/v2\/pages"}],"about":[{"href":"https:\/\/www.blecha.at\/sl\/wp-json\/wp\/v2\/types\/page"}],"author":[{"embeddable":true,"href":"https:\/\/www.blecha.at\/sl\/wp-json\/wp\/v2\/users\/2"}],"replies":[{"embeddable":true,"href":"https:\/\/www.blecha.at\/sl\/wp-json\/wp\/v2\/comments?post=22200"}],"version-history":[{"count":9,"href":"https:\/\/www.blecha.at\/sl\/wp-json\/wp\/v2\/pages\/22200\/revisions"}],"predecessor-version":[{"id":31717,"href":"https:\/\/www.blecha.at\/sl\/wp-json\/wp\/v2\/pages\/22200\/revisions\/31717"}],"up":[{"embeddable":true,"href":"https:\/\/www.blecha.at\/sl\/wp-json\/wp\/v2\/pages\/6043"}],"wp:attachment":[{"href":"https:\/\/www.blecha.at\/sl\/wp-json\/wp\/v2\/media?parent=22200"}],"curies":[{"name":"wp","href":"https:\/\/api.w.org\/{rel}","templated":true}]}}