{"id":22278,"date":"2023-09-13T16:08:43","date_gmt":"2023-09-13T14:08:43","guid":{"rendered":"https:\/\/www.blecha.at\/?page_id=22278"},"modified":"2026-02-09T16:21:23","modified_gmt":"2026-02-09T15:21:23","slug":"gradnja-kletk","status":"publish","type":"page","link":"https:\/\/www.blecha.at\/sl\/izdelki\/specialni-profili\/gradnja-kletk\/","title":{"rendered":"Gradnja kletk"},"content":{"rendered":"","protected":false},"excerpt":{"rendered":"","protected":false},"author":2,"featured_media":0,"parent":6043,"menu_order":0,"comment_status":"closed","ping_status":"closed","template":"page-zaunsysteme-details.php","meta":{"_acf_changed":false,"footnotes":""},"class_list":["post-22278","page","type-page","status-publish","hentry"],"acf":[],"yoast_head":"<!-- This site is optimized with the Yoast SEO plugin v27.3 - https:\/\/yoast.com\/product\/yoast-seo-wordpress\/ -->\n<title>Gradnja kletk | BLECHA Aluprofile<\/title>\n<meta name=\"description\" content=\"Odkrijte na\u0161e visokokakovostne aluminijaste profile za konstrukcijo pti\u010dnic. Na\u0161i posebej razviti profili so idealna izbira za gradnjo pti\u010dnic in kletk. S \u0161irokim naborom profilov, vklju\u010dno s profili za ptice in profili za kletke, vam ponujamo orodja za ustvarjanje varnih in vzdr\u017eljivih letnic.\" \/>\n<meta name=\"robots\" content=\"index, follow, max-snippet:-1, max-image-preview:large, max-video-preview:-1\" \/>\n<link rel=\"canonical\" href=\"https:\/\/www.blecha.at\/sl\/izdelki\/specialni-profili\/gradnja-kletk\/\" \/>\n<meta property=\"og:locale\" content=\"sl_SI\" \/>\n<meta property=\"og:type\" content=\"article\" \/>\n<meta property=\"og:title\" content=\"Gradnja kletk | BLECHA Aluprofile\" \/>\n<meta property=\"og:description\" content=\"Odkrijte na\u0161e visokokakovostne aluminijaste profile za konstrukcijo pti\u010dnic. Na\u0161i posebej razviti profili so idealna izbira za gradnjo pti\u010dnic in kletk. S \u0161irokim naborom profilov, vklju\u010dno s profili za ptice in profili za kletke, vam ponujamo orodja za ustvarjanje varnih in vzdr\u017eljivih letnic.\" \/>\n<meta property=\"og:url\" content=\"https:\/\/www.blecha.at\/sl\/izdelki\/specialni-profili\/gradnja-kletk\/\" \/>\n<meta property=\"og:site_name\" content=\"BLECHA\" \/>\n<meta property=\"article:modified_time\" content=\"2026-02-09T15:21:23+00:00\" \/>\n<meta property=\"og:image\" content=\"https:\/\/www.blecha.at\/wp-content\/uploads\/2021\/02\/blecha-unternehmen-auswahl-gebaeude-3-scaled.jpg\" \/>\n\t<meta property=\"og:image:width\" content=\"2560\" \/>\n\t<meta property=\"og:image:height\" content=\"1642\" \/>\n\t<meta property=\"og:image:type\" content=\"image\/jpeg\" \/>\n<meta name=\"twitter:card\" content=\"summary_large_image\" \/>\n<script type=\"application\/ld+json\" class=\"yoast-schema-graph\">{\"@context\":\"https:\\\/\\\/schema.org\",\"@graph\":[{\"@type\":\"WebPage\",\"@id\":\"https:\\\/\\\/www.blecha.at\\\/sl\\\/izdelki\\\/specialni-profili\\\/gradnja-kletk\\\/\",\"url\":\"https:\\\/\\\/www.blecha.at\\\/sl\\\/izdelki\\\/specialni-profili\\\/gradnja-kletk\\\/\",\"name\":\"Gradnja kletk | BLECHA Aluprofile\",\"isPartOf\":{\"@id\":\"https:\\\/\\\/www.blecha.at\\\/#website\"},\"datePublished\":\"2023-09-13T14:08:43+00:00\",\"dateModified\":\"2026-02-09T15:21:23+00:00\",\"description\":\"Odkrijte na\u0161e visokokakovostne aluminijaste profile za konstrukcijo pti\u010dnic. Na\u0161i posebej razviti profili so idealna izbira za gradnjo pti\u010dnic in kletk. S \u0161irokim naborom profilov, vklju\u010dno s profili za ptice in profili za kletke, vam ponujamo orodja za ustvarjanje varnih in vzdr\u017eljivih letnic.\",\"breadcrumb\":{\"@id\":\"https:\\\/\\\/www.blecha.at\\\/sl\\\/izdelki\\\/specialni-profili\\\/gradnja-kletk\\\/#breadcrumb\"},\"inLanguage\":\"sl-SI\",\"potentialAction\":[{\"@type\":\"ReadAction\",\"target\":[\"https:\\\/\\\/www.blecha.at\\\/sl\\\/izdelki\\\/specialni-profili\\\/gradnja-kletk\\\/\"]}]},{\"@type\":\"BreadcrumbList\",\"@id\":\"https:\\\/\\\/www.blecha.at\\\/sl\\\/izdelki\\\/specialni-profili\\\/gradnja-kletk\\\/#breadcrumb\",\"itemListElement\":[{\"@type\":\"ListItem\",\"position\":1,\"name\":\"Home\",\"item\":\"https:\\\/\\\/www.blecha.at\\\/sl\\\/\"},{\"@type\":\"ListItem\",\"position\":2,\"name\":\"Izdelki\",\"item\":\"https:\\\/\\\/www.blecha.at\\\/sl\\\/izdelki\\\/\"},{\"@type\":\"ListItem\",\"position\":3,\"name\":\"Specialni profili\",\"item\":\"https:\\\/\\\/www.blecha.at\\\/sl\\\/izdelki\\\/specialni-profili\\\/\"},{\"@type\":\"ListItem\",\"position\":4,\"name\":\"Gradnja kletk\"}]},{\"@type\":\"WebSite\",\"@id\":\"https:\\\/\\\/www.blecha.at\\\/#website\",\"url\":\"https:\\\/\\\/www.blecha.at\\\/\",\"name\":\"BLECHA\",\"description\":\"Eine weitere WordPress-Website\",\"potentialAction\":[{\"@type\":\"SearchAction\",\"target\":{\"@type\":\"EntryPoint\",\"urlTemplate\":\"https:\\\/\\\/www.blecha.at\\\/?s={search_term_string}\"},\"query-input\":{\"@type\":\"PropertyValueSpecification\",\"valueRequired\":true,\"valueName\":\"search_term_string\"}}],\"inLanguage\":\"sl-SI\"}]}<\/script>\n<!-- \/ Yoast SEO plugin. -->","yoast_head_json":{"title":"Gradnja kletk | BLECHA Aluprofile","description":"Odkrijte na\u0161e visokokakovostne aluminijaste profile za konstrukcijo pti\u010dnic. Na\u0161i posebej razviti profili so idealna izbira za gradnjo pti\u010dnic in kletk. S \u0161irokim naborom profilov, vklju\u010dno s profili za ptice in profili za kletke, vam ponujamo orodja za ustvarjanje varnih in vzdr\u017eljivih letnic.","robots":{"index":"index","follow":"follow","max-snippet":"max-snippet:-1","max-image-preview":"max-image-preview:large","max-video-preview":"max-video-preview:-1"},"canonical":"https:\/\/www.blecha.at\/sl\/izdelki\/specialni-profili\/gradnja-kletk\/","og_locale":"sl_SI","og_type":"article","og_title":"Gradnja kletk | BLECHA Aluprofile","og_description":"Odkrijte na\u0161e visokokakovostne aluminijaste profile za konstrukcijo pti\u010dnic. Na\u0161i posebej razviti profili so idealna izbira za gradnjo pti\u010dnic in kletk. S \u0161irokim naborom profilov, vklju\u010dno s profili za ptice in profili za kletke, vam ponujamo orodja za ustvarjanje varnih in vzdr\u017eljivih letnic.","og_url":"https:\/\/www.blecha.at\/sl\/izdelki\/specialni-profili\/gradnja-kletk\/","og_site_name":"BLECHA","article_modified_time":"2026-02-09T15:21:23+00:00","og_image":[{"width":2560,"height":1642,"url":"https:\/\/www.blecha.at\/wp-content\/uploads\/2021\/02\/blecha-unternehmen-auswahl-gebaeude-3-scaled.jpg","type":"image\/jpeg"}],"twitter_card":"summary_large_image","schema":{"@context":"https:\/\/schema.org","@graph":[{"@type":"WebPage","@id":"https:\/\/www.blecha.at\/sl\/izdelki\/specialni-profili\/gradnja-kletk\/","url":"https:\/\/www.blecha.at\/sl\/izdelki\/specialni-profili\/gradnja-kletk\/","name":"Gradnja kletk | BLECHA Aluprofile","isPartOf":{"@id":"https:\/\/www.blecha.at\/#website"},"datePublished":"2023-09-13T14:08:43+00:00","dateModified":"2026-02-09T15:21:23+00:00","description":"Odkrijte na\u0161e visokokakovostne aluminijaste profile za konstrukcijo pti\u010dnic. Na\u0161i posebej razviti profili so idealna izbira za gradnjo pti\u010dnic in kletk. S \u0161irokim naborom profilov, vklju\u010dno s profili za ptice in profili za kletke, vam ponujamo orodja za ustvarjanje varnih in vzdr\u017eljivih letnic.","breadcrumb":{"@id":"https:\/\/www.blecha.at\/sl\/izdelki\/specialni-profili\/gradnja-kletk\/#breadcrumb"},"inLanguage":"sl-SI","potentialAction":[{"@type":"ReadAction","target":["https:\/\/www.blecha.at\/sl\/izdelki\/specialni-profili\/gradnja-kletk\/"]}]},{"@type":"BreadcrumbList","@id":"https:\/\/www.blecha.at\/sl\/izdelki\/specialni-profili\/gradnja-kletk\/#breadcrumb","itemListElement":[{"@type":"ListItem","position":1,"name":"Home","item":"https:\/\/www.blecha.at\/sl\/"},{"@type":"ListItem","position":2,"name":"Izdelki","item":"https:\/\/www.blecha.at\/sl\/izdelki\/"},{"@type":"ListItem","position":3,"name":"Specialni profili","item":"https:\/\/www.blecha.at\/sl\/izdelki\/specialni-profili\/"},{"@type":"ListItem","position":4,"name":"Gradnja kletk"}]},{"@type":"WebSite","@id":"https:\/\/www.blecha.at\/#website","url":"https:\/\/www.blecha.at\/","name":"BLECHA","description":"Eine weitere WordPress-Website","potentialAction":[{"@type":"SearchAction","target":{"@type":"EntryPoint","urlTemplate":"https:\/\/www.blecha.at\/?s={search_term_string}"},"query-input":{"@type":"PropertyValueSpecification","valueRequired":true,"valueName":"search_term_string"}}],"inLanguage":"sl-SI"}]}},"_links":{"self":[{"href":"https:\/\/www.blecha.at\/sl\/wp-json\/wp\/v2\/pages\/22278","targetHints":{"allow":["GET"]}}],"collection":[{"href":"https:\/\/www.blecha.at\/sl\/wp-json\/wp\/v2\/pages"}],"about":[{"href":"https:\/\/www.blecha.at\/sl\/wp-json\/wp\/v2\/types\/page"}],"author":[{"embeddable":true,"href":"https:\/\/www.blecha.at\/sl\/wp-json\/wp\/v2\/users\/2"}],"replies":[{"embeddable":true,"href":"https:\/\/www.blecha.at\/sl\/wp-json\/wp\/v2\/comments?post=22278"}],"version-history":[{"count":6,"href":"https:\/\/www.blecha.at\/sl\/wp-json\/wp\/v2\/pages\/22278\/revisions"}],"predecessor-version":[{"id":31869,"href":"https:\/\/www.blecha.at\/sl\/wp-json\/wp\/v2\/pages\/22278\/revisions\/31869"}],"up":[{"embeddable":true,"href":"https:\/\/www.blecha.at\/sl\/wp-json\/wp\/v2\/pages\/6043"}],"wp:attachment":[{"href":"https:\/\/www.blecha.at\/sl\/wp-json\/wp\/v2\/media?parent=22278"}],"curies":[{"name":"wp","href":"https:\/\/api.w.org\/{rel}","templated":true}]}}