{"id":22304,"date":"2023-09-13T15:30:17","date_gmt":"2023-09-13T13:30:17","guid":{"rendered":"https:\/\/www.blecha.at\/?page_id=22304"},"modified":"2026-01-26T16:28:50","modified_gmt":"2026-01-26T15:28:50","slug":"kovinska-gradnja","status":"publish","type":"page","link":"https:\/\/www.blecha.at\/sl\/izdelki\/specialni-profili\/kovinska-gradnja\/","title":{"rendered":"Kovinska gradnja"},"content":{"rendered":"","protected":false},"excerpt":{"rendered":"","protected":false},"author":2,"featured_media":0,"parent":6043,"menu_order":0,"comment_status":"closed","ping_status":"closed","template":"page-zaunsysteme-details.php","meta":{"_acf_changed":false,"footnotes":""},"class_list":["post-22304","page","type-page","status-publish","hentry"],"acf":[],"yoast_head":"<!-- This site is optimized with the Yoast SEO plugin v27.3 - https:\/\/yoast.com\/product\/yoast-seo-wordpress\/ -->\n<title>Kovinska gradnja | BLECHA Aluprofile<\/title>\n<meta name=\"description\" content=\"Na\u0161a \u0161iroka paleta profilov ponuja popolno re\u0161itev za kovinske konstrukcije. Ne glede na to, ali potrebujete oblo\u017ene profile, profile za zasebnost, polkro\u017ene profile, zlo\u017eljive mre\u017ene profile, profile za stenske robove, profile za rolete, omega profile, pokrivne letve, deske, U-profile, robne profile, H-profile, T-profile. profili ali robni profili za trato, boste pri nas na\u0161li kar i\u0161\u010dete.\" \/>\n<meta name=\"robots\" content=\"index, follow, max-snippet:-1, max-image-preview:large, max-video-preview:-1\" \/>\n<link rel=\"canonical\" href=\"https:\/\/www.blecha.at\/sl\/izdelki\/specialni-profili\/kovinska-gradnja\/\" \/>\n<meta property=\"og:locale\" content=\"sl_SI\" \/>\n<meta property=\"og:type\" content=\"article\" \/>\n<meta property=\"og:title\" content=\"Kovinska gradnja | BLECHA Aluprofile\" \/>\n<meta property=\"og:description\" content=\"Na\u0161a \u0161iroka paleta profilov ponuja popolno re\u0161itev za kovinske konstrukcije. Ne glede na to, ali potrebujete oblo\u017ene profile, profile za zasebnost, polkro\u017ene profile, zlo\u017eljive mre\u017ene profile, profile za stenske robove, profile za rolete, omega profile, pokrivne letve, deske, U-profile, robne profile, H-profile, T-profile. profili ali robni profili za trato, boste pri nas na\u0161li kar i\u0161\u010dete.\" \/>\n<meta property=\"og:url\" content=\"https:\/\/www.blecha.at\/sl\/izdelki\/specialni-profili\/kovinska-gradnja\/\" \/>\n<meta property=\"og:site_name\" content=\"BLECHA\" \/>\n<meta property=\"article:modified_time\" content=\"2026-01-26T15:28:50+00:00\" \/>\n<meta property=\"og:image\" content=\"https:\/\/www.blecha.at\/wp-content\/uploads\/2021\/02\/blecha-unternehmen-auswahl-gebaeude-3-scaled.jpg\" \/>\n\t<meta property=\"og:image:width\" content=\"2560\" \/>\n\t<meta property=\"og:image:height\" content=\"1642\" \/>\n\t<meta property=\"og:image:type\" content=\"image\/jpeg\" \/>\n<meta name=\"twitter:card\" content=\"summary_large_image\" \/>\n<script type=\"application\/ld+json\" class=\"yoast-schema-graph\">{\"@context\":\"https:\\\/\\\/schema.org\",\"@graph\":[{\"@type\":\"WebPage\",\"@id\":\"https:\\\/\\\/www.blecha.at\\\/sl\\\/izdelki\\\/specialni-profili\\\/kovinska-gradnja\\\/\",\"url\":\"https:\\\/\\\/www.blecha.at\\\/sl\\\/izdelki\\\/specialni-profili\\\/kovinska-gradnja\\\/\",\"name\":\"Kovinska gradnja | BLECHA Aluprofile\",\"isPartOf\":{\"@id\":\"https:\\\/\\\/www.blecha.at\\\/#website\"},\"datePublished\":\"2023-09-13T13:30:17+00:00\",\"dateModified\":\"2026-01-26T15:28:50+00:00\",\"description\":\"Na\u0161a \u0161iroka paleta profilov ponuja popolno re\u0161itev za kovinske konstrukcije. Ne glede na to, ali potrebujete oblo\u017ene profile, profile za zasebnost, polkro\u017ene profile, zlo\u017eljive mre\u017ene profile, profile za stenske robove, profile za rolete, omega profile, pokrivne letve, deske, U-profile, robne profile, H-profile, T-profile. profili ali robni profili za trato, boste pri nas na\u0161li kar i\u0161\u010dete.\",\"breadcrumb\":{\"@id\":\"https:\\\/\\\/www.blecha.at\\\/sl\\\/izdelki\\\/specialni-profili\\\/kovinska-gradnja\\\/#breadcrumb\"},\"inLanguage\":\"sl-SI\",\"potentialAction\":[{\"@type\":\"ReadAction\",\"target\":[\"https:\\\/\\\/www.blecha.at\\\/sl\\\/izdelki\\\/specialni-profili\\\/kovinska-gradnja\\\/\"]}]},{\"@type\":\"BreadcrumbList\",\"@id\":\"https:\\\/\\\/www.blecha.at\\\/sl\\\/izdelki\\\/specialni-profili\\\/kovinska-gradnja\\\/#breadcrumb\",\"itemListElement\":[{\"@type\":\"ListItem\",\"position\":1,\"name\":\"Home\",\"item\":\"https:\\\/\\\/www.blecha.at\\\/sl\\\/\"},{\"@type\":\"ListItem\",\"position\":2,\"name\":\"Izdelki\",\"item\":\"https:\\\/\\\/www.blecha.at\\\/sl\\\/izdelki\\\/\"},{\"@type\":\"ListItem\",\"position\":3,\"name\":\"Specialni profili\",\"item\":\"https:\\\/\\\/www.blecha.at\\\/sl\\\/izdelki\\\/specialni-profili\\\/\"},{\"@type\":\"ListItem\",\"position\":4,\"name\":\"Kovinska gradnja\"}]},{\"@type\":\"WebSite\",\"@id\":\"https:\\\/\\\/www.blecha.at\\\/#website\",\"url\":\"https:\\\/\\\/www.blecha.at\\\/\",\"name\":\"BLECHA\",\"description\":\"Eine weitere WordPress-Website\",\"potentialAction\":[{\"@type\":\"SearchAction\",\"target\":{\"@type\":\"EntryPoint\",\"urlTemplate\":\"https:\\\/\\\/www.blecha.at\\\/?s={search_term_string}\"},\"query-input\":{\"@type\":\"PropertyValueSpecification\",\"valueRequired\":true,\"valueName\":\"search_term_string\"}}],\"inLanguage\":\"sl-SI\"}]}<\/script>\n<!-- \/ Yoast SEO plugin. -->","yoast_head_json":{"title":"Kovinska gradnja | BLECHA Aluprofile","description":"Na\u0161a \u0161iroka paleta profilov ponuja popolno re\u0161itev za kovinske konstrukcije. Ne glede na to, ali potrebujete oblo\u017ene profile, profile za zasebnost, polkro\u017ene profile, zlo\u017eljive mre\u017ene profile, profile za stenske robove, profile za rolete, omega profile, pokrivne letve, deske, U-profile, robne profile, H-profile, T-profile. profili ali robni profili za trato, boste pri nas na\u0161li kar i\u0161\u010dete.","robots":{"index":"index","follow":"follow","max-snippet":"max-snippet:-1","max-image-preview":"max-image-preview:large","max-video-preview":"max-video-preview:-1"},"canonical":"https:\/\/www.blecha.at\/sl\/izdelki\/specialni-profili\/kovinska-gradnja\/","og_locale":"sl_SI","og_type":"article","og_title":"Kovinska gradnja | BLECHA Aluprofile","og_description":"Na\u0161a \u0161iroka paleta profilov ponuja popolno re\u0161itev za kovinske konstrukcije. Ne glede na to, ali potrebujete oblo\u017ene profile, profile za zasebnost, polkro\u017ene profile, zlo\u017eljive mre\u017ene profile, profile za stenske robove, profile za rolete, omega profile, pokrivne letve, deske, U-profile, robne profile, H-profile, T-profile. profili ali robni profili za trato, boste pri nas na\u0161li kar i\u0161\u010dete.","og_url":"https:\/\/www.blecha.at\/sl\/izdelki\/specialni-profili\/kovinska-gradnja\/","og_site_name":"BLECHA","article_modified_time":"2026-01-26T15:28:50+00:00","og_image":[{"width":2560,"height":1642,"url":"https:\/\/www.blecha.at\/wp-content\/uploads\/2021\/02\/blecha-unternehmen-auswahl-gebaeude-3-scaled.jpg","type":"image\/jpeg"}],"twitter_card":"summary_large_image","schema":{"@context":"https:\/\/schema.org","@graph":[{"@type":"WebPage","@id":"https:\/\/www.blecha.at\/sl\/izdelki\/specialni-profili\/kovinska-gradnja\/","url":"https:\/\/www.blecha.at\/sl\/izdelki\/specialni-profili\/kovinska-gradnja\/","name":"Kovinska gradnja | BLECHA Aluprofile","isPartOf":{"@id":"https:\/\/www.blecha.at\/#website"},"datePublished":"2023-09-13T13:30:17+00:00","dateModified":"2026-01-26T15:28:50+00:00","description":"Na\u0161a \u0161iroka paleta profilov ponuja popolno re\u0161itev za kovinske konstrukcije. Ne glede na to, ali potrebujete oblo\u017ene profile, profile za zasebnost, polkro\u017ene profile, zlo\u017eljive mre\u017ene profile, profile za stenske robove, profile za rolete, omega profile, pokrivne letve, deske, U-profile, robne profile, H-profile, T-profile. profili ali robni profili za trato, boste pri nas na\u0161li kar i\u0161\u010dete.","breadcrumb":{"@id":"https:\/\/www.blecha.at\/sl\/izdelki\/specialni-profili\/kovinska-gradnja\/#breadcrumb"},"inLanguage":"sl-SI","potentialAction":[{"@type":"ReadAction","target":["https:\/\/www.blecha.at\/sl\/izdelki\/specialni-profili\/kovinska-gradnja\/"]}]},{"@type":"BreadcrumbList","@id":"https:\/\/www.blecha.at\/sl\/izdelki\/specialni-profili\/kovinska-gradnja\/#breadcrumb","itemListElement":[{"@type":"ListItem","position":1,"name":"Home","item":"https:\/\/www.blecha.at\/sl\/"},{"@type":"ListItem","position":2,"name":"Izdelki","item":"https:\/\/www.blecha.at\/sl\/izdelki\/"},{"@type":"ListItem","position":3,"name":"Specialni profili","item":"https:\/\/www.blecha.at\/sl\/izdelki\/specialni-profili\/"},{"@type":"ListItem","position":4,"name":"Kovinska gradnja"}]},{"@type":"WebSite","@id":"https:\/\/www.blecha.at\/#website","url":"https:\/\/www.blecha.at\/","name":"BLECHA","description":"Eine weitere WordPress-Website","potentialAction":[{"@type":"SearchAction","target":{"@type":"EntryPoint","urlTemplate":"https:\/\/www.blecha.at\/?s={search_term_string}"},"query-input":{"@type":"PropertyValueSpecification","valueRequired":true,"valueName":"search_term_string"}}],"inLanguage":"sl-SI"}]}},"_links":{"self":[{"href":"https:\/\/www.blecha.at\/sl\/wp-json\/wp\/v2\/pages\/22304","targetHints":{"allow":["GET"]}}],"collection":[{"href":"https:\/\/www.blecha.at\/sl\/wp-json\/wp\/v2\/pages"}],"about":[{"href":"https:\/\/www.blecha.at\/sl\/wp-json\/wp\/v2\/types\/page"}],"author":[{"embeddable":true,"href":"https:\/\/www.blecha.at\/sl\/wp-json\/wp\/v2\/users\/2"}],"replies":[{"embeddable":true,"href":"https:\/\/www.blecha.at\/sl\/wp-json\/wp\/v2\/comments?post=22304"}],"version-history":[{"count":8,"href":"https:\/\/www.blecha.at\/sl\/wp-json\/wp\/v2\/pages\/22304\/revisions"}],"predecessor-version":[{"id":31788,"href":"https:\/\/www.blecha.at\/sl\/wp-json\/wp\/v2\/pages\/22304\/revisions\/31788"}],"up":[{"embeddable":true,"href":"https:\/\/www.blecha.at\/sl\/wp-json\/wp\/v2\/pages\/6043"}],"wp:attachment":[{"href":"https:\/\/www.blecha.at\/sl\/wp-json\/wp\/v2\/media?parent=22304"}],"curies":[{"name":"wp","href":"https:\/\/api.w.org\/{rel}","templated":true}]}}