{"id":22434,"date":"2023-01-26T14:18:22","date_gmt":"2023-01-26T13:18:22","guid":{"rendered":"https:\/\/www.blecha.at\/?page_id=22434"},"modified":"2024-02-01T09:52:05","modified_gmt":"2024-02-01T08:52:05","slug":"prirobnice-in-robovi","status":"publish","type":"page","link":"https:\/\/www.blecha.at\/sl\/izdelki\/fittings\/prirobnice-in-robovi\/","title":{"rendered":"Prirobnice in robovi"},"content":{"rendered":"","protected":false},"excerpt":{"rendered":"","protected":false},"author":2,"featured_media":0,"parent":26632,"menu_order":0,"comment_status":"closed","ping_status":"closed","template":"page-zaunsysteme-details.php","meta":{"_acf_changed":false,"footnotes":""},"class_list":["post-22434","page","type-page","status-publish","hentry"],"acf":[],"yoast_head":"<!-- This site is optimized with the Yoast SEO plugin v27.3 - https:\/\/yoast.com\/product\/yoast-seo-wordpress\/ -->\n<title>Prirobnice in robovi | BLECHA Aluprofil<\/title>\n<meta name=\"description\" content=\"Odkrijte na\u0161e visokokakovostne aluminijaste prirobnice in nastavke. Na\u0161e aluminijaste prirobnice in raz\u0161iritve zagotavljajo idealno re\u0161itev za cevne sisteme in strukture, kjer so potrebni priklju\u010dki, pokrovi in \u200b\u200braz\u0161iritve. Nudimo \u0161iroko paleto prirobnic, vklju\u010dno z ohlapnimi prirobnicami, slepimi prirobnicami, navadnimi prirobnicami, varjenimi prirobnicami in prirobnicami za cisterne.\" \/>\n<meta name=\"robots\" content=\"index, follow, max-snippet:-1, max-image-preview:large, max-video-preview:-1\" \/>\n<link rel=\"canonical\" href=\"https:\/\/www.blecha.at\/sl\/izdelki\/fittings\/prirobnice-in-robovi\/\" \/>\n<meta property=\"og:locale\" content=\"sl_SI\" \/>\n<meta property=\"og:type\" content=\"article\" \/>\n<meta property=\"og:title\" content=\"Prirobnice in robovi | BLECHA Aluprofil\" \/>\n<meta property=\"og:description\" content=\"Odkrijte na\u0161e visokokakovostne aluminijaste prirobnice in nastavke. Na\u0161e aluminijaste prirobnice in raz\u0161iritve zagotavljajo idealno re\u0161itev za cevne sisteme in strukture, kjer so potrebni priklju\u010dki, pokrovi in \u200b\u200braz\u0161iritve. Nudimo \u0161iroko paleto prirobnic, vklju\u010dno z ohlapnimi prirobnicami, slepimi prirobnicami, navadnimi prirobnicami, varjenimi prirobnicami in prirobnicami za cisterne.\" \/>\n<meta property=\"og:url\" content=\"https:\/\/www.blecha.at\/sl\/izdelki\/fittings\/prirobnice-in-robovi\/\" \/>\n<meta property=\"og:site_name\" content=\"BLECHA\" \/>\n<meta property=\"article:modified_time\" content=\"2024-02-01T08:52:05+00:00\" \/>\n<meta property=\"og:image\" content=\"https:\/\/www.blecha.at\/wp-content\/uploads\/2021\/02\/blecha-unternehmen-auswahl-gebaeude-3-scaled.jpg\" \/>\n\t<meta property=\"og:image:width\" content=\"2560\" \/>\n\t<meta property=\"og:image:height\" content=\"1642\" \/>\n\t<meta property=\"og:image:type\" content=\"image\/jpeg\" \/>\n<meta name=\"twitter:card\" content=\"summary_large_image\" \/>\n<script type=\"application\/ld+json\" class=\"yoast-schema-graph\">{\"@context\":\"https:\\\/\\\/schema.org\",\"@graph\":[{\"@type\":\"WebPage\",\"@id\":\"https:\\\/\\\/www.blecha.at\\\/sl\\\/izdelki\\\/fittings\\\/prirobnice-in-robovi\\\/\",\"url\":\"https:\\\/\\\/www.blecha.at\\\/sl\\\/izdelki\\\/fittings\\\/prirobnice-in-robovi\\\/\",\"name\":\"Prirobnice in robovi | BLECHA Aluprofil\",\"isPartOf\":{\"@id\":\"https:\\\/\\\/www.blecha.at\\\/#website\"},\"datePublished\":\"2023-01-26T13:18:22+00:00\",\"dateModified\":\"2024-02-01T08:52:05+00:00\",\"description\":\"Odkrijte na\u0161e visokokakovostne aluminijaste prirobnice in nastavke. Na\u0161e aluminijaste prirobnice in raz\u0161iritve zagotavljajo idealno re\u0161itev za cevne sisteme in strukture, kjer so potrebni priklju\u010dki, pokrovi in \u200b\u200braz\u0161iritve. Nudimo \u0161iroko paleto prirobnic, vklju\u010dno z ohlapnimi prirobnicami, slepimi prirobnicami, navadnimi prirobnicami, varjenimi prirobnicami in prirobnicami za cisterne.\",\"breadcrumb\":{\"@id\":\"https:\\\/\\\/www.blecha.at\\\/sl\\\/izdelki\\\/fittings\\\/prirobnice-in-robovi\\\/#breadcrumb\"},\"inLanguage\":\"sl-SI\",\"potentialAction\":[{\"@type\":\"ReadAction\",\"target\":[\"https:\\\/\\\/www.blecha.at\\\/sl\\\/izdelki\\\/fittings\\\/prirobnice-in-robovi\\\/\"]}]},{\"@type\":\"BreadcrumbList\",\"@id\":\"https:\\\/\\\/www.blecha.at\\\/sl\\\/izdelki\\\/fittings\\\/prirobnice-in-robovi\\\/#breadcrumb\",\"itemListElement\":[{\"@type\":\"ListItem\",\"position\":1,\"name\":\"Home\",\"item\":\"https:\\\/\\\/www.blecha.at\\\/sl\\\/\"},{\"@type\":\"ListItem\",\"position\":2,\"name\":\"Izdelki\",\"item\":\"https:\\\/\\\/www.blecha.at\\\/sl\\\/izdelki\\\/\"},{\"@type\":\"ListItem\",\"position\":3,\"name\":\"Fitingi\",\"item\":\"https:\\\/\\\/www.blecha.at\\\/sl\\\/izdelki\\\/fittings\\\/\"},{\"@type\":\"ListItem\",\"position\":4,\"name\":\"Prirobnice in robovi\"}]},{\"@type\":\"WebSite\",\"@id\":\"https:\\\/\\\/www.blecha.at\\\/#website\",\"url\":\"https:\\\/\\\/www.blecha.at\\\/\",\"name\":\"BLECHA\",\"description\":\"Eine weitere WordPress-Website\",\"potentialAction\":[{\"@type\":\"SearchAction\",\"target\":{\"@type\":\"EntryPoint\",\"urlTemplate\":\"https:\\\/\\\/www.blecha.at\\\/?s={search_term_string}\"},\"query-input\":{\"@type\":\"PropertyValueSpecification\",\"valueRequired\":true,\"valueName\":\"search_term_string\"}}],\"inLanguage\":\"sl-SI\"}]}<\/script>\n<!-- \/ Yoast SEO plugin. -->","yoast_head_json":{"title":"Prirobnice in robovi | BLECHA Aluprofil","description":"Odkrijte na\u0161e visokokakovostne aluminijaste prirobnice in nastavke. Na\u0161e aluminijaste prirobnice in raz\u0161iritve zagotavljajo idealno re\u0161itev za cevne sisteme in strukture, kjer so potrebni priklju\u010dki, pokrovi in \u200b\u200braz\u0161iritve. Nudimo \u0161iroko paleto prirobnic, vklju\u010dno z ohlapnimi prirobnicami, slepimi prirobnicami, navadnimi prirobnicami, varjenimi prirobnicami in prirobnicami za cisterne.","robots":{"index":"index","follow":"follow","max-snippet":"max-snippet:-1","max-image-preview":"max-image-preview:large","max-video-preview":"max-video-preview:-1"},"canonical":"https:\/\/www.blecha.at\/sl\/izdelki\/fittings\/prirobnice-in-robovi\/","og_locale":"sl_SI","og_type":"article","og_title":"Prirobnice in robovi | BLECHA Aluprofil","og_description":"Odkrijte na\u0161e visokokakovostne aluminijaste prirobnice in nastavke. Na\u0161e aluminijaste prirobnice in raz\u0161iritve zagotavljajo idealno re\u0161itev za cevne sisteme in strukture, kjer so potrebni priklju\u010dki, pokrovi in \u200b\u200braz\u0161iritve. Nudimo \u0161iroko paleto prirobnic, vklju\u010dno z ohlapnimi prirobnicami, slepimi prirobnicami, navadnimi prirobnicami, varjenimi prirobnicami in prirobnicami za cisterne.","og_url":"https:\/\/www.blecha.at\/sl\/izdelki\/fittings\/prirobnice-in-robovi\/","og_site_name":"BLECHA","article_modified_time":"2024-02-01T08:52:05+00:00","og_image":[{"width":2560,"height":1642,"url":"https:\/\/www.blecha.at\/wp-content\/uploads\/2021\/02\/blecha-unternehmen-auswahl-gebaeude-3-scaled.jpg","type":"image\/jpeg"}],"twitter_card":"summary_large_image","schema":{"@context":"https:\/\/schema.org","@graph":[{"@type":"WebPage","@id":"https:\/\/www.blecha.at\/sl\/izdelki\/fittings\/prirobnice-in-robovi\/","url":"https:\/\/www.blecha.at\/sl\/izdelki\/fittings\/prirobnice-in-robovi\/","name":"Prirobnice in robovi | BLECHA Aluprofil","isPartOf":{"@id":"https:\/\/www.blecha.at\/#website"},"datePublished":"2023-01-26T13:18:22+00:00","dateModified":"2024-02-01T08:52:05+00:00","description":"Odkrijte na\u0161e visokokakovostne aluminijaste prirobnice in nastavke. Na\u0161e aluminijaste prirobnice in raz\u0161iritve zagotavljajo idealno re\u0161itev za cevne sisteme in strukture, kjer so potrebni priklju\u010dki, pokrovi in \u200b\u200braz\u0161iritve. Nudimo \u0161iroko paleto prirobnic, vklju\u010dno z ohlapnimi prirobnicami, slepimi prirobnicami, navadnimi prirobnicami, varjenimi prirobnicami in prirobnicami za cisterne.","breadcrumb":{"@id":"https:\/\/www.blecha.at\/sl\/izdelki\/fittings\/prirobnice-in-robovi\/#breadcrumb"},"inLanguage":"sl-SI","potentialAction":[{"@type":"ReadAction","target":["https:\/\/www.blecha.at\/sl\/izdelki\/fittings\/prirobnice-in-robovi\/"]}]},{"@type":"BreadcrumbList","@id":"https:\/\/www.blecha.at\/sl\/izdelki\/fittings\/prirobnice-in-robovi\/#breadcrumb","itemListElement":[{"@type":"ListItem","position":1,"name":"Home","item":"https:\/\/www.blecha.at\/sl\/"},{"@type":"ListItem","position":2,"name":"Izdelki","item":"https:\/\/www.blecha.at\/sl\/izdelki\/"},{"@type":"ListItem","position":3,"name":"Fitingi","item":"https:\/\/www.blecha.at\/sl\/izdelki\/fittings\/"},{"@type":"ListItem","position":4,"name":"Prirobnice in robovi"}]},{"@type":"WebSite","@id":"https:\/\/www.blecha.at\/#website","url":"https:\/\/www.blecha.at\/","name":"BLECHA","description":"Eine weitere WordPress-Website","potentialAction":[{"@type":"SearchAction","target":{"@type":"EntryPoint","urlTemplate":"https:\/\/www.blecha.at\/?s={search_term_string}"},"query-input":{"@type":"PropertyValueSpecification","valueRequired":true,"valueName":"search_term_string"}}],"inLanguage":"sl-SI"}]}},"_links":{"self":[{"href":"https:\/\/www.blecha.at\/sl\/wp-json\/wp\/v2\/pages\/22434","targetHints":{"allow":["GET"]}}],"collection":[{"href":"https:\/\/www.blecha.at\/sl\/wp-json\/wp\/v2\/pages"}],"about":[{"href":"https:\/\/www.blecha.at\/sl\/wp-json\/wp\/v2\/types\/page"}],"author":[{"embeddable":true,"href":"https:\/\/www.blecha.at\/sl\/wp-json\/wp\/v2\/users\/2"}],"replies":[{"embeddable":true,"href":"https:\/\/www.blecha.at\/sl\/wp-json\/wp\/v2\/comments?post=22434"}],"version-history":[{"count":10,"href":"https:\/\/www.blecha.at\/sl\/wp-json\/wp\/v2\/pages\/22434\/revisions"}],"predecessor-version":[{"id":26908,"href":"https:\/\/www.blecha.at\/sl\/wp-json\/wp\/v2\/pages\/22434\/revisions\/26908"}],"up":[{"embeddable":true,"href":"https:\/\/www.blecha.at\/sl\/wp-json\/wp\/v2\/pages\/26632"}],"wp:attachment":[{"href":"https:\/\/www.blecha.at\/sl\/wp-json\/wp\/v2\/media?parent=22434"}],"curies":[{"name":"wp","href":"https:\/\/api.w.org\/{rel}","templated":true}]}}