{"id":26212,"date":"2023-01-11T09:55:35","date_gmt":"2023-01-11T08:55:35","guid":{"rendered":"https:\/\/www.blecha.at\/izdelki\/fitingi\/zulieferteile-fuer-saugfoerderanlagen\/"},"modified":"2024-01-24T12:28:28","modified_gmt":"2024-01-24T11:28:28","slug":"dobavni-deli-za-sesalne-naprave","status":"publish","type":"page","link":"https:\/\/www.blecha.at\/sl\/izdelki\/dobavni-deli-za-sesalne-naprave\/","title":{"rendered":"Dobavni deli za sesalne naprave"},"content":{"rendered":"","protected":false},"excerpt":{"rendered":"","protected":false},"author":2,"featured_media":11373,"parent":5453,"menu_order":0,"comment_status":"closed","ping_status":"closed","template":"page-zaunsysteme-details.php","meta":{"_acf_changed":false,"footnotes":""},"class_list":["post-26212","page","type-page","status-publish","has-post-thumbnail","hentry"],"acf":[],"yoast_head":"<!-- This site is optimized with the Yoast SEO plugin v27.3 - https:\/\/yoast.com\/product\/yoast-seo-wordpress\/ -->\n<title>Dobavni deli za sesalne naprave | BLECHA Aluprofile<\/title>\n<meta name=\"description\" content=\"Odkrijte na\u0161e visokokakovostne dobaviteljske dele iz nerjave\u010dega jekla in aluminija za sesalne transportne sisteme. Na\u0161i dobavljeni deli so idealna re\u0161itev za optimizacijo sesalnih transportnih sistemov in transportnih sistemov. Ponujamo \u0161iroko paleto dobaviteljev delov, vklju\u010dno s koleni s podalj\u0161ki za krake, T-kolesniki, varjenimi T-kolesniki, odcepi, Y-kosi, okroglimi cevmi, koleni in \u0161e veliko ve\u010d.\" \/>\n<meta name=\"robots\" content=\"index, follow, max-snippet:-1, max-image-preview:large, max-video-preview:-1\" \/>\n<link rel=\"canonical\" href=\"https:\/\/www.blecha.at\/sl\/izdelki\/dobavni-deli-za-sesalne-naprave\/\" \/>\n<meta property=\"og:locale\" content=\"sl_SI\" \/>\n<meta property=\"og:type\" content=\"article\" \/>\n<meta property=\"og:title\" content=\"Dobavni deli za sesalne naprave | BLECHA Aluprofile\" \/>\n<meta property=\"og:description\" content=\"Odkrijte na\u0161e visokokakovostne dobaviteljske dele iz nerjave\u010dega jekla in aluminija za sesalne transportne sisteme. Na\u0161i dobavljeni deli so idealna re\u0161itev za optimizacijo sesalnih transportnih sistemov in transportnih sistemov. Ponujamo \u0161iroko paleto dobaviteljev delov, vklju\u010dno s koleni s podalj\u0161ki za krake, T-kolesniki, varjenimi T-kolesniki, odcepi, Y-kosi, okroglimi cevmi, koleni in \u0161e veliko ve\u010d.\" \/>\n<meta property=\"og:url\" content=\"https:\/\/www.blecha.at\/sl\/izdelki\/dobavni-deli-za-sesalne-naprave\/\" \/>\n<meta property=\"og:site_name\" content=\"BLECHA\" \/>\n<meta property=\"article:modified_time\" content=\"2024-01-24T11:28:28+00:00\" \/>\n<meta property=\"og:image\" content=\"https:\/\/www.blecha.at\/wp-content\/uploads\/2021\/02\/blecha-unternehmen-auswahl-gebaeude-3-scaled.jpg\" \/>\n\t<meta property=\"og:image:width\" content=\"2560\" \/>\n\t<meta property=\"og:image:height\" content=\"1642\" \/>\n\t<meta property=\"og:image:type\" content=\"image\/jpeg\" \/>\n<meta name=\"twitter:card\" content=\"summary_large_image\" \/>\n<script type=\"application\/ld+json\" class=\"yoast-schema-graph\">{\"@context\":\"https:\\\/\\\/schema.org\",\"@graph\":[{\"@type\":\"WebPage\",\"@id\":\"https:\\\/\\\/www.blecha.at\\\/sl\\\/izdelki\\\/dobavni-deli-za-sesalne-naprave\\\/\",\"url\":\"https:\\\/\\\/www.blecha.at\\\/sl\\\/izdelki\\\/dobavni-deli-za-sesalne-naprave\\\/\",\"name\":\"Dobavni deli za sesalne naprave | BLECHA Aluprofile\",\"isPartOf\":{\"@id\":\"https:\\\/\\\/www.blecha.at\\\/#website\"},\"primaryImageOfPage\":{\"@id\":\"https:\\\/\\\/www.blecha.at\\\/sl\\\/izdelki\\\/dobavni-deli-za-sesalne-naprave\\\/#primaryimage\"},\"image\":{\"@id\":\"https:\\\/\\\/www.blecha.at\\\/sl\\\/izdelki\\\/dobavni-deli-za-sesalne-naprave\\\/#primaryimage\"},\"thumbnailUrl\":\"https:\\\/\\\/www.blecha.at\\\/wp-content\\\/uploads\\\/2021\\\/03\\\/blecha-zulieferteile-fuer-saugfoerderanlagen-1-thumbnail.jpg\",\"datePublished\":\"2023-01-11T08:55:35+00:00\",\"dateModified\":\"2024-01-24T11:28:28+00:00\",\"description\":\"Odkrijte na\u0161e visokokakovostne dobaviteljske dele iz nerjave\u010dega jekla in aluminija za sesalne transportne sisteme. Na\u0161i dobavljeni deli so idealna re\u0161itev za optimizacijo sesalnih transportnih sistemov in transportnih sistemov. Ponujamo \u0161iroko paleto dobaviteljev delov, vklju\u010dno s koleni s podalj\u0161ki za krake, T-kolesniki, varjenimi T-kolesniki, odcepi, Y-kosi, okroglimi cevmi, koleni in \u0161e veliko ve\u010d.\",\"breadcrumb\":{\"@id\":\"https:\\\/\\\/www.blecha.at\\\/sl\\\/izdelki\\\/dobavni-deli-za-sesalne-naprave\\\/#breadcrumb\"},\"inLanguage\":\"sl-SI\",\"potentialAction\":[{\"@type\":\"ReadAction\",\"target\":[\"https:\\\/\\\/www.blecha.at\\\/sl\\\/izdelki\\\/dobavni-deli-za-sesalne-naprave\\\/\"]}]},{\"@type\":\"ImageObject\",\"inLanguage\":\"sl-SI\",\"@id\":\"https:\\\/\\\/www.blecha.at\\\/sl\\\/izdelki\\\/dobavni-deli-za-sesalne-naprave\\\/#primaryimage\",\"url\":\"https:\\\/\\\/www.blecha.at\\\/wp-content\\\/uploads\\\/2021\\\/03\\\/blecha-zulieferteile-fuer-saugfoerderanlagen-1-thumbnail.jpg\",\"contentUrl\":\"https:\\\/\\\/www.blecha.at\\\/wp-content\\\/uploads\\\/2021\\\/03\\\/blecha-zulieferteile-fuer-saugfoerderanlagen-1-thumbnail.jpg\",\"width\":1600,\"height\":1600},{\"@type\":\"BreadcrumbList\",\"@id\":\"https:\\\/\\\/www.blecha.at\\\/sl\\\/izdelki\\\/dobavni-deli-za-sesalne-naprave\\\/#breadcrumb\",\"itemListElement\":[{\"@type\":\"ListItem\",\"position\":1,\"name\":\"Home\",\"item\":\"https:\\\/\\\/www.blecha.at\\\/sl\\\/\"},{\"@type\":\"ListItem\",\"position\":2,\"name\":\"Izdelki\",\"item\":\"https:\\\/\\\/www.blecha.at\\\/sl\\\/izdelki\\\/\"},{\"@type\":\"ListItem\",\"position\":3,\"name\":\"Dobavni deli za sesalne naprave\"}]},{\"@type\":\"WebSite\",\"@id\":\"https:\\\/\\\/www.blecha.at\\\/#website\",\"url\":\"https:\\\/\\\/www.blecha.at\\\/\",\"name\":\"BLECHA\",\"description\":\"Eine weitere WordPress-Website\",\"potentialAction\":[{\"@type\":\"SearchAction\",\"target\":{\"@type\":\"EntryPoint\",\"urlTemplate\":\"https:\\\/\\\/www.blecha.at\\\/?s={search_term_string}\"},\"query-input\":{\"@type\":\"PropertyValueSpecification\",\"valueRequired\":true,\"valueName\":\"search_term_string\"}}],\"inLanguage\":\"sl-SI\"}]}<\/script>\n<!-- \/ Yoast SEO plugin. -->","yoast_head_json":{"title":"Dobavni deli za sesalne naprave | BLECHA Aluprofile","description":"Odkrijte na\u0161e visokokakovostne dobaviteljske dele iz nerjave\u010dega jekla in aluminija za sesalne transportne sisteme. Na\u0161i dobavljeni deli so idealna re\u0161itev za optimizacijo sesalnih transportnih sistemov in transportnih sistemov. Ponujamo \u0161iroko paleto dobaviteljev delov, vklju\u010dno s koleni s podalj\u0161ki za krake, T-kolesniki, varjenimi T-kolesniki, odcepi, Y-kosi, okroglimi cevmi, koleni in \u0161e veliko ve\u010d.","robots":{"index":"index","follow":"follow","max-snippet":"max-snippet:-1","max-image-preview":"max-image-preview:large","max-video-preview":"max-video-preview:-1"},"canonical":"https:\/\/www.blecha.at\/sl\/izdelki\/dobavni-deli-za-sesalne-naprave\/","og_locale":"sl_SI","og_type":"article","og_title":"Dobavni deli za sesalne naprave | BLECHA Aluprofile","og_description":"Odkrijte na\u0161e visokokakovostne dobaviteljske dele iz nerjave\u010dega jekla in aluminija za sesalne transportne sisteme. Na\u0161i dobavljeni deli so idealna re\u0161itev za optimizacijo sesalnih transportnih sistemov in transportnih sistemov. Ponujamo \u0161iroko paleto dobaviteljev delov, vklju\u010dno s koleni s podalj\u0161ki za krake, T-kolesniki, varjenimi T-kolesniki, odcepi, Y-kosi, okroglimi cevmi, koleni in \u0161e veliko ve\u010d.","og_url":"https:\/\/www.blecha.at\/sl\/izdelki\/dobavni-deli-za-sesalne-naprave\/","og_site_name":"BLECHA","article_modified_time":"2024-01-24T11:28:28+00:00","og_image":[{"width":2560,"height":1642,"url":"https:\/\/www.blecha.at\/wp-content\/uploads\/2021\/02\/blecha-unternehmen-auswahl-gebaeude-3-scaled.jpg","type":"image\/jpeg"}],"twitter_card":"summary_large_image","schema":{"@context":"https:\/\/schema.org","@graph":[{"@type":"WebPage","@id":"https:\/\/www.blecha.at\/sl\/izdelki\/dobavni-deli-za-sesalne-naprave\/","url":"https:\/\/www.blecha.at\/sl\/izdelki\/dobavni-deli-za-sesalne-naprave\/","name":"Dobavni deli za sesalne naprave | BLECHA Aluprofile","isPartOf":{"@id":"https:\/\/www.blecha.at\/#website"},"primaryImageOfPage":{"@id":"https:\/\/www.blecha.at\/sl\/izdelki\/dobavni-deli-za-sesalne-naprave\/#primaryimage"},"image":{"@id":"https:\/\/www.blecha.at\/sl\/izdelki\/dobavni-deli-za-sesalne-naprave\/#primaryimage"},"thumbnailUrl":"https:\/\/www.blecha.at\/wp-content\/uploads\/2021\/03\/blecha-zulieferteile-fuer-saugfoerderanlagen-1-thumbnail.jpg","datePublished":"2023-01-11T08:55:35+00:00","dateModified":"2024-01-24T11:28:28+00:00","description":"Odkrijte na\u0161e visokokakovostne dobaviteljske dele iz nerjave\u010dega jekla in aluminija za sesalne transportne sisteme. Na\u0161i dobavljeni deli so idealna re\u0161itev za optimizacijo sesalnih transportnih sistemov in transportnih sistemov. Ponujamo \u0161iroko paleto dobaviteljev delov, vklju\u010dno s koleni s podalj\u0161ki za krake, T-kolesniki, varjenimi T-kolesniki, odcepi, Y-kosi, okroglimi cevmi, koleni in \u0161e veliko ve\u010d.","breadcrumb":{"@id":"https:\/\/www.blecha.at\/sl\/izdelki\/dobavni-deli-za-sesalne-naprave\/#breadcrumb"},"inLanguage":"sl-SI","potentialAction":[{"@type":"ReadAction","target":["https:\/\/www.blecha.at\/sl\/izdelki\/dobavni-deli-za-sesalne-naprave\/"]}]},{"@type":"ImageObject","inLanguage":"sl-SI","@id":"https:\/\/www.blecha.at\/sl\/izdelki\/dobavni-deli-za-sesalne-naprave\/#primaryimage","url":"https:\/\/www.blecha.at\/wp-content\/uploads\/2021\/03\/blecha-zulieferteile-fuer-saugfoerderanlagen-1-thumbnail.jpg","contentUrl":"https:\/\/www.blecha.at\/wp-content\/uploads\/2021\/03\/blecha-zulieferteile-fuer-saugfoerderanlagen-1-thumbnail.jpg","width":1600,"height":1600},{"@type":"BreadcrumbList","@id":"https:\/\/www.blecha.at\/sl\/izdelki\/dobavni-deli-za-sesalne-naprave\/#breadcrumb","itemListElement":[{"@type":"ListItem","position":1,"name":"Home","item":"https:\/\/www.blecha.at\/sl\/"},{"@type":"ListItem","position":2,"name":"Izdelki","item":"https:\/\/www.blecha.at\/sl\/izdelki\/"},{"@type":"ListItem","position":3,"name":"Dobavni deli za sesalne naprave"}]},{"@type":"WebSite","@id":"https:\/\/www.blecha.at\/#website","url":"https:\/\/www.blecha.at\/","name":"BLECHA","description":"Eine weitere WordPress-Website","potentialAction":[{"@type":"SearchAction","target":{"@type":"EntryPoint","urlTemplate":"https:\/\/www.blecha.at\/?s={search_term_string}"},"query-input":{"@type":"PropertyValueSpecification","valueRequired":true,"valueName":"search_term_string"}}],"inLanguage":"sl-SI"}]}},"_links":{"self":[{"href":"https:\/\/www.blecha.at\/sl\/wp-json\/wp\/v2\/pages\/26212","targetHints":{"allow":["GET"]}}],"collection":[{"href":"https:\/\/www.blecha.at\/sl\/wp-json\/wp\/v2\/pages"}],"about":[{"href":"https:\/\/www.blecha.at\/sl\/wp-json\/wp\/v2\/types\/page"}],"author":[{"embeddable":true,"href":"https:\/\/www.blecha.at\/sl\/wp-json\/wp\/v2\/users\/2"}],"replies":[{"embeddable":true,"href":"https:\/\/www.blecha.at\/sl\/wp-json\/wp\/v2\/comments?post=26212"}],"version-history":[{"count":4,"href":"https:\/\/www.blecha.at\/sl\/wp-json\/wp\/v2\/pages\/26212\/revisions"}],"predecessor-version":[{"id":26648,"href":"https:\/\/www.blecha.at\/sl\/wp-json\/wp\/v2\/pages\/26212\/revisions\/26648"}],"up":[{"embeddable":true,"href":"https:\/\/www.blecha.at\/sl\/wp-json\/wp\/v2\/pages\/5453"}],"wp:featuredmedia":[{"embeddable":true,"href":"https:\/\/www.blecha.at\/sl\/wp-json\/wp\/v2\/media\/11373"}],"wp:attachment":[{"href":"https:\/\/www.blecha.at\/sl\/wp-json\/wp\/v2\/media?parent=26212"}],"curies":[{"name":"wp","href":"https:\/\/api.w.org\/{rel}","templated":true}]}}