{"id":4375,"date":"2020-10-05T11:58:10","date_gmt":"2020-10-05T09:58:10","guid":{"rendered":"https:\/\/www.blecha.at\/home\/"},"modified":"2021-12-14T10:37:51","modified_gmt":"2021-12-14T09:37:51","slug":"home","status":"publish","type":"page","link":"https:\/\/www.blecha.at\/sl\/","title":{"rendered":"Home"},"content":{"rendered":"","protected":false},"excerpt":{"rendered":"","protected":false},"author":2,"featured_media":0,"parent":0,"menu_order":0,"comment_status":"closed","ping_status":"closed","template":"","meta":{"_acf_changed":false,"footnotes":""},"class_list":["post-4375","page","type-page","status-publish","hentry"],"acf":[],"yoast_head":"<!-- This site is optimized with the Yoast SEO plugin v27.3 - https:\/\/yoast.com\/product\/yoast-seo-wordpress\/ -->\n<title>BLECHA | veleprodajalec standardnih in specialnih aluminijastih profilov<\/title>\n<meta name=\"description\" content=\"Podjetje BLECHA je va\u0161 kompetenten partner z dolgoletnim strokovnim znanjem s podr\u010dja prodaje aluminijastih profilov, plo\u010devin, ograjnih sistemov in aluminijastih izdelkov vseh vrst, od standardnih profilov do ograj in specialnih profilov.\" \/>\n<meta name=\"robots\" content=\"index, follow, max-snippet:-1, max-image-preview:large, max-video-preview:-1\" \/>\n<link rel=\"canonical\" href=\"https:\/\/www.blecha.at\/sl\/\" \/>\n<meta property=\"og:locale\" content=\"sl_SI\" \/>\n<meta property=\"og:type\" content=\"article\" \/>\n<meta property=\"og:title\" content=\"BLECHA | veleprodajalec standardnih in specialnih aluminijastih profilov\" \/>\n<meta property=\"og:description\" content=\"Podjetje BLECHA je va\u0161 kompetenten partner z dolgoletnim strokovnim znanjem s podr\u010dja prodaje aluminijastih profilov, plo\u010devin, ograjnih sistemov in aluminijastih izdelkov vseh vrst, od standardnih profilov do ograj in specialnih profilov.\" \/>\n<meta property=\"og:url\" content=\"https:\/\/www.blecha.at\/sl\/\" \/>\n<meta property=\"og:site_name\" content=\"BLECHA\" \/>\n<meta property=\"article:modified_time\" content=\"2021-12-14T09:37:51+00:00\" \/>\n<meta property=\"og:image\" content=\"https:\/\/www.blecha.at\/wp-content\/uploads\/2021\/02\/blecha-unternehmen-auswahl-gebaeude-3-scaled.jpg\" \/>\n\t<meta property=\"og:image:width\" content=\"2560\" \/>\n\t<meta property=\"og:image:height\" content=\"1642\" \/>\n\t<meta property=\"og:image:type\" content=\"image\/jpeg\" \/>\n<meta name=\"twitter:card\" content=\"summary_large_image\" \/>\n<script type=\"application\/ld+json\" class=\"yoast-schema-graph\">{\"@context\":\"https:\\\/\\\/schema.org\",\"@graph\":[{\"@type\":\"WebPage\",\"@id\":\"https:\\\/\\\/www.blecha.at\\\/sl\\\/\",\"url\":\"https:\\\/\\\/www.blecha.at\\\/sl\\\/\",\"name\":\"BLECHA | veleprodajalec standardnih in specialnih aluminijastih profilov\",\"isPartOf\":{\"@id\":\"https:\\\/\\\/www.blecha.at\\\/#website\"},\"datePublished\":\"2020-10-05T09:58:10+00:00\",\"dateModified\":\"2021-12-14T09:37:51+00:00\",\"description\":\"Podjetje BLECHA je va\u0161 kompetenten partner z dolgoletnim strokovnim znanjem s podr\u010dja prodaje aluminijastih profilov, plo\u010devin, ograjnih sistemov in aluminijastih izdelkov vseh vrst, od standardnih profilov do ograj in specialnih profilov.\",\"breadcrumb\":{\"@id\":\"https:\\\/\\\/www.blecha.at\\\/sl\\\/#breadcrumb\"},\"inLanguage\":\"sl-SI\",\"potentialAction\":[{\"@type\":\"ReadAction\",\"target\":[\"https:\\\/\\\/www.blecha.at\\\/sl\\\/\"]}]},{\"@type\":\"BreadcrumbList\",\"@id\":\"https:\\\/\\\/www.blecha.at\\\/sl\\\/#breadcrumb\",\"itemListElement\":[{\"@type\":\"ListItem\",\"position\":1,\"name\":\"Home\",\"item\":\"https:\\\/\\\/www.blecha.at\\\/sl\\\/\"},{\"@type\":\"ListItem\",\"position\":2,\"name\":\"Home\"}]},{\"@type\":\"WebSite\",\"@id\":\"https:\\\/\\\/www.blecha.at\\\/#website\",\"url\":\"https:\\\/\\\/www.blecha.at\\\/\",\"name\":\"BLECHA\",\"description\":\"Eine weitere WordPress-Website\",\"potentialAction\":[{\"@type\":\"SearchAction\",\"target\":{\"@type\":\"EntryPoint\",\"urlTemplate\":\"https:\\\/\\\/www.blecha.at\\\/?s={search_term_string}\"},\"query-input\":{\"@type\":\"PropertyValueSpecification\",\"valueRequired\":true,\"valueName\":\"search_term_string\"}}],\"inLanguage\":\"sl-SI\"}]}<\/script>\n<!-- \/ Yoast SEO plugin. -->","yoast_head_json":{"title":"BLECHA | veleprodajalec standardnih in specialnih aluminijastih profilov","description":"Podjetje BLECHA je va\u0161 kompetenten partner z dolgoletnim strokovnim znanjem s podr\u010dja prodaje aluminijastih profilov, plo\u010devin, ograjnih sistemov in aluminijastih izdelkov vseh vrst, od standardnih profilov do ograj in specialnih profilov.","robots":{"index":"index","follow":"follow","max-snippet":"max-snippet:-1","max-image-preview":"max-image-preview:large","max-video-preview":"max-video-preview:-1"},"canonical":"https:\/\/www.blecha.at\/sl\/","og_locale":"sl_SI","og_type":"article","og_title":"BLECHA | veleprodajalec standardnih in specialnih aluminijastih profilov","og_description":"Podjetje BLECHA je va\u0161 kompetenten partner z dolgoletnim strokovnim znanjem s podr\u010dja prodaje aluminijastih profilov, plo\u010devin, ograjnih sistemov in aluminijastih izdelkov vseh vrst, od standardnih profilov do ograj in specialnih profilov.","og_url":"https:\/\/www.blecha.at\/sl\/","og_site_name":"BLECHA","article_modified_time":"2021-12-14T09:37:51+00:00","og_image":[{"width":2560,"height":1642,"url":"https:\/\/www.blecha.at\/wp-content\/uploads\/2021\/02\/blecha-unternehmen-auswahl-gebaeude-3-scaled.jpg","type":"image\/jpeg"}],"twitter_card":"summary_large_image","schema":{"@context":"https:\/\/schema.org","@graph":[{"@type":"WebPage","@id":"https:\/\/www.blecha.at\/sl\/","url":"https:\/\/www.blecha.at\/sl\/","name":"BLECHA | veleprodajalec standardnih in specialnih aluminijastih profilov","isPartOf":{"@id":"https:\/\/www.blecha.at\/#website"},"datePublished":"2020-10-05T09:58:10+00:00","dateModified":"2021-12-14T09:37:51+00:00","description":"Podjetje BLECHA je va\u0161 kompetenten partner z dolgoletnim strokovnim znanjem s podr\u010dja prodaje aluminijastih profilov, plo\u010devin, ograjnih sistemov in aluminijastih izdelkov vseh vrst, od standardnih profilov do ograj in specialnih profilov.","breadcrumb":{"@id":"https:\/\/www.blecha.at\/sl\/#breadcrumb"},"inLanguage":"sl-SI","potentialAction":[{"@type":"ReadAction","target":["https:\/\/www.blecha.at\/sl\/"]}]},{"@type":"BreadcrumbList","@id":"https:\/\/www.blecha.at\/sl\/#breadcrumb","itemListElement":[{"@type":"ListItem","position":1,"name":"Home","item":"https:\/\/www.blecha.at\/sl\/"},{"@type":"ListItem","position":2,"name":"Home"}]},{"@type":"WebSite","@id":"https:\/\/www.blecha.at\/#website","url":"https:\/\/www.blecha.at\/","name":"BLECHA","description":"Eine weitere WordPress-Website","potentialAction":[{"@type":"SearchAction","target":{"@type":"EntryPoint","urlTemplate":"https:\/\/www.blecha.at\/?s={search_term_string}"},"query-input":{"@type":"PropertyValueSpecification","valueRequired":true,"valueName":"search_term_string"}}],"inLanguage":"sl-SI"}]}},"_links":{"self":[{"href":"https:\/\/www.blecha.at\/sl\/wp-json\/wp\/v2\/pages\/4375","targetHints":{"allow":["GET"]}}],"collection":[{"href":"https:\/\/www.blecha.at\/sl\/wp-json\/wp\/v2\/pages"}],"about":[{"href":"https:\/\/www.blecha.at\/sl\/wp-json\/wp\/v2\/types\/page"}],"author":[{"embeddable":true,"href":"https:\/\/www.blecha.at\/sl\/wp-json\/wp\/v2\/users\/2"}],"replies":[{"embeddable":true,"href":"https:\/\/www.blecha.at\/sl\/wp-json\/wp\/v2\/comments?post=4375"}],"version-history":[{"count":4,"href":"https:\/\/www.blecha.at\/sl\/wp-json\/wp\/v2\/pages\/4375\/revisions"}],"predecessor-version":[{"id":12758,"href":"https:\/\/www.blecha.at\/sl\/wp-json\/wp\/v2\/pages\/4375\/revisions\/12758"}],"wp:attachment":[{"href":"https:\/\/www.blecha.at\/sl\/wp-json\/wp\/v2\/media?parent=4375"}],"curies":[{"name":"wp","href":"https:\/\/api.w.org\/{rel}","templated":true}]}}