{"id":4751,"date":"2021-01-26T16:34:48","date_gmt":"2021-01-26T15:34:48","guid":{"rendered":"https:\/\/www.blecha.at\/storitve\/katalog\/"},"modified":"2022-04-25T09:12:50","modified_gmt":"2022-04-25T07:12:50","slug":"katalog","status":"publish","type":"page","link":"https:\/\/www.blecha.at\/sl\/storitve\/katalog\/","title":{"rendered":"Katalog"},"content":{"rendered":"<div class='w3eden'><div class=\"row mx-auto border p-4 p-md-5 my-4\">\n    <div class=\"col-12 col-md-auto px-0 mb-5 mb-md-0 mr-5\">\n    <svg height=\"48\" viewBox=\"0 0 48 48\" xmlns=\"http:\/\/www.w3.org\/2000\/svg\"><g fill=\"#ec3056\" stroke=\"#ec3056\" stroke-linecap=\"square\" stroke-width=\"2\"><path d=\"m20.071 30.645c0 .878-.259 1.556-.776 2.033-.518.479-1.252.717-2.205.717h-.596v2.605h-2.122v-7.853h2.718c.992 0 1.737.217 2.234.649.498.434.747 1.051.747 1.849zm-3.577 1.021h.387c.319 0 .572-.09.76-.27.188-.179.282-.426.282-.74 0-.53-.293-.795-.881-.795h-.548z\" stroke=\"none\"\/><path d=\"m27.988 31.907c0 1.311-.361 2.32-1.083 3.029-.721.71-1.735 1.064-3.042 1.064h-2.541v-7.853h2.718c1.26 0 2.233.322 2.919.967s1.029 1.575 1.029 2.793zm-2.202.075c0-.72-.142-1.253-.427-1.601-.284-.348-.717-.521-1.297-.521h-.618v4.398h.473c.645 0 1.117-.188 1.418-.562s.451-.944.451-1.714z\" stroke=\"none\"\/><path d=\"m31.484 36h-2.089v-7.853h4.641v1.702h-2.551v1.499h2.353v1.702h-2.353v2.95z\" stroke=\"none\"\/><g fill=\"none\" stroke=\"#ec3056\" stroke-miterlimit=\"10\"><path d=\"m29 2v12h12\" stroke-linecap=\"butt\"\/><path d=\"m41 23v-9l-12-12h-22v21\"\/><path d=\"m7 41v5h34v-5\"\/><path d=\"m2 23h44v18h-44z\"\/><\/g><\/g><\/svg>\n    <\/div>\n    <div class=\"col-12 col-md-7 px-0 mb-5 mb-md-0\">\n        <h4 class=\"text-basecase m-0 p-0\">Katalog 2026 (HR\/SI\/RU)<\/h4>\n        <div class=\"text-muted text-small\"><i class=\"fas fa-copy\"><\/i> 1 file(s) <i class=\"fas fa-hdd ml-3\"><\/i> 12.51 MB<\/div>\n    <\/div>\n    <div class=\"col-12 col-md-4 px-0 text-md-right\">\n        <a class='wpdm-download-link download-on-click btn btn-primary ' rel='nofollow' href='#' data-downloadurl=\"https:\/\/www.blecha.at\/sl\/download\/katalog-2020-hr-si-ru\/?wpdmdl=13637&refresh=69efd5bc9ca8c1777325500\">Download<\/a>\n    <\/div>\n<\/div><\/div>\n","protected":false},"excerpt":{"rendered":"","protected":false},"author":2,"featured_media":4753,"parent":4613,"menu_order":0,"comment_status":"closed","ping_status":"closed","template":"page-katalog.php","meta":{"_acf_changed":false,"footnotes":""},"class_list":["post-4751","page","type-page","status-publish","has-post-thumbnail","hentry"],"acf":[],"yoast_head":"<!-- This site is optimized with the Yoast SEO plugin v27.3 - https:\/\/yoast.com\/product\/yoast-seo-wordpress\/ -->\n<title>Katalog | BLECHA<\/title>\n<meta name=\"description\" content=\"Samo z enim klikom lahko dostopate do celotne ponudbe izdelkov BLECHA. Naro\u010dite na\u0161 katalog v tiskani obliki ali si ga prenesite v formatu PDF na svoj ra\u010dunalnik.\" \/>\n<meta name=\"robots\" content=\"index, follow, max-snippet:-1, max-image-preview:large, max-video-preview:-1\" \/>\n<link rel=\"canonical\" href=\"https:\/\/www.blecha.at\/sl\/storitve\/katalog\/\" \/>\n<meta property=\"og:locale\" content=\"sl_SI\" \/>\n<meta property=\"og:type\" content=\"article\" \/>\n<meta property=\"og:title\" content=\"Katalog | BLECHA\" \/>\n<meta property=\"og:description\" content=\"Samo z enim klikom lahko dostopate do celotne ponudbe izdelkov BLECHA. Naro\u010dite na\u0161 katalog v tiskani obliki ali si ga prenesite v formatu PDF na svoj ra\u010dunalnik.\" \/>\n<meta property=\"og:url\" content=\"https:\/\/www.blecha.at\/sl\/storitve\/katalog\/\" \/>\n<meta property=\"og:site_name\" content=\"BLECHA\" \/>\n<meta property=\"article:modified_time\" content=\"2022-04-25T07:12:50+00:00\" \/>\n<meta property=\"og:image\" content=\"https:\/\/www.blecha.at\/wp-content\/uploads\/2021\/03\/blecha-katalog-thumbnail.jpg\" \/>\n\t<meta property=\"og:image:width\" content=\"1600\" \/>\n\t<meta property=\"og:image:height\" content=\"1600\" \/>\n\t<meta property=\"og:image:type\" content=\"image\/jpeg\" \/>\n<meta name=\"twitter:card\" content=\"summary_large_image\" \/>\n<meta name=\"twitter:label1\" content=\"Est. reading time\" \/>\n\t<meta name=\"twitter:data1\" content=\"1 minuta\" \/>\n<script type=\"application\/ld+json\" class=\"yoast-schema-graph\">{\"@context\":\"https:\\\/\\\/schema.org\",\"@graph\":[{\"@type\":\"WebPage\",\"@id\":\"https:\\\/\\\/www.blecha.at\\\/sl\\\/storitve\\\/katalog\\\/\",\"url\":\"https:\\\/\\\/www.blecha.at\\\/sl\\\/storitve\\\/katalog\\\/\",\"name\":\"Katalog | BLECHA\",\"isPartOf\":{\"@id\":\"https:\\\/\\\/www.blecha.at\\\/#website\"},\"primaryImageOfPage\":{\"@id\":\"https:\\\/\\\/www.blecha.at\\\/sl\\\/storitve\\\/katalog\\\/#primaryimage\"},\"image\":{\"@id\":\"https:\\\/\\\/www.blecha.at\\\/sl\\\/storitve\\\/katalog\\\/#primaryimage\"},\"thumbnailUrl\":\"https:\\\/\\\/www.blecha.at\\\/wp-content\\\/uploads\\\/2021\\\/03\\\/blecha-katalog-thumbnail.jpg\",\"datePublished\":\"2021-01-26T15:34:48+00:00\",\"dateModified\":\"2022-04-25T07:12:50+00:00\",\"description\":\"Samo z enim klikom lahko dostopate do celotne ponudbe izdelkov BLECHA. Naro\u010dite na\u0161 katalog v tiskani obliki ali si ga prenesite v formatu PDF na svoj ra\u010dunalnik.\",\"breadcrumb\":{\"@id\":\"https:\\\/\\\/www.blecha.at\\\/sl\\\/storitve\\\/katalog\\\/#breadcrumb\"},\"inLanguage\":\"sl-SI\",\"potentialAction\":[{\"@type\":\"ReadAction\",\"target\":[\"https:\\\/\\\/www.blecha.at\\\/sl\\\/storitve\\\/katalog\\\/\"]}]},{\"@type\":\"ImageObject\",\"inLanguage\":\"sl-SI\",\"@id\":\"https:\\\/\\\/www.blecha.at\\\/sl\\\/storitve\\\/katalog\\\/#primaryimage\",\"url\":\"https:\\\/\\\/www.blecha.at\\\/wp-content\\\/uploads\\\/2021\\\/03\\\/blecha-katalog-thumbnail.jpg\",\"contentUrl\":\"https:\\\/\\\/www.blecha.at\\\/wp-content\\\/uploads\\\/2021\\\/03\\\/blecha-katalog-thumbnail.jpg\",\"width\":1600,\"height\":1600},{\"@type\":\"BreadcrumbList\",\"@id\":\"https:\\\/\\\/www.blecha.at\\\/sl\\\/storitve\\\/katalog\\\/#breadcrumb\",\"itemListElement\":[{\"@type\":\"ListItem\",\"position\":1,\"name\":\"Home\",\"item\":\"https:\\\/\\\/www.blecha.at\\\/sl\\\/\"},{\"@type\":\"ListItem\",\"position\":2,\"name\":\"Storitve\",\"item\":\"https:\\\/\\\/www.blecha.at\\\/sl\\\/storitve\\\/\"},{\"@type\":\"ListItem\",\"position\":3,\"name\":\"Katalog\"}]},{\"@type\":\"WebSite\",\"@id\":\"https:\\\/\\\/www.blecha.at\\\/#website\",\"url\":\"https:\\\/\\\/www.blecha.at\\\/\",\"name\":\"BLECHA\",\"description\":\"Eine weitere WordPress-Website\",\"potentialAction\":[{\"@type\":\"SearchAction\",\"target\":{\"@type\":\"EntryPoint\",\"urlTemplate\":\"https:\\\/\\\/www.blecha.at\\\/?s={search_term_string}\"},\"query-input\":{\"@type\":\"PropertyValueSpecification\",\"valueRequired\":true,\"valueName\":\"search_term_string\"}}],\"inLanguage\":\"sl-SI\"}]}<\/script>\n<!-- \/ Yoast SEO plugin. -->","yoast_head_json":{"title":"Katalog | BLECHA","description":"Samo z enim klikom lahko dostopate do celotne ponudbe izdelkov BLECHA. Naro\u010dite na\u0161 katalog v tiskani obliki ali si ga prenesite v formatu PDF na svoj ra\u010dunalnik.","robots":{"index":"index","follow":"follow","max-snippet":"max-snippet:-1","max-image-preview":"max-image-preview:large","max-video-preview":"max-video-preview:-1"},"canonical":"https:\/\/www.blecha.at\/sl\/storitve\/katalog\/","og_locale":"sl_SI","og_type":"article","og_title":"Katalog | BLECHA","og_description":"Samo z enim klikom lahko dostopate do celotne ponudbe izdelkov BLECHA. Naro\u010dite na\u0161 katalog v tiskani obliki ali si ga prenesite v formatu PDF na svoj ra\u010dunalnik.","og_url":"https:\/\/www.blecha.at\/sl\/storitve\/katalog\/","og_site_name":"BLECHA","article_modified_time":"2022-04-25T07:12:50+00:00","og_image":[{"width":1600,"height":1600,"url":"https:\/\/www.blecha.at\/wp-content\/uploads\/2021\/03\/blecha-katalog-thumbnail.jpg","type":"image\/jpeg"}],"twitter_card":"summary_large_image","twitter_misc":{"Est. reading time":"1 minuta"},"schema":{"@context":"https:\/\/schema.org","@graph":[{"@type":"WebPage","@id":"https:\/\/www.blecha.at\/sl\/storitve\/katalog\/","url":"https:\/\/www.blecha.at\/sl\/storitve\/katalog\/","name":"Katalog | BLECHA","isPartOf":{"@id":"https:\/\/www.blecha.at\/#website"},"primaryImageOfPage":{"@id":"https:\/\/www.blecha.at\/sl\/storitve\/katalog\/#primaryimage"},"image":{"@id":"https:\/\/www.blecha.at\/sl\/storitve\/katalog\/#primaryimage"},"thumbnailUrl":"https:\/\/www.blecha.at\/wp-content\/uploads\/2021\/03\/blecha-katalog-thumbnail.jpg","datePublished":"2021-01-26T15:34:48+00:00","dateModified":"2022-04-25T07:12:50+00:00","description":"Samo z enim klikom lahko dostopate do celotne ponudbe izdelkov BLECHA. Naro\u010dite na\u0161 katalog v tiskani obliki ali si ga prenesite v formatu PDF na svoj ra\u010dunalnik.","breadcrumb":{"@id":"https:\/\/www.blecha.at\/sl\/storitve\/katalog\/#breadcrumb"},"inLanguage":"sl-SI","potentialAction":[{"@type":"ReadAction","target":["https:\/\/www.blecha.at\/sl\/storitve\/katalog\/"]}]},{"@type":"ImageObject","inLanguage":"sl-SI","@id":"https:\/\/www.blecha.at\/sl\/storitve\/katalog\/#primaryimage","url":"https:\/\/www.blecha.at\/wp-content\/uploads\/2021\/03\/blecha-katalog-thumbnail.jpg","contentUrl":"https:\/\/www.blecha.at\/wp-content\/uploads\/2021\/03\/blecha-katalog-thumbnail.jpg","width":1600,"height":1600},{"@type":"BreadcrumbList","@id":"https:\/\/www.blecha.at\/sl\/storitve\/katalog\/#breadcrumb","itemListElement":[{"@type":"ListItem","position":1,"name":"Home","item":"https:\/\/www.blecha.at\/sl\/"},{"@type":"ListItem","position":2,"name":"Storitve","item":"https:\/\/www.blecha.at\/sl\/storitve\/"},{"@type":"ListItem","position":3,"name":"Katalog"}]},{"@type":"WebSite","@id":"https:\/\/www.blecha.at\/#website","url":"https:\/\/www.blecha.at\/","name":"BLECHA","description":"Eine weitere WordPress-Website","potentialAction":[{"@type":"SearchAction","target":{"@type":"EntryPoint","urlTemplate":"https:\/\/www.blecha.at\/?s={search_term_string}"},"query-input":{"@type":"PropertyValueSpecification","valueRequired":true,"valueName":"search_term_string"}}],"inLanguage":"sl-SI"}]}},"_links":{"self":[{"href":"https:\/\/www.blecha.at\/sl\/wp-json\/wp\/v2\/pages\/4751","targetHints":{"allow":["GET"]}}],"collection":[{"href":"https:\/\/www.blecha.at\/sl\/wp-json\/wp\/v2\/pages"}],"about":[{"href":"https:\/\/www.blecha.at\/sl\/wp-json\/wp\/v2\/types\/page"}],"author":[{"embeddable":true,"href":"https:\/\/www.blecha.at\/sl\/wp-json\/wp\/v2\/users\/2"}],"replies":[{"embeddable":true,"href":"https:\/\/www.blecha.at\/sl\/wp-json\/wp\/v2\/comments?post=4751"}],"version-history":[{"count":3,"href":"https:\/\/www.blecha.at\/sl\/wp-json\/wp\/v2\/pages\/4751\/revisions"}],"predecessor-version":[{"id":14809,"href":"https:\/\/www.blecha.at\/sl\/wp-json\/wp\/v2\/pages\/4751\/revisions\/14809"}],"up":[{"embeddable":true,"href":"https:\/\/www.blecha.at\/sl\/wp-json\/wp\/v2\/pages\/4613"}],"wp:featuredmedia":[{"embeddable":true,"href":"https:\/\/www.blecha.at\/sl\/wp-json\/wp\/v2\/media\/4753"}],"wp:attachment":[{"href":"https:\/\/www.blecha.at\/sl\/wp-json\/wp\/v2\/media?parent=4751"}],"curies":[{"name":"wp","href":"https:\/\/api.w.org\/{rel}","templated":true}]}}