{"id":4846,"date":"2021-01-22T21:59:01","date_gmt":"2021-01-22T20:59:01","guid":{"rendered":"https:\/\/www.blecha.at\/storitve\/legierungen\/"},"modified":"2021-12-15T10:56:22","modified_gmt":"2021-12-15T09:56:22","slug":"zlitine","status":"publish","type":"page","link":"https:\/\/www.blecha.at\/sl\/storitve\/zlitine\/","title":{"rendered":"Zlitine"},"content":{"rendered":"\n<section id=\"sectionTwo\" class=\"mt-lg-n11 py-8 py-md-11 px-lg-9 border-left border-right border-right-lg-none bg-white\">\n\n\n<div class=\"wp-bootstrap-blocks-container container-fluid mb-0\">\n\t\n<div class=\"wp-bootstrap-blocks-row row mx-auto\">\n\t\n\n<div class=\"col-12 col-md-10\">\n\t\t\t\n\n<h2 class=\"text-secondary scroll-fade-bottom-up visibility-hidden wp-block-heading\">Vse je odvisno od pravilne kombinacije zmesi.<\/h2>\n\n\n\n<p class=\"scroll-fade-bottom-up visibility-hidden\">Ne glede na to, da ima aluminij \u0161tevilne razli\u010dne lastnosti, z ustreznimi zlitinami postane vsak izdelek iz aluminija unikat. Ne glede na namen in obliko izdelka. Posvetujte se z na\u0161imi prodajnimi svetovalci o izbiri uporabe primerne zlitine, zagotovo bomo na\u0161li optimalno re\u0161itev za vas. Primerna izbira zlitine je predvsem odvisna od tega, za kak\u0161ne namene se bodo posamezni izdelki uporabljali. Toda prav te raznolike mo\u017enosti nam omogo\u010dajo, da vam v okviru na\u0161ega prodajnega programa BLECHA zagotovimo \u0161irok nabor optimalnih zlitin. Seveda z veseljem izpolnjujemo tudi individualne zahteve glede uporabe zlitin. Kontaktirajte nas prek kontaktnega obrazca, na\u0161i usposobljeni strokovnjaki vam bodo z veseljem pomagali pri izbiri va\u0161e edinstvene aluminijeve zlitine.<\/p>\n\n\t<\/div>\n\n<\/div>\n\n<\/div>\n\n\n\n<\/section>\n\n\n\n<section data-jarallax=\"\" data-speed=\".8\" class=\"py-12 py-md-13 overlay overlay-black overlay-40 bg-cover jarallax\" style=\"background-image: url(\/wp-content\/uploads\/2021\/01\/blecha-aluminium-profile.jpg);\">\n  <div class=\"container\">\n    <div class=\"row mx-auto\">\n      <div class=\"col-12 col-md-10\">\n        <!-- Blockquote -->\n        <blockquote class=\"blockquote mb-0\"> \n          \n          <!-- Text -->\n          <p class=\"h2 text-white text-left font-regular scroll-fade-bottom-up visibility-hidden\">S pomo\u010djo BLECHE je vse mogo\u010de. Pokazali vam bomo, katere zlitine se uporabljajo za posamezne profile.<\/p>\n\n\n\n<div class=\"wp-block-file btn btn-secondary mt-4 scroll-fade-bottom-up visibility-hidden\"><a href=\"https:\/\/www.blecha.at\/wp-content\/uploads\/2021\/03\/Umschlag-Katalog-2021_DE_EN.pdf\">Odpri tabelo zlitin<\/a><\/div>\n\n\n\n<\/blockquote>\n      <\/div>\n    <\/div>\n  <\/div>\n<\/section>\n","protected":false},"excerpt":{"rendered":"S pomo\u010djo BLECHE je vse mogo\u010de. Pokazali vam bomo, katere zlitine se uporabljajo za posamezne profile.","protected":false},"author":2,"featured_media":4848,"parent":4613,"menu_order":0,"comment_status":"closed","ping_status":"closed","template":"page-leistungen.php","meta":{"_acf_changed":false,"footnotes":""},"class_list":["post-4846","page","type-page","status-publish","has-post-thumbnail","hentry"],"acf":[],"yoast_head":"<!-- This site is optimized with the Yoast SEO plugin v27.3 - https:\/\/yoast.com\/product\/yoast-seo-wordpress\/ -->\n<title>Zlitine | BLECHA<\/title>\n<meta name=\"description\" content=\"Ne glede na to, da ima aluminij \u0161tevilne razli\u010dne lastnosti, z ustreznimi zlitinami postane vsak izdelek iz aluminija unikat. Ne glede na namen in obliko izdelka. Posvetujte se z na\u0161imi prodajnimi svetovalci o izbiri uporabe primerne zlitine, zagotovo bomo na\u0161li optimalno re\u0161itev za vas.\" \/>\n<meta name=\"robots\" content=\"index, follow, max-snippet:-1, max-image-preview:large, max-video-preview:-1\" \/>\n<link rel=\"canonical\" href=\"https:\/\/www.blecha.at\/sl\/storitve\/zlitine\/\" \/>\n<meta property=\"og:locale\" content=\"sl_SI\" \/>\n<meta property=\"og:type\" content=\"article\" \/>\n<meta property=\"og:title\" content=\"Zlitine | BLECHA\" \/>\n<meta property=\"og:description\" content=\"Ne glede na to, da ima aluminij \u0161tevilne razli\u010dne lastnosti, z ustreznimi zlitinami postane vsak izdelek iz aluminija unikat. Ne glede na namen in obliko izdelka. Posvetujte se z na\u0161imi prodajnimi svetovalci o izbiri uporabe primerne zlitine, zagotovo bomo na\u0161li optimalno re\u0161itev za vas.\" \/>\n<meta property=\"og:url\" content=\"https:\/\/www.blecha.at\/sl\/storitve\/zlitine\/\" \/>\n<meta property=\"og:site_name\" content=\"BLECHA\" \/>\n<meta property=\"article:modified_time\" content=\"2021-12-15T09:56:22+00:00\" \/>\n<meta property=\"og:image\" content=\"https:\/\/www.blecha.at\/wp-content\/uploads\/2021\/03\/blecha-legierungen-1-thumbnail.jpg\" \/>\n\t<meta property=\"og:image:width\" content=\"1600\" \/>\n\t<meta property=\"og:image:height\" content=\"1600\" \/>\n\t<meta property=\"og:image:type\" content=\"image\/jpeg\" \/>\n<meta name=\"twitter:card\" content=\"summary_large_image\" \/>\n<meta name=\"twitter:label1\" content=\"Est. reading time\" \/>\n\t<meta name=\"twitter:data1\" content=\"1 minuta\" \/>\n<script type=\"application\/ld+json\" class=\"yoast-schema-graph\">{\"@context\":\"https:\\\/\\\/schema.org\",\"@graph\":[{\"@type\":\"WebPage\",\"@id\":\"https:\\\/\\\/www.blecha.at\\\/sl\\\/storitve\\\/zlitine\\\/\",\"url\":\"https:\\\/\\\/www.blecha.at\\\/sl\\\/storitve\\\/zlitine\\\/\",\"name\":\"Zlitine | BLECHA\",\"isPartOf\":{\"@id\":\"https:\\\/\\\/www.blecha.at\\\/#website\"},\"primaryImageOfPage\":{\"@id\":\"https:\\\/\\\/www.blecha.at\\\/sl\\\/storitve\\\/zlitine\\\/#primaryimage\"},\"image\":{\"@id\":\"https:\\\/\\\/www.blecha.at\\\/sl\\\/storitve\\\/zlitine\\\/#primaryimage\"},\"thumbnailUrl\":\"https:\\\/\\\/www.blecha.at\\\/wp-content\\\/uploads\\\/2021\\\/03\\\/blecha-legierungen-1-thumbnail.jpg\",\"datePublished\":\"2021-01-22T20:59:01+00:00\",\"dateModified\":\"2021-12-15T09:56:22+00:00\",\"description\":\"Ne glede na to, da ima aluminij \u0161tevilne razli\u010dne lastnosti, z ustreznimi zlitinami postane vsak izdelek iz aluminija unikat. Ne glede na namen in obliko izdelka. Posvetujte se z na\u0161imi prodajnimi svetovalci o izbiri uporabe primerne zlitine, zagotovo bomo na\u0161li optimalno re\u0161itev za vas.\",\"breadcrumb\":{\"@id\":\"https:\\\/\\\/www.blecha.at\\\/sl\\\/storitve\\\/zlitine\\\/#breadcrumb\"},\"inLanguage\":\"sl-SI\",\"potentialAction\":[{\"@type\":\"ReadAction\",\"target\":[\"https:\\\/\\\/www.blecha.at\\\/sl\\\/storitve\\\/zlitine\\\/\"]}]},{\"@type\":\"ImageObject\",\"inLanguage\":\"sl-SI\",\"@id\":\"https:\\\/\\\/www.blecha.at\\\/sl\\\/storitve\\\/zlitine\\\/#primaryimage\",\"url\":\"https:\\\/\\\/www.blecha.at\\\/wp-content\\\/uploads\\\/2021\\\/03\\\/blecha-legierungen-1-thumbnail.jpg\",\"contentUrl\":\"https:\\\/\\\/www.blecha.at\\\/wp-content\\\/uploads\\\/2021\\\/03\\\/blecha-legierungen-1-thumbnail.jpg\",\"width\":1600,\"height\":1600},{\"@type\":\"BreadcrumbList\",\"@id\":\"https:\\\/\\\/www.blecha.at\\\/sl\\\/storitve\\\/zlitine\\\/#breadcrumb\",\"itemListElement\":[{\"@type\":\"ListItem\",\"position\":1,\"name\":\"Home\",\"item\":\"https:\\\/\\\/www.blecha.at\\\/sl\\\/\"},{\"@type\":\"ListItem\",\"position\":2,\"name\":\"Storitve\",\"item\":\"https:\\\/\\\/www.blecha.at\\\/sl\\\/storitve\\\/\"},{\"@type\":\"ListItem\",\"position\":3,\"name\":\"Zlitine\"}]},{\"@type\":\"WebSite\",\"@id\":\"https:\\\/\\\/www.blecha.at\\\/#website\",\"url\":\"https:\\\/\\\/www.blecha.at\\\/\",\"name\":\"BLECHA\",\"description\":\"Eine weitere WordPress-Website\",\"potentialAction\":[{\"@type\":\"SearchAction\",\"target\":{\"@type\":\"EntryPoint\",\"urlTemplate\":\"https:\\\/\\\/www.blecha.at\\\/?s={search_term_string}\"},\"query-input\":{\"@type\":\"PropertyValueSpecification\",\"valueRequired\":true,\"valueName\":\"search_term_string\"}}],\"inLanguage\":\"sl-SI\"}]}<\/script>\n<!-- \/ Yoast SEO plugin. -->","yoast_head_json":{"title":"Zlitine | BLECHA","description":"Ne glede na to, da ima aluminij \u0161tevilne razli\u010dne lastnosti, z ustreznimi zlitinami postane vsak izdelek iz aluminija unikat. Ne glede na namen in obliko izdelka. Posvetujte se z na\u0161imi prodajnimi svetovalci o izbiri uporabe primerne zlitine, zagotovo bomo na\u0161li optimalno re\u0161itev za vas.","robots":{"index":"index","follow":"follow","max-snippet":"max-snippet:-1","max-image-preview":"max-image-preview:large","max-video-preview":"max-video-preview:-1"},"canonical":"https:\/\/www.blecha.at\/sl\/storitve\/zlitine\/","og_locale":"sl_SI","og_type":"article","og_title":"Zlitine | BLECHA","og_description":"Ne glede na to, da ima aluminij \u0161tevilne razli\u010dne lastnosti, z ustreznimi zlitinami postane vsak izdelek iz aluminija unikat. Ne glede na namen in obliko izdelka. Posvetujte se z na\u0161imi prodajnimi svetovalci o izbiri uporabe primerne zlitine, zagotovo bomo na\u0161li optimalno re\u0161itev za vas.","og_url":"https:\/\/www.blecha.at\/sl\/storitve\/zlitine\/","og_site_name":"BLECHA","article_modified_time":"2021-12-15T09:56:22+00:00","og_image":[{"width":1600,"height":1600,"url":"https:\/\/www.blecha.at\/wp-content\/uploads\/2021\/03\/blecha-legierungen-1-thumbnail.jpg","type":"image\/jpeg"}],"twitter_card":"summary_large_image","twitter_misc":{"Est. reading time":"1 minuta"},"schema":{"@context":"https:\/\/schema.org","@graph":[{"@type":"WebPage","@id":"https:\/\/www.blecha.at\/sl\/storitve\/zlitine\/","url":"https:\/\/www.blecha.at\/sl\/storitve\/zlitine\/","name":"Zlitine | BLECHA","isPartOf":{"@id":"https:\/\/www.blecha.at\/#website"},"primaryImageOfPage":{"@id":"https:\/\/www.blecha.at\/sl\/storitve\/zlitine\/#primaryimage"},"image":{"@id":"https:\/\/www.blecha.at\/sl\/storitve\/zlitine\/#primaryimage"},"thumbnailUrl":"https:\/\/www.blecha.at\/wp-content\/uploads\/2021\/03\/blecha-legierungen-1-thumbnail.jpg","datePublished":"2021-01-22T20:59:01+00:00","dateModified":"2021-12-15T09:56:22+00:00","description":"Ne glede na to, da ima aluminij \u0161tevilne razli\u010dne lastnosti, z ustreznimi zlitinami postane vsak izdelek iz aluminija unikat. Ne glede na namen in obliko izdelka. Posvetujte se z na\u0161imi prodajnimi svetovalci o izbiri uporabe primerne zlitine, zagotovo bomo na\u0161li optimalno re\u0161itev za vas.","breadcrumb":{"@id":"https:\/\/www.blecha.at\/sl\/storitve\/zlitine\/#breadcrumb"},"inLanguage":"sl-SI","potentialAction":[{"@type":"ReadAction","target":["https:\/\/www.blecha.at\/sl\/storitve\/zlitine\/"]}]},{"@type":"ImageObject","inLanguage":"sl-SI","@id":"https:\/\/www.blecha.at\/sl\/storitve\/zlitine\/#primaryimage","url":"https:\/\/www.blecha.at\/wp-content\/uploads\/2021\/03\/blecha-legierungen-1-thumbnail.jpg","contentUrl":"https:\/\/www.blecha.at\/wp-content\/uploads\/2021\/03\/blecha-legierungen-1-thumbnail.jpg","width":1600,"height":1600},{"@type":"BreadcrumbList","@id":"https:\/\/www.blecha.at\/sl\/storitve\/zlitine\/#breadcrumb","itemListElement":[{"@type":"ListItem","position":1,"name":"Home","item":"https:\/\/www.blecha.at\/sl\/"},{"@type":"ListItem","position":2,"name":"Storitve","item":"https:\/\/www.blecha.at\/sl\/storitve\/"},{"@type":"ListItem","position":3,"name":"Zlitine"}]},{"@type":"WebSite","@id":"https:\/\/www.blecha.at\/#website","url":"https:\/\/www.blecha.at\/","name":"BLECHA","description":"Eine weitere WordPress-Website","potentialAction":[{"@type":"SearchAction","target":{"@type":"EntryPoint","urlTemplate":"https:\/\/www.blecha.at\/?s={search_term_string}"},"query-input":{"@type":"PropertyValueSpecification","valueRequired":true,"valueName":"search_term_string"}}],"inLanguage":"sl-SI"}]}},"_links":{"self":[{"href":"https:\/\/www.blecha.at\/sl\/wp-json\/wp\/v2\/pages\/4846","targetHints":{"allow":["GET"]}}],"collection":[{"href":"https:\/\/www.blecha.at\/sl\/wp-json\/wp\/v2\/pages"}],"about":[{"href":"https:\/\/www.blecha.at\/sl\/wp-json\/wp\/v2\/types\/page"}],"author":[{"embeddable":true,"href":"https:\/\/www.blecha.at\/sl\/wp-json\/wp\/v2\/users\/2"}],"replies":[{"embeddable":true,"href":"https:\/\/www.blecha.at\/sl\/wp-json\/wp\/v2\/comments?post=4846"}],"version-history":[{"count":4,"href":"https:\/\/www.blecha.at\/sl\/wp-json\/wp\/v2\/pages\/4846\/revisions"}],"predecessor-version":[{"id":12846,"href":"https:\/\/www.blecha.at\/sl\/wp-json\/wp\/v2\/pages\/4846\/revisions\/12846"}],"up":[{"embeddable":true,"href":"https:\/\/www.blecha.at\/sl\/wp-json\/wp\/v2\/pages\/4613"}],"wp:featuredmedia":[{"embeddable":true,"href":"https:\/\/www.blecha.at\/sl\/wp-json\/wp\/v2\/media\/4848"}],"wp:attachment":[{"href":"https:\/\/www.blecha.at\/sl\/wp-json\/wp\/v2\/media?parent=4846"}],"curies":[{"name":"wp","href":"https:\/\/api.w.org\/{rel}","templated":true}]}}