{"id":4985,"date":"2021-01-22T16:35:16","date_gmt":"2021-01-22T15:35:16","guid":{"rendered":"https:\/\/www.blecha.at\/storitve\/oberflaechenveredelung\/"},"modified":"2021-12-20T15:46:00","modified_gmt":"2021-12-20T14:46:00","slug":"povrsinskaobdelavaaluminija","status":"publish","type":"page","link":"https:\/\/www.blecha.at\/sl\/storitve\/povrsinskaobdelavaaluminija\/","title":{"rendered":"Povr\u0161inska obdelava aluminija"},"content":{"rendered":"\n<section id=\"sectionTwo\" class=\"mt-lg-n11 py-8 py-md-11 px-lg-9 border-left border-right border-right-lg-none bg-white\">\n\n\n<div class=\"wp-bootstrap-blocks-container container-fluid mb-0\">\n\t\n<div class=\"wp-bootstrap-blocks-row row mx-auto\">\n\t\n\n<div class=\"col-12 col-md-10\">\n\t\t\t\n\n<h2 class=\"text-secondary scroll-fade-bottom-up visibility-hidden wp-block-heading\">Estetska dovr\u0161enost.<\/h2>\n\n\n\n<p class=\"mb-7 mb-md-7 scroll-fade-bottom-up visibility-hidden\">Povr\u0161inska obdelava je postopek, ki zdru\u017euje estetiko in funkcionalnost in je namenjena prav posebnim izdelkom iz aluminija. Posvetujte se z nami v zvezi z mo\u017enostjo povr\u0161inske obdelave aluminija. Va\u0161e stranke bodo navdu\u0161ene nad rezultati.<\/p>\n\n\t<\/div>\n\n\n\n<div class=\"col-12\">\n\t\t\t\n\n<h4 class=\"scroll-fade-bottom-up visibility-hidden wp-block-heading\">Nudimo naslednje povr\u0161inske obdelave izdelkov<\/h4>\n\n\n\n<hr class=\"wp-block-separator is-style-wide my-5\"\/>\n\n\n<div class=\"wp-bootstrap-blocks-row row\">\n\t\n\n<div class=\"col-12 col-md-4\">\n\t\t\t\n\n<div class=\"d-flex text-left scroll-fade-bottom-up visibility-hidden\">\n<div class=\"badge badge-rounded-circle badge-primary-soft mt-1 mr-4\">\n<i class=\"fe fe-check\"><\/i>\n<\/div><p class=\"text-primary\">eloksacija aluminija<\/p><\/div>\n\n\t<\/div>\n\n\n\n<div class=\"col-12 col-md-4\">\n\t\t\t\n\n<div class=\"d-flex text-left scroll-fade-bottom-up visibility-hidden\">\n<div class=\"badge badge-rounded-circle badge-primary-soft mt-1 mr-4\">\n<i class=\"fe fe-check\"><\/i>\n<\/div><p class=\"text-primary\">pra\u0161no barvanje<\/p><\/div>\n\n\t<\/div>\n\n\n\n<div class=\"col-12 col-md-4\">\n\t\t\t\n\n<div class=\"d-flex text-left scroll-fade-bottom-up visibility-hidden\">\n<div class=\"badge badge-rounded-circle badge-primary-soft mt-1 mr-4\">\n<i class=\"fe fe-check\"><\/i>\n<\/div><p class=\"text-primary\">povr\u0161inska obdelava povr\u0161in za posebne namene (dekorativna povr\u0161inska obdelava ograjnih sistemov in balkonskih ograj iz aluminija s posebnimi u\u010dinki v videzu lesa)<\/p><\/div>\n\n\t<\/div>\n\n<\/div>\n\n\t<\/div>\n\n<\/div>\n\n<\/div>\n\n\n\n<\/section>\n\n\n\n<section data-jarallax=\"\" data-speed=\".8\" class=\"py-12 py-md-13 overlay overlay-black overlay-40 bg-cover jarallax\" style=\"background-image: url(\/wp-content\/uploads\/2021\/08\/blecha-oberflaechenveredelung-2.jpg);\">\n  <div class=\"container\">\n    <div class=\"row mx-auto\">\n      <div class=\"col-12 col-md-10\"> \n        \n        <!-- Blockquote -->\n        <blockquote class=\"blockquote mb-0\"> \n          \n          <!-- Text -->\n          <p class=\"h2 text-white text-left font-regular scroll-fade-bottom-up visibility-hidden\">&#8220;Za povr\u0161inske obdelave aluminija uporabljamo izklju\u010dno izdelke in tehnike zaupanja vrednih dobaviteljev, s katerimi s ponosom gojimo dolgoro\u010dne poslovne odnose.&#8221;<\/p>\n          \n          <!-- Footer -->\n          <footer class=\"blockquote-footer text-white-50 mb-0 scroll-fade-bottom-up visibility-hidden\">BLECHA<\/footer>\n        <\/blockquote>\n      <\/div>\n    <\/div>\n  <\/div>\n<\/section>\n\n\n\n<section class=\"py-8 py-md-11 px-lg-9 border-left border-right border-right-lg-none bg-white\">\n\n\n<div class=\"wp-bootstrap-blocks-container container-fluid mb-0\">\n\t\n<div class=\"wp-bootstrap-blocks-row row mx-auto\">\n\t\n\n<div class=\"col-12 col-md-10\">\n\t\t\t\n\n<h2 class=\"text-secondary scroll-fade-bottom-up visibility-hidden wp-block-heading\">Zaloga izdelkov iz aluminija \u2013 eloksirani in pra\u0161no lakirani izdelki<\/h2>\n\n\n\n<p class=\"mb-7 mb-md-7 scroll-fade-bottom-up visibility-hidden\">Na zalogi imamo tudi povr\u0161insko obdelane U-profile in kotne profile standardnih dimenzij. V nadaljevanju predstavljamo na\u0161o ponudbo izdelkov:<\/p>\n\n\n<div class=\"wp-bootstrap-blocks-row row\">\n\t\n\n<div class=\"col-12 col-md-4\">\n\t\t\t\n\n<div class=\"d-flex text-left scroll-fade-bottom-up visibility-hidden\">\n<div class=\"badge badge-rounded-circle badge-primary-soft mt-1 mr-4\">\n<i class=\"fe fe-check\"><\/i>\n<\/div><p class=\"text-primary\">Kotni profil naravno eloksiran A6\/C0<\/p><\/div>\n\n\t<\/div>\n\n\n\n<div class=\"col-12 col-md-4\">\n\t\t\t\n\n<div class=\"d-flex text-left scroll-fade-bottom-up visibility-hidden\">\n<div class=\"badge badge-rounded-circle badge-primary-soft mt-1 mr-4\">\n<i class=\"fe fe-check\"><\/i>\n<\/div><p class=\"text-primary\">Kotni profil eloksiran v videzu nerjave\u010dega jekla<\/p><\/div>\n\n\t<\/div>\n\n\n\n<div class=\"col-12 col-md-4\">\n\t\t\t\n\n<div class=\"d-flex text-left scroll-fade-bottom-up visibility-hidden\">\n<div class=\"badge badge-rounded-circle badge-primary-soft mt-1 mr-4\">\n<i class=\"fe fe-check\"><\/i>\n<\/div><p class=\"text-primary\">Kotni profili pra\u0161no barvani RAL 9010<\/p><\/div>\n\n\t<\/div>\n\n\n\n<div class=\"col-12 col-md-4\">\n\t\t\t\n\n<div class=\"d-flex text-left scroll-fade-bottom-up visibility-hidden\">\n<div class=\"badge badge-rounded-circle badge-primary-soft mt-1 mr-4\">\n<i class=\"fe fe-check\"><\/i>\n<\/div><p class=\"text-primary\">U-profili naravno eloksirani A6\/C0<\/p><\/div>\n\n\t<\/div>\n\n\n\n<div class=\"col-12 col-md-4\">\n\t\t\t\n\n<div class=\"d-flex text-left scroll-fade-bottom-up visibility-hidden\">\n<div class=\"badge badge-rounded-circle badge-primary-soft mt-1 mr-4\">\n<i class=\"fe fe-check\"><\/i>\n<\/div><p class=\"text-primary\">U-profili, eloksirani v videzu nerjave\u010dega jekla<\/p><\/div>\n\n\t<\/div>\n\n\n\n<div class=\"col-12 col-md-4\">\n\t\t\t\n\n<div class=\"d-flex text-left scroll-fade-bottom-up visibility-hidden\">\n<div class=\"badge badge-rounded-circle badge-primary-soft mt-1 mr-4\">\n<i class=\"fe fe-check\"><\/i>\n<\/div><p class=\"text-primary\">U-profili pra\u0161no barvani RAL 9010<\/p><\/div>\n\n\t<\/div>\n\n\n\n<div class=\"col-12 col-md-4\">\n\t\t\t\n\n<div class=\"d-flex text-left scroll-fade-bottom-up visibility-hidden\">\n<div class=\"badge badge-rounded-circle badge-primary-soft mt-1 mr-4\">\n<i class=\"fe fe-check\"><\/i>\n<\/div><p class=\"text-primary\">U-profili eloksirani s sijajem E8\/C0 (visok sijaj)<\/p><\/div>\n\n\t<\/div>\n\n<\/div>\n\n\t<\/div>\n\n<\/div>\n\n<\/div>\n\n\n\n<\/section>\n","protected":false},"excerpt":{"rendered":"&#8220;Za povr\u0161inske obdelave aluminija uporabljamo izklju\u010dno izdelke in tehnike zaupanja vrednih dobaviteljev, s katerimi s ponosom gojimo dolgoro\u010dne poslovne odnose.&#8221; BLECHA","protected":false},"author":2,"featured_media":4987,"parent":4613,"menu_order":0,"comment_status":"closed","ping_status":"closed","template":"page-leistungen.php","meta":{"_acf_changed":false,"footnotes":""},"class_list":["post-4985","page","type-page","status-publish","has-post-thumbnail","hentry"],"acf":[],"yoast_head":"<!-- This site is optimized with the Yoast SEO plugin v27.3 - https:\/\/yoast.com\/product\/yoast-seo-wordpress\/ -->\n<title>Povr\u0161inska obdelava aluminija \u2013 eloksacija in pra\u0161no lakiranje | BLECHA<\/title>\n<meta name=\"description\" content=\"Nudimo povr\u0161insko obdelavo izdelkov, in sicer: eloksacijo in pra\u0161no lakiranje izdelkov iz aluminija ter povr\u0161insko obdelavo povr\u0161in za posebne namene (dekorativna povr\u0161inska obdelava ograjnih sistemov in balkonskih ograj iz aluminija s posebnimi u\u010dinki v videzu lesa).\" \/>\n<meta name=\"robots\" content=\"index, follow, max-snippet:-1, max-image-preview:large, max-video-preview:-1\" \/>\n<link rel=\"canonical\" href=\"https:\/\/www.blecha.at\/sl\/storitve\/povrsinskaobdelavaaluminija\/\" \/>\n<meta property=\"og:locale\" content=\"sl_SI\" \/>\n<meta property=\"og:type\" content=\"article\" \/>\n<meta property=\"og:title\" content=\"Povr\u0161inska obdelava aluminija \u2013 eloksacija in pra\u0161no lakiranje | BLECHA\" \/>\n<meta property=\"og:description\" content=\"Nudimo povr\u0161insko obdelavo izdelkov, in sicer: eloksacijo in pra\u0161no lakiranje izdelkov iz aluminija ter povr\u0161insko obdelavo povr\u0161in za posebne namene (dekorativna povr\u0161inska obdelava ograjnih sistemov in balkonskih ograj iz aluminija s posebnimi u\u010dinki v videzu lesa).\" \/>\n<meta property=\"og:url\" content=\"https:\/\/www.blecha.at\/sl\/storitve\/povrsinskaobdelavaaluminija\/\" \/>\n<meta property=\"og:site_name\" content=\"BLECHA\" \/>\n<meta property=\"article:modified_time\" content=\"2021-12-20T14:46:00+00:00\" \/>\n<meta property=\"og:image\" content=\"https:\/\/www.blecha.at\/wp-content\/uploads\/2021\/09\/blecha-oberflaechenveredelung-thumbnail.jpg\" \/>\n\t<meta property=\"og:image:width\" content=\"1600\" \/>\n\t<meta property=\"og:image:height\" content=\"1600\" \/>\n\t<meta property=\"og:image:type\" content=\"image\/jpeg\" \/>\n<meta name=\"twitter:card\" content=\"summary_large_image\" \/>\n<meta name=\"twitter:label1\" content=\"Est. reading time\" \/>\n\t<meta name=\"twitter:data1\" content=\"1 minuta\" \/>\n<script type=\"application\/ld+json\" class=\"yoast-schema-graph\">{\"@context\":\"https:\\\/\\\/schema.org\",\"@graph\":[{\"@type\":\"WebPage\",\"@id\":\"https:\\\/\\\/www.blecha.at\\\/sl\\\/storitve\\\/povrsinskaobdelavaaluminija\\\/\",\"url\":\"https:\\\/\\\/www.blecha.at\\\/sl\\\/storitve\\\/povrsinskaobdelavaaluminija\\\/\",\"name\":\"Povr\u0161inska obdelava aluminija \u2013 eloksacija in pra\u0161no lakiranje | BLECHA\",\"isPartOf\":{\"@id\":\"https:\\\/\\\/www.blecha.at\\\/#website\"},\"primaryImageOfPage\":{\"@id\":\"https:\\\/\\\/www.blecha.at\\\/sl\\\/storitve\\\/povrsinskaobdelavaaluminija\\\/#primaryimage\"},\"image\":{\"@id\":\"https:\\\/\\\/www.blecha.at\\\/sl\\\/storitve\\\/povrsinskaobdelavaaluminija\\\/#primaryimage\"},\"thumbnailUrl\":\"https:\\\/\\\/www.blecha.at\\\/wp-content\\\/uploads\\\/2021\\\/09\\\/blecha-oberflaechenveredelung-thumbnail.jpg\",\"datePublished\":\"2021-01-22T15:35:16+00:00\",\"dateModified\":\"2021-12-20T14:46:00+00:00\",\"description\":\"Nudimo povr\u0161insko obdelavo izdelkov, in sicer: eloksacijo in pra\u0161no lakiranje izdelkov iz aluminija ter povr\u0161insko obdelavo povr\u0161in za posebne namene (dekorativna povr\u0161inska obdelava ograjnih sistemov in balkonskih ograj iz aluminija s posebnimi u\u010dinki v videzu lesa).\",\"breadcrumb\":{\"@id\":\"https:\\\/\\\/www.blecha.at\\\/sl\\\/storitve\\\/povrsinskaobdelavaaluminija\\\/#breadcrumb\"},\"inLanguage\":\"sl-SI\",\"potentialAction\":[{\"@type\":\"ReadAction\",\"target\":[\"https:\\\/\\\/www.blecha.at\\\/sl\\\/storitve\\\/povrsinskaobdelavaaluminija\\\/\"]}]},{\"@type\":\"ImageObject\",\"inLanguage\":\"sl-SI\",\"@id\":\"https:\\\/\\\/www.blecha.at\\\/sl\\\/storitve\\\/povrsinskaobdelavaaluminija\\\/#primaryimage\",\"url\":\"https:\\\/\\\/www.blecha.at\\\/wp-content\\\/uploads\\\/2021\\\/09\\\/blecha-oberflaechenveredelung-thumbnail.jpg\",\"contentUrl\":\"https:\\\/\\\/www.blecha.at\\\/wp-content\\\/uploads\\\/2021\\\/09\\\/blecha-oberflaechenveredelung-thumbnail.jpg\",\"width\":1600,\"height\":1600},{\"@type\":\"BreadcrumbList\",\"@id\":\"https:\\\/\\\/www.blecha.at\\\/sl\\\/storitve\\\/povrsinskaobdelavaaluminija\\\/#breadcrumb\",\"itemListElement\":[{\"@type\":\"ListItem\",\"position\":1,\"name\":\"Home\",\"item\":\"https:\\\/\\\/www.blecha.at\\\/sl\\\/\"},{\"@type\":\"ListItem\",\"position\":2,\"name\":\"Storitve\",\"item\":\"https:\\\/\\\/www.blecha.at\\\/sl\\\/storitve\\\/\"},{\"@type\":\"ListItem\",\"position\":3,\"name\":\"Povr\u0161inska obdelava aluminija\"}]},{\"@type\":\"WebSite\",\"@id\":\"https:\\\/\\\/www.blecha.at\\\/#website\",\"url\":\"https:\\\/\\\/www.blecha.at\\\/\",\"name\":\"BLECHA\",\"description\":\"Eine weitere WordPress-Website\",\"potentialAction\":[{\"@type\":\"SearchAction\",\"target\":{\"@type\":\"EntryPoint\",\"urlTemplate\":\"https:\\\/\\\/www.blecha.at\\\/?s={search_term_string}\"},\"query-input\":{\"@type\":\"PropertyValueSpecification\",\"valueRequired\":true,\"valueName\":\"search_term_string\"}}],\"inLanguage\":\"sl-SI\"}]}<\/script>\n<!-- \/ Yoast SEO plugin. -->","yoast_head_json":{"title":"Povr\u0161inska obdelava aluminija \u2013 eloksacija in pra\u0161no lakiranje | BLECHA","description":"Nudimo povr\u0161insko obdelavo izdelkov, in sicer: eloksacijo in pra\u0161no lakiranje izdelkov iz aluminija ter povr\u0161insko obdelavo povr\u0161in za posebne namene (dekorativna povr\u0161inska obdelava ograjnih sistemov in balkonskih ograj iz aluminija s posebnimi u\u010dinki v videzu lesa).","robots":{"index":"index","follow":"follow","max-snippet":"max-snippet:-1","max-image-preview":"max-image-preview:large","max-video-preview":"max-video-preview:-1"},"canonical":"https:\/\/www.blecha.at\/sl\/storitve\/povrsinskaobdelavaaluminija\/","og_locale":"sl_SI","og_type":"article","og_title":"Povr\u0161inska obdelava aluminija \u2013 eloksacija in pra\u0161no lakiranje | BLECHA","og_description":"Nudimo povr\u0161insko obdelavo izdelkov, in sicer: eloksacijo in pra\u0161no lakiranje izdelkov iz aluminija ter povr\u0161insko obdelavo povr\u0161in za posebne namene (dekorativna povr\u0161inska obdelava ograjnih sistemov in balkonskih ograj iz aluminija s posebnimi u\u010dinki v videzu lesa).","og_url":"https:\/\/www.blecha.at\/sl\/storitve\/povrsinskaobdelavaaluminija\/","og_site_name":"BLECHA","article_modified_time":"2021-12-20T14:46:00+00:00","og_image":[{"width":1600,"height":1600,"url":"https:\/\/www.blecha.at\/wp-content\/uploads\/2021\/09\/blecha-oberflaechenveredelung-thumbnail.jpg","type":"image\/jpeg"}],"twitter_card":"summary_large_image","twitter_misc":{"Est. reading time":"1 minuta"},"schema":{"@context":"https:\/\/schema.org","@graph":[{"@type":"WebPage","@id":"https:\/\/www.blecha.at\/sl\/storitve\/povrsinskaobdelavaaluminija\/","url":"https:\/\/www.blecha.at\/sl\/storitve\/povrsinskaobdelavaaluminija\/","name":"Povr\u0161inska obdelava aluminija \u2013 eloksacija in pra\u0161no lakiranje | BLECHA","isPartOf":{"@id":"https:\/\/www.blecha.at\/#website"},"primaryImageOfPage":{"@id":"https:\/\/www.blecha.at\/sl\/storitve\/povrsinskaobdelavaaluminija\/#primaryimage"},"image":{"@id":"https:\/\/www.blecha.at\/sl\/storitve\/povrsinskaobdelavaaluminija\/#primaryimage"},"thumbnailUrl":"https:\/\/www.blecha.at\/wp-content\/uploads\/2021\/09\/blecha-oberflaechenveredelung-thumbnail.jpg","datePublished":"2021-01-22T15:35:16+00:00","dateModified":"2021-12-20T14:46:00+00:00","description":"Nudimo povr\u0161insko obdelavo izdelkov, in sicer: eloksacijo in pra\u0161no lakiranje izdelkov iz aluminija ter povr\u0161insko obdelavo povr\u0161in za posebne namene (dekorativna povr\u0161inska obdelava ograjnih sistemov in balkonskih ograj iz aluminija s posebnimi u\u010dinki v videzu lesa).","breadcrumb":{"@id":"https:\/\/www.blecha.at\/sl\/storitve\/povrsinskaobdelavaaluminija\/#breadcrumb"},"inLanguage":"sl-SI","potentialAction":[{"@type":"ReadAction","target":["https:\/\/www.blecha.at\/sl\/storitve\/povrsinskaobdelavaaluminija\/"]}]},{"@type":"ImageObject","inLanguage":"sl-SI","@id":"https:\/\/www.blecha.at\/sl\/storitve\/povrsinskaobdelavaaluminija\/#primaryimage","url":"https:\/\/www.blecha.at\/wp-content\/uploads\/2021\/09\/blecha-oberflaechenveredelung-thumbnail.jpg","contentUrl":"https:\/\/www.blecha.at\/wp-content\/uploads\/2021\/09\/blecha-oberflaechenveredelung-thumbnail.jpg","width":1600,"height":1600},{"@type":"BreadcrumbList","@id":"https:\/\/www.blecha.at\/sl\/storitve\/povrsinskaobdelavaaluminija\/#breadcrumb","itemListElement":[{"@type":"ListItem","position":1,"name":"Home","item":"https:\/\/www.blecha.at\/sl\/"},{"@type":"ListItem","position":2,"name":"Storitve","item":"https:\/\/www.blecha.at\/sl\/storitve\/"},{"@type":"ListItem","position":3,"name":"Povr\u0161inska obdelava aluminija"}]},{"@type":"WebSite","@id":"https:\/\/www.blecha.at\/#website","url":"https:\/\/www.blecha.at\/","name":"BLECHA","description":"Eine weitere WordPress-Website","potentialAction":[{"@type":"SearchAction","target":{"@type":"EntryPoint","urlTemplate":"https:\/\/www.blecha.at\/?s={search_term_string}"},"query-input":{"@type":"PropertyValueSpecification","valueRequired":true,"valueName":"search_term_string"}}],"inLanguage":"sl-SI"}]}},"_links":{"self":[{"href":"https:\/\/www.blecha.at\/sl\/wp-json\/wp\/v2\/pages\/4985","targetHints":{"allow":["GET"]}}],"collection":[{"href":"https:\/\/www.blecha.at\/sl\/wp-json\/wp\/v2\/pages"}],"about":[{"href":"https:\/\/www.blecha.at\/sl\/wp-json\/wp\/v2\/types\/page"}],"author":[{"embeddable":true,"href":"https:\/\/www.blecha.at\/sl\/wp-json\/wp\/v2\/users\/2"}],"replies":[{"embeddable":true,"href":"https:\/\/www.blecha.at\/sl\/wp-json\/wp\/v2\/comments?post=4985"}],"version-history":[{"count":3,"href":"https:\/\/www.blecha.at\/sl\/wp-json\/wp\/v2\/pages\/4985\/revisions"}],"predecessor-version":[{"id":13148,"href":"https:\/\/www.blecha.at\/sl\/wp-json\/wp\/v2\/pages\/4985\/revisions\/13148"}],"up":[{"embeddable":true,"href":"https:\/\/www.blecha.at\/sl\/wp-json\/wp\/v2\/pages\/4613"}],"wp:featuredmedia":[{"embeddable":true,"href":"https:\/\/www.blecha.at\/sl\/wp-json\/wp\/v2\/media\/4987"}],"wp:attachment":[{"href":"https:\/\/www.blecha.at\/sl\/wp-json\/wp\/v2\/media?parent=4985"}],"curies":[{"name":"wp","href":"https:\/\/api.w.org\/{rel}","templated":true}]}}