{"id":5110,"date":"2021-01-22T21:32:59","date_gmt":"2021-01-22T20:32:59","guid":{"rendered":"https:\/\/www.blecha.at\/storitve\/sonderprofile-im-3d-druck\/"},"modified":"2021-12-20T16:00:56","modified_gmt":"2021-12-20T15:00:56","slug":"3d-tisk-specialnih-profilov","status":"publish","type":"page","link":"https:\/\/www.blecha.at\/sl\/storitve\/3d-tisk-specialnih-profilov\/","title":{"rendered":"3D-tisk specialnih profilov"},"content":{"rendered":"\n<section id=\"sectionTwo\" class=\"mt-lg-n11 py-8 py-md-11 px-lg-9 border-left border-right border-right-lg-none bg-white\">\n\n\n<div class=\"wp-bootstrap-blocks-container container-fluid mb-0\">\n\t\n<div class=\"wp-bootstrap-blocks-row row mx-auto\">\n\t\n\n<div class=\"col-12 col-md-10\">\n\t\t\t\n\n<h2 class=\"text-secondary scroll-fade-bottom-up visibility-hidden wp-block-heading\">Na va\u0161o \u017eeljo vam izbrani izdelek oz. profil predhodno natisnemo kot 3D-prototip iz umetne mase!<\/h2>\n\n\n\n<h3 class=\"scroll-fade-bottom-up visibility-hidden wp-block-heading\">Prednosti 3D-tiska<\/h3>\n\n\n\n<p class=\"scroll-fade-bottom-up visibility-hidden\">3D prototip je mogo\u010de zelo enostavno izdelati in prilagoditi individualnim zahtevam, tudi \u010de gre za geometrijsko kompleksne oblike. Izdelava prototipov je v primerjavi s tradicionalnimi metodami hitrej\u0161a, preverjanje funkcionalnosti in odkrivanje napak pa se izvaja \u017ee v fazi izdelave izdelka. 3D modeli so prilagodljivi &#8211; ko so enkrat narisani, jih je mogo\u010de v zelo kratkem \u010dasu spremeniti in znova natisniti. Prav tako so zelo primerni za izdelavo vzor\u010dnih izdelkov.<\/p>\n\n\t<\/div>\n\n<\/div>\n\n<\/div>\n\n\n\n<\/section>\n\n\n\n<section class=\"pl-lg-9 border-left border-right border-right-lg-none bg-primary\">\n\n\n<div class=\"wp-bootstrap-blocks-container container-fluid mb-0 pr-0\">\n\t\n<div class=\"wp-bootstrap-blocks-row row mx-auto\">\n\t\n\n<div class=\"col-12 col-md-5 py-7 py-lg-9\">\n\t\t\t\n\n<h3 class=\"text-secondary mb-4 scroll-fade-bottom-up visibility-hidden wp-block-heading\">Tehni\u010dni podatki<\/h3>\n\n\n\n<div class=\"d-flex text-left scroll-fade-bottom-up visibility-hidden\">\n<div class=\"badge badge-rounded-circle badge-secondary mt-1 mr-4\">\n<i class=\"fe fe-check\"><\/i>\n<\/div><p class=\"text-white\">Velikost pre\u010dnega prereza do 180 x 180 mm<\/p><\/div>\n\n<div class=\"d-flex text-left scroll-fade-bottom-up visibility-hidden\">\n<div class=\"badge badge-rounded-circle badge-secondary mt-1 mr-4\">\n<i class=\"fe fe-check\"><\/i>\n<\/div><p class=\"text-white\">Mo\u017ena vi\u0161ina do 200 mm<\/p><\/div>\n\n<div class=\"d-flex text-left scroll-fade-bottom-up visibility-hidden\">\n<div class=\"badge badge-rounded-circle badge-secondary mt-1 mr-4\">\n<i class=\"fe fe-check\"><\/i>\n<\/div><p class=\"text-white\">Zelo natan\u010dne dimenzijske tolerance +\/- 0,3 mm<\/p><\/div>\n\n<div class=\"d-flex text-left scroll-fade-bottom-up visibility-hidden\">\n<div class=\"badge badge-rounded-circle badge-secondary mt-1 mr-4\">\n<i class=\"fe fe-check\"><\/i>\n<\/div><p class=\"text-white\">Na voljo v modri, beli ali sivi barvi<\/p><\/div>\n\n\n\n<h3 class=\"text-secondary mt-7 mb-4 scroll-fade-bottom-up visibility-hidden wp-block-heading\">Rok dobave<\/h3>\n\n\n\n<div class=\"d-flex text-left scroll-fade-bottom-up visibility-hidden\">\n<div class=\"badge badge-rounded-circle badge-secondary mt-1 mr-4\">\n<i class=\"fe fe-check\"><\/i>\n<\/div><p class=\"text-white\">1-2 tedna (odvisno od modela)<\/p><\/div>\n\n\t<\/div>\n\n\n\n<div class=\"col-12 col-md-7 px-0 scroll-reveal-right-to-left\">\n\t\t\t\n\n<div class=\"reveal-item\">\n<div class=\"reveal-item-inner\">\n<div class=\"shape shape-left shape-fluid-y svg-shim text-primary d-none d-md-block\">                                              <svg viewBox=\"0 0 100 1544\" fill=\"none\" xmlns=\"http:\/\/www.w3.org\/2000\/svg\">                                                <path d=\"M0 0h100v386l-50 772v386H0V0z\" fill=\"currentColor\"><\/path>                                           <\/svg><\/div>\n\n\n\n<figure class=\"wp-block-image size-large wp-block-image-cover h-100 mb-0\"><img loading=\"lazy\" decoding=\"async\" width=\"1024\" height=\"683\" src=\"https:\/\/www.blecha.at\/wp-content\/uploads\/2021\/03\/blecha-3d-drucker-2-1024x683.jpg\" alt=\"\" class=\"wp-image-5116\" srcset=\"https:\/\/www.blecha.at\/wp-content\/uploads\/2021\/03\/blecha-3d-drucker-2-1024x683.jpg 1024w, https:\/\/www.blecha.at\/wp-content\/uploads\/2021\/03\/blecha-3d-drucker-2-300x200.jpg 300w, https:\/\/www.blecha.at\/wp-content\/uploads\/2021\/03\/blecha-3d-drucker-2-768x512.jpg 768w, https:\/\/www.blecha.at\/wp-content\/uploads\/2021\/03\/blecha-3d-drucker-2-1536x1024.jpg 1536w, https:\/\/www.blecha.at\/wp-content\/uploads\/2021\/03\/blecha-3d-drucker-2-2048x1366.jpg 2048w\" sizes=\"auto, (max-width: 1024px) 100vw, 1024px\" \/><\/figure>\n\n\n\n<\/div>\n<\/div>\n\n\t<\/div>\n\n<\/div>\n\n<\/div>\n\n\n\n<\/section>\n\n\n\n<section class=\"px-lg-9 border-left border-right border-right-lg-none bg-secondary\">\n\n\n<div class=\"wp-bootstrap-blocks-container container-fluid mb-0 bg-secondary\">\n\t\n<div class=\"wp-bootstrap-blocks-row row mx-auto\">\n\t\n\n<div class=\"col-12 col-md-6 text-white py-7 py-md-9\">\n\t\t\t\n\n<h5 class=\"mb-5 scroll-fade-bottom-up visibility-hidden wp-block-heading\">1. varianta: Izdelava na podlagi va\u0161e skice<\/h5>\n\n\n\n<div class=\"d-flex text-left scroll-fade-bottom-up visibility-hidden\">\n<div class=\"badge badge-rounded-circle badge-primary mt-1 mr-4\">\n<i class=\"fe fe-check\"><\/i>\n<\/div><p class=\"text-white\">\u017delen profil nari\u0161emo na podlagi va\u0161e skice v dwg- formatu<\/p><\/div>\n\n<div class=\"d-flex text-left scroll-fade-bottom-up visibility-hidden\">\n<div class=\"badge badge-rounded-circle badge-primary mt-1 mr-4\">\n<i class=\"fe fe-check\"><\/i>\n<\/div><p class=\"text-white\">Na podlagi risbe potrdite izdelavo prototipa<\/p><\/div>\n\n<div class=\"d-flex text-left scroll-fade-bottom-up visibility-hidden\">\n<div class=\"badge badge-rounded-circle badge-primary mt-1 mr-4\">\n<i class=\"fe fe-check\"><\/i>\n<\/div><p class=\"text-white\">\u017deleni profil natisnemo kot vzor\u010dni profil v 3D-obliki<\/p><\/div>\n\n<div class=\"d-flex text-left scroll-fade-bottom-up visibility-hidden\">\n<div class=\"badge badge-rounded-circle badge-primary mt-1 mr-4\">\n<i class=\"fe fe-check\"><\/i>\n<\/div><p class=\"text-white\">Prejeli boste vzor\u010dni profil in risbo v dwg-formatu<\/p><\/div>\n\n<div class=\"d-flex text-left scroll-fade-bottom-up visibility-hidden\">\n<div class=\"badge badge-rounded-circle badge-primary mt-1 mr-4\">\n<i class=\"fe fe-check\"><\/i>\n<\/div><p class=\"text-white\">Cena brez DDV: od \u20ac 180.-<\/p><\/div>\n\n\t<\/div>\n\n\n\n<div class=\"col-12 col-md-6 text-white py-7 py-md-9\">\n\t\t\t\n\n<h5 class=\"mb-5 scroll-fade-bottom-up visibility-hidden wp-block-heading\">2. varianta: Izdelava prototipa na podlagi va\u0161e 2D- ali 3D-risbe v dwg-formatu<\/h5>\n\n\n\n<div class=\"d-flex text-left scroll-fade-bottom-up visibility-hidden\">\n<div class=\"badge badge-rounded-circle badge-primary mt-1 mr-4\">\n<i class=\"fe fe-check\"><\/i>\n<\/div><p class=\"text-white\">\u017deleni profil natisnemo na podlagi va\u0161e risbe kot vzor\u010dni profil v 3D-obliki<\/p><\/div>\n\n<div class=\"d-flex text-left scroll-fade-bottom-up visibility-hidden\">\n<div class=\"badge badge-rounded-circle badge-primary mt-1 mr-4\">\n<i class=\"fe fe-check\"><\/i>\n<\/div><p class=\"text-white\">Prejeli boste vzor\u010dni profil in risbo v dwg-formatu<\/p><\/div>\n\n<div class=\"d-flex text-left scroll-fade-bottom-up visibility-hidden\">\n<div class=\"badge badge-rounded-circle badge-primary mt-1 mr-4\">\n<i class=\"fe fe-check\"><\/i>\n<\/div><p class=\"text-white\">Cena brez DDV: od \u20ac 90.-<\/p><\/div>\n\n\t<\/div>\n\n<\/div>\n\n<\/div>\n\n\n\n<\/section>\n\n\n\n<section class=\"py-8 py-md-11 px-lg-9 border-left border-right border-right-lg-none bg-white\">\n\n\n<div class=\"wp-bootstrap-blocks-container container-fluid mb-0\">\n\t\n<div class=\"wp-bootstrap-blocks-row row mx-auto\">\n\t\n\n<div class=\"col-12 col-md-10\">\n\t\t\t\n\n<h2 class=\"text-secondary mb-7 scroll-fade-bottom-up visibility-hidden wp-block-heading\">Mediji<\/h2>\n\n\t<\/div>\n\n<\/div>\n\n\n<div class=\"wp-bootstrap-blocks-row row mx-auto\">\n\t\n\n<div class=\"col-12\">\n\t\t\t\n\n<figure class=\"wp-block-embed is-type-video is-provider-youtube wp-block-embed-youtube wp-embed-aspect-16-9 wp-has-aspect-ratio\"><div class=\"wp-block-embed__wrapper\">\n<iframe loading=\"lazy\" title=\"Prototypen von Spezialprofilen im 3D-Druck als Muster\" width=\"500\" height=\"281\" src=\"https:\/\/www.youtube.com\/embed\/7oZJztUp1ig?feature=oembed\" frameborder=\"0\" allow=\"accelerometer; autoplay; clipboard-write; encrypted-media; gyroscope; picture-in-picture; web-share\" referrerpolicy=\"strict-origin-when-cross-origin\" allowfullscreen><\/iframe>\n<\/div><\/figure>\n\n\t<\/div>\n\n<\/div>\n\n<\/div>\n\n\n\n<\/section>\n\n\n\n<p><\/p>\n","protected":false},"excerpt":{"rendered":"","protected":false},"author":2,"featured_media":4992,"parent":4613,"menu_order":0,"comment_status":"closed","ping_status":"closed","template":"page-leistungen.php","meta":{"_acf_changed":false,"footnotes":""},"class_list":["post-5110","page","type-page","status-publish","has-post-thumbnail","hentry"],"acf":[],"yoast_head":"<!-- This site is optimized with the Yoast SEO plugin v27.3 - https:\/\/yoast.com\/product\/yoast-seo-wordpress\/ -->\n<title>3D-tisk specialnih profilov | BLECHA<\/title>\n<meta name=\"description\" content=\"Na va\u0161o \u017eeljo vam izbrani izdelek oz. profil predhodno natisnemo kot 3D-prototip iz umetne mase! 3D prototip je mogo\u010de zelo enostavno izdelati in prilagoditi individualnim zahtevam, tudi \u010de gre za geometrijsko kompleksne oblike.\" \/>\n<meta name=\"robots\" content=\"index, follow, max-snippet:-1, max-image-preview:large, max-video-preview:-1\" \/>\n<link rel=\"canonical\" href=\"https:\/\/www.blecha.at\/sl\/storitve\/3d-tisk-specialnih-profilov\/\" \/>\n<meta property=\"og:locale\" content=\"sl_SI\" \/>\n<meta property=\"og:type\" content=\"article\" \/>\n<meta property=\"og:title\" content=\"3D-tisk specialnih profilov | BLECHA\" \/>\n<meta property=\"og:description\" content=\"Na va\u0161o \u017eeljo vam izbrani izdelek oz. profil predhodno natisnemo kot 3D-prototip iz umetne mase! 3D prototip je mogo\u010de zelo enostavno izdelati in prilagoditi individualnim zahtevam, tudi \u010de gre za geometrijsko kompleksne oblike.\" \/>\n<meta property=\"og:url\" content=\"https:\/\/www.blecha.at\/sl\/storitve\/3d-tisk-specialnih-profilov\/\" \/>\n<meta property=\"og:site_name\" content=\"BLECHA\" \/>\n<meta property=\"article:modified_time\" content=\"2021-12-20T15:00:56+00:00\" \/>\n<meta property=\"og:image\" content=\"https:\/\/www.blecha.at\/wp-content\/uploads\/2021\/03\/blecha-3d-drucker-thumbnail-1.jpg\" \/>\n\t<meta property=\"og:image:width\" content=\"1600\" \/>\n\t<meta property=\"og:image:height\" content=\"1600\" \/>\n\t<meta property=\"og:image:type\" content=\"image\/jpeg\" \/>\n<meta name=\"twitter:card\" content=\"summary_large_image\" \/>\n<meta name=\"twitter:label1\" content=\"Est. reading time\" \/>\n\t<meta name=\"twitter:data1\" content=\"2 minuti\" \/>\n<script type=\"application\/ld+json\" class=\"yoast-schema-graph\">{\"@context\":\"https:\\\/\\\/schema.org\",\"@graph\":[{\"@type\":\"WebPage\",\"@id\":\"https:\\\/\\\/www.blecha.at\\\/sl\\\/storitve\\\/3d-tisk-specialnih-profilov\\\/\",\"url\":\"https:\\\/\\\/www.blecha.at\\\/sl\\\/storitve\\\/3d-tisk-specialnih-profilov\\\/\",\"name\":\"3D-tisk specialnih profilov | BLECHA\",\"isPartOf\":{\"@id\":\"https:\\\/\\\/www.blecha.at\\\/#website\"},\"primaryImageOfPage\":{\"@id\":\"https:\\\/\\\/www.blecha.at\\\/sl\\\/storitve\\\/3d-tisk-specialnih-profilov\\\/#primaryimage\"},\"image\":{\"@id\":\"https:\\\/\\\/www.blecha.at\\\/sl\\\/storitve\\\/3d-tisk-specialnih-profilov\\\/#primaryimage\"},\"thumbnailUrl\":\"https:\\\/\\\/www.blecha.at\\\/wp-content\\\/uploads\\\/2021\\\/03\\\/blecha-3d-drucker-thumbnail-1.jpg\",\"datePublished\":\"2021-01-22T20:32:59+00:00\",\"dateModified\":\"2021-12-20T15:00:56+00:00\",\"description\":\"Na va\u0161o \u017eeljo vam izbrani izdelek oz. profil predhodno natisnemo kot 3D-prototip iz umetne mase! 3D prototip je mogo\u010de zelo enostavno izdelati in prilagoditi individualnim zahtevam, tudi \u010de gre za geometrijsko kompleksne oblike.\",\"breadcrumb\":{\"@id\":\"https:\\\/\\\/www.blecha.at\\\/sl\\\/storitve\\\/3d-tisk-specialnih-profilov\\\/#breadcrumb\"},\"inLanguage\":\"sl-SI\",\"potentialAction\":[{\"@type\":\"ReadAction\",\"target\":[\"https:\\\/\\\/www.blecha.at\\\/sl\\\/storitve\\\/3d-tisk-specialnih-profilov\\\/\"]}]},{\"@type\":\"ImageObject\",\"inLanguage\":\"sl-SI\",\"@id\":\"https:\\\/\\\/www.blecha.at\\\/sl\\\/storitve\\\/3d-tisk-specialnih-profilov\\\/#primaryimage\",\"url\":\"https:\\\/\\\/www.blecha.at\\\/wp-content\\\/uploads\\\/2021\\\/03\\\/blecha-3d-drucker-thumbnail-1.jpg\",\"contentUrl\":\"https:\\\/\\\/www.blecha.at\\\/wp-content\\\/uploads\\\/2021\\\/03\\\/blecha-3d-drucker-thumbnail-1.jpg\",\"width\":1600,\"height\":1600},{\"@type\":\"BreadcrumbList\",\"@id\":\"https:\\\/\\\/www.blecha.at\\\/sl\\\/storitve\\\/3d-tisk-specialnih-profilov\\\/#breadcrumb\",\"itemListElement\":[{\"@type\":\"ListItem\",\"position\":1,\"name\":\"Home\",\"item\":\"https:\\\/\\\/www.blecha.at\\\/sl\\\/\"},{\"@type\":\"ListItem\",\"position\":2,\"name\":\"Storitve\",\"item\":\"https:\\\/\\\/www.blecha.at\\\/sl\\\/storitve\\\/\"},{\"@type\":\"ListItem\",\"position\":3,\"name\":\"3D-tisk specialnih profilov\"}]},{\"@type\":\"WebSite\",\"@id\":\"https:\\\/\\\/www.blecha.at\\\/#website\",\"url\":\"https:\\\/\\\/www.blecha.at\\\/\",\"name\":\"BLECHA\",\"description\":\"Eine weitere WordPress-Website\",\"potentialAction\":[{\"@type\":\"SearchAction\",\"target\":{\"@type\":\"EntryPoint\",\"urlTemplate\":\"https:\\\/\\\/www.blecha.at\\\/?s={search_term_string}\"},\"query-input\":{\"@type\":\"PropertyValueSpecification\",\"valueRequired\":true,\"valueName\":\"search_term_string\"}}],\"inLanguage\":\"sl-SI\"}]}<\/script>\n<!-- \/ Yoast SEO plugin. -->","yoast_head_json":{"title":"3D-tisk specialnih profilov | BLECHA","description":"Na va\u0161o \u017eeljo vam izbrani izdelek oz. profil predhodno natisnemo kot 3D-prototip iz umetne mase! 3D prototip je mogo\u010de zelo enostavno izdelati in prilagoditi individualnim zahtevam, tudi \u010de gre za geometrijsko kompleksne oblike.","robots":{"index":"index","follow":"follow","max-snippet":"max-snippet:-1","max-image-preview":"max-image-preview:large","max-video-preview":"max-video-preview:-1"},"canonical":"https:\/\/www.blecha.at\/sl\/storitve\/3d-tisk-specialnih-profilov\/","og_locale":"sl_SI","og_type":"article","og_title":"3D-tisk specialnih profilov | BLECHA","og_description":"Na va\u0161o \u017eeljo vam izbrani izdelek oz. profil predhodno natisnemo kot 3D-prototip iz umetne mase! 3D prototip je mogo\u010de zelo enostavno izdelati in prilagoditi individualnim zahtevam, tudi \u010de gre za geometrijsko kompleksne oblike.","og_url":"https:\/\/www.blecha.at\/sl\/storitve\/3d-tisk-specialnih-profilov\/","og_site_name":"BLECHA","article_modified_time":"2021-12-20T15:00:56+00:00","og_image":[{"width":1600,"height":1600,"url":"https:\/\/www.blecha.at\/wp-content\/uploads\/2021\/03\/blecha-3d-drucker-thumbnail-1.jpg","type":"image\/jpeg"}],"twitter_card":"summary_large_image","twitter_misc":{"Est. reading time":"2 minuti"},"schema":{"@context":"https:\/\/schema.org","@graph":[{"@type":"WebPage","@id":"https:\/\/www.blecha.at\/sl\/storitve\/3d-tisk-specialnih-profilov\/","url":"https:\/\/www.blecha.at\/sl\/storitve\/3d-tisk-specialnih-profilov\/","name":"3D-tisk specialnih profilov | BLECHA","isPartOf":{"@id":"https:\/\/www.blecha.at\/#website"},"primaryImageOfPage":{"@id":"https:\/\/www.blecha.at\/sl\/storitve\/3d-tisk-specialnih-profilov\/#primaryimage"},"image":{"@id":"https:\/\/www.blecha.at\/sl\/storitve\/3d-tisk-specialnih-profilov\/#primaryimage"},"thumbnailUrl":"https:\/\/www.blecha.at\/wp-content\/uploads\/2021\/03\/blecha-3d-drucker-thumbnail-1.jpg","datePublished":"2021-01-22T20:32:59+00:00","dateModified":"2021-12-20T15:00:56+00:00","description":"Na va\u0161o \u017eeljo vam izbrani izdelek oz. profil predhodno natisnemo kot 3D-prototip iz umetne mase! 3D prototip je mogo\u010de zelo enostavno izdelati in prilagoditi individualnim zahtevam, tudi \u010de gre za geometrijsko kompleksne oblike.","breadcrumb":{"@id":"https:\/\/www.blecha.at\/sl\/storitve\/3d-tisk-specialnih-profilov\/#breadcrumb"},"inLanguage":"sl-SI","potentialAction":[{"@type":"ReadAction","target":["https:\/\/www.blecha.at\/sl\/storitve\/3d-tisk-specialnih-profilov\/"]}]},{"@type":"ImageObject","inLanguage":"sl-SI","@id":"https:\/\/www.blecha.at\/sl\/storitve\/3d-tisk-specialnih-profilov\/#primaryimage","url":"https:\/\/www.blecha.at\/wp-content\/uploads\/2021\/03\/blecha-3d-drucker-thumbnail-1.jpg","contentUrl":"https:\/\/www.blecha.at\/wp-content\/uploads\/2021\/03\/blecha-3d-drucker-thumbnail-1.jpg","width":1600,"height":1600},{"@type":"BreadcrumbList","@id":"https:\/\/www.blecha.at\/sl\/storitve\/3d-tisk-specialnih-profilov\/#breadcrumb","itemListElement":[{"@type":"ListItem","position":1,"name":"Home","item":"https:\/\/www.blecha.at\/sl\/"},{"@type":"ListItem","position":2,"name":"Storitve","item":"https:\/\/www.blecha.at\/sl\/storitve\/"},{"@type":"ListItem","position":3,"name":"3D-tisk specialnih profilov"}]},{"@type":"WebSite","@id":"https:\/\/www.blecha.at\/#website","url":"https:\/\/www.blecha.at\/","name":"BLECHA","description":"Eine weitere WordPress-Website","potentialAction":[{"@type":"SearchAction","target":{"@type":"EntryPoint","urlTemplate":"https:\/\/www.blecha.at\/?s={search_term_string}"},"query-input":{"@type":"PropertyValueSpecification","valueRequired":true,"valueName":"search_term_string"}}],"inLanguage":"sl-SI"}]}},"_links":{"self":[{"href":"https:\/\/www.blecha.at\/sl\/wp-json\/wp\/v2\/pages\/5110","targetHints":{"allow":["GET"]}}],"collection":[{"href":"https:\/\/www.blecha.at\/sl\/wp-json\/wp\/v2\/pages"}],"about":[{"href":"https:\/\/www.blecha.at\/sl\/wp-json\/wp\/v2\/types\/page"}],"author":[{"embeddable":true,"href":"https:\/\/www.blecha.at\/sl\/wp-json\/wp\/v2\/users\/2"}],"replies":[{"embeddable":true,"href":"https:\/\/www.blecha.at\/sl\/wp-json\/wp\/v2\/comments?post=5110"}],"version-history":[{"count":4,"href":"https:\/\/www.blecha.at\/sl\/wp-json\/wp\/v2\/pages\/5110\/revisions"}],"predecessor-version":[{"id":13178,"href":"https:\/\/www.blecha.at\/sl\/wp-json\/wp\/v2\/pages\/5110\/revisions\/13178"}],"up":[{"embeddable":true,"href":"https:\/\/www.blecha.at\/sl\/wp-json\/wp\/v2\/pages\/4613"}],"wp:featuredmedia":[{"embeddable":true,"href":"https:\/\/www.blecha.at\/sl\/wp-json\/wp\/v2\/media\/4992"}],"wp:attachment":[{"href":"https:\/\/www.blecha.at\/sl\/wp-json\/wp\/v2\/media?parent=5110"}],"curies":[{"name":"wp","href":"https:\/\/api.w.org\/{rel}","templated":true}]}}