{"id":5221,"date":"2021-01-22T21:44:17","date_gmt":"2021-01-22T20:44:17","guid":{"rendered":"https:\/\/www.blecha.at\/storitve\/verpackung-und-versand\/"},"modified":"2021-10-01T19:31:38","modified_gmt":"2021-10-01T17:31:38","slug":"pakiranje-in-odprema-blaga","status":"publish","type":"page","link":"https:\/\/www.blecha.at\/sl\/storitve\/pakiranje-in-odprema-blaga\/","title":{"rendered":"Verpackung und Versand"},"content":{"rendered":"\n<section id=\"sectionTwo\" class=\"mt-lg-n11 py-8 py-md-11 px-lg-9 border-left border-right border-right-lg-none bg-white\">\n\n\n<div class=\"wp-bootstrap-blocks-container container-fluid mb-0\">\n\t\n<div class=\"wp-bootstrap-blocks-row row mx-auto\">\n\t\n\n<div class=\"col-12 col-md-10\">\n\t\t\t\n\n<h2 class=\"text-secondary scroll-fade-bottom-up visibility-hidden wp-block-heading\">Hitreje do cilja! <br>Z logisti\u010dnimi re\u0161itvami podjetja BLECHA in najvarnej\u0161im na\u010dinom dostave.<\/h2>\n\n\n\n<p class=\"scroll-fade-bottom-up visibility-hidden\">Na\u0161e stranke cenijo kakovost na\u0161ih izdelkov. Toda ne samo izdelkov. Saj na\u0161e obljube dale\u010d presegajo va\u0161e zahteve in \u017eelje v zvezi z va\u0161im naro\u010dilom, od prvega stika z vami do dostave blaga na va\u0161 naslov. Poskrbeli bomo, da bo va\u0161e blago optimalno za\u0161\u010diteno s primerno embala\u017eo, da bo va\u0161a po\u0161iljka prispela 100-odstotno zavarovana in nepo\u0161kodovana. Na podlagi va\u0161ih \u017eelja in zahtev glede prevoza in dostave blaga bomo z vami uskladili in dogovorili ustrezen rok dobave v Avstriji in okolici. V izjemnih primerih in v primeru dalj\u0161ih dostavnih poti sodelujemo z zanesljivimi partnerskimi \u0161pediterskimi agencijami, ki zagotavljajo hitro in varno dostavo blaga. Poskrbeli bomo tudi za nemoten potek carinjenja blaga. Brezskrbno se lahko torej osredoto\u010dite na svoj projekt, saj bomo za vse ostalo poskrbeli mi.<\/p>\n\n\t<\/div>\n\n<\/div>\n\n<\/div>\n\n\n\n<\/section>\n\n\n\n<section class=\"border-left border-right border-right-lg-none bg-primary\">\n\n\n<div class=\"wp-bootstrap-blocks-container container-fluid mb-0 px-0\">\n\t\n<div class=\"wp-bootstrap-blocks-row row mx-auto\">\n\t\n\n<div class=\"col-12 col-md-6 px-7 px-lg-9 py-7 py-lg-9\">\n\t\t\t\n\n<h3 class=\"text-secondary scroll-fade-bottom-up visibility-hidden wp-block-heading\">Pakirni stroj<\/h3>\n\n\n\n<p class=\"scroll-fade-bottom-up visibility-hidden\">S svojimi pakirnimi stroji vam BLECHA zagotavlja varnost, stabilnost in za\u0161\u010dito pri odpremi blaga. Po \u017eelji se lahko blago pakira oziroma ovije v celih sve\u017enjih s tanko folijo ali pa posamezno, vsaka palica oz. profil posebej.<\/p>\n\n\n\n<h5 class=\"text-secondary mt-7 mb-5 scroll-fade-bottom-up visibility-hidden wp-block-heading\">Tehni\u010dne zmogljivosti:<\/h5>\n\n\n\n<div class=\"d-flex text-left scroll-fade-bottom-up visibility-hidden\">\n<div class=\"badge badge-rounded-circle badge-secondary mt-1 mr-4\">\n<i class=\"fe fe-check\"><\/i>\n<\/div><p class=\"text-white\">\u0160irina izdelka: od 100 mm do 550 mm<\/p><\/div>\n\n<div class=\"d-flex text-left scroll-fade-bottom-up visibility-hidden\">\n<div class=\"badge badge-rounded-circle badge-secondary mt-1 mr-4\">\n<i class=\"fe fe-check\"><\/i>\n<\/div><p class=\"text-white\">Vi\u0161ina izdelka: od 30 mm do 500 mm<\/p><\/div>\n\n<div class=\"d-flex text-left scroll-fade-bottom-up visibility-hidden\">\n<div class=\"badge badge-rounded-circle badge-secondary mt-1 mr-4\">\n<i class=\"fe fe-check\"><\/i>\n<\/div><p class=\"text-white\">Dol\u017eina izdelka: od 2000 mm do 6020 mm<\/p><\/div>\n\n<div class=\"d-flex text-left scroll-fade-bottom-up visibility-hidden\">\n<div class=\"badge badge-rounded-circle badge-secondary mt-1 mr-4\">\n<i class=\"fe fe-check\"><\/i>\n<\/div><p class=\"text-white\">Te\u017ea izdelka: najve\u010d 600 kg<\/p><\/div>\n\n<div class=\"d-flex text-left scroll-fade-bottom-up visibility-hidden\">\n<div class=\"badge badge-rounded-circle badge-secondary mt-1 mr-4\">\n<i class=\"fe fe-check\"><\/i>\n<\/div><p class=\"text-white\">Diagonala: najve\u010d 744 mm <\/p><\/div>\n\n\t<\/div>\n\n\n\n<div class=\"col-12 col-md-6 px-0 scroll-reveal-right-to-left\">\n\t\t\t\n\n<div class=\"reveal-item\">\n<div class=\"reveal-item-inner\">\n\n\n\n<figure class=\"wp-block-image size-large wp-block-image-cover h-100 mb-0\"><img loading=\"lazy\" decoding=\"async\" width=\"795\" height=\"1024\" src=\"https:\/\/www.blecha.at\/wp-content\/uploads\/2021\/02\/blecha-wickelmaschine-1-795x1024.jpg\" alt=\"\" class=\"wp-image-1854\" srcset=\"https:\/\/www.blecha.at\/wp-content\/uploads\/2021\/02\/blecha-wickelmaschine-1-795x1024.jpg 795w, https:\/\/www.blecha.at\/wp-content\/uploads\/2021\/02\/blecha-wickelmaschine-1-233x300.jpg 233w, https:\/\/www.blecha.at\/wp-content\/uploads\/2021\/02\/blecha-wickelmaschine-1-768x990.jpg 768w, https:\/\/www.blecha.at\/wp-content\/uploads\/2021\/02\/blecha-wickelmaschine-1-1192x1536.jpg 1192w, https:\/\/www.blecha.at\/wp-content\/uploads\/2021\/02\/blecha-wickelmaschine-1-1589x2048.jpg 1589w, https:\/\/www.blecha.at\/wp-content\/uploads\/2021\/02\/blecha-wickelmaschine-1.jpg 1707w\" sizes=\"auto, (max-width: 795px) 100vw, 795px\" \/><\/figure>\n\n\n\n<\/div>\n<\/div>\n\n\t<\/div>\n\n\n\n<div class=\"col-12 col-md-6 px-7 px-lg-9 py-7 py-lg-9 order-md-2\">\n\t\t\t\n\n<h3 class=\"text-secondary scroll-fade-bottom-up visibility-hidden wp-block-heading\">Vili\u010darji in komisionirni vili\u010darji<\/h3>\n\n\n\n<p>V podjetju BLECHA uporabljamo 10 najsodobnej\u0161ih vili\u010darjev za natovarjanje in raztovarjanje blaga iz na\u0161ih vozil.<\/p>\n\n\n\n<p>Poleg tega razpolagamo tudi s 4 \u0161tiripotnimi bo\u010dnimi komisionirnimi vili\u010darji z dvi\u017enim mehanizmom (ko\u0161aro), ki so namenjeni komisioniranju, tj. dvigovanju in jemanju blaga s skladi\u0161\u010dnih polic in pripravi blaga za stranke.<\/p>\n\n\n\n<p>Nenazadnje na\u0161i izku\u0161eni strokovnjaki za nalaganje blaga na police uporabljajo \u0161tiri \u0161tiripotne bo\u010dne vili\u010darje brez dvi\u017ene ko\u0161are. To pomeni, da smo optimalno opremljeni za hitro in u\u010dinkovito oskrbo strank z na\u0161imi visokokakovostnimi izdelki. Pri\u010dnite svoj naslednji projekt skupaj z BLECHO in se prepri\u010dajte sami.<\/p>\n\n\t<\/div>\n\n\n\n<div class=\"col-12 col-md-6 px-0 scroll-reveal-left-to-right\">\n\t\t\t\n\n<div class=\"reveal-item\">\n<div class=\"reveal-item-inner\">\n\n\n\n<figure class=\"wp-block-image size-large wp-block-image-cover h-100 mb-0\"><img loading=\"lazy\" decoding=\"async\" width=\"795\" height=\"1024\" src=\"https:\/\/www.blecha.at\/wp-content\/uploads\/2021\/02\/blecha-kommissioniermaschine-1-795x1024.jpg\" alt=\"\" class=\"wp-image-1869\" srcset=\"https:\/\/www.blecha.at\/wp-content\/uploads\/2021\/02\/blecha-kommissioniermaschine-1-795x1024.jpg 795w, https:\/\/www.blecha.at\/wp-content\/uploads\/2021\/02\/blecha-kommissioniermaschine-1-233x300.jpg 233w, https:\/\/www.blecha.at\/wp-content\/uploads\/2021\/02\/blecha-kommissioniermaschine-1-768x990.jpg 768w, https:\/\/www.blecha.at\/wp-content\/uploads\/2021\/02\/blecha-kommissioniermaschine-1-1192x1536.jpg 1192w, https:\/\/www.blecha.at\/wp-content\/uploads\/2021\/02\/blecha-kommissioniermaschine-1-1589x2048.jpg 1589w, https:\/\/www.blecha.at\/wp-content\/uploads\/2021\/02\/blecha-kommissioniermaschine-1.jpg 1707w\" sizes=\"auto, (max-width: 795px) 100vw, 795px\" \/><\/figure>\n\n\n\n<\/div>\n<\/div>\n\n\t<\/div>\n\n<\/div>\n\n<\/div>\n\n\n\n<\/section>\n\n\n\n<section class=\"py-8 py-md-11 px-lg-9 border-left border-right border-right-lg-none bg-light\">\n\n\n<div class=\"wp-bootstrap-blocks-container container-fluid mb-0\">\n\t\n<div class=\"wp-bootstrap-blocks-row row mx-auto\">\n\t\n\n<div class=\"col-12 col-md-10\">\n\t\t\t\n\n<h3 class=\"scroll-fade-bottom-up visibility-hidden wp-block-heading\">Naprava za zlaganje plo\u010devine<meta charset=\"utf-8\"><\/h3>\n\n\n\n<p class=\"scroll-fade-bottom-up visibility-hidden\">S to napravo se zlaga naro\u010deno blago, tj. plo\u010devine, bradavi\u010daste plo\u010devine in plo\u0161\u010de hitro, avtomatizirano in z minimalno obrabo materiala ter po \u017eelji tudi brez vmesnega sloja papirja.<\/p>\n\n\n\n<h5 class=\"wp-block-heading\">Prednosti:<\/h5>\n\n\n\n<div class=\"d-flex text-left scroll-fade-bottom-up visibility-hidden\">\n<div class=\"badge badge-rounded-circle badge-secondary mt-1 mr-4\">\n<i class=\"fe fe-check\"><\/i>\n<\/div><p class=\"text-black\">kratki dobavni roki<\/p><\/div>\n\n<div class=\"d-flex text-left scroll-fade-bottom-up visibility-hidden\">\n<div class=\"badge badge-rounded-circle badge-secondary mt-1 mr-4\">\n<i class=\"fe fe-check\"><\/i>\n<\/div><p class=\"text-black\">najvi\u0161ja kakovost povr\u0161ine<\/p><\/div>\n\n<div class=\"d-flex text-left scroll-fade-bottom-up visibility-hidden\">\n<div class=\"badge badge-rounded-circle badge-secondary mt-1 mr-4\">\n<i class=\"fe fe-check\"><\/i>\n<\/div><p class=\"text-black\">brez dodatnih stro\u0161kov<\/p><\/div>\n\n\t<\/div>\n\n<\/div>\n\n<\/div>\n\n\n\n<\/section>\n\n\n\n<section class=\"py-8 py-md-11 px-lg-9 border-left border-right border-right-lg-none bg-white\">\n\n\n<div class=\"wp-bootstrap-blocks-container container-fluid mb-0\">\n\t\n<div class=\"wp-bootstrap-blocks-row row mx-auto\">\n\t\n\n<div class=\"col-12 col-md-10\">\n\t\t\t\n\n<h3 class=\"scroll-fade-bottom-up visibility-hidden wp-block-heading\">Vozni park BLECHA<\/h3>\n\n\n\n<p class=\"scroll-fade-bottom-up visibility-hidden\">Za nas ni nobena razdalja predale\u010d. \u0160e posebej ne za na\u0161o \u0161peditersko agencijo. Dostava blaga je mo\u017ena v Avstriji, Nem\u010diji, na \u010ce\u0161kem, Slova\u0161kem, Mad\u017earskem, v Sloveniji, na Ju\u017enem Tirolskem, v Italiji in celo na Hrva\u0161kem. Znotraj Avstrije je mo\u017ena tudi hitra dostava blaga v roku 5 dni, pri \u010demer minimalna te\u017ea po\u0161iljke ne sme presegati 100 kg. Ali vam to ne odgovarja? Potem nas kontaktirajte in skupaj bomo na\u0161li ustrezno re\u0161itev!<\/p>\n\n\t<\/div>\n\n<\/div>\n\n<\/div>\n\n\n\n<\/section>\n\n\n\n<section class=\"px-lg-9 border-left border-right border-right-lg-none bg-secondary\">\n\n\n<div class=\"wp-bootstrap-blocks-container container-fluid mb-0\">\n\t\n<div class=\"wp-bootstrap-blocks-row row mx-auto\">\n\t\n\n<div class=\"col-12 col-md-12 text-white border-bottom border-white py-7 py-lg-9\">\n\t\t\t\n\n<svg class=\"icon-brand mb-4 scroll-fade-bottom-up visibility-hidden\" viewBox=\"0 0 64 64\" xmlns=\"http:\/\/www.w3.org\/2000\/svg\"><g fill=\"none\" class=\"stroke-primary\" stroke-linecap=\"square\" stroke-miterlimit=\"10\" stroke-width=\"2\"><path d=\"m20 56v6h-11v-6\"><\/path><path d=\"m55 56v6h-11v-6\"><\/path><g class=\"stroke-primary\"><path d=\"m4 25v7\"><\/path><path d=\"m60 25v7\"><\/path><path d=\"m58.073 39.887-4.073-4.887v-33h-44v33l-4.073 4.887c-.599.719-.927 1.623-.927 2.559v13.554h54v-13.552c0-.936-.328-1.842-.927-2.561z\"><\/path><\/g><circle cx=\"16\" cy=\"46\" r=\"4\"><\/circle><circle cx=\"48\" cy=\"46\" r=\"4\"><\/circle><path d=\"m28 46h8\"><\/path><path d=\"m10 8h44\" class=\"stroke-primary\" stroke-linecap=\"butt\"><\/path><path d=\"m16 14h32v20h-32z\"><\/path><\/g><\/svg>\n\n\n\n<h4 class=\"scroll-fade-bottom-up visibility-hidden wp-block-heading\">Osebni prevzem blaga<\/h4>\n\n\n\n<p class=\"mb-5 scroll-fade-bottom-up visibility-hidden\">V primeru osebnega prevzema naro\u010denega blaga na sede\u017eu podjetja vas prosimo, da pri prevzemu blaga dalj\u0161ih dimenzij upo\u0161tevate naslednje zakonske zahteve in dolo\u010dila:<\/p>\n\n\n\n<div class=\"d-flex text-left scroll-fade-bottom-up visibility-hidden\">\n<div class=\"badge badge-rounded-circle badge-primary mt-1 mr-4\">\n<i class=\"fe fe-check\"><\/i>\n<\/div><p class=\"text-white\">Vozilo mora biti tehni\u010dno brezhibno in izpolnjevati tehni\u010dne zahteve za prevoz tovora<\/p><\/div>\n\n<div class=\"d-flex text-left scroll-fade-bottom-up visibility-hidden\">\n<div class=\"badge badge-rounded-circle badge-primary mt-1 mr-4\">\n<i class=\"fe fe-check\"><\/i>\n<\/div><p class=\"text-white\">Maksimalna dovoljena skupna te\u017ea vozila ne sme biti prese\u017eena<\/p><\/div>\n\n<div class=\"d-flex text-left scroll-fade-bottom-up visibility-hidden\">\n<div class=\"badge badge-rounded-circle badge-primary mt-1 mr-4\">\n<i class=\"fe fe-check\"><\/i>\n<\/div><p class=\"text-white\">Obvezna je uporaba samozateznih povezovalnih trakov za pritrjevanje in zavarovanje tovora*<\/p><\/div>\n\n<div class=\"d-flex text-left scroll-fade-bottom-up visibility-hidden\">\n<div class=\"badge badge-rounded-circle badge-primary mt-1 mr-4\">\n<i class=\"fe fe-check\"><\/i>\n<\/div><p class=\"text-white\">Vozilo mora imeti ustrezno oznako za prevoz tovora dalj\u0161ih dimenzij<\/p><\/div>\n\n<div class=\"d-flex text-left scroll-fade-bottom-up visibility-hidden\">\n<div class=\"badge badge-rounded-circle badge-primary mt-1 mr-4\">\n<i class=\"fe fe-check\"><\/i>\n<\/div><p class=\"text-white\">Blago ne sme presegati vi\u0161ine 4 m, ko je natovorjeno na vozilu<\/p><\/div>\n\n\n\n<p class=\"mt-3 scroll-fade-bottom-up visibility-hidden\"><em>* Samozatezne povezovalne trakove ali druge trakove in varovala za prevoz blaga lahko kupite tudi pri nas ob prevzemu blaga. V zvezi s tem se predhodno posvetujte s svojim prodajnim svetovalcem, mi pa bomo poskrbeli, da bo vse pripravljeno ob prevzemu blaga<\/em>.<\/p>\n\n\t<\/div>\n\n\n\n<div class=\"col-12 col-md-6 text-white py-7 border-bottom border-white\">\n\t\t\t\n\n<svg class=\"icon-brand mb-4 scroll-fade-bottom-up visibility-hidden\" viewBox=\"0 0 64 64\" xmlns=\"http:\/\/www.w3.org\/2000\/svg\"><g fill=\"none\" class=\"stroke-primary\" stroke-linecap=\"square\" stroke-miterlimit=\"10\" stroke-width=\"2\"><g class=\"stroke-primary\"><path d=\"m44 19h11l7 14v17h-8\"><\/path><path d=\"m42 50h-21\"><\/path><path d=\"m9 50h-7v-42h37v29\"><\/path><\/g><path d=\"m47 25v8l9-.001\"><\/path><circle cx=\"15\" cy=\"50\" r=\"6\"><\/circle><circle cx=\"48\" cy=\"50\" r=\"6\"><\/circle><\/g><\/svg>\n\n\n\n<h4 class=\"scroll-fade-bottom-up visibility-hidden wp-block-heading\">\u0160pediterske storitve<\/h4>\n\n\n\n<p class=\"scroll-fade-bottom-up visibility-hidden\">Naro\u010deno blago dostavljamo v ve\u010d kot 60 dr\u017eav po vsem svetu. Zagotavljamo vam nemoteno obdelavo, poskrbeli pa bomo tudi za vse spremne listine ter dokumente za postopek carinjenja blaga v zahtevanem jeziku.<\/p>\n\n\t<\/div>\n\n\n\n<div class=\"col-12 col-md-6 text-white py-7 border-bottom border-white\">\n\t\t\t\n\n<svg class=\"icon-brand mb-4 scroll-fade-bottom-up visibility-hidden\" viewBox=\"0 0 64 64\" xmlns=\"http:\/\/www.w3.org\/2000\/svg\"><g fill=\"none\" class=\"stroke-primary\" stroke-linecap=\"square\" stroke-miterlimit=\"10\" stroke-width=\"2\"><path d=\"m2 16h60\" class=\"stroke-primary\" stroke-linecap=\"butt\"><\/path><path d=\"m62 16-14-12h-32l-14 12v44h60z\" class=\"stroke-primary\"><\/path><path d=\"m40 36h-16v-20l6-12h4l6 12z\"><\/path><\/g><\/svg>\n\n\n\n<h4 class=\"scroll-fade-bottom-up visibility-hidden wp-block-heading\">Paketna slu\u017eba<\/h4>\n\n\n\n<p class=\"scroll-fade-bottom-up visibility-hidden\">Manj\u0161e koli\u010dine blaga vam hitro in cenovno ugodno dostavimo znotraj dr\u017eave in v tujino prek paketne slu\u017ebe. Pri transportu palic zna\u0161a najve\u010dja odpremna dol\u017eina 2 m, v primeru transporta z vlakom pa do 3 m.<\/p>\n\n\t<\/div>\n\n\n\n<div class=\"col-12 text-white mt-5 pb-7 pb-md-9\">\n\t\t\t\n\n<p class=\"scroll-fade-bottom-up visibility-hidden\"><em>Stro\u0161ki odpreme so odvisni od ve\u010d dejavnikov, kot npr. vrste transporta, cone dostave, blaga, te\u017ee itd.). Skupaj bomo poiskali optimalno re\u0161itev, da bo blago k vam prispelo pravo\u010dasno in brez zapletljajev.<\/em><\/p>\n\n\t<\/div>\n\n<\/div>\n\n<\/div>\n\n\n\n<\/section>\n\n\n\n<section class=\"py-8 py-md-11 px-lg-9 border-left border-right border-right-lg-none bg-white\">\n\n\n<div class=\"wp-bootstrap-blocks-container container-fluid mb-0\">\n\t\n<div class=\"wp-bootstrap-blocks-row row mx-auto\">\n\t\n\n<div class=\"col-12 col-md-10\">\n\t\t\t\n\n<h2 class=\"text-secondary mb-7 scroll-fade-bottom-up visibility-hidden wp-block-heading\">Mediji<\/h2>\n\n\t<\/div>\n\n\n\n<div class=\"col-12 col-lg-4\">\n\t\t\t\n\n<figure class=\"wp-block-embed is-type-video is-provider-youtube wp-block-embed-youtube wp-embed-aspect-16-9 wp-has-aspect-ratio\"><div class=\"wp-block-embed__wrapper\">\n<iframe loading=\"lazy\" title=\"Wickelmaschine bei Firma Blecha\" width=\"500\" height=\"281\" src=\"https:\/\/www.youtube.com\/embed\/U-TvgAFpl-I?feature=oembed\" frameborder=\"0\" allow=\"accelerometer; autoplay; clipboard-write; encrypted-media; gyroscope; picture-in-picture; web-share\" referrerpolicy=\"strict-origin-when-cross-origin\" allowfullscreen><\/iframe>\n<\/div><\/figure>\n\n\t<\/div>\n\n\n\n<div class=\"col-12 col-lg-4\">\n\t\t\t\n\n<figure class=\"wp-block-embed is-type-video is-provider-youtube wp-block-embed-youtube wp-embed-aspect-16-9 wp-has-aspect-ratio\"><div class=\"wp-block-embed__wrapper\">\n<iframe loading=\"lazy\" title=\"Blech-Kommissionier Anlage bei Firma Blecha\" width=\"500\" height=\"281\" src=\"https:\/\/www.youtube.com\/embed\/YCuRZ2LqE0E?feature=oembed\" frameborder=\"0\" allow=\"accelerometer; autoplay; clipboard-write; encrypted-media; gyroscope; picture-in-picture; web-share\" referrerpolicy=\"strict-origin-when-cross-origin\" allowfullscreen><\/iframe>\n<\/div><\/figure>\n\n\t<\/div>\n\n<\/div>\n\n<\/div>\n\n\n\n<\/section>\n","protected":false},"excerpt":{"rendered":"","protected":false},"author":2,"featured_media":5223,"parent":4613,"menu_order":0,"comment_status":"closed","ping_status":"closed","template":"page-leistungen.php","meta":{"_acf_changed":false,"footnotes":""},"class_list":["post-5221","page","type-page","status-publish","has-post-thumbnail","hentry"],"acf":[],"yoast_head":"<!-- This site is optimized with the Yoast SEO plugin v27.3 - https:\/\/yoast.com\/product\/yoast-seo-wordpress\/ -->\n<title>Pakiranje in odprema blaga | BLECHA<\/title>\n<meta name=\"description\" content=\"Z logisti\u010dnimi re\u0161itvami podjetja BLECHA bomo poskrbeli za najvarnej\u0161i na\u010din dostave, tako da bo va\u0161a po\u0161iljka prispela na cilj 100-odstotno za\u0161\u010ditena in v nepo\u0161kodovanem stanju.\" \/>\n<meta name=\"robots\" content=\"index, follow, max-snippet:-1, max-image-preview:large, max-video-preview:-1\" \/>\n<link rel=\"canonical\" href=\"https:\/\/www.blecha.at\/sl\/storitve\/pakiranje-in-odprema-blaga\/\" \/>\n<meta property=\"og:locale\" content=\"sl_SI\" \/>\n<meta property=\"og:type\" content=\"article\" \/>\n<meta property=\"og:title\" content=\"Pakiranje in odprema blaga | BLECHA\" \/>\n<meta property=\"og:description\" content=\"Z logisti\u010dnimi re\u0161itvami podjetja BLECHA bomo poskrbeli za najvarnej\u0161i na\u010din dostave, tako da bo va\u0161a po\u0161iljka prispela na cilj 100-odstotno za\u0161\u010ditena in v nepo\u0161kodovanem stanju.\" \/>\n<meta property=\"og:url\" content=\"https:\/\/www.blecha.at\/sl\/storitve\/pakiranje-in-odprema-blaga\/\" \/>\n<meta property=\"og:site_name\" content=\"BLECHA\" \/>\n<meta property=\"article:modified_time\" content=\"2021-10-01T17:31:38+00:00\" \/>\n<meta property=\"og:image\" content=\"https:\/\/www.blecha.at\/wp-content\/uploads\/2021\/03\/blecha-verpackung-und-versand-1-thumbnail.jpg\" \/>\n\t<meta property=\"og:image:width\" content=\"1600\" \/>\n\t<meta property=\"og:image:height\" content=\"1600\" \/>\n\t<meta property=\"og:image:type\" content=\"image\/jpeg\" \/>\n<meta name=\"twitter:card\" content=\"summary_large_image\" \/>\n<meta name=\"twitter:label1\" content=\"Est. reading time\" \/>\n\t<meta name=\"twitter:data1\" content=\"4 minute\" \/>\n<script type=\"application\/ld+json\" class=\"yoast-schema-graph\">{\"@context\":\"https:\\\/\\\/schema.org\",\"@graph\":[{\"@type\":\"WebPage\",\"@id\":\"https:\\\/\\\/www.blecha.at\\\/sl\\\/storitve\\\/pakiranje-in-odprema-blaga\\\/\",\"url\":\"https:\\\/\\\/www.blecha.at\\\/sl\\\/storitve\\\/pakiranje-in-odprema-blaga\\\/\",\"name\":\"Pakiranje in odprema blaga | BLECHA\",\"isPartOf\":{\"@id\":\"https:\\\/\\\/www.blecha.at\\\/#website\"},\"primaryImageOfPage\":{\"@id\":\"https:\\\/\\\/www.blecha.at\\\/sl\\\/storitve\\\/pakiranje-in-odprema-blaga\\\/#primaryimage\"},\"image\":{\"@id\":\"https:\\\/\\\/www.blecha.at\\\/sl\\\/storitve\\\/pakiranje-in-odprema-blaga\\\/#primaryimage\"},\"thumbnailUrl\":\"https:\\\/\\\/www.blecha.at\\\/wp-content\\\/uploads\\\/2021\\\/03\\\/blecha-verpackung-und-versand-1-thumbnail.jpg\",\"datePublished\":\"2021-01-22T20:44:17+00:00\",\"dateModified\":\"2021-10-01T17:31:38+00:00\",\"description\":\"Z logisti\u010dnimi re\u0161itvami podjetja BLECHA bomo poskrbeli za najvarnej\u0161i na\u010din dostave, tako da bo va\u0161a po\u0161iljka prispela na cilj 100-odstotno za\u0161\u010ditena in v nepo\u0161kodovanem stanju.\",\"breadcrumb\":{\"@id\":\"https:\\\/\\\/www.blecha.at\\\/sl\\\/storitve\\\/pakiranje-in-odprema-blaga\\\/#breadcrumb\"},\"inLanguage\":\"sl-SI\",\"potentialAction\":[{\"@type\":\"ReadAction\",\"target\":[\"https:\\\/\\\/www.blecha.at\\\/sl\\\/storitve\\\/pakiranje-in-odprema-blaga\\\/\"]}]},{\"@type\":\"ImageObject\",\"inLanguage\":\"sl-SI\",\"@id\":\"https:\\\/\\\/www.blecha.at\\\/sl\\\/storitve\\\/pakiranje-in-odprema-blaga\\\/#primaryimage\",\"url\":\"https:\\\/\\\/www.blecha.at\\\/wp-content\\\/uploads\\\/2021\\\/03\\\/blecha-verpackung-und-versand-1-thumbnail.jpg\",\"contentUrl\":\"https:\\\/\\\/www.blecha.at\\\/wp-content\\\/uploads\\\/2021\\\/03\\\/blecha-verpackung-und-versand-1-thumbnail.jpg\",\"width\":1600,\"height\":1600},{\"@type\":\"BreadcrumbList\",\"@id\":\"https:\\\/\\\/www.blecha.at\\\/sl\\\/storitve\\\/pakiranje-in-odprema-blaga\\\/#breadcrumb\",\"itemListElement\":[{\"@type\":\"ListItem\",\"position\":1,\"name\":\"Home\",\"item\":\"https:\\\/\\\/www.blecha.at\\\/sl\\\/\"},{\"@type\":\"ListItem\",\"position\":2,\"name\":\"Storitve\",\"item\":\"https:\\\/\\\/www.blecha.at\\\/sl\\\/storitve\\\/\"},{\"@type\":\"ListItem\",\"position\":3,\"name\":\"Verpackung und Versand\"}]},{\"@type\":\"WebSite\",\"@id\":\"https:\\\/\\\/www.blecha.at\\\/#website\",\"url\":\"https:\\\/\\\/www.blecha.at\\\/\",\"name\":\"BLECHA\",\"description\":\"Eine weitere WordPress-Website\",\"potentialAction\":[{\"@type\":\"SearchAction\",\"target\":{\"@type\":\"EntryPoint\",\"urlTemplate\":\"https:\\\/\\\/www.blecha.at\\\/?s={search_term_string}\"},\"query-input\":{\"@type\":\"PropertyValueSpecification\",\"valueRequired\":true,\"valueName\":\"search_term_string\"}}],\"inLanguage\":\"sl-SI\"}]}<\/script>\n<!-- \/ Yoast SEO plugin. -->","yoast_head_json":{"title":"Pakiranje in odprema blaga | BLECHA","description":"Z logisti\u010dnimi re\u0161itvami podjetja BLECHA bomo poskrbeli za najvarnej\u0161i na\u010din dostave, tako da bo va\u0161a po\u0161iljka prispela na cilj 100-odstotno za\u0161\u010ditena in v nepo\u0161kodovanem stanju.","robots":{"index":"index","follow":"follow","max-snippet":"max-snippet:-1","max-image-preview":"max-image-preview:large","max-video-preview":"max-video-preview:-1"},"canonical":"https:\/\/www.blecha.at\/sl\/storitve\/pakiranje-in-odprema-blaga\/","og_locale":"sl_SI","og_type":"article","og_title":"Pakiranje in odprema blaga | BLECHA","og_description":"Z logisti\u010dnimi re\u0161itvami podjetja BLECHA bomo poskrbeli za najvarnej\u0161i na\u010din dostave, tako da bo va\u0161a po\u0161iljka prispela na cilj 100-odstotno za\u0161\u010ditena in v nepo\u0161kodovanem stanju.","og_url":"https:\/\/www.blecha.at\/sl\/storitve\/pakiranje-in-odprema-blaga\/","og_site_name":"BLECHA","article_modified_time":"2021-10-01T17:31:38+00:00","og_image":[{"width":1600,"height":1600,"url":"https:\/\/www.blecha.at\/wp-content\/uploads\/2021\/03\/blecha-verpackung-und-versand-1-thumbnail.jpg","type":"image\/jpeg"}],"twitter_card":"summary_large_image","twitter_misc":{"Est. reading time":"4 minute"},"schema":{"@context":"https:\/\/schema.org","@graph":[{"@type":"WebPage","@id":"https:\/\/www.blecha.at\/sl\/storitve\/pakiranje-in-odprema-blaga\/","url":"https:\/\/www.blecha.at\/sl\/storitve\/pakiranje-in-odprema-blaga\/","name":"Pakiranje in odprema blaga | BLECHA","isPartOf":{"@id":"https:\/\/www.blecha.at\/#website"},"primaryImageOfPage":{"@id":"https:\/\/www.blecha.at\/sl\/storitve\/pakiranje-in-odprema-blaga\/#primaryimage"},"image":{"@id":"https:\/\/www.blecha.at\/sl\/storitve\/pakiranje-in-odprema-blaga\/#primaryimage"},"thumbnailUrl":"https:\/\/www.blecha.at\/wp-content\/uploads\/2021\/03\/blecha-verpackung-und-versand-1-thumbnail.jpg","datePublished":"2021-01-22T20:44:17+00:00","dateModified":"2021-10-01T17:31:38+00:00","description":"Z logisti\u010dnimi re\u0161itvami podjetja BLECHA bomo poskrbeli za najvarnej\u0161i na\u010din dostave, tako da bo va\u0161a po\u0161iljka prispela na cilj 100-odstotno za\u0161\u010ditena in v nepo\u0161kodovanem stanju.","breadcrumb":{"@id":"https:\/\/www.blecha.at\/sl\/storitve\/pakiranje-in-odprema-blaga\/#breadcrumb"},"inLanguage":"sl-SI","potentialAction":[{"@type":"ReadAction","target":["https:\/\/www.blecha.at\/sl\/storitve\/pakiranje-in-odprema-blaga\/"]}]},{"@type":"ImageObject","inLanguage":"sl-SI","@id":"https:\/\/www.blecha.at\/sl\/storitve\/pakiranje-in-odprema-blaga\/#primaryimage","url":"https:\/\/www.blecha.at\/wp-content\/uploads\/2021\/03\/blecha-verpackung-und-versand-1-thumbnail.jpg","contentUrl":"https:\/\/www.blecha.at\/wp-content\/uploads\/2021\/03\/blecha-verpackung-und-versand-1-thumbnail.jpg","width":1600,"height":1600},{"@type":"BreadcrumbList","@id":"https:\/\/www.blecha.at\/sl\/storitve\/pakiranje-in-odprema-blaga\/#breadcrumb","itemListElement":[{"@type":"ListItem","position":1,"name":"Home","item":"https:\/\/www.blecha.at\/sl\/"},{"@type":"ListItem","position":2,"name":"Storitve","item":"https:\/\/www.blecha.at\/sl\/storitve\/"},{"@type":"ListItem","position":3,"name":"Verpackung und Versand"}]},{"@type":"WebSite","@id":"https:\/\/www.blecha.at\/#website","url":"https:\/\/www.blecha.at\/","name":"BLECHA","description":"Eine weitere WordPress-Website","potentialAction":[{"@type":"SearchAction","target":{"@type":"EntryPoint","urlTemplate":"https:\/\/www.blecha.at\/?s={search_term_string}"},"query-input":{"@type":"PropertyValueSpecification","valueRequired":true,"valueName":"search_term_string"}}],"inLanguage":"sl-SI"}]}},"_links":{"self":[{"href":"https:\/\/www.blecha.at\/sl\/wp-json\/wp\/v2\/pages\/5221","targetHints":{"allow":["GET"]}}],"collection":[{"href":"https:\/\/www.blecha.at\/sl\/wp-json\/wp\/v2\/pages"}],"about":[{"href":"https:\/\/www.blecha.at\/sl\/wp-json\/wp\/v2\/types\/page"}],"author":[{"embeddable":true,"href":"https:\/\/www.blecha.at\/sl\/wp-json\/wp\/v2\/users\/2"}],"replies":[{"embeddable":true,"href":"https:\/\/www.blecha.at\/sl\/wp-json\/wp\/v2\/comments?post=5221"}],"version-history":[{"count":3,"href":"https:\/\/www.blecha.at\/sl\/wp-json\/wp\/v2\/pages\/5221\/revisions"}],"predecessor-version":[{"id":5229,"href":"https:\/\/www.blecha.at\/sl\/wp-json\/wp\/v2\/pages\/5221\/revisions\/5229"}],"up":[{"embeddable":true,"href":"https:\/\/www.blecha.at\/sl\/wp-json\/wp\/v2\/pages\/4613"}],"wp:featuredmedia":[{"embeddable":true,"href":"https:\/\/www.blecha.at\/sl\/wp-json\/wp\/v2\/media\/5223"}],"wp:attachment":[{"href":"https:\/\/www.blecha.at\/sl\/wp-json\/wp\/v2\/media?parent=5221"}],"curies":[{"name":"wp","href":"https:\/\/api.w.org\/{rel}","templated":true}]}}