{"id":5638,"date":"2021-01-22T23:18:28","date_gmt":"2021-01-22T22:18:28","guid":{"rendered":"https:\/\/www.blecha.at\/izdelki\/bleche-und-platten\/"},"modified":"2022-02-22T15:10:52","modified_gmt":"2022-02-22T14:10:52","slug":"plocevine-in-plosce","status":"publish","type":"page","link":"https:\/\/www.blecha.at\/sl\/izdelki\/plocevine-in-plosce\/","title":{"rendered":"Plo\u010devine in plo\u0161\u010de"},"content":{"rendered":"\n<section id=\"sectionTwo\" class=\"mt-lg-n11 py-8 py-md-11 px-lg-9 border-left border-right border-right-lg-none bg-white\">\n\n\n<div class=\"wp-bootstrap-blocks-container container-fluid mb-0\">\n\t\n<div class=\"wp-bootstrap-blocks-row row\">\n\t\n\n<div class=\"col-12 col-md-10\">\n\t\t\t\n\n<h2 class=\"text-secondary scroll-fade-bottom-up visibility-hidden wp-block-heading\" id=\"robustne-aluminijeve-plocevine-aluminijeve-plosce-in-plocevine-iz-cistega-aluminija-v-razlicnih-izvedbah-prasno-lakirane-eloksirane-ali-perforirane\">Robustne aluminijeve plo\u010devine, aluminijeve plo\u0161\u010de in plo\u010devine iz \u010distega aluminija v razli\u010dnih izvedbah. <br>Pra\u0161no lakirane, eloksirane ali perforirane.<\/h2>\n\n\n\n<p class=\"scroll-fade-bottom-up visibility-hidden\">Izberite ustrezno aluminijevo plo\u010devino. Obljubljamo vam, da vam bomo olaj\u0161ali iskanje. Ne glede na to, ali i\u0161\u010dete plo\u010devine ali aluminijeve plo\u0161\u010de, gladke plo\u010devine, rebraste plo\u010devine, plo\u010devine iz \u010distega aluminija ali zlitine aluminija in magnezija, eloksirane in pra\u0161no lakirane plo\u010devine, perforirane plo\u0161\u010de (kvadratna perforacija in okrogla perforacija) v formatih 2000 x 1000 mm, 2500 x 1250 mm, 3000 x 1500 mm in tudi 4000 x 2000 mm, posvetujte se z na\u0161imi svetovalci, saj bomo zagotovo na\u0161li pravo re\u0161itev za vas. Plo\u010devine in plo\u0161\u010de lahko kompaktno zdru\u017eimo v eno po\u0161iljko, in vam jih dostavimo skupaj z naro\u010denimi profili.<\/p>\n\n\t<\/div>\n\n<\/div>\n\n<\/div>\n\n\n\n<\/section>\n\n\n\n<section data-jarallax=\"\" data-speed=\".8\" class=\"py-12 py-md-13 overlay overlay-black overlay-40 bg-cover jarallax\" style=\"background-image: url(\/wp-content\/uploads\/2021\/01\/blecha-aluminium-profile.jpg);\">\n  <div class=\"container\">\n    <div class=\"row mx-auto\">\n      <div class=\"col-12 col-md-10\">\n        <!-- Blockquote -->\n        <blockquote class=\"blockquote mb-0\"> \n          \n          <!-- Text -->\n          <p class=\"h2 text-white text-left font-regular scroll-fade-bottom-up visibility-hidden\">\u010ce nima Blecha, nima nih\u010de. Pobrskajte po na\u0161i ponudbi in izberite \u017eelene plo\u010devine in plo\u0161\u010de.<\/p>\n\n\n<div class=\"wp-bootstrap-blocks-button\">\n\t<a\n\t\thref=\"https:\/\/www.aluprofil.at\/sl\/plocevine\/plocevine-in-plosce\/\"\n\t\t\t\t\t\tclass=\"btn mt-4 scroll-fade-bottom-up visibility-hidden btn-secondary\"\n\t>\n\t\tK ponudbi\t<\/a>\n<\/div>\n\n\n\n<\/blockquote>\n      <\/div>\n    <\/div>\n  <\/div>\n<\/section>\n","protected":false},"excerpt":{"rendered":"\u010ce nima Blecha, nima nih\u010de. Pobrskajte po na\u0161i ponudbi in izberite \u017eelene plo\u010devine in plo\u0161\u010de.","protected":false},"author":2,"featured_media":5640,"parent":5453,"menu_order":0,"comment_status":"closed","ping_status":"closed","template":"page-produkte.php","meta":{"_acf_changed":false,"footnotes":""},"class_list":["post-5638","page","type-page","status-publish","has-post-thumbnail","hentry"],"acf":[],"yoast_head":"<!-- This site is optimized with the Yoast SEO plugin v27.3 - https:\/\/yoast.com\/product\/yoast-seo-wordpress\/ -->\n<title>Plo\u010devine in plo\u0161\u010de | BLECHA<\/title>\n<meta name=\"description\" content=\"Robustne aluminijeve plo\u010devine, aluminijeve plo\u0161\u010de in plo\u010devine iz \u010distega aluminija v razli\u010dnih izvedbah. Pra\u0161no lakirane, eloksirane ali perforirane.\" \/>\n<meta name=\"robots\" content=\"index, follow, max-snippet:-1, max-image-preview:large, max-video-preview:-1\" \/>\n<link rel=\"canonical\" href=\"https:\/\/www.blecha.at\/sl\/izdelki\/plocevine-in-plosce\/\" \/>\n<meta property=\"og:locale\" content=\"sl_SI\" \/>\n<meta property=\"og:type\" content=\"article\" \/>\n<meta property=\"og:title\" content=\"Plo\u010devine in plo\u0161\u010de | BLECHA\" \/>\n<meta property=\"og:description\" content=\"Robustne aluminijeve plo\u010devine, aluminijeve plo\u0161\u010de in plo\u010devine iz \u010distega aluminija v razli\u010dnih izvedbah. Pra\u0161no lakirane, eloksirane ali perforirane.\" \/>\n<meta property=\"og:url\" content=\"https:\/\/www.blecha.at\/sl\/izdelki\/plocevine-in-plosce\/\" \/>\n<meta property=\"og:site_name\" content=\"BLECHA\" \/>\n<meta property=\"article:modified_time\" content=\"2022-02-22T14:10:52+00:00\" \/>\n<meta property=\"og:image\" content=\"https:\/\/www.blecha.at\/wp-content\/uploads\/2021\/03\/blecha-bleche-und-platten-1-thumbnail.jpg\" \/>\n\t<meta property=\"og:image:width\" content=\"1600\" \/>\n\t<meta property=\"og:image:height\" content=\"1600\" \/>\n\t<meta property=\"og:image:type\" content=\"image\/jpeg\" \/>\n<meta name=\"twitter:card\" content=\"summary_large_image\" \/>\n<meta name=\"twitter:label1\" content=\"Est. reading time\" \/>\n\t<meta name=\"twitter:data1\" content=\"1 minuta\" \/>\n<script type=\"application\/ld+json\" class=\"yoast-schema-graph\">{\"@context\":\"https:\\\/\\\/schema.org\",\"@graph\":[{\"@type\":\"WebPage\",\"@id\":\"https:\\\/\\\/www.blecha.at\\\/sl\\\/izdelki\\\/plocevine-in-plosce\\\/\",\"url\":\"https:\\\/\\\/www.blecha.at\\\/sl\\\/izdelki\\\/plocevine-in-plosce\\\/\",\"name\":\"Plo\u010devine in plo\u0161\u010de | BLECHA\",\"isPartOf\":{\"@id\":\"https:\\\/\\\/www.blecha.at\\\/#website\"},\"primaryImageOfPage\":{\"@id\":\"https:\\\/\\\/www.blecha.at\\\/sl\\\/izdelki\\\/plocevine-in-plosce\\\/#primaryimage\"},\"image\":{\"@id\":\"https:\\\/\\\/www.blecha.at\\\/sl\\\/izdelki\\\/plocevine-in-plosce\\\/#primaryimage\"},\"thumbnailUrl\":\"https:\\\/\\\/www.blecha.at\\\/wp-content\\\/uploads\\\/2021\\\/03\\\/blecha-bleche-und-platten-1-thumbnail.jpg\",\"datePublished\":\"2021-01-22T22:18:28+00:00\",\"dateModified\":\"2022-02-22T14:10:52+00:00\",\"description\":\"Robustne aluminijeve plo\u010devine, aluminijeve plo\u0161\u010de in plo\u010devine iz \u010distega aluminija v razli\u010dnih izvedbah. Pra\u0161no lakirane, eloksirane ali perforirane.\",\"breadcrumb\":{\"@id\":\"https:\\\/\\\/www.blecha.at\\\/sl\\\/izdelki\\\/plocevine-in-plosce\\\/#breadcrumb\"},\"inLanguage\":\"sl-SI\",\"potentialAction\":[{\"@type\":\"ReadAction\",\"target\":[\"https:\\\/\\\/www.blecha.at\\\/sl\\\/izdelki\\\/plocevine-in-plosce\\\/\"]}]},{\"@type\":\"ImageObject\",\"inLanguage\":\"sl-SI\",\"@id\":\"https:\\\/\\\/www.blecha.at\\\/sl\\\/izdelki\\\/plocevine-in-plosce\\\/#primaryimage\",\"url\":\"https:\\\/\\\/www.blecha.at\\\/wp-content\\\/uploads\\\/2021\\\/03\\\/blecha-bleche-und-platten-1-thumbnail.jpg\",\"contentUrl\":\"https:\\\/\\\/www.blecha.at\\\/wp-content\\\/uploads\\\/2021\\\/03\\\/blecha-bleche-und-platten-1-thumbnail.jpg\",\"width\":1600,\"height\":1600},{\"@type\":\"BreadcrumbList\",\"@id\":\"https:\\\/\\\/www.blecha.at\\\/sl\\\/izdelki\\\/plocevine-in-plosce\\\/#breadcrumb\",\"itemListElement\":[{\"@type\":\"ListItem\",\"position\":1,\"name\":\"Home\",\"item\":\"https:\\\/\\\/www.blecha.at\\\/sl\\\/\"},{\"@type\":\"ListItem\",\"position\":2,\"name\":\"Izdelki\",\"item\":\"https:\\\/\\\/www.blecha.at\\\/sl\\\/izdelki\\\/\"},{\"@type\":\"ListItem\",\"position\":3,\"name\":\"Plo\u010devine in plo\u0161\u010de\"}]},{\"@type\":\"WebSite\",\"@id\":\"https:\\\/\\\/www.blecha.at\\\/#website\",\"url\":\"https:\\\/\\\/www.blecha.at\\\/\",\"name\":\"BLECHA\",\"description\":\"Eine weitere WordPress-Website\",\"potentialAction\":[{\"@type\":\"SearchAction\",\"target\":{\"@type\":\"EntryPoint\",\"urlTemplate\":\"https:\\\/\\\/www.blecha.at\\\/?s={search_term_string}\"},\"query-input\":{\"@type\":\"PropertyValueSpecification\",\"valueRequired\":true,\"valueName\":\"search_term_string\"}}],\"inLanguage\":\"sl-SI\"}]}<\/script>\n<!-- \/ Yoast SEO plugin. -->","yoast_head_json":{"title":"Plo\u010devine in plo\u0161\u010de | BLECHA","description":"Robustne aluminijeve plo\u010devine, aluminijeve plo\u0161\u010de in plo\u010devine iz \u010distega aluminija v razli\u010dnih izvedbah. Pra\u0161no lakirane, eloksirane ali perforirane.","robots":{"index":"index","follow":"follow","max-snippet":"max-snippet:-1","max-image-preview":"max-image-preview:large","max-video-preview":"max-video-preview:-1"},"canonical":"https:\/\/www.blecha.at\/sl\/izdelki\/plocevine-in-plosce\/","og_locale":"sl_SI","og_type":"article","og_title":"Plo\u010devine in plo\u0161\u010de | BLECHA","og_description":"Robustne aluminijeve plo\u010devine, aluminijeve plo\u0161\u010de in plo\u010devine iz \u010distega aluminija v razli\u010dnih izvedbah. Pra\u0161no lakirane, eloksirane ali perforirane.","og_url":"https:\/\/www.blecha.at\/sl\/izdelki\/plocevine-in-plosce\/","og_site_name":"BLECHA","article_modified_time":"2022-02-22T14:10:52+00:00","og_image":[{"width":1600,"height":1600,"url":"https:\/\/www.blecha.at\/wp-content\/uploads\/2021\/03\/blecha-bleche-und-platten-1-thumbnail.jpg","type":"image\/jpeg"}],"twitter_card":"summary_large_image","twitter_misc":{"Est. reading time":"1 minuta"},"schema":{"@context":"https:\/\/schema.org","@graph":[{"@type":"WebPage","@id":"https:\/\/www.blecha.at\/sl\/izdelki\/plocevine-in-plosce\/","url":"https:\/\/www.blecha.at\/sl\/izdelki\/plocevine-in-plosce\/","name":"Plo\u010devine in plo\u0161\u010de | BLECHA","isPartOf":{"@id":"https:\/\/www.blecha.at\/#website"},"primaryImageOfPage":{"@id":"https:\/\/www.blecha.at\/sl\/izdelki\/plocevine-in-plosce\/#primaryimage"},"image":{"@id":"https:\/\/www.blecha.at\/sl\/izdelki\/plocevine-in-plosce\/#primaryimage"},"thumbnailUrl":"https:\/\/www.blecha.at\/wp-content\/uploads\/2021\/03\/blecha-bleche-und-platten-1-thumbnail.jpg","datePublished":"2021-01-22T22:18:28+00:00","dateModified":"2022-02-22T14:10:52+00:00","description":"Robustne aluminijeve plo\u010devine, aluminijeve plo\u0161\u010de in plo\u010devine iz \u010distega aluminija v razli\u010dnih izvedbah. Pra\u0161no lakirane, eloksirane ali perforirane.","breadcrumb":{"@id":"https:\/\/www.blecha.at\/sl\/izdelki\/plocevine-in-plosce\/#breadcrumb"},"inLanguage":"sl-SI","potentialAction":[{"@type":"ReadAction","target":["https:\/\/www.blecha.at\/sl\/izdelki\/plocevine-in-plosce\/"]}]},{"@type":"ImageObject","inLanguage":"sl-SI","@id":"https:\/\/www.blecha.at\/sl\/izdelki\/plocevine-in-plosce\/#primaryimage","url":"https:\/\/www.blecha.at\/wp-content\/uploads\/2021\/03\/blecha-bleche-und-platten-1-thumbnail.jpg","contentUrl":"https:\/\/www.blecha.at\/wp-content\/uploads\/2021\/03\/blecha-bleche-und-platten-1-thumbnail.jpg","width":1600,"height":1600},{"@type":"BreadcrumbList","@id":"https:\/\/www.blecha.at\/sl\/izdelki\/plocevine-in-plosce\/#breadcrumb","itemListElement":[{"@type":"ListItem","position":1,"name":"Home","item":"https:\/\/www.blecha.at\/sl\/"},{"@type":"ListItem","position":2,"name":"Izdelki","item":"https:\/\/www.blecha.at\/sl\/izdelki\/"},{"@type":"ListItem","position":3,"name":"Plo\u010devine in plo\u0161\u010de"}]},{"@type":"WebSite","@id":"https:\/\/www.blecha.at\/#website","url":"https:\/\/www.blecha.at\/","name":"BLECHA","description":"Eine weitere WordPress-Website","potentialAction":[{"@type":"SearchAction","target":{"@type":"EntryPoint","urlTemplate":"https:\/\/www.blecha.at\/?s={search_term_string}"},"query-input":{"@type":"PropertyValueSpecification","valueRequired":true,"valueName":"search_term_string"}}],"inLanguage":"sl-SI"}]}},"_links":{"self":[{"href":"https:\/\/www.blecha.at\/sl\/wp-json\/wp\/v2\/pages\/5638","targetHints":{"allow":["GET"]}}],"collection":[{"href":"https:\/\/www.blecha.at\/sl\/wp-json\/wp\/v2\/pages"}],"about":[{"href":"https:\/\/www.blecha.at\/sl\/wp-json\/wp\/v2\/types\/page"}],"author":[{"embeddable":true,"href":"https:\/\/www.blecha.at\/sl\/wp-json\/wp\/v2\/users\/2"}],"replies":[{"embeddable":true,"href":"https:\/\/www.blecha.at\/sl\/wp-json\/wp\/v2\/comments?post=5638"}],"version-history":[{"count":5,"href":"https:\/\/www.blecha.at\/sl\/wp-json\/wp\/v2\/pages\/5638\/revisions"}],"predecessor-version":[{"id":14402,"href":"https:\/\/www.blecha.at\/sl\/wp-json\/wp\/v2\/pages\/5638\/revisions\/14402"}],"up":[{"embeddable":true,"href":"https:\/\/www.blecha.at\/sl\/wp-json\/wp\/v2\/pages\/5453"}],"wp:featuredmedia":[{"embeddable":true,"href":"https:\/\/www.blecha.at\/sl\/wp-json\/wp\/v2\/media\/5640"}],"wp:attachment":[{"href":"https:\/\/www.blecha.at\/sl\/wp-json\/wp\/v2\/media?parent=5638"}],"curies":[{"name":"wp","href":"https:\/\/api.w.org\/{rel}","templated":true}]}}