{"id":11365,"date":"2021-01-22T23:26:07","date_gmt":"2021-01-22T22:26:07","guid":{"rendered":"https:\/\/www.blecha.at\/produkti\/zulieferteile-fuer-saugfoerderanlagen\/"},"modified":"2022-02-22T15:43:25","modified_gmt":"2022-02-22T14:43:25","slug":"delovi-za-vakuumske-cevovode","status":"publish","type":"page","link":"https:\/\/www.blecha.at\/sr\/produkti\/delovi-za-vakuumske-cevovode\/","title":{"rendered":"Delovi za vakuumske cevovode"},"content":{"rendered":"\n<section id=\"sectionTwo\" class=\"mt-lg-n11 py-8 py-md-11 px-lg-9 border-left border-right border-right-lg-none bg-white\">\n\n\n<div class=\"wp-bootstrap-blocks-container container-fluid mb-0\">\n\t\n<div class=\"wp-bootstrap-blocks-row row mx-auto\">\n\t\n\n<div class=\"col-12 col-md-10\">\n\t\t\t\n\n<h2 class=\"text-secondary scroll-fade-bottom-up visibility-hidden wp-block-heading\" id=\"delovi-za-razlicite-elemente-vakuumskog-cevovoda-za-plasticnu-industriju-plasticne-granulate-ili-druge-proizvode-koji-se-vakuumski-mogu-transportirati\">Delovi za razli\u010dite elemente vakuumskog cevovoda za plasti\u010dnu industriju (plasti\u010dne granulate) ili druge proizvode koji se vakuumski mogu transportirati.<\/h2>\n\n\n\n<p class=\"scroll-fade-bottom-up visibility-hidden\">Pored alumijumskih cevnih lukova, i cevnih lukova od nehr\u0111aju\u010deg \u010delika (po \u017eelji sa jednostranim ili obostranim ravnim produ\u017eecima) u razli\u010ditim dimenzijama, razdvojnih delova, T-delova, reducira i koljena, na\u0161 program obuhvata i monta\u017ene delove za vakuumske cevovode. Brzo isporu\u010dujemo mnogobrojne produkte kao \u0161to su cevne spojnice, cevni nastavci, Storz-spojnice, \u0161irokotra\u010dne spojnice (cevne spojnice), kukaste spojnice (pocin\u010dan \u010delik), Morris-spojnice, sidrasta \u0161ina i PVC-meh sa \u010deli\u010dnom spiralom (Vidaspir F).&nbsp;<\/p>\n\n\n\n<p class=\"scroll-fade-bottom-up visibility-hidden\">Tako\u0111e isporu\u010dujemo u veoma kratkom roku i eta\u017ene lukove po nacrtu kupca, kao i staklene lukove i ostale razdvojne delove.<\/p>\n\n\t<\/div>\n\n<\/div>\n\n<\/div>\n\n\n\n<\/section>\n\n\n\n<div style=\"height:10px\" aria-hidden=\"true\" class=\"wp-block-spacer\"><\/div>\n\n\n\n<section data-jarallax=\"\" data-speed=\".8\" class=\"py-12 py-md-13 overlay overlay-black overlay-40 bg-cover jarallax\" style=\"background-image: url(\/wp-content\/uploads\/2021\/08\/blecha-aluminium-profile-zulieferteile.jpg);\">\n  <div class=\"container\">\n    <div class=\"row mx-auto\">\n      <div class=\"col-12 col-md-10\">\n        <!-- Blockquote -->\n        <blockquote class=\"blockquote mb-0\"> \n          \n          <!-- Text -->\n          <p class=\"h2 text-white text-left font-regular scroll-fade-bottom-up visibility-hidden\">Volimo specijalitete. Uronite u na\u0161 ogroman asortiman i prona\u0111ite ta\u010dno to, \u0161ta vam je potrebno.<\/p>\n\n\n<div class=\"wp-bootstrap-blocks-button\">\n\t<a\n\t\thref=\"https:\/\/www.aluprofil.at\/sr\/fitinzi\/delovi-za-vakuumske-cevovode\/\"\n\t\t\t\t\t\tclass=\"btn mt-4 scroll-fade-bottom-up visibility-hidden btn-secondary\"\n\t>\n\t\tDo asortimana\t<\/a>\n<\/div>\n\n\n\n<\/blockquote>\n      <\/div>\n    <\/div>\n  <\/div>\n<\/section>\n","protected":false},"excerpt":{"rendered":"Volimo specijalitete. Uronite u na\u0161 ogroman asortiman i prona\u0111ite ta\u010dno to, \u0161ta vam je potrebno.","protected":false},"author":2,"featured_media":11367,"parent":5443,"menu_order":0,"comment_status":"closed","ping_status":"closed","template":"page-produkte.php","meta":{"_acf_changed":false,"footnotes":""},"class_list":["post-11365","page","type-page","status-publish","has-post-thumbnail","hentry"],"acf":[],"yoast_head":"<!-- This site is optimized with the Yoast SEO plugin v27.3 - https:\/\/yoast.com\/product\/yoast-seo-wordpress\/ -->\n<title>Delovi za vakuumske cevovode | BLECHA<\/title>\n<meta name=\"description\" content=\"Na\u0161 program obuhvata delove razli\u010ditih elemenata za vakuumske cevovode za transport granulata i sli\u010dnih produkata.\" \/>\n<meta name=\"robots\" content=\"index, follow, max-snippet:-1, max-image-preview:large, max-video-preview:-1\" \/>\n<link rel=\"canonical\" href=\"https:\/\/www.blecha.at\/sr\/produkti\/delovi-za-vakuumske-cevovode\/\" \/>\n<meta property=\"og:locale\" content=\"sr_RS\" \/>\n<meta property=\"og:type\" content=\"article\" \/>\n<meta property=\"og:title\" content=\"Delovi za vakuumske cevovode | BLECHA\" \/>\n<meta property=\"og:description\" content=\"Na\u0161 program obuhvata delove razli\u010ditih elemenata za vakuumske cevovode za transport granulata i sli\u010dnih produkata.\" \/>\n<meta property=\"og:url\" content=\"https:\/\/www.blecha.at\/sr\/produkti\/delovi-za-vakuumske-cevovode\/\" \/>\n<meta property=\"og:site_name\" content=\"BLECHA\" \/>\n<meta property=\"article:modified_time\" content=\"2022-02-22T14:43:25+00:00\" \/>\n<meta property=\"og:image\" content=\"https:\/\/www.blecha.at\/wp-content\/uploads\/2021\/03\/blecha-zulieferteile-fuer-saugfoerderanlagen-1-thumbnail.jpg\" \/>\n\t<meta property=\"og:image:width\" content=\"1600\" \/>\n\t<meta property=\"og:image:height\" content=\"1600\" \/>\n\t<meta property=\"og:image:type\" content=\"image\/jpeg\" \/>\n<meta name=\"twitter:card\" content=\"summary_large_image\" \/>\n<meta name=\"twitter:label1\" content=\"\u041f\u0440\u043e\u0446\u0435\u045a\u0435\u043d\u043e \u0432\u0440\u0435\u043c\u0435 \u0447\u0438\u0442\u0430\u045a\u0430\" \/>\n\t<meta name=\"twitter:data1\" content=\"1 \u043c\u0438\u043d\u0443\u0442\" \/>\n<script type=\"application\/ld+json\" class=\"yoast-schema-graph\">{\"@context\":\"https:\\\/\\\/schema.org\",\"@graph\":[{\"@type\":\"WebPage\",\"@id\":\"https:\\\/\\\/www.blecha.at\\\/sr\\\/produkti\\\/delovi-za-vakuumske-cevovode\\\/\",\"url\":\"https:\\\/\\\/www.blecha.at\\\/sr\\\/produkti\\\/delovi-za-vakuumske-cevovode\\\/\",\"name\":\"Delovi za vakuumske cevovode | BLECHA\",\"isPartOf\":{\"@id\":\"https:\\\/\\\/www.blecha.at\\\/#website\"},\"primaryImageOfPage\":{\"@id\":\"https:\\\/\\\/www.blecha.at\\\/sr\\\/produkti\\\/delovi-za-vakuumske-cevovode\\\/#primaryimage\"},\"image\":{\"@id\":\"https:\\\/\\\/www.blecha.at\\\/sr\\\/produkti\\\/delovi-za-vakuumske-cevovode\\\/#primaryimage\"},\"thumbnailUrl\":\"https:\\\/\\\/www.blecha.at\\\/wp-content\\\/uploads\\\/2021\\\/03\\\/blecha-zulieferteile-fuer-saugfoerderanlagen-1-thumbnail.jpg\",\"datePublished\":\"2021-01-22T22:26:07+00:00\",\"dateModified\":\"2022-02-22T14:43:25+00:00\",\"description\":\"Na\u0161 program obuhvata delove razli\u010ditih elemenata za vakuumske cevovode za transport granulata i sli\u010dnih produkata.\",\"breadcrumb\":{\"@id\":\"https:\\\/\\\/www.blecha.at\\\/sr\\\/produkti\\\/delovi-za-vakuumske-cevovode\\\/#breadcrumb\"},\"inLanguage\":\"sr-RS\",\"potentialAction\":[{\"@type\":\"ReadAction\",\"target\":[\"https:\\\/\\\/www.blecha.at\\\/sr\\\/produkti\\\/delovi-za-vakuumske-cevovode\\\/\"]}]},{\"@type\":\"ImageObject\",\"inLanguage\":\"sr-RS\",\"@id\":\"https:\\\/\\\/www.blecha.at\\\/sr\\\/produkti\\\/delovi-za-vakuumske-cevovode\\\/#primaryimage\",\"url\":\"https:\\\/\\\/www.blecha.at\\\/wp-content\\\/uploads\\\/2021\\\/03\\\/blecha-zulieferteile-fuer-saugfoerderanlagen-1-thumbnail.jpg\",\"contentUrl\":\"https:\\\/\\\/www.blecha.at\\\/wp-content\\\/uploads\\\/2021\\\/03\\\/blecha-zulieferteile-fuer-saugfoerderanlagen-1-thumbnail.jpg\",\"width\":1600,\"height\":1600},{\"@type\":\"BreadcrumbList\",\"@id\":\"https:\\\/\\\/www.blecha.at\\\/sr\\\/produkti\\\/delovi-za-vakuumske-cevovode\\\/#breadcrumb\",\"itemListElement\":[{\"@type\":\"ListItem\",\"position\":1,\"name\":\"Home\",\"item\":\"https:\\\/\\\/www.blecha.at\\\/sr\\\/\"},{\"@type\":\"ListItem\",\"position\":2,\"name\":\"Produkti\",\"item\":\"https:\\\/\\\/www.blecha.at\\\/sr\\\/produkti\\\/\"},{\"@type\":\"ListItem\",\"position\":3,\"name\":\"Delovi za vakuumske cevovode\"}]},{\"@type\":\"WebSite\",\"@id\":\"https:\\\/\\\/www.blecha.at\\\/#website\",\"url\":\"https:\\\/\\\/www.blecha.at\\\/\",\"name\":\"BLECHA\",\"description\":\"Eine weitere WordPress-Website\",\"potentialAction\":[{\"@type\":\"SearchAction\",\"target\":{\"@type\":\"EntryPoint\",\"urlTemplate\":\"https:\\\/\\\/www.blecha.at\\\/?s={search_term_string}\"},\"query-input\":{\"@type\":\"PropertyValueSpecification\",\"valueRequired\":true,\"valueName\":\"search_term_string\"}}],\"inLanguage\":\"sr-RS\"}]}<\/script>\n<!-- \/ Yoast SEO plugin. -->","yoast_head_json":{"title":"Delovi za vakuumske cevovode | BLECHA","description":"Na\u0161 program obuhvata delove razli\u010ditih elemenata za vakuumske cevovode za transport granulata i sli\u010dnih produkata.","robots":{"index":"index","follow":"follow","max-snippet":"max-snippet:-1","max-image-preview":"max-image-preview:large","max-video-preview":"max-video-preview:-1"},"canonical":"https:\/\/www.blecha.at\/sr\/produkti\/delovi-za-vakuumske-cevovode\/","og_locale":"sr_RS","og_type":"article","og_title":"Delovi za vakuumske cevovode | BLECHA","og_description":"Na\u0161 program obuhvata delove razli\u010ditih elemenata za vakuumske cevovode za transport granulata i sli\u010dnih produkata.","og_url":"https:\/\/www.blecha.at\/sr\/produkti\/delovi-za-vakuumske-cevovode\/","og_site_name":"BLECHA","article_modified_time":"2022-02-22T14:43:25+00:00","og_image":[{"width":1600,"height":1600,"url":"https:\/\/www.blecha.at\/wp-content\/uploads\/2021\/03\/blecha-zulieferteile-fuer-saugfoerderanlagen-1-thumbnail.jpg","type":"image\/jpeg"}],"twitter_card":"summary_large_image","twitter_misc":{"\u041f\u0440\u043e\u0446\u0435\u045a\u0435\u043d\u043e \u0432\u0440\u0435\u043c\u0435 \u0447\u0438\u0442\u0430\u045a\u0430":"1 \u043c\u0438\u043d\u0443\u0442"},"schema":{"@context":"https:\/\/schema.org","@graph":[{"@type":"WebPage","@id":"https:\/\/www.blecha.at\/sr\/produkti\/delovi-za-vakuumske-cevovode\/","url":"https:\/\/www.blecha.at\/sr\/produkti\/delovi-za-vakuumske-cevovode\/","name":"Delovi za vakuumske cevovode | BLECHA","isPartOf":{"@id":"https:\/\/www.blecha.at\/#website"},"primaryImageOfPage":{"@id":"https:\/\/www.blecha.at\/sr\/produkti\/delovi-za-vakuumske-cevovode\/#primaryimage"},"image":{"@id":"https:\/\/www.blecha.at\/sr\/produkti\/delovi-za-vakuumske-cevovode\/#primaryimage"},"thumbnailUrl":"https:\/\/www.blecha.at\/wp-content\/uploads\/2021\/03\/blecha-zulieferteile-fuer-saugfoerderanlagen-1-thumbnail.jpg","datePublished":"2021-01-22T22:26:07+00:00","dateModified":"2022-02-22T14:43:25+00:00","description":"Na\u0161 program obuhvata delove razli\u010ditih elemenata za vakuumske cevovode za transport granulata i sli\u010dnih produkata.","breadcrumb":{"@id":"https:\/\/www.blecha.at\/sr\/produkti\/delovi-za-vakuumske-cevovode\/#breadcrumb"},"inLanguage":"sr-RS","potentialAction":[{"@type":"ReadAction","target":["https:\/\/www.blecha.at\/sr\/produkti\/delovi-za-vakuumske-cevovode\/"]}]},{"@type":"ImageObject","inLanguage":"sr-RS","@id":"https:\/\/www.blecha.at\/sr\/produkti\/delovi-za-vakuumske-cevovode\/#primaryimage","url":"https:\/\/www.blecha.at\/wp-content\/uploads\/2021\/03\/blecha-zulieferteile-fuer-saugfoerderanlagen-1-thumbnail.jpg","contentUrl":"https:\/\/www.blecha.at\/wp-content\/uploads\/2021\/03\/blecha-zulieferteile-fuer-saugfoerderanlagen-1-thumbnail.jpg","width":1600,"height":1600},{"@type":"BreadcrumbList","@id":"https:\/\/www.blecha.at\/sr\/produkti\/delovi-za-vakuumske-cevovode\/#breadcrumb","itemListElement":[{"@type":"ListItem","position":1,"name":"Home","item":"https:\/\/www.blecha.at\/sr\/"},{"@type":"ListItem","position":2,"name":"Produkti","item":"https:\/\/www.blecha.at\/sr\/produkti\/"},{"@type":"ListItem","position":3,"name":"Delovi za vakuumske cevovode"}]},{"@type":"WebSite","@id":"https:\/\/www.blecha.at\/#website","url":"https:\/\/www.blecha.at\/","name":"BLECHA","description":"Eine weitere WordPress-Website","potentialAction":[{"@type":"SearchAction","target":{"@type":"EntryPoint","urlTemplate":"https:\/\/www.blecha.at\/?s={search_term_string}"},"query-input":{"@type":"PropertyValueSpecification","valueRequired":true,"valueName":"search_term_string"}}],"inLanguage":"sr-RS"}]}},"_links":{"self":[{"href":"https:\/\/www.blecha.at\/sr\/wp-json\/wp\/v2\/pages\/11365","targetHints":{"allow":["GET"]}}],"collection":[{"href":"https:\/\/www.blecha.at\/sr\/wp-json\/wp\/v2\/pages"}],"about":[{"href":"https:\/\/www.blecha.at\/sr\/wp-json\/wp\/v2\/types\/page"}],"author":[{"embeddable":true,"href":"https:\/\/www.blecha.at\/sr\/wp-json\/wp\/v2\/users\/2"}],"replies":[{"embeddable":true,"href":"https:\/\/www.blecha.at\/sr\/wp-json\/wp\/v2\/comments?post=11365"}],"version-history":[{"count":6,"href":"https:\/\/www.blecha.at\/sr\/wp-json\/wp\/v2\/pages\/11365\/revisions"}],"predecessor-version":[{"id":14428,"href":"https:\/\/www.blecha.at\/sr\/wp-json\/wp\/v2\/pages\/11365\/revisions\/14428"}],"up":[{"embeddable":true,"href":"https:\/\/www.blecha.at\/sr\/wp-json\/wp\/v2\/pages\/5443"}],"wp:featuredmedia":[{"embeddable":true,"href":"https:\/\/www.blecha.at\/sr\/wp-json\/wp\/v2\/media\/11367"}],"wp:attachment":[{"href":"https:\/\/www.blecha.at\/sr\/wp-json\/wp\/v2\/media?parent=11365"}],"curies":[{"name":"wp","href":"https:\/\/api.w.org\/{rel}","templated":true}]}}