{"id":22289,"date":"2023-09-13T15:38:36","date_gmt":"2023-09-13T13:38:36","guid":{"rendered":"https:\/\/www.blecha.at\/?page_id=22289"},"modified":"2026-01-26T16:40:35","modified_gmt":"2026-01-26T15:40:35","slug":"zastita-protiv-sunca-i-insekata","status":"publish","type":"page","link":"https:\/\/www.blecha.at\/sr\/produkti\/specijalni-profili\/zastita-protiv-sunca-i-insekata\/","title":{"rendered":"Za\u0161tita protiv sunca i insekata"},"content":{"rendered":"\n<p>Aluminijumski profili za za\u0161titu od sunca i insekata \u2013 izdr\u017eljivi, stabilni i odr\u017eivi<\/p>\n\n\n\n<p>Sistemi za za\u0161titu od sunca i insekata postali su neizostavni deo moderne arhitekture i gra\u0111evinarstva. Ne samo da pru\u017eaju za\u0161titu od toplote, odsjaja i insekata, ve\u0107\u0301 doprinose energetskoj efikasnosti i kvalitetu \u017eivota. Sa na\u0161im visokokvalitetnim aluminijumskim profilima, nudimo izdr\u017eljiva, otporna na vremenske uslove i vizuelno privla\u010dna re\u0161enja za razli\u010dite primene \u2013 od stambenih zgrada do poslovnih i javnih zgrada.<\/p>\n\n\n\n<p>Kao iskusan veletrgovac aluminijumom, nudimo \u0161irok izbor aluminijumskih profila za za\u0161titu od sunca i insekata, koji se odlikuju izdr\u017eljivo\u0161\u0107u, otporno\u0161\u0107u na koroziju i svestrano\u0161\u0107u.<\/p>\n\n\n\n<p>Za\u0161tita od sunca sa aluminijumskim lamelama i potpornim profilima &#8211; Efikasna za\u0161tita od sunca ne samo da smanjuje toplotno zra\u010denje, ve\u0107\u0301 i obezbe\u0111uje ugodnu klimu u prostoriji. Na\u0161e aluminijumske lamele su idealan izbor za individualna re\u0161enja za za\u0161titu od sunca. Dostupne su u razli\u010ditim veli\u010dinama i dizajnu, uklju\u010duju\u0107i na\u0161e popularne letvice u obliku romboida, koje pru\u017eaju moderan izgled.<\/p>\n\n\n\n<p>Ove letvice se \u010desto koriste za zasenjivanje fasada, pergola ili privatnih zidova. Ne samo da pru\u017eaju za\u0161titu od direktne sun\u010deve svetlosti, ve\u0107\u0301 su i otporne na stati\u010dki elektricitet, lako se \u010diste i otporne na r\u0111u. Zahvaljuju\u0107i laganom ali stabilnom materijalu, aluminijumske letvice su idealne za ve\u0107e konstrukcije.<\/p>\n\n\n\n<p>Jo\u0161 jedan va\u017ean proizvod u na\u0161em asortimanu je profil za podr\u0161ku nadstre\u0161nice P18010. \u010cesto se koristi za izgradnju krovova terasa, nadstre\u0161nica za automobile ili zimskih vrtova i nudi \u010dvrstu osnovu za \u0161irok spektar krovnih konstrukcija. Mo\u017ee se kombinovati sa pravougaonom cevi 120 x 80 mm.<\/p>\n\n\n\n<p>Za\u0161tita od insekata \u2013 dugotrajna re\u0161enja od aluminijuma: Pouzdana za\u0161tita od insekata pru\u017ea ve\u0107u udobnost, posebno u toplijim mesecima. Na\u0161i aluminijumski profili za za\u0161titu od insekata su idealni za izradu ramova za komarce, vrata ili kliznih sistema.<\/p>\n\n\n\n<p>Dok su mnogi sistemi za za\u0161titu od insekata napravljeni od plastike, aluminijum nudi znatno ve\u0107u stabilnost, UV otpornost i izdr\u017eljivost. Pored toga, aluminijumski profili su posebno laki za odr\u017eavanje i neprimetno se uklapaju u modernu arhitekturu.<\/p>\n\n\n\n<p>Profil za roletne &#8211; za\u0161tita od sunca, toplote i znati\u017eeljnih o\u010diju: Na\u0161 aluminijumski profil za roletne je savr\u0161eno re\u0161enje za privatnost, toplotnu izolaciju i dodatnu sigurnost. U pore\u0111enju sa plasti\u010dnim roletnama, aluminijumski profili su znatno otporniji i izdr\u017eljiviji.<\/p>\n\n\n\n<p>Rolo zavese imaju brojne prednosti:<\/p>\n\n\n\n<p>Za\u0161tita od sunca: Smanjuje direktnu sun\u010devu svetlost i obezbe\u0111uje ugodnu klimu u zatvorenom prostoru.<\/p>\n\n\n\n<p>Toplotna izolacija: Smanjuje tro\u0161kove energije smanjenjem tro\u0161kova grejanja i hla\u0111enja.<\/p>\n\n\n\n<p>Bezbednost: Ote\u017eava provale i \u0161titi od ne\u017eeljenih pogleda.<\/p>\n\n\n\n<p>Odr\u017eivost i ekolo\u0161ka prihvatljivost &#8211; Aluminijum je posebno odr\u017eiv materijal jer se mo\u017ee skoro 100% reciklirati bez gubitka kvaliteta. Na\u0161i aluminijumski profili ne samo da nude dug \u017eivotni vek, ve\u0107\u0301 su i ekolo\u0161ki prihvatljivija alternativa plasti\u010dnim re\u0161enjima. Kori\u0161\u0107enjem visokokvalitetnih materijala, aktivno doprinosimo stvaranju dugotrajnih re\u0161enja za za\u0161titu od sunca i insekata koja \u0161tede resurse.<\/p>\n\n\n\n<p>BLECHA \u2013 Va\u0161 pouzdan partner za aluminijumske profile: Sa 4 decenije iskustva u trgovini aluminijumom, na\u0161im kupcima nudimo \u0161irok spektar visokokvalitetnih profila za \u0161irok spektar primena. Zahvaljuju\u0107i na\u0161em velikom magacinu, mo\u017eemo brzo i fleksibilno da obra\u0111ujemo porud\u017ebine.<\/p>\n\n\n\n<p>Pouzdana logistika: Saradnjom sa \u0161pediterima i paketskim slu\u017ebama, kao i sa sopstvenom flotom, obezbe\u0111ujemo da va\u0161a porud\u017ebina stigne bezbedno i na vreme \u2013 kako u Austriji tako iu susednim zemljama.<\/p>\n\n\n\n<p>Bilo da se radi o aluminijumskim letvicama i letvicama za za\u0161titu od sunca, profilima za za\u0161titu od insekata ili profilima za roletne &#8211; kod BLECHA \u0107ete prona\u0107i prava aluminijumska re\u0161enja za svoje projekte. Kontaktirajte nas danas i dozvolite nam da vas uverimo u na\u0161u raznovrsnost proizvoda!<\/p>\n","protected":false},"excerpt":{"rendered":"Aluminijumski profili za za\u0161titu od sunca i insekata \u2013 izdr\u017eljivi, stabilni i odr\u017eivi Sistemi za za\u0161titu od sunca i insekata postali su neizostavni deo moderne arhitekture i gra\u0111evinarstva. Ne samo da pru\u017eaju za\u0161titu od toplote, odsjaja i insekata, ve\u0107\u0301 doprinose energetskoj efikasnosti i kvalitetu \u017eivota. Sa na\u0161im visokokvalitetnim aluminijumskim profilima, nudimo izdr\u017eljiva, otporna na vremenske [&hellip;]","protected":false},"author":2,"featured_media":0,"parent":5982,"menu_order":0,"comment_status":"closed","ping_status":"closed","template":"page-zaunsysteme-details.php","meta":{"_acf_changed":false,"footnotes":""},"class_list":["post-22289","page","type-page","status-publish","hentry"],"acf":[],"yoast_head":"<!-- This site is optimized with the Yoast SEO plugin v27.3 - https:\/\/yoast.com\/product\/yoast-seo-wordpress\/ -->\n<title>Za\u0161tita protiv sunca i insekata | BLECHA ALUPROFILE<\/title>\n<meta name=\"description\" content=\"Otkrijte na\u0161a visokokvalitetna re\u0161enja za za\u0161titu od sunca i insekata od aluminijuma. Na\u0161i proizvodi nude idealno re\u0161enje za efikasnu za\u0161titu od sunca i istovremeno za\u0161titu od insekata.\" \/>\n<meta name=\"robots\" content=\"index, follow, max-snippet:-1, max-image-preview:large, max-video-preview:-1\" \/>\n<link rel=\"canonical\" href=\"https:\/\/www.blecha.at\/sr\/produkti\/specijalni-profili\/zastita-protiv-sunca-i-insekata\/\" \/>\n<meta property=\"og:locale\" content=\"sr_RS\" \/>\n<meta property=\"og:type\" content=\"article\" \/>\n<meta property=\"og:title\" content=\"Za\u0161tita protiv sunca i insekata | BLECHA ALUPROFILE\" \/>\n<meta property=\"og:description\" content=\"Otkrijte na\u0161a visokokvalitetna re\u0161enja za za\u0161titu od sunca i insekata od aluminijuma. Na\u0161i proizvodi nude idealno re\u0161enje za efikasnu za\u0161titu od sunca i istovremeno za\u0161titu od insekata.\" \/>\n<meta property=\"og:url\" content=\"https:\/\/www.blecha.at\/sr\/produkti\/specijalni-profili\/zastita-protiv-sunca-i-insekata\/\" \/>\n<meta property=\"og:site_name\" content=\"BLECHA\" \/>\n<meta property=\"article:modified_time\" content=\"2026-01-26T15:40:35+00:00\" \/>\n<meta property=\"og:image\" content=\"https:\/\/www.blecha.at\/wp-content\/uploads\/2021\/02\/blecha-unternehmen-auswahl-gebaeude-3-scaled.jpg\" \/>\n\t<meta property=\"og:image:width\" content=\"2560\" \/>\n\t<meta property=\"og:image:height\" content=\"1642\" \/>\n\t<meta property=\"og:image:type\" content=\"image\/jpeg\" \/>\n<meta name=\"twitter:card\" content=\"summary_large_image\" \/>\n<meta name=\"twitter:label1\" content=\"\u041f\u0440\u043e\u0446\u0435\u045a\u0435\u043d\u043e \u0432\u0440\u0435\u043c\u0435 \u0447\u0438\u0442\u0430\u045a\u0430\" \/>\n\t<meta name=\"twitter:data1\" content=\"4 \u043c\u0438\u043d\u0443\u0442\u0430\" \/>\n<script type=\"application\/ld+json\" class=\"yoast-schema-graph\">{\"@context\":\"https:\\\/\\\/schema.org\",\"@graph\":[{\"@type\":\"WebPage\",\"@id\":\"https:\\\/\\\/www.blecha.at\\\/sr\\\/produkti\\\/specijalni-profili\\\/zastita-protiv-sunca-i-insekata\\\/\",\"url\":\"https:\\\/\\\/www.blecha.at\\\/sr\\\/produkti\\\/specijalni-profili\\\/zastita-protiv-sunca-i-insekata\\\/\",\"name\":\"Za\u0161tita protiv sunca i insekata | BLECHA ALUPROFILE\",\"isPartOf\":{\"@id\":\"https:\\\/\\\/www.blecha.at\\\/#website\"},\"datePublished\":\"2023-09-13T13:38:36+00:00\",\"dateModified\":\"2026-01-26T15:40:35+00:00\",\"description\":\"Otkrijte na\u0161a visokokvalitetna re\u0161enja za za\u0161titu od sunca i insekata od aluminijuma. Na\u0161i proizvodi nude idealno re\u0161enje za efikasnu za\u0161titu od sunca i istovremeno za\u0161titu od insekata.\",\"breadcrumb\":{\"@id\":\"https:\\\/\\\/www.blecha.at\\\/sr\\\/produkti\\\/specijalni-profili\\\/zastita-protiv-sunca-i-insekata\\\/#breadcrumb\"},\"inLanguage\":\"sr-RS\",\"potentialAction\":[{\"@type\":\"ReadAction\",\"target\":[\"https:\\\/\\\/www.blecha.at\\\/sr\\\/produkti\\\/specijalni-profili\\\/zastita-protiv-sunca-i-insekata\\\/\"]}]},{\"@type\":\"BreadcrumbList\",\"@id\":\"https:\\\/\\\/www.blecha.at\\\/sr\\\/produkti\\\/specijalni-profili\\\/zastita-protiv-sunca-i-insekata\\\/#breadcrumb\",\"itemListElement\":[{\"@type\":\"ListItem\",\"position\":1,\"name\":\"Home\",\"item\":\"https:\\\/\\\/www.blecha.at\\\/sr\\\/\"},{\"@type\":\"ListItem\",\"position\":2,\"name\":\"Produkti\",\"item\":\"https:\\\/\\\/www.blecha.at\\\/sr\\\/produkti\\\/\"},{\"@type\":\"ListItem\",\"position\":3,\"name\":\"Specialni profili\",\"item\":\"https:\\\/\\\/www.blecha.at\\\/sr\\\/produkti\\\/specijalni-profili\\\/\"},{\"@type\":\"ListItem\",\"position\":4,\"name\":\"Za\u0161tita protiv sunca i insekata\"}]},{\"@type\":\"WebSite\",\"@id\":\"https:\\\/\\\/www.blecha.at\\\/#website\",\"url\":\"https:\\\/\\\/www.blecha.at\\\/\",\"name\":\"BLECHA\",\"description\":\"Eine weitere WordPress-Website\",\"potentialAction\":[{\"@type\":\"SearchAction\",\"target\":{\"@type\":\"EntryPoint\",\"urlTemplate\":\"https:\\\/\\\/www.blecha.at\\\/?s={search_term_string}\"},\"query-input\":{\"@type\":\"PropertyValueSpecification\",\"valueRequired\":true,\"valueName\":\"search_term_string\"}}],\"inLanguage\":\"sr-RS\"}]}<\/script>\n<!-- \/ Yoast SEO plugin. -->","yoast_head_json":{"title":"Za\u0161tita protiv sunca i insekata | BLECHA ALUPROFILE","description":"Otkrijte na\u0161a visokokvalitetna re\u0161enja za za\u0161titu od sunca i insekata od aluminijuma. Na\u0161i proizvodi nude idealno re\u0161enje za efikasnu za\u0161titu od sunca i istovremeno za\u0161titu od insekata.","robots":{"index":"index","follow":"follow","max-snippet":"max-snippet:-1","max-image-preview":"max-image-preview:large","max-video-preview":"max-video-preview:-1"},"canonical":"https:\/\/www.blecha.at\/sr\/produkti\/specijalni-profili\/zastita-protiv-sunca-i-insekata\/","og_locale":"sr_RS","og_type":"article","og_title":"Za\u0161tita protiv sunca i insekata | BLECHA ALUPROFILE","og_description":"Otkrijte na\u0161a visokokvalitetna re\u0161enja za za\u0161titu od sunca i insekata od aluminijuma. Na\u0161i proizvodi nude idealno re\u0161enje za efikasnu za\u0161titu od sunca i istovremeno za\u0161titu od insekata.","og_url":"https:\/\/www.blecha.at\/sr\/produkti\/specijalni-profili\/zastita-protiv-sunca-i-insekata\/","og_site_name":"BLECHA","article_modified_time":"2026-01-26T15:40:35+00:00","og_image":[{"width":2560,"height":1642,"url":"https:\/\/www.blecha.at\/wp-content\/uploads\/2021\/02\/blecha-unternehmen-auswahl-gebaeude-3-scaled.jpg","type":"image\/jpeg"}],"twitter_card":"summary_large_image","twitter_misc":{"\u041f\u0440\u043e\u0446\u0435\u045a\u0435\u043d\u043e \u0432\u0440\u0435\u043c\u0435 \u0447\u0438\u0442\u0430\u045a\u0430":"4 \u043c\u0438\u043d\u0443\u0442\u0430"},"schema":{"@context":"https:\/\/schema.org","@graph":[{"@type":"WebPage","@id":"https:\/\/www.blecha.at\/sr\/produkti\/specijalni-profili\/zastita-protiv-sunca-i-insekata\/","url":"https:\/\/www.blecha.at\/sr\/produkti\/specijalni-profili\/zastita-protiv-sunca-i-insekata\/","name":"Za\u0161tita protiv sunca i insekata | BLECHA ALUPROFILE","isPartOf":{"@id":"https:\/\/www.blecha.at\/#website"},"datePublished":"2023-09-13T13:38:36+00:00","dateModified":"2026-01-26T15:40:35+00:00","description":"Otkrijte na\u0161a visokokvalitetna re\u0161enja za za\u0161titu od sunca i insekata od aluminijuma. Na\u0161i proizvodi nude idealno re\u0161enje za efikasnu za\u0161titu od sunca i istovremeno za\u0161titu od insekata.","breadcrumb":{"@id":"https:\/\/www.blecha.at\/sr\/produkti\/specijalni-profili\/zastita-protiv-sunca-i-insekata\/#breadcrumb"},"inLanguage":"sr-RS","potentialAction":[{"@type":"ReadAction","target":["https:\/\/www.blecha.at\/sr\/produkti\/specijalni-profili\/zastita-protiv-sunca-i-insekata\/"]}]},{"@type":"BreadcrumbList","@id":"https:\/\/www.blecha.at\/sr\/produkti\/specijalni-profili\/zastita-protiv-sunca-i-insekata\/#breadcrumb","itemListElement":[{"@type":"ListItem","position":1,"name":"Home","item":"https:\/\/www.blecha.at\/sr\/"},{"@type":"ListItem","position":2,"name":"Produkti","item":"https:\/\/www.blecha.at\/sr\/produkti\/"},{"@type":"ListItem","position":3,"name":"Specialni profili","item":"https:\/\/www.blecha.at\/sr\/produkti\/specijalni-profili\/"},{"@type":"ListItem","position":4,"name":"Za\u0161tita protiv sunca i insekata"}]},{"@type":"WebSite","@id":"https:\/\/www.blecha.at\/#website","url":"https:\/\/www.blecha.at\/","name":"BLECHA","description":"Eine weitere WordPress-Website","potentialAction":[{"@type":"SearchAction","target":{"@type":"EntryPoint","urlTemplate":"https:\/\/www.blecha.at\/?s={search_term_string}"},"query-input":{"@type":"PropertyValueSpecification","valueRequired":true,"valueName":"search_term_string"}}],"inLanguage":"sr-RS"}]}},"_links":{"self":[{"href":"https:\/\/www.blecha.at\/sr\/wp-json\/wp\/v2\/pages\/22289","targetHints":{"allow":["GET"]}}],"collection":[{"href":"https:\/\/www.blecha.at\/sr\/wp-json\/wp\/v2\/pages"}],"about":[{"href":"https:\/\/www.blecha.at\/sr\/wp-json\/wp\/v2\/types\/page"}],"author":[{"embeddable":true,"href":"https:\/\/www.blecha.at\/sr\/wp-json\/wp\/v2\/users\/2"}],"replies":[{"embeddable":true,"href":"https:\/\/www.blecha.at\/sr\/wp-json\/wp\/v2\/comments?post=22289"}],"version-history":[{"count":6,"href":"https:\/\/www.blecha.at\/sr\/wp-json\/wp\/v2\/pages\/22289\/revisions"}],"predecessor-version":[{"id":31814,"href":"https:\/\/www.blecha.at\/sr\/wp-json\/wp\/v2\/pages\/22289\/revisions\/31814"}],"up":[{"embeddable":true,"href":"https:\/\/www.blecha.at\/sr\/wp-json\/wp\/v2\/pages\/5982"}],"wp:attachment":[{"href":"https:\/\/www.blecha.at\/sr\/wp-json\/wp\/v2\/media?parent=22289"}],"curies":[{"name":"wp","href":"https:\/\/api.w.org\/{rel}","templated":true}]}}