{"id":22445,"date":"2023-01-11T13:31:54","date_gmt":"2023-01-11T12:31:54","guid":{"rendered":"https:\/\/www.blecha.at\/?page_id=22445"},"modified":"2024-02-02T12:14:51","modified_gmt":"2024-02-02T11:14:51","slug":"navojni-delovi","status":"publish","type":"page","link":"https:\/\/www.blecha.at\/sr\/produkti\/fittings\/navojni-delovi\/","title":{"rendered":"Navojni delovi"},"content":{"rendered":"","protected":false},"excerpt":{"rendered":"","protected":false},"author":2,"featured_media":0,"parent":26628,"menu_order":0,"comment_status":"closed","ping_status":"closed","template":"page-zaunsysteme-details.php","meta":{"_acf_changed":false,"footnotes":""},"class_list":["post-22445","page","type-page","status-publish","hentry"],"acf":[],"yoast_head":"<!-- This site is optimized with the Yoast SEO plugin v27.3 - https:\/\/yoast.com\/product\/yoast-seo-wordpress\/ -->\n<title>Navojni delovi | BLECHA Aluprofil<\/title>\n<meta name=\"description\" content=\"Otkrijte na\u0161e visokokvalitetne aluminijumske spojeve sa navojem. Na\u0161i aluminijumski fitinzi sa navojem su idealno re\u0161enje za cevne sisteme i strukture gde su potrebni pouzdani navojni spojevi. Nudimo \u0161irok spektar fitinga sa navojem, uklju\u010dujuc\u0301i \u010daure, bradavice, nastavke za zavarivanje, uti\u010dnice za zavarivanje, navojne uti\u010dnice i jo\u0161 mnogo toga\" \/>\n<meta name=\"robots\" content=\"index, follow, max-snippet:-1, max-image-preview:large, max-video-preview:-1\" \/>\n<link rel=\"canonical\" href=\"https:\/\/www.blecha.at\/sr\/produkti\/fittings\/navojni-delovi\/\" \/>\n<meta property=\"og:locale\" content=\"sr_RS\" \/>\n<meta property=\"og:type\" content=\"article\" \/>\n<meta property=\"og:title\" content=\"Navojni delovi | BLECHA Aluprofil\" \/>\n<meta property=\"og:description\" content=\"Otkrijte na\u0161e visokokvalitetne aluminijumske spojeve sa navojem. Na\u0161i aluminijumski fitinzi sa navojem su idealno re\u0161enje za cevne sisteme i strukture gde su potrebni pouzdani navojni spojevi. Nudimo \u0161irok spektar fitinga sa navojem, uklju\u010dujuc\u0301i \u010daure, bradavice, nastavke za zavarivanje, uti\u010dnice za zavarivanje, navojne uti\u010dnice i jo\u0161 mnogo toga\" \/>\n<meta property=\"og:url\" content=\"https:\/\/www.blecha.at\/sr\/produkti\/fittings\/navojni-delovi\/\" \/>\n<meta property=\"og:site_name\" content=\"BLECHA\" \/>\n<meta property=\"article:modified_time\" content=\"2024-02-02T11:14:51+00:00\" \/>\n<meta property=\"og:image\" content=\"https:\/\/www.blecha.at\/wp-content\/uploads\/2021\/02\/blecha-unternehmen-auswahl-gebaeude-3-scaled.jpg\" \/>\n\t<meta property=\"og:image:width\" content=\"2560\" \/>\n\t<meta property=\"og:image:height\" content=\"1642\" \/>\n\t<meta property=\"og:image:type\" content=\"image\/jpeg\" \/>\n<meta name=\"twitter:card\" content=\"summary_large_image\" \/>\n<script type=\"application\/ld+json\" class=\"yoast-schema-graph\">{\"@context\":\"https:\\\/\\\/schema.org\",\"@graph\":[{\"@type\":\"WebPage\",\"@id\":\"https:\\\/\\\/www.blecha.at\\\/sr\\\/produkti\\\/fittings\\\/navojni-delovi\\\/\",\"url\":\"https:\\\/\\\/www.blecha.at\\\/sr\\\/produkti\\\/fittings\\\/navojni-delovi\\\/\",\"name\":\"Navojni delovi | BLECHA Aluprofil\",\"isPartOf\":{\"@id\":\"https:\\\/\\\/www.blecha.at\\\/#website\"},\"datePublished\":\"2023-01-11T12:31:54+00:00\",\"dateModified\":\"2024-02-02T11:14:51+00:00\",\"description\":\"Otkrijte na\u0161e visokokvalitetne aluminijumske spojeve sa navojem. Na\u0161i aluminijumski fitinzi sa navojem su idealno re\u0161enje za cevne sisteme i strukture gde su potrebni pouzdani navojni spojevi. Nudimo \u0161irok spektar fitinga sa navojem, uklju\u010dujuc\u0301i \u010daure, bradavice, nastavke za zavarivanje, uti\u010dnice za zavarivanje, navojne uti\u010dnice i jo\u0161 mnogo toga\",\"breadcrumb\":{\"@id\":\"https:\\\/\\\/www.blecha.at\\\/sr\\\/produkti\\\/fittings\\\/navojni-delovi\\\/#breadcrumb\"},\"inLanguage\":\"sr-RS\",\"potentialAction\":[{\"@type\":\"ReadAction\",\"target\":[\"https:\\\/\\\/www.blecha.at\\\/sr\\\/produkti\\\/fittings\\\/navojni-delovi\\\/\"]}]},{\"@type\":\"BreadcrumbList\",\"@id\":\"https:\\\/\\\/www.blecha.at\\\/sr\\\/produkti\\\/fittings\\\/navojni-delovi\\\/#breadcrumb\",\"itemListElement\":[{\"@type\":\"ListItem\",\"position\":1,\"name\":\"Home\",\"item\":\"https:\\\/\\\/www.blecha.at\\\/sr\\\/\"},{\"@type\":\"ListItem\",\"position\":2,\"name\":\"Produkti\",\"item\":\"https:\\\/\\\/www.blecha.at\\\/sr\\\/produkti\\\/\"},{\"@type\":\"ListItem\",\"position\":3,\"name\":\"Spojnice\",\"item\":\"https:\\\/\\\/www.blecha.at\\\/sr\\\/produkti\\\/fittings\\\/\"},{\"@type\":\"ListItem\",\"position\":4,\"name\":\"Navojni delovi\"}]},{\"@type\":\"WebSite\",\"@id\":\"https:\\\/\\\/www.blecha.at\\\/#website\",\"url\":\"https:\\\/\\\/www.blecha.at\\\/\",\"name\":\"BLECHA\",\"description\":\"Eine weitere WordPress-Website\",\"potentialAction\":[{\"@type\":\"SearchAction\",\"target\":{\"@type\":\"EntryPoint\",\"urlTemplate\":\"https:\\\/\\\/www.blecha.at\\\/?s={search_term_string}\"},\"query-input\":{\"@type\":\"PropertyValueSpecification\",\"valueRequired\":true,\"valueName\":\"search_term_string\"}}],\"inLanguage\":\"sr-RS\"}]}<\/script>\n<!-- \/ Yoast SEO plugin. -->","yoast_head_json":{"title":"Navojni delovi | BLECHA Aluprofil","description":"Otkrijte na\u0161e visokokvalitetne aluminijumske spojeve sa navojem. Na\u0161i aluminijumski fitinzi sa navojem su idealno re\u0161enje za cevne sisteme i strukture gde su potrebni pouzdani navojni spojevi. Nudimo \u0161irok spektar fitinga sa navojem, uklju\u010dujuc\u0301i \u010daure, bradavice, nastavke za zavarivanje, uti\u010dnice za zavarivanje, navojne uti\u010dnice i jo\u0161 mnogo toga","robots":{"index":"index","follow":"follow","max-snippet":"max-snippet:-1","max-image-preview":"max-image-preview:large","max-video-preview":"max-video-preview:-1"},"canonical":"https:\/\/www.blecha.at\/sr\/produkti\/fittings\/navojni-delovi\/","og_locale":"sr_RS","og_type":"article","og_title":"Navojni delovi | BLECHA Aluprofil","og_description":"Otkrijte na\u0161e visokokvalitetne aluminijumske spojeve sa navojem. Na\u0161i aluminijumski fitinzi sa navojem su idealno re\u0161enje za cevne sisteme i strukture gde su potrebni pouzdani navojni spojevi. Nudimo \u0161irok spektar fitinga sa navojem, uklju\u010dujuc\u0301i \u010daure, bradavice, nastavke za zavarivanje, uti\u010dnice za zavarivanje, navojne uti\u010dnice i jo\u0161 mnogo toga","og_url":"https:\/\/www.blecha.at\/sr\/produkti\/fittings\/navojni-delovi\/","og_site_name":"BLECHA","article_modified_time":"2024-02-02T11:14:51+00:00","og_image":[{"width":2560,"height":1642,"url":"https:\/\/www.blecha.at\/wp-content\/uploads\/2021\/02\/blecha-unternehmen-auswahl-gebaeude-3-scaled.jpg","type":"image\/jpeg"}],"twitter_card":"summary_large_image","schema":{"@context":"https:\/\/schema.org","@graph":[{"@type":"WebPage","@id":"https:\/\/www.blecha.at\/sr\/produkti\/fittings\/navojni-delovi\/","url":"https:\/\/www.blecha.at\/sr\/produkti\/fittings\/navojni-delovi\/","name":"Navojni delovi | BLECHA Aluprofil","isPartOf":{"@id":"https:\/\/www.blecha.at\/#website"},"datePublished":"2023-01-11T12:31:54+00:00","dateModified":"2024-02-02T11:14:51+00:00","description":"Otkrijte na\u0161e visokokvalitetne aluminijumske spojeve sa navojem. Na\u0161i aluminijumski fitinzi sa navojem su idealno re\u0161enje za cevne sisteme i strukture gde su potrebni pouzdani navojni spojevi. Nudimo \u0161irok spektar fitinga sa navojem, uklju\u010dujuc\u0301i \u010daure, bradavice, nastavke za zavarivanje, uti\u010dnice za zavarivanje, navojne uti\u010dnice i jo\u0161 mnogo toga","breadcrumb":{"@id":"https:\/\/www.blecha.at\/sr\/produkti\/fittings\/navojni-delovi\/#breadcrumb"},"inLanguage":"sr-RS","potentialAction":[{"@type":"ReadAction","target":["https:\/\/www.blecha.at\/sr\/produkti\/fittings\/navojni-delovi\/"]}]},{"@type":"BreadcrumbList","@id":"https:\/\/www.blecha.at\/sr\/produkti\/fittings\/navojni-delovi\/#breadcrumb","itemListElement":[{"@type":"ListItem","position":1,"name":"Home","item":"https:\/\/www.blecha.at\/sr\/"},{"@type":"ListItem","position":2,"name":"Produkti","item":"https:\/\/www.blecha.at\/sr\/produkti\/"},{"@type":"ListItem","position":3,"name":"Spojnice","item":"https:\/\/www.blecha.at\/sr\/produkti\/fittings\/"},{"@type":"ListItem","position":4,"name":"Navojni delovi"}]},{"@type":"WebSite","@id":"https:\/\/www.blecha.at\/#website","url":"https:\/\/www.blecha.at\/","name":"BLECHA","description":"Eine weitere WordPress-Website","potentialAction":[{"@type":"SearchAction","target":{"@type":"EntryPoint","urlTemplate":"https:\/\/www.blecha.at\/?s={search_term_string}"},"query-input":{"@type":"PropertyValueSpecification","valueRequired":true,"valueName":"search_term_string"}}],"inLanguage":"sr-RS"}]}},"_links":{"self":[{"href":"https:\/\/www.blecha.at\/sr\/wp-json\/wp\/v2\/pages\/22445","targetHints":{"allow":["GET"]}}],"collection":[{"href":"https:\/\/www.blecha.at\/sr\/wp-json\/wp\/v2\/pages"}],"about":[{"href":"https:\/\/www.blecha.at\/sr\/wp-json\/wp\/v2\/types\/page"}],"author":[{"embeddable":true,"href":"https:\/\/www.blecha.at\/sr\/wp-json\/wp\/v2\/users\/2"}],"replies":[{"embeddable":true,"href":"https:\/\/www.blecha.at\/sr\/wp-json\/wp\/v2\/comments?post=22445"}],"version-history":[{"count":6,"href":"https:\/\/www.blecha.at\/sr\/wp-json\/wp\/v2\/pages\/22445\/revisions"}],"predecessor-version":[{"id":26946,"href":"https:\/\/www.blecha.at\/sr\/wp-json\/wp\/v2\/pages\/22445\/revisions\/26946"}],"up":[{"embeddable":true,"href":"https:\/\/www.blecha.at\/sr\/wp-json\/wp\/v2\/pages\/26628"}],"wp:attachment":[{"href":"https:\/\/www.blecha.at\/sr\/wp-json\/wp\/v2\/media?parent=22445"}],"curies":[{"name":"wp","href":"https:\/\/api.w.org\/{rel}","templated":true}]}}