{"id":24523,"date":"2023-01-11T10:58:58","date_gmt":"2023-01-11T09:58:58","guid":{"rendered":"https:\/\/www.blecha.at\/produkti\/specijalni-profili\/glasbau\/"},"modified":"2026-01-26T16:17:10","modified_gmt":"2026-01-26T15:17:10","slug":"staklarstvo","status":"publish","type":"page","link":"https:\/\/www.blecha.at\/sr\/produkti\/specijalni-profili\/staklarstvo\/","title":{"rendered":"Staklarstvo"},"content":{"rendered":"","protected":false},"excerpt":{"rendered":"","protected":false},"author":2,"featured_media":0,"parent":5982,"menu_order":0,"comment_status":"closed","ping_status":"closed","template":"page-zaunsysteme-details.php","meta":{"_acf_changed":false,"footnotes":""},"class_list":["post-24523","page","type-page","status-publish","hentry"],"acf":[],"yoast_head":"<!-- This site is optimized with the Yoast SEO plugin v27.3 - https:\/\/yoast.com\/product\/yoast-seo-wordpress\/ -->\n<title>Staklarstvo | BLECHA Aluprofile<\/title>\n<meta name=\"description\" content=\"Na\u0161i aluminijumski profili su savr\u0161eno re\u0161enje za staklenu konstrukciju. Sa \u0161irokim spektrom profila, uklju\u010dujuc\u0301i U-profile, eloksirane U-profile, izgled od ner\u0111ajuc\u0301eg \u010delika i plastificirane ugaone profile, nudimo vam profile za postizanje izvanrednih rezultata u staklenoj konstrukciji.\" \/>\n<meta name=\"robots\" content=\"index, follow, max-snippet:-1, max-image-preview:large, max-video-preview:-1\" \/>\n<link rel=\"canonical\" href=\"https:\/\/www.blecha.at\/sr\/produkti\/specijalni-profili\/staklarstvo\/\" \/>\n<meta property=\"og:locale\" content=\"sr_RS\" \/>\n<meta property=\"og:type\" content=\"article\" \/>\n<meta property=\"og:title\" content=\"Staklarstvo | BLECHA Aluprofile\" \/>\n<meta property=\"og:description\" content=\"Na\u0161i aluminijumski profili su savr\u0161eno re\u0161enje za staklenu konstrukciju. Sa \u0161irokim spektrom profila, uklju\u010dujuc\u0301i U-profile, eloksirane U-profile, izgled od ner\u0111ajuc\u0301eg \u010delika i plastificirane ugaone profile, nudimo vam profile za postizanje izvanrednih rezultata u staklenoj konstrukciji.\" \/>\n<meta property=\"og:url\" content=\"https:\/\/www.blecha.at\/sr\/produkti\/specijalni-profili\/staklarstvo\/\" \/>\n<meta property=\"og:site_name\" content=\"BLECHA\" \/>\n<meta property=\"article:modified_time\" content=\"2026-01-26T15:17:10+00:00\" \/>\n<meta property=\"og:image\" content=\"https:\/\/www.blecha.at\/wp-content\/uploads\/2021\/02\/blecha-unternehmen-auswahl-gebaeude-3-scaled.jpg\" \/>\n\t<meta property=\"og:image:width\" content=\"2560\" \/>\n\t<meta property=\"og:image:height\" content=\"1642\" \/>\n\t<meta property=\"og:image:type\" content=\"image\/jpeg\" \/>\n<meta name=\"twitter:card\" content=\"summary_large_image\" \/>\n<script type=\"application\/ld+json\" class=\"yoast-schema-graph\">{\"@context\":\"https:\\\/\\\/schema.org\",\"@graph\":[{\"@type\":\"WebPage\",\"@id\":\"https:\\\/\\\/www.blecha.at\\\/sr\\\/produkti\\\/specijalni-profili\\\/staklarstvo\\\/\",\"url\":\"https:\\\/\\\/www.blecha.at\\\/sr\\\/produkti\\\/specijalni-profili\\\/staklarstvo\\\/\",\"name\":\"Staklarstvo | BLECHA Aluprofile\",\"isPartOf\":{\"@id\":\"https:\\\/\\\/www.blecha.at\\\/#website\"},\"datePublished\":\"2023-01-11T09:58:58+00:00\",\"dateModified\":\"2026-01-26T15:17:10+00:00\",\"description\":\"Na\u0161i aluminijumski profili su savr\u0161eno re\u0161enje za staklenu konstrukciju. Sa \u0161irokim spektrom profila, uklju\u010dujuc\u0301i U-profile, eloksirane U-profile, izgled od ner\u0111ajuc\u0301eg \u010delika i plastificirane ugaone profile, nudimo vam profile za postizanje izvanrednih rezultata u staklenoj konstrukciji.\",\"breadcrumb\":{\"@id\":\"https:\\\/\\\/www.blecha.at\\\/sr\\\/produkti\\\/specijalni-profili\\\/staklarstvo\\\/#breadcrumb\"},\"inLanguage\":\"sr-RS\",\"potentialAction\":[{\"@type\":\"ReadAction\",\"target\":[\"https:\\\/\\\/www.blecha.at\\\/sr\\\/produkti\\\/specijalni-profili\\\/staklarstvo\\\/\"]}]},{\"@type\":\"BreadcrumbList\",\"@id\":\"https:\\\/\\\/www.blecha.at\\\/sr\\\/produkti\\\/specijalni-profili\\\/staklarstvo\\\/#breadcrumb\",\"itemListElement\":[{\"@type\":\"ListItem\",\"position\":1,\"name\":\"Home\",\"item\":\"https:\\\/\\\/www.blecha.at\\\/sr\\\/\"},{\"@type\":\"ListItem\",\"position\":2,\"name\":\"Produkti\",\"item\":\"https:\\\/\\\/www.blecha.at\\\/sr\\\/produkti\\\/\"},{\"@type\":\"ListItem\",\"position\":3,\"name\":\"Specialni profili\",\"item\":\"https:\\\/\\\/www.blecha.at\\\/sr\\\/produkti\\\/specijalni-profili\\\/\"},{\"@type\":\"ListItem\",\"position\":4,\"name\":\"Staklarstvo\"}]},{\"@type\":\"WebSite\",\"@id\":\"https:\\\/\\\/www.blecha.at\\\/#website\",\"url\":\"https:\\\/\\\/www.blecha.at\\\/\",\"name\":\"BLECHA\",\"description\":\"Eine weitere WordPress-Website\",\"potentialAction\":[{\"@type\":\"SearchAction\",\"target\":{\"@type\":\"EntryPoint\",\"urlTemplate\":\"https:\\\/\\\/www.blecha.at\\\/?s={search_term_string}\"},\"query-input\":{\"@type\":\"PropertyValueSpecification\",\"valueRequired\":true,\"valueName\":\"search_term_string\"}}],\"inLanguage\":\"sr-RS\"}]}<\/script>\n<!-- \/ Yoast SEO plugin. -->","yoast_head_json":{"title":"Staklarstvo | BLECHA Aluprofile","description":"Na\u0161i aluminijumski profili su savr\u0161eno re\u0161enje za staklenu konstrukciju. Sa \u0161irokim spektrom profila, uklju\u010dujuc\u0301i U-profile, eloksirane U-profile, izgled od ner\u0111ajuc\u0301eg \u010delika i plastificirane ugaone profile, nudimo vam profile za postizanje izvanrednih rezultata u staklenoj konstrukciji.","robots":{"index":"index","follow":"follow","max-snippet":"max-snippet:-1","max-image-preview":"max-image-preview:large","max-video-preview":"max-video-preview:-1"},"canonical":"https:\/\/www.blecha.at\/sr\/produkti\/specijalni-profili\/staklarstvo\/","og_locale":"sr_RS","og_type":"article","og_title":"Staklarstvo | BLECHA Aluprofile","og_description":"Na\u0161i aluminijumski profili su savr\u0161eno re\u0161enje za staklenu konstrukciju. Sa \u0161irokim spektrom profila, uklju\u010dujuc\u0301i U-profile, eloksirane U-profile, izgled od ner\u0111ajuc\u0301eg \u010delika i plastificirane ugaone profile, nudimo vam profile za postizanje izvanrednih rezultata u staklenoj konstrukciji.","og_url":"https:\/\/www.blecha.at\/sr\/produkti\/specijalni-profili\/staklarstvo\/","og_site_name":"BLECHA","article_modified_time":"2026-01-26T15:17:10+00:00","og_image":[{"width":2560,"height":1642,"url":"https:\/\/www.blecha.at\/wp-content\/uploads\/2021\/02\/blecha-unternehmen-auswahl-gebaeude-3-scaled.jpg","type":"image\/jpeg"}],"twitter_card":"summary_large_image","schema":{"@context":"https:\/\/schema.org","@graph":[{"@type":"WebPage","@id":"https:\/\/www.blecha.at\/sr\/produkti\/specijalni-profili\/staklarstvo\/","url":"https:\/\/www.blecha.at\/sr\/produkti\/specijalni-profili\/staklarstvo\/","name":"Staklarstvo | BLECHA Aluprofile","isPartOf":{"@id":"https:\/\/www.blecha.at\/#website"},"datePublished":"2023-01-11T09:58:58+00:00","dateModified":"2026-01-26T15:17:10+00:00","description":"Na\u0161i aluminijumski profili su savr\u0161eno re\u0161enje za staklenu konstrukciju. Sa \u0161irokim spektrom profila, uklju\u010dujuc\u0301i U-profile, eloksirane U-profile, izgled od ner\u0111ajuc\u0301eg \u010delika i plastificirane ugaone profile, nudimo vam profile za postizanje izvanrednih rezultata u staklenoj konstrukciji.","breadcrumb":{"@id":"https:\/\/www.blecha.at\/sr\/produkti\/specijalni-profili\/staklarstvo\/#breadcrumb"},"inLanguage":"sr-RS","potentialAction":[{"@type":"ReadAction","target":["https:\/\/www.blecha.at\/sr\/produkti\/specijalni-profili\/staklarstvo\/"]}]},{"@type":"BreadcrumbList","@id":"https:\/\/www.blecha.at\/sr\/produkti\/specijalni-profili\/staklarstvo\/#breadcrumb","itemListElement":[{"@type":"ListItem","position":1,"name":"Home","item":"https:\/\/www.blecha.at\/sr\/"},{"@type":"ListItem","position":2,"name":"Produkti","item":"https:\/\/www.blecha.at\/sr\/produkti\/"},{"@type":"ListItem","position":3,"name":"Specialni profili","item":"https:\/\/www.blecha.at\/sr\/produkti\/specijalni-profili\/"},{"@type":"ListItem","position":4,"name":"Staklarstvo"}]},{"@type":"WebSite","@id":"https:\/\/www.blecha.at\/#website","url":"https:\/\/www.blecha.at\/","name":"BLECHA","description":"Eine weitere WordPress-Website","potentialAction":[{"@type":"SearchAction","target":{"@type":"EntryPoint","urlTemplate":"https:\/\/www.blecha.at\/?s={search_term_string}"},"query-input":{"@type":"PropertyValueSpecification","valueRequired":true,"valueName":"search_term_string"}}],"inLanguage":"sr-RS"}]}},"_links":{"self":[{"href":"https:\/\/www.blecha.at\/sr\/wp-json\/wp\/v2\/pages\/24523","targetHints":{"allow":["GET"]}}],"collection":[{"href":"https:\/\/www.blecha.at\/sr\/wp-json\/wp\/v2\/pages"}],"about":[{"href":"https:\/\/www.blecha.at\/sr\/wp-json\/wp\/v2\/types\/page"}],"author":[{"embeddable":true,"href":"https:\/\/www.blecha.at\/sr\/wp-json\/wp\/v2\/users\/2"}],"replies":[{"embeddable":true,"href":"https:\/\/www.blecha.at\/sr\/wp-json\/wp\/v2\/comments?post=24523"}],"version-history":[{"count":7,"href":"https:\/\/www.blecha.at\/sr\/wp-json\/wp\/v2\/pages\/24523\/revisions"}],"predecessor-version":[{"id":31758,"href":"https:\/\/www.blecha.at\/sr\/wp-json\/wp\/v2\/pages\/24523\/revisions\/31758"}],"up":[{"embeddable":true,"href":"https:\/\/www.blecha.at\/sr\/wp-json\/wp\/v2\/pages\/5982"}],"wp:attachment":[{"href":"https:\/\/www.blecha.at\/sr\/wp-json\/wp\/v2\/media?parent=24523"}],"curies":[{"name":"wp","href":"https:\/\/api.w.org\/{rel}","templated":true}]}}