{"id":25268,"date":"2022-12-15T10:11:20","date_gmt":"2022-12-15T09:11:20","guid":{"rendered":"https:\/\/www.blecha.at\/produkti\/specijalni-profili\/terrassenbau\/"},"modified":"2026-02-09T16:07:36","modified_gmt":"2026-02-09T15:07:36","slug":"izgradnja-terase","status":"publish","type":"page","link":"https:\/\/www.blecha.at\/sr\/produkti\/specijalni-profili\/izgradnja-terase\/","title":{"rendered":"Izgradnja terase"},"content":{"rendered":"","protected":false},"excerpt":{"rendered":"","protected":false},"author":2,"featured_media":0,"parent":5982,"menu_order":0,"comment_status":"closed","ping_status":"closed","template":"page-zaunsysteme-details.php","meta":{"_acf_changed":false,"footnotes":""},"class_list":["post-25268","page","type-page","status-publish","hentry"],"acf":[],"yoast_head":"<!-- This site is optimized with the Yoast SEO plugin v27.3 - https:\/\/yoast.com\/product\/yoast-seo-wordpress\/ -->\n<title>Izgradnja terase | BLECHA Aluprofile<\/title>\n<meta name=\"description\" content=\"Otkrijte na\u0161e visokokvalitetne aluminijumske profile za izgradnju terasa. Na\u0161 \u0161irok asortiman obuhvata pokrivne trake, daske za podove i drugo \u0161to je posebno razvijeno za projektovanje i izgradnju terasa.\" \/>\n<meta name=\"robots\" content=\"index, follow, max-snippet:-1, max-image-preview:large, max-video-preview:-1\" \/>\n<link rel=\"canonical\" href=\"https:\/\/www.blecha.at\/sr\/produkti\/specijalni-profili\/izgradnja-terase\/\" \/>\n<meta property=\"og:locale\" content=\"sr_RS\" \/>\n<meta property=\"og:type\" content=\"article\" \/>\n<meta property=\"og:title\" content=\"Izgradnja terase | BLECHA Aluprofile\" \/>\n<meta property=\"og:description\" content=\"Otkrijte na\u0161e visokokvalitetne aluminijumske profile za izgradnju terasa. Na\u0161 \u0161irok asortiman obuhvata pokrivne trake, daske za podove i drugo \u0161to je posebno razvijeno za projektovanje i izgradnju terasa.\" \/>\n<meta property=\"og:url\" content=\"https:\/\/www.blecha.at\/sr\/produkti\/specijalni-profili\/izgradnja-terase\/\" \/>\n<meta property=\"og:site_name\" content=\"BLECHA\" \/>\n<meta property=\"article:modified_time\" content=\"2026-02-09T15:07:36+00:00\" \/>\n<meta property=\"og:image\" content=\"https:\/\/www.blecha.at\/wp-content\/uploads\/2021\/02\/blecha-unternehmen-auswahl-gebaeude-3-scaled.jpg\" \/>\n\t<meta property=\"og:image:width\" content=\"2560\" \/>\n\t<meta property=\"og:image:height\" content=\"1642\" \/>\n\t<meta property=\"og:image:type\" content=\"image\/jpeg\" \/>\n<meta name=\"twitter:card\" content=\"summary_large_image\" \/>\n<script type=\"application\/ld+json\" class=\"yoast-schema-graph\">{\"@context\":\"https:\\\/\\\/schema.org\",\"@graph\":[{\"@type\":\"WebPage\",\"@id\":\"https:\\\/\\\/www.blecha.at\\\/sr\\\/produkti\\\/specijalni-profili\\\/izgradnja-terase\\\/\",\"url\":\"https:\\\/\\\/www.blecha.at\\\/sr\\\/produkti\\\/specijalni-profili\\\/izgradnja-terase\\\/\",\"name\":\"Izgradnja terase | BLECHA Aluprofile\",\"isPartOf\":{\"@id\":\"https:\\\/\\\/www.blecha.at\\\/#website\"},\"datePublished\":\"2022-12-15T09:11:20+00:00\",\"dateModified\":\"2026-02-09T15:07:36+00:00\",\"description\":\"Otkrijte na\u0161e visokokvalitetne aluminijumske profile za izgradnju terasa. Na\u0161 \u0161irok asortiman obuhvata pokrivne trake, daske za podove i drugo \u0161to je posebno razvijeno za projektovanje i izgradnju terasa.\",\"breadcrumb\":{\"@id\":\"https:\\\/\\\/www.blecha.at\\\/sr\\\/produkti\\\/specijalni-profili\\\/izgradnja-terase\\\/#breadcrumb\"},\"inLanguage\":\"sr-RS\",\"potentialAction\":[{\"@type\":\"ReadAction\",\"target\":[\"https:\\\/\\\/www.blecha.at\\\/sr\\\/produkti\\\/specijalni-profili\\\/izgradnja-terase\\\/\"]}]},{\"@type\":\"BreadcrumbList\",\"@id\":\"https:\\\/\\\/www.blecha.at\\\/sr\\\/produkti\\\/specijalni-profili\\\/izgradnja-terase\\\/#breadcrumb\",\"itemListElement\":[{\"@type\":\"ListItem\",\"position\":1,\"name\":\"Home\",\"item\":\"https:\\\/\\\/www.blecha.at\\\/sr\\\/\"},{\"@type\":\"ListItem\",\"position\":2,\"name\":\"Produkti\",\"item\":\"https:\\\/\\\/www.blecha.at\\\/sr\\\/produkti\\\/\"},{\"@type\":\"ListItem\",\"position\":3,\"name\":\"Specialni profili\",\"item\":\"https:\\\/\\\/www.blecha.at\\\/sr\\\/produkti\\\/specijalni-profili\\\/\"},{\"@type\":\"ListItem\",\"position\":4,\"name\":\"Izgradnja terase\"}]},{\"@type\":\"WebSite\",\"@id\":\"https:\\\/\\\/www.blecha.at\\\/#website\",\"url\":\"https:\\\/\\\/www.blecha.at\\\/\",\"name\":\"BLECHA\",\"description\":\"Eine weitere WordPress-Website\",\"potentialAction\":[{\"@type\":\"SearchAction\",\"target\":{\"@type\":\"EntryPoint\",\"urlTemplate\":\"https:\\\/\\\/www.blecha.at\\\/?s={search_term_string}\"},\"query-input\":{\"@type\":\"PropertyValueSpecification\",\"valueRequired\":true,\"valueName\":\"search_term_string\"}}],\"inLanguage\":\"sr-RS\"}]}<\/script>\n<!-- \/ Yoast SEO plugin. -->","yoast_head_json":{"title":"Izgradnja terase | BLECHA Aluprofile","description":"Otkrijte na\u0161e visokokvalitetne aluminijumske profile za izgradnju terasa. Na\u0161 \u0161irok asortiman obuhvata pokrivne trake, daske za podove i drugo \u0161to je posebno razvijeno za projektovanje i izgradnju terasa.","robots":{"index":"index","follow":"follow","max-snippet":"max-snippet:-1","max-image-preview":"max-image-preview:large","max-video-preview":"max-video-preview:-1"},"canonical":"https:\/\/www.blecha.at\/sr\/produkti\/specijalni-profili\/izgradnja-terase\/","og_locale":"sr_RS","og_type":"article","og_title":"Izgradnja terase | BLECHA Aluprofile","og_description":"Otkrijte na\u0161e visokokvalitetne aluminijumske profile za izgradnju terasa. Na\u0161 \u0161irok asortiman obuhvata pokrivne trake, daske za podove i drugo \u0161to je posebno razvijeno za projektovanje i izgradnju terasa.","og_url":"https:\/\/www.blecha.at\/sr\/produkti\/specijalni-profili\/izgradnja-terase\/","og_site_name":"BLECHA","article_modified_time":"2026-02-09T15:07:36+00:00","og_image":[{"width":2560,"height":1642,"url":"https:\/\/www.blecha.at\/wp-content\/uploads\/2021\/02\/blecha-unternehmen-auswahl-gebaeude-3-scaled.jpg","type":"image\/jpeg"}],"twitter_card":"summary_large_image","schema":{"@context":"https:\/\/schema.org","@graph":[{"@type":"WebPage","@id":"https:\/\/www.blecha.at\/sr\/produkti\/specijalni-profili\/izgradnja-terase\/","url":"https:\/\/www.blecha.at\/sr\/produkti\/specijalni-profili\/izgradnja-terase\/","name":"Izgradnja terase | BLECHA Aluprofile","isPartOf":{"@id":"https:\/\/www.blecha.at\/#website"},"datePublished":"2022-12-15T09:11:20+00:00","dateModified":"2026-02-09T15:07:36+00:00","description":"Otkrijte na\u0161e visokokvalitetne aluminijumske profile za izgradnju terasa. Na\u0161 \u0161irok asortiman obuhvata pokrivne trake, daske za podove i drugo \u0161to je posebno razvijeno za projektovanje i izgradnju terasa.","breadcrumb":{"@id":"https:\/\/www.blecha.at\/sr\/produkti\/specijalni-profili\/izgradnja-terase\/#breadcrumb"},"inLanguage":"sr-RS","potentialAction":[{"@type":"ReadAction","target":["https:\/\/www.blecha.at\/sr\/produkti\/specijalni-profili\/izgradnja-terase\/"]}]},{"@type":"BreadcrumbList","@id":"https:\/\/www.blecha.at\/sr\/produkti\/specijalni-profili\/izgradnja-terase\/#breadcrumb","itemListElement":[{"@type":"ListItem","position":1,"name":"Home","item":"https:\/\/www.blecha.at\/sr\/"},{"@type":"ListItem","position":2,"name":"Produkti","item":"https:\/\/www.blecha.at\/sr\/produkti\/"},{"@type":"ListItem","position":3,"name":"Specialni profili","item":"https:\/\/www.blecha.at\/sr\/produkti\/specijalni-profili\/"},{"@type":"ListItem","position":4,"name":"Izgradnja terase"}]},{"@type":"WebSite","@id":"https:\/\/www.blecha.at\/#website","url":"https:\/\/www.blecha.at\/","name":"BLECHA","description":"Eine weitere WordPress-Website","potentialAction":[{"@type":"SearchAction","target":{"@type":"EntryPoint","urlTemplate":"https:\/\/www.blecha.at\/?s={search_term_string}"},"query-input":{"@type":"PropertyValueSpecification","valueRequired":true,"valueName":"search_term_string"}}],"inLanguage":"sr-RS"}]}},"_links":{"self":[{"href":"https:\/\/www.blecha.at\/sr\/wp-json\/wp\/v2\/pages\/25268","targetHints":{"allow":["GET"]}}],"collection":[{"href":"https:\/\/www.blecha.at\/sr\/wp-json\/wp\/v2\/pages"}],"about":[{"href":"https:\/\/www.blecha.at\/sr\/wp-json\/wp\/v2\/types\/page"}],"author":[{"embeddable":true,"href":"https:\/\/www.blecha.at\/sr\/wp-json\/wp\/v2\/users\/2"}],"replies":[{"embeddable":true,"href":"https:\/\/www.blecha.at\/sr\/wp-json\/wp\/v2\/comments?post=25268"}],"version-history":[{"count":5,"href":"https:\/\/www.blecha.at\/sr\/wp-json\/wp\/v2\/pages\/25268\/revisions"}],"predecessor-version":[{"id":31843,"href":"https:\/\/www.blecha.at\/sr\/wp-json\/wp\/v2\/pages\/25268\/revisions\/31843"}],"up":[{"embeddable":true,"href":"https:\/\/www.blecha.at\/sr\/wp-json\/wp\/v2\/pages\/5982"}],"wp:attachment":[{"href":"https:\/\/www.blecha.at\/sr\/wp-json\/wp\/v2\/media?parent=25268"}],"curies":[{"name":"wp","href":"https:\/\/api.w.org\/{rel}","templated":true}]}}