{"id":4955,"date":"2021-01-22T16:35:16","date_gmt":"2021-01-22T15:35:16","guid":{"rendered":"https:\/\/www.blecha.at\/servis\/oberflaechenveredelung\/"},"modified":"2021-12-20T15:46:28","modified_gmt":"2021-12-20T14:46:28","slug":"povrsinskapreobrada","status":"publish","type":"page","link":"https:\/\/www.blecha.at\/sr\/servis\/povrsinskapreobrada\/","title":{"rendered":"Dorada povr\u0161ine"},"content":{"rendered":"\n<section id=\"sectionTwo\" class=\"mt-lg-n11 py-8 py-md-11 px-lg-9 border-left border-right border-right-lg-none bg-white\">\n\n\n<div class=\"wp-bootstrap-blocks-container container-fluid mb-0\">\n\t\n<div class=\"wp-bootstrap-blocks-row row mx-auto\">\n\t\n\n<div class=\"col-12 col-md-10\">\n\t\t\t\n\n<h2 class=\"text-secondary scroll-fade-bottom-up visibility-hidden wp-block-heading\">Jedna lepa stvar.<\/h2>\n\n\n\n<p class=\"mb-7 mb-md-7 scroll-fade-bottom-up visibility-hidden\">Povr\u0161inska preobrada ujedinjuje estetiku sa funkcijom. Jednostavno upitajte i povr\u0161insku preobradu kod nas, te zadivljenje podelite sa va\u0161im kupcem.<\/p>\n\n\t<\/div>\n\n\n\n<div class=\"col-12\">\n\t\t\t\n\n<h4 class=\"scroll-fade-bottom-up visibility-hidden wp-block-heading\">Na\u0161e specijalne dorade<\/h4>\n\n\n\n<hr class=\"wp-block-separator is-style-wide my-5\"\/>\n\n\n<div class=\"wp-bootstrap-blocks-row row\">\n\t\n\n<div class=\"col-12 col-md-4\">\n\t\t\t\n\n<div class=\"d-flex text-left scroll-fade-bottom-up visibility-hidden\">\n<div class=\"badge badge-rounded-circle badge-primary-soft mt-1 mr-4\">\n<i class=\"fe fe-check\"><\/i>\n<\/div><p class=\"text-primary\">Eloksal<\/p><\/div>\n\n\t<\/div>\n\n\n\n<div class=\"col-12 col-md-4\">\n\t\t\t\n\n<div class=\"d-flex text-left scroll-fade-bottom-up visibility-hidden\">\n<div class=\"badge badge-rounded-circle badge-primary-soft mt-1 mr-4\">\n<i class=\"fe fe-check\"><\/i>\n<\/div><p class=\"text-primary\">Plastifikacija<\/p><\/div>\n\n\t<\/div>\n\n\n\n<div class=\"col-12 col-md-4\">\n\t\t\t\n\n<div class=\"d-flex text-left scroll-fade-bottom-up visibility-hidden\">\n<div class=\"badge badge-rounded-circle badge-primary-soft mt-1 mr-4\">\n<i class=\"fe fe-check\"><\/i>\n<\/div><p class=\"text-primary\">Specijalne povr\u0161ine (drvena optika za aluminijumske ograde i balkone)<\/p><\/div>\n\n\t<\/div>\n\n<\/div>\n\n\t<\/div>\n\n<\/div>\n\n<\/div>\n\n\n\n<\/section>\n\n\n\n<section data-jarallax=\"\" data-speed=\".8\" class=\"py-12 py-md-13 overlay overlay-black overlay-40 bg-cover jarallax\" style=\"background-image: url(\/wp-content\/uploads\/2021\/08\/blecha-oberflaechenveredelung-2.jpg);\">\n  <div class=\"container\">\n    <div class=\"row mx-auto\">\n      <div class=\"col-12 col-md-10\"> \n        \n        <!-- Blockquote -->\n        <blockquote class=\"blockquote mb-0\"> \n          \n          <!-- Text -->\n          <p class=\"h2 text-white text-left font-regular scroll-fade-bottom-up visibility-hidden\">&#8222;Kad govorimo o povr\u0161inskoj obradi, ovde se oslanjamo isklju\u010divo na dugotrajne i proverene odnose sa dobavlja\u010dima.&#8220;<\/p>\n          \n          <!-- Footer -->\n          <footer class=\"blockquote-footer text-white-50 mb-0 scroll-fade-bottom-up visibility-hidden\">BLECHA<\/footer>\n        <\/blockquote>\n      <\/div>\n    <\/div>\n  <\/div>\n<\/section>\n\n\n\n<section class=\"py-8 py-md-11 px-lg-9 border-left border-right border-right-lg-none bg-white\">\n\n\n<div class=\"wp-bootstrap-blocks-container container-fluid mb-0\">\n\t\n<div class=\"wp-bootstrap-blocks-row row mx-auto\">\n\t\n\n<div class=\"col-12 col-md-10\">\n\t\t\t\n\n<h2 class=\"text-secondary scroll-fade-bottom-up visibility-hidden wp-block-heading\">Aluminijumska skladi\u0161na roba, eloksirana i plastificirana<\/h2>\n\n\n\n<p class=\"mb-7 mb-md-7 scroll-fade-bottom-up visibility-hidden\">Uobi\u010dajene dimenzije U-profila i ugaonika imamo \u010dak i u skladi\u0161nom programu, u dora\u0111enom stanju. U nastavku se nalazi izvadak iz na\u0161eg programa isporuke:<\/p>\n\n\n<div class=\"wp-bootstrap-blocks-row row\">\n\t\n\n<div class=\"col-12 col-md-4\">\n\t\t\t\n\n<div class=\"d-flex text-left scroll-fade-bottom-up visibility-hidden\">\n<div class=\"badge badge-rounded-circle badge-primary-soft mt-1 mr-4\">\n<i class=\"fe fe-check\"><\/i>\n<\/div><p class=\"text-primary\">Ugaonici prirodno eloksirani<\/p><\/div>\n\n\t<\/div>\n\n\n\n<div class=\"col-12 col-md-4\">\n\t\t\t\n\n<div class=\"d-flex text-left scroll-fade-bottom-up visibility-hidden\">\n<div class=\"badge badge-rounded-circle badge-primary-soft mt-1 mr-4\">\n<i class=\"fe fe-check\"><\/i>\n<\/div><p class=\"text-primary\">Ugaonici eloksirani u optici Inoksa<\/p><\/div>\n\n\t<\/div>\n\n\n\n<div class=\"col-12 col-md-4\">\n\t\t\t\n\n<div class=\"d-flex text-left scroll-fade-bottom-up visibility-hidden\">\n<div class=\"badge badge-rounded-circle badge-primary-soft mt-1 mr-4\">\n<i class=\"fe fe-check\"><\/i>\n<\/div><p class=\"text-primary\">Ugaonici plastficirani u RAL 9010<\/p><\/div>\n\n\t<\/div>\n\n\n\n<div class=\"col-12 col-md-4\">\n\t\t\t\n\n<div class=\"d-flex text-left scroll-fade-bottom-up visibility-hidden\">\n<div class=\"badge badge-rounded-circle badge-primary-soft mt-1 mr-4\">\n<i class=\"fe fe-check\"><\/i>\n<\/div><p class=\"text-primary\">U-profili prirodno eloksirani A6\/C0<\/p><\/div>\n\n\t<\/div>\n\n\n\n<div class=\"col-12 col-md-4\">\n\t\t\t\n\n<div class=\"d-flex text-left scroll-fade-bottom-up visibility-hidden\">\n<div class=\"badge badge-rounded-circle badge-primary-soft mt-1 mr-4\">\n<i class=\"fe fe-check\"><\/i>\n<\/div><p class=\"text-primary\">U-profili eloksirani u optici Inoksa<\/p><\/div>\n\n\t<\/div>\n\n\n\n<div class=\"col-12 col-md-4\">\n\t\t\t\n\n<div class=\"d-flex text-left scroll-fade-bottom-up visibility-hidden\">\n<div class=\"badge badge-rounded-circle badge-primary-soft mt-1 mr-4\">\n<i class=\"fe fe-check\"><\/i>\n<\/div><p class=\"text-primary\">U-profili plastficirani u RAL 9010<\/p><\/div>\n\n\t<\/div>\n\n\n\n<div class=\"col-12 col-md-4\">\n\t\t\t\n\n<div class=\"d-flex text-left scroll-fade-bottom-up visibility-hidden\">\n<div class=\"badge badge-rounded-circle badge-primary-soft mt-1 mr-4\">\n<i class=\"fe fe-check\"><\/i>\n<\/div><p class=\"text-primary\">U-profili sjajno eloksirani E8\/C0 (visokosjajni)<\/p><\/div>\n\n\t<\/div>\n\n<\/div>\n\n\t<\/div>\n\n<\/div>\n\n<\/div>\n\n\n\n<\/section>\n","protected":false},"excerpt":{"rendered":"&#8222;Kad govorimo o povr\u0161inskoj obradi, ovde se oslanjamo isklju\u010divo na dugotrajne i proverene odnose sa dobavlja\u010dima.&#8220; BLECHA","protected":false},"author":2,"featured_media":4957,"parent":4602,"menu_order":0,"comment_status":"closed","ping_status":"closed","template":"page-leistungen.php","meta":{"_acf_changed":false,"footnotes":""},"class_list":["post-4955","page","type-page","status-publish","has-post-thumbnail","hentry"],"acf":[],"yoast_head":"<!-- This site is optimized with the Yoast SEO plugin v27.3 - https:\/\/yoast.com\/product\/yoast-seo-wordpress\/ -->\n<title>Dorada povr\u0161ine na\u010dinom eloksiranja i plastificiranja | BLECHA<\/title>\n<meta name=\"description\" content=\"Nudimo doradu povr\u0161ine eloksiranjem i plastificiranjem, kao i specijalnim plastificiranjem u optici drveta, za izradu ograda i balkona.\" \/>\n<meta name=\"robots\" content=\"index, follow, max-snippet:-1, max-image-preview:large, max-video-preview:-1\" \/>\n<link rel=\"canonical\" href=\"https:\/\/www.blecha.at\/sr\/servis\/povrsinskapreobrada\/\" \/>\n<meta property=\"og:locale\" content=\"sr_RS\" \/>\n<meta property=\"og:type\" content=\"article\" \/>\n<meta property=\"og:title\" content=\"Dorada povr\u0161ine na\u010dinom eloksiranja i plastificiranja | BLECHA\" \/>\n<meta property=\"og:description\" content=\"Nudimo doradu povr\u0161ine eloksiranjem i plastificiranjem, kao i specijalnim plastificiranjem u optici drveta, za izradu ograda i balkona.\" \/>\n<meta property=\"og:url\" content=\"https:\/\/www.blecha.at\/sr\/servis\/povrsinskapreobrada\/\" \/>\n<meta property=\"og:site_name\" content=\"BLECHA\" \/>\n<meta property=\"article:modified_time\" content=\"2021-12-20T14:46:28+00:00\" \/>\n<meta property=\"og:image\" content=\"https:\/\/www.blecha.at\/wp-content\/uploads\/2021\/09\/blecha-oberflaechenveredelung-thumbnail.jpg\" \/>\n\t<meta property=\"og:image:width\" content=\"1600\" \/>\n\t<meta property=\"og:image:height\" content=\"1600\" \/>\n\t<meta property=\"og:image:type\" content=\"image\/jpeg\" \/>\n<meta name=\"twitter:card\" content=\"summary_large_image\" \/>\n<meta name=\"twitter:label1\" content=\"\u041f\u0440\u043e\u0446\u0435\u045a\u0435\u043d\u043e \u0432\u0440\u0435\u043c\u0435 \u0447\u0438\u0442\u0430\u045a\u0430\" \/>\n\t<meta name=\"twitter:data1\" content=\"1 \u043c\u0438\u043d\u0443\u0442\" \/>\n<script type=\"application\/ld+json\" class=\"yoast-schema-graph\">{\"@context\":\"https:\\\/\\\/schema.org\",\"@graph\":[{\"@type\":\"WebPage\",\"@id\":\"https:\\\/\\\/www.blecha.at\\\/sr\\\/servis\\\/povrsinskapreobrada\\\/\",\"url\":\"https:\\\/\\\/www.blecha.at\\\/sr\\\/servis\\\/povrsinskapreobrada\\\/\",\"name\":\"Dorada povr\u0161ine na\u010dinom eloksiranja i plastificiranja | BLECHA\",\"isPartOf\":{\"@id\":\"https:\\\/\\\/www.blecha.at\\\/#website\"},\"primaryImageOfPage\":{\"@id\":\"https:\\\/\\\/www.blecha.at\\\/sr\\\/servis\\\/povrsinskapreobrada\\\/#primaryimage\"},\"image\":{\"@id\":\"https:\\\/\\\/www.blecha.at\\\/sr\\\/servis\\\/povrsinskapreobrada\\\/#primaryimage\"},\"thumbnailUrl\":\"https:\\\/\\\/www.blecha.at\\\/wp-content\\\/uploads\\\/2021\\\/09\\\/blecha-oberflaechenveredelung-thumbnail.jpg\",\"datePublished\":\"2021-01-22T15:35:16+00:00\",\"dateModified\":\"2021-12-20T14:46:28+00:00\",\"description\":\"Nudimo doradu povr\u0161ine eloksiranjem i plastificiranjem, kao i specijalnim plastificiranjem u optici drveta, za izradu ograda i balkona.\",\"breadcrumb\":{\"@id\":\"https:\\\/\\\/www.blecha.at\\\/sr\\\/servis\\\/povrsinskapreobrada\\\/#breadcrumb\"},\"inLanguage\":\"sr-RS\",\"potentialAction\":[{\"@type\":\"ReadAction\",\"target\":[\"https:\\\/\\\/www.blecha.at\\\/sr\\\/servis\\\/povrsinskapreobrada\\\/\"]}]},{\"@type\":\"ImageObject\",\"inLanguage\":\"sr-RS\",\"@id\":\"https:\\\/\\\/www.blecha.at\\\/sr\\\/servis\\\/povrsinskapreobrada\\\/#primaryimage\",\"url\":\"https:\\\/\\\/www.blecha.at\\\/wp-content\\\/uploads\\\/2021\\\/09\\\/blecha-oberflaechenveredelung-thumbnail.jpg\",\"contentUrl\":\"https:\\\/\\\/www.blecha.at\\\/wp-content\\\/uploads\\\/2021\\\/09\\\/blecha-oberflaechenveredelung-thumbnail.jpg\",\"width\":1600,\"height\":1600},{\"@type\":\"BreadcrumbList\",\"@id\":\"https:\\\/\\\/www.blecha.at\\\/sr\\\/servis\\\/povrsinskapreobrada\\\/#breadcrumb\",\"itemListElement\":[{\"@type\":\"ListItem\",\"position\":1,\"name\":\"Home\",\"item\":\"https:\\\/\\\/www.blecha.at\\\/sr\\\/\"},{\"@type\":\"ListItem\",\"position\":2,\"name\":\"Servis\",\"item\":\"https:\\\/\\\/www.blecha.at\\\/sr\\\/servis\\\/\"},{\"@type\":\"ListItem\",\"position\":3,\"name\":\"Dorada povr\u0161ine\"}]},{\"@type\":\"WebSite\",\"@id\":\"https:\\\/\\\/www.blecha.at\\\/#website\",\"url\":\"https:\\\/\\\/www.blecha.at\\\/\",\"name\":\"BLECHA\",\"description\":\"Eine weitere WordPress-Website\",\"potentialAction\":[{\"@type\":\"SearchAction\",\"target\":{\"@type\":\"EntryPoint\",\"urlTemplate\":\"https:\\\/\\\/www.blecha.at\\\/?s={search_term_string}\"},\"query-input\":{\"@type\":\"PropertyValueSpecification\",\"valueRequired\":true,\"valueName\":\"search_term_string\"}}],\"inLanguage\":\"sr-RS\"}]}<\/script>\n<!-- \/ Yoast SEO plugin. -->","yoast_head_json":{"title":"Dorada povr\u0161ine na\u010dinom eloksiranja i plastificiranja | BLECHA","description":"Nudimo doradu povr\u0161ine eloksiranjem i plastificiranjem, kao i specijalnim plastificiranjem u optici drveta, za izradu ograda i balkona.","robots":{"index":"index","follow":"follow","max-snippet":"max-snippet:-1","max-image-preview":"max-image-preview:large","max-video-preview":"max-video-preview:-1"},"canonical":"https:\/\/www.blecha.at\/sr\/servis\/povrsinskapreobrada\/","og_locale":"sr_RS","og_type":"article","og_title":"Dorada povr\u0161ine na\u010dinom eloksiranja i plastificiranja | BLECHA","og_description":"Nudimo doradu povr\u0161ine eloksiranjem i plastificiranjem, kao i specijalnim plastificiranjem u optici drveta, za izradu ograda i balkona.","og_url":"https:\/\/www.blecha.at\/sr\/servis\/povrsinskapreobrada\/","og_site_name":"BLECHA","article_modified_time":"2021-12-20T14:46:28+00:00","og_image":[{"width":1600,"height":1600,"url":"https:\/\/www.blecha.at\/wp-content\/uploads\/2021\/09\/blecha-oberflaechenveredelung-thumbnail.jpg","type":"image\/jpeg"}],"twitter_card":"summary_large_image","twitter_misc":{"\u041f\u0440\u043e\u0446\u0435\u045a\u0435\u043d\u043e \u0432\u0440\u0435\u043c\u0435 \u0447\u0438\u0442\u0430\u045a\u0430":"1 \u043c\u0438\u043d\u0443\u0442"},"schema":{"@context":"https:\/\/schema.org","@graph":[{"@type":"WebPage","@id":"https:\/\/www.blecha.at\/sr\/servis\/povrsinskapreobrada\/","url":"https:\/\/www.blecha.at\/sr\/servis\/povrsinskapreobrada\/","name":"Dorada povr\u0161ine na\u010dinom eloksiranja i plastificiranja | BLECHA","isPartOf":{"@id":"https:\/\/www.blecha.at\/#website"},"primaryImageOfPage":{"@id":"https:\/\/www.blecha.at\/sr\/servis\/povrsinskapreobrada\/#primaryimage"},"image":{"@id":"https:\/\/www.blecha.at\/sr\/servis\/povrsinskapreobrada\/#primaryimage"},"thumbnailUrl":"https:\/\/www.blecha.at\/wp-content\/uploads\/2021\/09\/blecha-oberflaechenveredelung-thumbnail.jpg","datePublished":"2021-01-22T15:35:16+00:00","dateModified":"2021-12-20T14:46:28+00:00","description":"Nudimo doradu povr\u0161ine eloksiranjem i plastificiranjem, kao i specijalnim plastificiranjem u optici drveta, za izradu ograda i balkona.","breadcrumb":{"@id":"https:\/\/www.blecha.at\/sr\/servis\/povrsinskapreobrada\/#breadcrumb"},"inLanguage":"sr-RS","potentialAction":[{"@type":"ReadAction","target":["https:\/\/www.blecha.at\/sr\/servis\/povrsinskapreobrada\/"]}]},{"@type":"ImageObject","inLanguage":"sr-RS","@id":"https:\/\/www.blecha.at\/sr\/servis\/povrsinskapreobrada\/#primaryimage","url":"https:\/\/www.blecha.at\/wp-content\/uploads\/2021\/09\/blecha-oberflaechenveredelung-thumbnail.jpg","contentUrl":"https:\/\/www.blecha.at\/wp-content\/uploads\/2021\/09\/blecha-oberflaechenveredelung-thumbnail.jpg","width":1600,"height":1600},{"@type":"BreadcrumbList","@id":"https:\/\/www.blecha.at\/sr\/servis\/povrsinskapreobrada\/#breadcrumb","itemListElement":[{"@type":"ListItem","position":1,"name":"Home","item":"https:\/\/www.blecha.at\/sr\/"},{"@type":"ListItem","position":2,"name":"Servis","item":"https:\/\/www.blecha.at\/sr\/servis\/"},{"@type":"ListItem","position":3,"name":"Dorada povr\u0161ine"}]},{"@type":"WebSite","@id":"https:\/\/www.blecha.at\/#website","url":"https:\/\/www.blecha.at\/","name":"BLECHA","description":"Eine weitere WordPress-Website","potentialAction":[{"@type":"SearchAction","target":{"@type":"EntryPoint","urlTemplate":"https:\/\/www.blecha.at\/?s={search_term_string}"},"query-input":{"@type":"PropertyValueSpecification","valueRequired":true,"valueName":"search_term_string"}}],"inLanguage":"sr-RS"}]}},"_links":{"self":[{"href":"https:\/\/www.blecha.at\/sr\/wp-json\/wp\/v2\/pages\/4955","targetHints":{"allow":["GET"]}}],"collection":[{"href":"https:\/\/www.blecha.at\/sr\/wp-json\/wp\/v2\/pages"}],"about":[{"href":"https:\/\/www.blecha.at\/sr\/wp-json\/wp\/v2\/types\/page"}],"author":[{"embeddable":true,"href":"https:\/\/www.blecha.at\/sr\/wp-json\/wp\/v2\/users\/2"}],"replies":[{"embeddable":true,"href":"https:\/\/www.blecha.at\/sr\/wp-json\/wp\/v2\/comments?post=4955"}],"version-history":[{"count":5,"href":"https:\/\/www.blecha.at\/sr\/wp-json\/wp\/v2\/pages\/4955\/revisions"}],"predecessor-version":[{"id":13149,"href":"https:\/\/www.blecha.at\/sr\/wp-json\/wp\/v2\/pages\/4955\/revisions\/13149"}],"up":[{"embeddable":true,"href":"https:\/\/www.blecha.at\/sr\/wp-json\/wp\/v2\/pages\/4602"}],"wp:featuredmedia":[{"embeddable":true,"href":"https:\/\/www.blecha.at\/sr\/wp-json\/wp\/v2\/media\/4957"}],"wp:attachment":[{"href":"https:\/\/www.blecha.at\/sr\/wp-json\/wp\/v2\/media?parent=4955"}],"curies":[{"name":"wp","href":"https:\/\/api.w.org\/{rel}","templated":true}]}}