{"id":5516,"date":"2021-02-16T17:48:58","date_gmt":"2021-02-16T16:48:58","guid":{"rendered":"https:\/\/www.blecha.at\/servis\/zuschnitte\/"},"modified":"2021-10-04T10:08:36","modified_gmt":"2021-10-04T08:08:36","slug":"rezanje","status":"publish","type":"page","link":"https:\/\/www.blecha.at\/sr\/servis\/rezanje\/","title":{"rendered":"Zuschnitte"},"content":{"rendered":"\n<section id=\"sectionTwo\" class=\"mt-lg-n11 py-8 py-md-11 px-lg-9 border-left border-right border-right-lg-none bg-white\">\n\n\n<div class=\"wp-bootstrap-blocks-container container-fluid mb-0\">\n\t\n<div class=\"wp-bootstrap-blocks-row row mx-auto\">\n\t\n\n<div class=\"col-12 col-md-10\">\n\t\t\t\n\n<h2 class=\"text-secondary scroll-fade-bottom-up visibility-hidden wp-block-heading\">Preciznost bez kompromisa.<\/h2>\n\n\n\n<p>Kod nas mo\u017eete saznati \u0161to zna\u010di ta\u010dnost. Zahvaljuju\u0107i modernoj tehnologiji i preciznosti u nanometar-nivou, nudimo na\u0161im kupcima ta\u010dno to, \u0161ta zahtjevaju. Izvodimo kose rezove, a tako\u0111e i uslugu rezanja dostavaljenog materijala. Sa tolerancijom reza od +\/-0,2mm odgovara kako je naru\u010deno. Garantujemo.<\/p>\n\n\n\n<div class=\"d-flex text-left scroll-fade-bottom-up visibility-hidden\">\n<div class=\"badge badge-rounded-circle badge-primary-soft mt-1 mr-4\">\n<i class=\"fe fe-check\"><\/i>\n<\/div><p class=\"text-primary\">Do pre\u010dnika od 540mm<\/p><\/div>\n\n<div class=\"d-flex text-left scroll-fade-bottom-up visibility-hidden\">\n<div class=\"badge badge-rounded-circle badge-primary-soft mt-1 mr-4\">\n<i class=\"fe fe-check\"><\/i>\n<\/div><p class=\"text-primary\">Najkra\u0107a du\u017eina 5mm<\/p><\/div>\n\n<div class=\"d-flex text-left scroll-fade-bottom-up visibility-hidden\">\n<div class=\"badge badge-rounded-circle badge-primary-soft mt-1 mr-4\">\n<i class=\"fe fe-check\"><\/i>\n<\/div><p class=\"text-primary\">Ta\u010dnost reza do +\/- 0,2 mm<\/p><\/div>\n\n<div class=\"d-flex text-left scroll-fade-bottom-up visibility-hidden\">\n<div class=\"badge badge-rounded-circle badge-primary-soft mt-1 mr-4\">\n<i class=\"fe fe-check\"><\/i>\n<\/div><p class=\"text-primary\">Kosi rezovi od 20\u00b0 levo do 20\u00b0 desno<\/p><\/div>\n\n<div class=\"d-flex text-left scroll-fade-bottom-up visibility-hidden\">\n<div class=\"badge badge-rounded-circle badge-primary-soft mt-1 mr-4\">\n<i class=\"fe fe-check\"><\/i>\n<\/div><p class=\"text-primary\">Po \u017eelji sa manjim bridom ili bez brida<\/p><\/div>\n\n<div class=\"d-flex text-left scroll-fade-bottom-up visibility-hidden\">\n<div class=\"badge badge-rounded-circle badge-primary-soft mt-1 mr-4\">\n<i class=\"fe fe-check\"><\/i>\n<\/div><p class=\"text-primary\">Dorada dostavljenog materijala<\/p><\/div>\n\n<div class=\"d-flex text-left scroll-fade-bottom-up visibility-hidden\">\n<div class=\"badge badge-rounded-circle badge-primary-soft mt-1 mr-4\">\n<i class=\"fe fe-check\"><\/i>\n<\/div><p class=\"text-primary\">Kratki rokovi isporuke<\/p><\/div>\n\n\t<\/div>\n\n<\/div>\n\n<\/div>\n\n\n\n<\/section>\n\n\n\n<section class=\"py-8 py-md-11 px-lg-9 border-left border-right border-top border-right-lg-none bg-white\">\n\n\n<div class=\"wp-bootstrap-blocks-container container-fluid mb-0\">\n\t\n<div class=\"wp-bootstrap-blocks-row row mx-auto\">\n\t\n\n<div class=\"col-12 col-md-10\">\n\t\t\t\n\n<h2 class=\"text-secondary mb-7 scroll-fade-bottom-up visibility-hidden wp-block-heading\">Mediji<\/h2>\n\n\n\n<h3 class=\"mb-7 scroll-fade-bottom-up visibility-hidden wp-block-heading\">Kru\u017ene pile<\/h3>\n\n\t<\/div>\n\n<\/div>\n\n\n<div class=\"wp-bootstrap-blocks-row row mx-auto\">\n\t\n\n<div class=\"col-12 col-lg-4 mb-6 text-left\">\n\t\t\t\n\n<figure class=\"wp-block-embed is-type-video is-provider-youtube wp-block-embed-youtube wp-embed-aspect-4-3 wp-has-aspect-ratio\"><div class=\"wp-block-embed__wrapper\">\n<iframe title=\"Kreiss\u00e4ge KAIMAN PIX 700 THETA bei Firma Blecha\" width=\"500\" height=\"375\" src=\"https:\/\/www.youtube.com\/embed\/Bu2gJgZqzlk?feature=oembed\" frameborder=\"0\" allow=\"accelerometer; autoplay; clipboard-write; encrypted-media; gyroscope; picture-in-picture; web-share\" referrerpolicy=\"strict-origin-when-cross-origin\" allowfullscreen><\/iframe>\n<\/div><\/figure>\n\n\n\n<h5 class=\"wp-block-heading\">KAIMAN PIX 700 THETA<\/h5>\n\n\n\n<p>Ova kru\u017ena pila sa elektronskim pozicioniranjem re\u017ee okrugle cevi sve do pre\u010dnika od max. 270 mm.<\/p>\n\n\t<\/div>\n\n\n\n<div class=\"col-12 col-lg-4 mb-6 text-left\">\n\t\t\t\n\n<figure class=\"wp-block-embed is-type-video is-provider-youtube wp-block-embed-youtube wp-embed-aspect-4-3 wp-has-aspect-ratio\"><div class=\"wp-block-embed__wrapper\">\n<iframe title=\"Kreiss\u00e4ge SPRING ECHO bei Firma Blecha\" width=\"500\" height=\"375\" src=\"https:\/\/www.youtube.com\/embed\/NP5dkrGFrC0?feature=oembed\" frameborder=\"0\" allow=\"accelerometer; autoplay; clipboard-write; encrypted-media; gyroscope; picture-in-picture; web-share\" referrerpolicy=\"strict-origin-when-cross-origin\" allowfullscreen><\/iframe>\n<\/div><\/figure>\n\n\n\n<h5 class=\"wp-block-heading\">SPRING ECHO<\/h5>\n\n\n\n<p>Ova kru\u017ena pila za kose rezove sa horizontalnim pomicanjem lista pile re\u017ee aluminijumske profile do 145 mm pre\u010dnika i sadr\u017ei pneumatsko upravljanje kosog reza.<\/p>\n\n\t<\/div>\n\n\n\n<div class=\"col-12 col-lg-4 mb-6 text-left\">\n\t\t\t\n\n<figure class=\"wp-block-embed is-type-video is-provider-youtube wp-block-embed-youtube wp-embed-aspect-4-3 wp-has-aspect-ratio\"><div class=\"wp-block-embed__wrapper\">\n<iframe title=\"Kreiss\u00e4ge MIRAGE 600 bei Firma Blecha\" width=\"500\" height=\"375\" src=\"https:\/\/www.youtube.com\/embed\/rDxg8R-LxNs?feature=oembed\" frameborder=\"0\" allow=\"accelerometer; autoplay; clipboard-write; encrypted-media; gyroscope; picture-in-picture; web-share\" referrerpolicy=\"strict-origin-when-cross-origin\" allowfullscreen><\/iframe>\n<\/div><\/figure>\n\n\n\n<h5 class=\"wp-block-heading\">MIRAGE 600<\/h5>\n\n\n\n<p>Mirage 600 je perfektna kod masovne proizvodnje, jer ima Step-In-sme\u0161taj i jedan dolo\u017eni stol.\u00a0Sa ovom pilom re\u017eemo okrugle cevi sa pre\u010dnikom do 215 mm i puni materijal do max. 80 mm.<\/p>\n\n\t<\/div>\n\n\n\n<div class=\"col-12 col-lg-4 text-left\">\n\t\t\t\n\n<figure class=\"wp-block-embed is-type-video is-provider-youtube wp-block-embed-youtube wp-embed-aspect-16-9 wp-has-aspect-ratio\"><div class=\"wp-block-embed__wrapper\">\n<iframe title=\"Kreissaege Spring Theta A Firma Blecha\" width=\"500\" height=\"281\" src=\"https:\/\/www.youtube.com\/embed\/VfqVpOdTzLw?feature=oembed\" frameborder=\"0\" allow=\"accelerometer; autoplay; clipboard-write; encrypted-media; gyroscope; picture-in-picture; web-share\" referrerpolicy=\"strict-origin-when-cross-origin\" allowfullscreen><\/iframe>\n<\/div><\/figure>\n\n\n\n<h5 class=\"wp-block-heading\">SPRING THETA A<\/h5>\n\n\n\n<p>Spring Theta A je kru\u017ena pila za ravne i kose rezove sa horizontalnim pomicanjem lista pile i sa listom pile pre\u010dnika od 550mm. Ova pila re\u017ee profile sa pre\u010dnikom do 210mm i upravljanje kosog reza je elektronsko, od 20\u00b0 levo do 20\u00b0 desno. Sa ovom pilom sti\u017eemo ta\u010dnost reza do + \/ &#8211; 0,5 mm.<\/p>\n\n\t<\/div>\n\n<\/div>\n\n\n<div class=\"wp-bootstrap-blocks-row row mx-auto\">\n\t\n\n<div class=\"col-12 col-md-10\">\n\t\t\t\n\n<h3 class=\"mt-7 mb-7 scroll-fade-bottom-up visibility-hidden wp-block-heading\">Tra\u010dne pile<\/h3>\n\n\t<\/div>\n\n<\/div>\n\n\n<div class=\"wp-bootstrap-blocks-row row mx-auto\">\n\t\n\n<div class=\"col-12 col-lg-4 mb-6 mb-lg-0 text-left\">\n\t\t\t\n\n<figure class=\"wp-block-embed is-type-video is-provider-youtube wp-block-embed-youtube wp-embed-aspect-4-3 wp-has-aspect-ratio\"><div class=\"wp-block-embed__wrapper\">\n<iframe title=\"Bands\u00e4ge BEHRINGER HBM540 ALU bei Firma Blecha\" width=\"500\" height=\"375\" src=\"https:\/\/www.youtube.com\/embed\/xnLM0N5sv8Q?feature=oembed\" frameborder=\"0\" allow=\"accelerometer; autoplay; clipboard-write; encrypted-media; gyroscope; picture-in-picture; web-share\" referrerpolicy=\"strict-origin-when-cross-origin\" allowfullscreen><\/iframe>\n<\/div><\/figure>\n\n\n\n<h5 class=\"wp-block-heading\">BEHRINGER HBM540 ALU<\/h5>\n\n\n\n<p>Ova hidrauli\u010dna visokosna\u017ena tra\u010dna pila re\u017ee okrugle \u0161ipke sve do pre\u010dnika od 540 mm i kod plosnati \u0161ipki &amp; kvadratni i pravokutni cevi do 630&#215;540 mm. Debljina stenke kod profila ovde mora biti minimum 5 mm, u suprotnom je mogu\u0107e da se profili kod rezanja deformiraju.<\/p>\n\n\t<\/div>\n\n\n\n<div class=\"col-12 col-lg-4 mb-6 mb-lg-0 text-left\">\n\t\t\t\n\n<figure class=\"wp-block-embed is-type-video is-provider-youtube wp-block-embed-youtube wp-embed-aspect-16-9 wp-has-aspect-ratio\"><div class=\"wp-block-embed__wrapper\">\n<iframe title=\"Bandsaege Behringer Firma Blecha\" width=\"500\" height=\"281\" src=\"https:\/\/www.youtube.com\/embed\/GQO1aMU6n_4?feature=oembed\" frameborder=\"0\" allow=\"accelerometer; autoplay; clipboard-write; encrypted-media; gyroscope; picture-in-picture; web-share\" referrerpolicy=\"strict-origin-when-cross-origin\" allowfullscreen><\/iframe>\n<\/div><\/figure>\n\n\n\n<h5 class=\"wp-block-heading\">TRA\u010cNA PILA BEHRINGER U AKCIJI<\/h5>\n\n\t<\/div>\n\n<\/div>\n\n<\/div>\n\n\n\n<\/section>\n","protected":false},"excerpt":{"rendered":"","protected":false},"author":2,"featured_media":5518,"parent":4602,"menu_order":0,"comment_status":"closed","ping_status":"closed","template":"page-leistungen.php","meta":{"_acf_changed":false,"footnotes":""},"class_list":["post-5516","page","type-page","status-publish","has-post-thumbnail","hentry"],"acf":[],"yoast_head":"<!-- This site is optimized with the Yoast SEO plugin v27.3 - https:\/\/yoast.com\/product\/yoast-seo-wordpress\/ -->\n<title>Precizno rezanje | BLECHA<\/title>\n<meta name=\"description\" content=\"Preciznost bez kompromisa. Bez obzira dali se radi o kosim rezovima ili rezanju dostavljenog materijala. Sa ta\u010dnosti reza od +\/-0,2mm jednostavno uvek je tako, kako je naru\u010deno. Garantujemo\" \/>\n<meta name=\"robots\" content=\"index, follow, max-snippet:-1, max-image-preview:large, max-video-preview:-1\" \/>\n<link rel=\"canonical\" href=\"https:\/\/www.blecha.at\/sr\/servis\/rezanje\/\" \/>\n<meta property=\"og:locale\" content=\"sr_RS\" \/>\n<meta property=\"og:type\" content=\"article\" \/>\n<meta property=\"og:title\" content=\"Precizno rezanje | BLECHA\" \/>\n<meta property=\"og:description\" content=\"Preciznost bez kompromisa. Bez obzira dali se radi o kosim rezovima ili rezanju dostavljenog materijala. Sa ta\u010dnosti reza od +\/-0,2mm jednostavno uvek je tako, kako je naru\u010deno. Garantujemo\" \/>\n<meta property=\"og:url\" content=\"https:\/\/www.blecha.at\/sr\/servis\/rezanje\/\" \/>\n<meta property=\"og:site_name\" content=\"BLECHA\" \/>\n<meta property=\"article:modified_time\" content=\"2021-10-04T08:08:36+00:00\" \/>\n<meta property=\"og:image\" content=\"https:\/\/www.blecha.at\/wp-content\/uploads\/2021\/03\/blecha-zuschnitte-1-thumbnail.jpg\" \/>\n\t<meta property=\"og:image:width\" content=\"1600\" \/>\n\t<meta property=\"og:image:height\" content=\"1600\" \/>\n\t<meta property=\"og:image:type\" content=\"image\/jpeg\" \/>\n<meta name=\"twitter:card\" content=\"summary_large_image\" \/>\n<meta name=\"twitter:label1\" content=\"\u041f\u0440\u043e\u0446\u0435\u045a\u0435\u043d\u043e \u0432\u0440\u0435\u043c\u0435 \u0447\u0438\u0442\u0430\u045a\u0430\" \/>\n\t<meta name=\"twitter:data1\" content=\"2 \u043c\u0438\u043d\u0443\u0442\u0430\" \/>\n<script type=\"application\/ld+json\" class=\"yoast-schema-graph\">{\"@context\":\"https:\\\/\\\/schema.org\",\"@graph\":[{\"@type\":\"WebPage\",\"@id\":\"https:\\\/\\\/www.blecha.at\\\/sr\\\/servis\\\/rezanje\\\/\",\"url\":\"https:\\\/\\\/www.blecha.at\\\/sr\\\/servis\\\/rezanje\\\/\",\"name\":\"Precizno rezanje | BLECHA\",\"isPartOf\":{\"@id\":\"https:\\\/\\\/www.blecha.at\\\/#website\"},\"primaryImageOfPage\":{\"@id\":\"https:\\\/\\\/www.blecha.at\\\/sr\\\/servis\\\/rezanje\\\/#primaryimage\"},\"image\":{\"@id\":\"https:\\\/\\\/www.blecha.at\\\/sr\\\/servis\\\/rezanje\\\/#primaryimage\"},\"thumbnailUrl\":\"https:\\\/\\\/www.blecha.at\\\/wp-content\\\/uploads\\\/2021\\\/03\\\/blecha-zuschnitte-1-thumbnail.jpg\",\"datePublished\":\"2021-02-16T16:48:58+00:00\",\"dateModified\":\"2021-10-04T08:08:36+00:00\",\"description\":\"Preciznost bez kompromisa. Bez obzira dali se radi o kosim rezovima ili rezanju dostavljenog materijala. Sa ta\u010dnosti reza od +\\\/-0,2mm jednostavno uvek je tako, kako je naru\u010deno. Garantujemo\",\"breadcrumb\":{\"@id\":\"https:\\\/\\\/www.blecha.at\\\/sr\\\/servis\\\/rezanje\\\/#breadcrumb\"},\"inLanguage\":\"sr-RS\",\"potentialAction\":[{\"@type\":\"ReadAction\",\"target\":[\"https:\\\/\\\/www.blecha.at\\\/sr\\\/servis\\\/rezanje\\\/\"]}]},{\"@type\":\"ImageObject\",\"inLanguage\":\"sr-RS\",\"@id\":\"https:\\\/\\\/www.blecha.at\\\/sr\\\/servis\\\/rezanje\\\/#primaryimage\",\"url\":\"https:\\\/\\\/www.blecha.at\\\/wp-content\\\/uploads\\\/2021\\\/03\\\/blecha-zuschnitte-1-thumbnail.jpg\",\"contentUrl\":\"https:\\\/\\\/www.blecha.at\\\/wp-content\\\/uploads\\\/2021\\\/03\\\/blecha-zuschnitte-1-thumbnail.jpg\",\"width\":1600,\"height\":1600},{\"@type\":\"BreadcrumbList\",\"@id\":\"https:\\\/\\\/www.blecha.at\\\/sr\\\/servis\\\/rezanje\\\/#breadcrumb\",\"itemListElement\":[{\"@type\":\"ListItem\",\"position\":1,\"name\":\"Home\",\"item\":\"https:\\\/\\\/www.blecha.at\\\/sr\\\/\"},{\"@type\":\"ListItem\",\"position\":2,\"name\":\"Servis\",\"item\":\"https:\\\/\\\/www.blecha.at\\\/sr\\\/servis\\\/\"},{\"@type\":\"ListItem\",\"position\":3,\"name\":\"Zuschnitte\"}]},{\"@type\":\"WebSite\",\"@id\":\"https:\\\/\\\/www.blecha.at\\\/#website\",\"url\":\"https:\\\/\\\/www.blecha.at\\\/\",\"name\":\"BLECHA\",\"description\":\"Eine weitere WordPress-Website\",\"potentialAction\":[{\"@type\":\"SearchAction\",\"target\":{\"@type\":\"EntryPoint\",\"urlTemplate\":\"https:\\\/\\\/www.blecha.at\\\/?s={search_term_string}\"},\"query-input\":{\"@type\":\"PropertyValueSpecification\",\"valueRequired\":true,\"valueName\":\"search_term_string\"}}],\"inLanguage\":\"sr-RS\"}]}<\/script>\n<!-- \/ Yoast SEO plugin. -->","yoast_head_json":{"title":"Precizno rezanje | BLECHA","description":"Preciznost bez kompromisa. Bez obzira dali se radi o kosim rezovima ili rezanju dostavljenog materijala. Sa ta\u010dnosti reza od +\/-0,2mm jednostavno uvek je tako, kako je naru\u010deno. Garantujemo","robots":{"index":"index","follow":"follow","max-snippet":"max-snippet:-1","max-image-preview":"max-image-preview:large","max-video-preview":"max-video-preview:-1"},"canonical":"https:\/\/www.blecha.at\/sr\/servis\/rezanje\/","og_locale":"sr_RS","og_type":"article","og_title":"Precizno rezanje | BLECHA","og_description":"Preciznost bez kompromisa. Bez obzira dali se radi o kosim rezovima ili rezanju dostavljenog materijala. Sa ta\u010dnosti reza od +\/-0,2mm jednostavno uvek je tako, kako je naru\u010deno. Garantujemo","og_url":"https:\/\/www.blecha.at\/sr\/servis\/rezanje\/","og_site_name":"BLECHA","article_modified_time":"2021-10-04T08:08:36+00:00","og_image":[{"width":1600,"height":1600,"url":"https:\/\/www.blecha.at\/wp-content\/uploads\/2021\/03\/blecha-zuschnitte-1-thumbnail.jpg","type":"image\/jpeg"}],"twitter_card":"summary_large_image","twitter_misc":{"\u041f\u0440\u043e\u0446\u0435\u045a\u0435\u043d\u043e \u0432\u0440\u0435\u043c\u0435 \u0447\u0438\u0442\u0430\u045a\u0430":"2 \u043c\u0438\u043d\u0443\u0442\u0430"},"schema":{"@context":"https:\/\/schema.org","@graph":[{"@type":"WebPage","@id":"https:\/\/www.blecha.at\/sr\/servis\/rezanje\/","url":"https:\/\/www.blecha.at\/sr\/servis\/rezanje\/","name":"Precizno rezanje | BLECHA","isPartOf":{"@id":"https:\/\/www.blecha.at\/#website"},"primaryImageOfPage":{"@id":"https:\/\/www.blecha.at\/sr\/servis\/rezanje\/#primaryimage"},"image":{"@id":"https:\/\/www.blecha.at\/sr\/servis\/rezanje\/#primaryimage"},"thumbnailUrl":"https:\/\/www.blecha.at\/wp-content\/uploads\/2021\/03\/blecha-zuschnitte-1-thumbnail.jpg","datePublished":"2021-02-16T16:48:58+00:00","dateModified":"2021-10-04T08:08:36+00:00","description":"Preciznost bez kompromisa. Bez obzira dali se radi o kosim rezovima ili rezanju dostavljenog materijala. Sa ta\u010dnosti reza od +\/-0,2mm jednostavno uvek je tako, kako je naru\u010deno. Garantujemo","breadcrumb":{"@id":"https:\/\/www.blecha.at\/sr\/servis\/rezanje\/#breadcrumb"},"inLanguage":"sr-RS","potentialAction":[{"@type":"ReadAction","target":["https:\/\/www.blecha.at\/sr\/servis\/rezanje\/"]}]},{"@type":"ImageObject","inLanguage":"sr-RS","@id":"https:\/\/www.blecha.at\/sr\/servis\/rezanje\/#primaryimage","url":"https:\/\/www.blecha.at\/wp-content\/uploads\/2021\/03\/blecha-zuschnitte-1-thumbnail.jpg","contentUrl":"https:\/\/www.blecha.at\/wp-content\/uploads\/2021\/03\/blecha-zuschnitte-1-thumbnail.jpg","width":1600,"height":1600},{"@type":"BreadcrumbList","@id":"https:\/\/www.blecha.at\/sr\/servis\/rezanje\/#breadcrumb","itemListElement":[{"@type":"ListItem","position":1,"name":"Home","item":"https:\/\/www.blecha.at\/sr\/"},{"@type":"ListItem","position":2,"name":"Servis","item":"https:\/\/www.blecha.at\/sr\/servis\/"},{"@type":"ListItem","position":3,"name":"Zuschnitte"}]},{"@type":"WebSite","@id":"https:\/\/www.blecha.at\/#website","url":"https:\/\/www.blecha.at\/","name":"BLECHA","description":"Eine weitere WordPress-Website","potentialAction":[{"@type":"SearchAction","target":{"@type":"EntryPoint","urlTemplate":"https:\/\/www.blecha.at\/?s={search_term_string}"},"query-input":{"@type":"PropertyValueSpecification","valueRequired":true,"valueName":"search_term_string"}}],"inLanguage":"sr-RS"}]}},"_links":{"self":[{"href":"https:\/\/www.blecha.at\/sr\/wp-json\/wp\/v2\/pages\/5516","targetHints":{"allow":["GET"]}}],"collection":[{"href":"https:\/\/www.blecha.at\/sr\/wp-json\/wp\/v2\/pages"}],"about":[{"href":"https:\/\/www.blecha.at\/sr\/wp-json\/wp\/v2\/types\/page"}],"author":[{"embeddable":true,"href":"https:\/\/www.blecha.at\/sr\/wp-json\/wp\/v2\/users\/2"}],"replies":[{"embeddable":true,"href":"https:\/\/www.blecha.at\/sr\/wp-json\/wp\/v2\/comments?post=5516"}],"version-history":[{"count":2,"href":"https:\/\/www.blecha.at\/sr\/wp-json\/wp\/v2\/pages\/5516\/revisions"}],"predecessor-version":[{"id":5521,"href":"https:\/\/www.blecha.at\/sr\/wp-json\/wp\/v2\/pages\/5516\/revisions\/5521"}],"up":[{"embeddable":true,"href":"https:\/\/www.blecha.at\/sr\/wp-json\/wp\/v2\/pages\/4602"}],"wp:featuredmedia":[{"embeddable":true,"href":"https:\/\/www.blecha.at\/sr\/wp-json\/wp\/v2\/media\/5518"}],"wp:attachment":[{"href":"https:\/\/www.blecha.at\/sr\/wp-json\/wp\/v2\/media?parent=5516"}],"curies":[{"name":"wp","href":"https:\/\/api.w.org\/{rel}","templated":true}]}}